{"id":634,"date":"2018-06-12T13:51:23","date_gmt":"2018-06-12T11:51:23","guid":{"rendered":"http:\/\/www.lesmerveillesdupacifique.com\/prod\/?post_type=product&#038;p=634"},"modified":"2023-03-30T12:54:13","modified_gmt":"2023-03-30T10:54:13","slug":"rang-keshis-plats","status":"publish","type":"product","link":"https:\/\/www.lesmerveillesdupacifique.com\/pt\/produit\/rang-keshis-plats\/","title":{"rendered":"Colar de keshis planos"},"content":{"rendered":"","protected":false},"excerpt":{"rendered":"<p><b>P\u00e9rolas de culturas do Taiti<br \/>\n<\/b><strong>Formas:<\/strong> planos<br \/>\n<b>tamanhos<\/b><strong>: <\/strong>keshis pequenos menores que 8 mm<\/p>\n<p><span id=\"s2_1\">As carreiras em cabo t\u00eam um comprimento padr\u00e3o de 40 cm n\u00e3o enfiados e sem fecho (ou seja, 42 cm enfiados com fecho).<\/span> <span id=\"s2_2\">Colocamos as nossas fileiras em fio de seda.<\/span><\/p>\n<p><span id=\"s2_3\">Possibilidade de prolongamento e\/ou de coloca\u00e7\u00e3o com fecho \u00e0 medida.<\/span><\/p>\n<p><span id=\"s2_4\">&#8211; Dispon\u00edvel em todos os tamanhos de 3 a 13 mm<\/span><\/p>\n","protected":false},"featured_media":635,"template":"","meta":{"_mi_skip_tracking":false},"product_cat":[27],"product_tag":[],"yoast_head":"<!-- This site is optimized with the Yoast SEO plugin v18.3 - https:\/\/yoast.com\/wordpress\/plugins\/seo\/ -->\n<title>Colar de keshis planos - Les Merveilles du Pacifique<\/title>\n<meta name=\"robots\" content=\"index, follow, max-snippet:-1, max-image-preview:large, max-video-preview:-1\" \/>\n<link rel=\"canonical\" href=\"https:\/\/www.lesmerveillesdupacifique.com\/pt\/produit\/rang-keshis-plats\/\" \/>\n<meta property=\"og:locale\" content=\"pt_PT\" \/>\n<meta property=\"og:type\" content=\"article\" \/>\n<meta property=\"og:title\" content=\"Colar de keshis planos - Les Merveilles du Pacifique\" \/>\n<meta property=\"og:description\" content=\"P\u00e9rolas de culturas do Taiti Formas: planos tamanhos: keshis pequenos menores que 8 mm  As carreiras em cabo t\u00eam um comprimento padr\u00e3o de 40 cm n\u00e3o enfiados e sem fecho (ou seja, 42 cm enfiados com fecho). Colocamos as nossas fileiras em fio de seda.  Possibilidade de prolongamento e\/ou de coloca\u00e7\u00e3o com fecho \u00e0 medida.  - Dispon\u00edvel em todos os tamanhos de 3 a 13 mm\" \/>\n<meta property=\"og:url\" content=\"https:\/\/www.lesmerveillesdupacifique.com\/produit\/rang-keshis-plats\/\" \/>\n<meta property=\"og:site_name\" content=\"Les Merveilles du Pacifique\" \/>\n<meta property=\"article:modified_time\" content=\"2023-03-30T10:54:13+00:00\" \/>\n<meta property=\"og:image\" content=\"https:\/\/www.lesmerveillesdupacifique.com\/wp-content\/uploads\/2018\/06\/RANG-KESHIS-2.jpg\" \/>\n\t<meta property=\"og:image:width\" content=\"1500\" \/>\n\t<meta property=\"og:image:height\" content=\"1125\" \/>\n\t<meta property=\"og:image:type\" content=\"image\/jpeg\" \/>\n<meta name=\"twitter:card\" content=\"summary_large_image\" \/>\n<script type=\"application\/ld+json\" class=\"yoast-schema-graph\">{\"@context\":\"https:\/\/schema.org\",\"@graph\":[{\"@type\":\"WebSite\",\"@id\":\"https:\/\/www.lesmerveillesdupacifique.com\/fr\/#website\",\"url\":\"https:\/\/www.lesmerveillesdupacifique.com\/fr\/\",\"name\":\"Les Merveilles du Pacifique\",\"description\":\"Perles de culture de Tahiti\",\"potentialAction\":[{\"@type\":\"SearchAction\",\"target\":{\"@type\":\"EntryPoint\",\"urlTemplate\":\"https:\/\/www.lesmerveillesdupacifique.com\/fr\/?s={search_term_string}\"},\"query-input\":\"required name=search_term_string\"}],\"inLanguage\":\"pt-PT\"},{\"@type\":\"ImageObject\",\"@id\":\"https:\/\/www.lesmerveillesdupacifique.com\/produit\/rang-keshis-plats\/#primaryimage\",\"inLanguage\":\"pt-PT\",\"url\":\"https:\/\/www.lesmerveillesdupacifique.com\/wp-content\/uploads\/2018\/06\/RANG-KESHIS-2.jpg\",\"contentUrl\":\"https:\/\/www.lesmerveillesdupacifique.com\/wp-content\/uploads\/2018\/06\/RANG-KESHIS-2.jpg\",\"width\":1500,\"height\":1125,\"caption\":\"Perles de Tahiti\"},{\"@type\":\"WebPage\",\"@id\":\"https:\/\/www.lesmerveillesdupacifique.com\/produit\/rang-keshis-plats\/#webpage\",\"url\":\"https:\/\/www.lesmerveillesdupacifique.com\/produit\/rang-keshis-plats\/\",\"name\":\"Colar de keshis planos - Les Merveilles du Pacifique\",\"isPartOf\":{\"@id\":\"https:\/\/www.lesmerveillesdupacifique.com\/fr\/#website\"},\"primaryImageOfPage\":{\"@id\":\"https:\/\/www.lesmerveillesdupacifique.com\/produit\/rang-keshis-plats\/#primaryimage\"},\"datePublished\":\"2018-06-12T11:51:23+00:00\",\"dateModified\":\"2023-03-30T10:54:13+00:00\",\"breadcrumb\":{\"@id\":\"https:\/\/www.lesmerveillesdupacifique.com\/produit\/rang-keshis-plats\/#breadcrumb\"},\"inLanguage\":\"pt-PT\",\"potentialAction\":[{\"@type\":\"ReadAction\",\"target\":[\"https:\/\/www.lesmerveillesdupacifique.com\/produit\/rang-keshis-plats\/\"]}]},{\"@type\":\"BreadcrumbList\",\"@id\":\"https:\/\/www.lesmerveillesdupacifique.com\/produit\/rang-keshis-plats\/#breadcrumb\",\"itemListElement\":[{\"@type\":\"ListItem\",\"position\":1,\"name\":\"Accueil\",\"item\":\"https:\/\/www.lesmerveillesdupacifique.com\/\"},{\"@type\":\"ListItem\",\"position\":2,\"name\":\"Collection\",\"item\":\"https:\/\/www.lesmerveillesdupacifique.com\/fr\/shop\/\"},{\"@type\":\"ListItem\",\"position\":3,\"name\":\"Rang de keshis plats\"}]}]}<\/script>\n<!-- \/ Yoast SEO plugin. -->","yoast_head_json":{"title":"Colar de keshis planos - Les Merveilles du Pacifique","robots":{"index":"index","follow":"follow","max-snippet":"max-snippet:-1","max-image-preview":"max-image-preview:large","max-video-preview":"max-video-preview:-1"},"canonical":"https:\/\/www.lesmerveillesdupacifique.com\/pt\/produit\/rang-keshis-plats\/","og_locale":"pt_PT","og_type":"article","og_title":"Colar de keshis planos - Les Merveilles du Pacifique","og_description":"P\u00e9rolas de culturas do Taiti Formas: planos tamanhos: keshis pequenos menores que 8 mm  As carreiras em cabo t\u00eam um comprimento padr\u00e3o de 40 cm n\u00e3o enfiados e sem fecho (ou seja, 42 cm enfiados com fecho). Colocamos as nossas fileiras em fio de seda.  Possibilidade de prolongamento e\/ou de coloca\u00e7\u00e3o com fecho \u00e0 medida.  - Dispon\u00edvel em todos os tamanhos de 3 a 13 mm","og_url":"https:\/\/www.lesmerveillesdupacifique.com\/produit\/rang-keshis-plats\/","og_site_name":"Les Merveilles du Pacifique","article_modified_time":"2023-03-30T10:54:13+00:00","og_image":[{"width":1500,"height":1125,"url":"https:\/\/www.lesmerveillesdupacifique.com\/wp-content\/uploads\/2018\/06\/RANG-KESHIS-2.jpg","type":"image\/jpeg"}],"twitter_card":"summary_large_image","schema":{"@context":"https:\/\/schema.org","@graph":[{"@type":"WebSite","@id":"https:\/\/www.lesmerveillesdupacifique.com\/fr\/#website","url":"https:\/\/www.lesmerveillesdupacifique.com\/fr\/","name":"Les Merveilles du Pacifique","description":"Perles de culture de Tahiti","potentialAction":[{"@type":"SearchAction","target":{"@type":"EntryPoint","urlTemplate":"https:\/\/www.lesmerveillesdupacifique.com\/fr\/?s={search_term_string}"},"query-input":"required name=search_term_string"}],"inLanguage":"pt-PT"},{"@type":"ImageObject","@id":"https:\/\/www.lesmerveillesdupacifique.com\/produit\/rang-keshis-plats\/#primaryimage","inLanguage":"pt-PT","url":"https:\/\/www.lesmerveillesdupacifique.com\/wp-content\/uploads\/2018\/06\/RANG-KESHIS-2.jpg","contentUrl":"https:\/\/www.lesmerveillesdupacifique.com\/wp-content\/uploads\/2018\/06\/RANG-KESHIS-2.jpg","width":1500,"height":1125,"caption":"Perles de Tahiti"},{"@type":"WebPage","@id":"https:\/\/www.lesmerveillesdupacifique.com\/produit\/rang-keshis-plats\/#webpage","url":"https:\/\/www.lesmerveillesdupacifique.com\/produit\/rang-keshis-plats\/","name":"Colar de keshis planos - Les Merveilles du Pacifique","isPartOf":{"@id":"https:\/\/www.lesmerveillesdupacifique.com\/fr\/#website"},"primaryImageOfPage":{"@id":"https:\/\/www.lesmerveillesdupacifique.com\/produit\/rang-keshis-plats\/#primaryimage"},"datePublished":"2018-06-12T11:51:23+00:00","dateModified":"2023-03-30T10:54:13+00:00","breadcrumb":{"@id":"https:\/\/www.lesmerveillesdupacifique.com\/produit\/rang-keshis-plats\/#breadcrumb"},"inLanguage":"pt-PT","potentialAction":[{"@type":"ReadAction","target":["https:\/\/www.lesmerveillesdupacifique.com\/produit\/rang-keshis-plats\/"]}]},{"@type":"BreadcrumbList","@id":"https:\/\/www.lesmerveillesdupacifique.com\/produit\/rang-keshis-plats\/#breadcrumb","itemListElement":[{"@type":"ListItem","position":1,"name":"Accueil","item":"https:\/\/www.lesmerveillesdupacifique.com\/"},{"@type":"ListItem","position":2,"name":"Collection","item":"https:\/\/www.lesmerveillesdupacifique.com\/fr\/shop\/"},{"@type":"ListItem","position":3,"name":"Rang de keshis plats"}]}]}},"acf":[],"_links":{"self":[{"href":"https:\/\/www.lesmerveillesdupacifique.com\/pt\/wp-json\/wp\/v2\/product\/634"}],"collection":[{"href":"https:\/\/www.lesmerveillesdupacifique.com\/pt\/wp-json\/wp\/v2\/product"}],"about":[{"href":"https:\/\/www.lesmerveillesdupacifique.com\/pt\/wp-json\/wp\/v2\/types\/product"}],"wp:featuredmedia":[{"embeddable":true,"href":"https:\/\/www.lesmerveillesdupacifique.com\/pt\/wp-json\/wp\/v2\/media\/635"}],"wp:attachment":[{"href":"https:\/\/www.lesmerveillesdupacifique.com\/pt\/wp-json\/wp\/v2\/media?parent=634"}],"wp:term":[{"taxonomy":"product_cat","embeddable":true,"href":"https:\/\/www.lesmerveillesdupacifique.com\/pt\/wp-json\/wp\/v2\/product_cat?post=634"},{"taxonomy":"product_tag","embeddable":true,"href":"https:\/\/www.lesmerveillesdupacifique.com\/pt\/wp-json\/wp\/v2\/product_tag?post=634"}],"curies":[{"name":"wp","href":"https:\/\/api.w.org\/{rel}","templated":true}]}}