{"id":4612,"date":"2026-04-02T15:20:16","date_gmt":"2026-04-02T13:20:16","guid":{"rendered":"https:\/\/www.lesmerveillesdupacifique.com\/?post_type=product&#038;p=4612"},"modified":"2026-04-02T17:24:35","modified_gmt":"2026-04-02T15:24:35","slug":"collier-de-perles-akoya-rondes-6-65-aa-fermoir-or","status":"publish","type":"product","link":"https:\/\/www.lesmerveillesdupacifique.com\/pt\/produit\/collier-de-perles-akoya-rondes-6-65-aa-fermoir-or\/","title":{"rendered":"Colar de p\u00e9rolas redondas 9-10 A\/B fecho de ouro (Copie)"},"content":{"rendered":"","protected":false},"excerpt":{"rendered":"<p><b>P\u00e9rolas de cultura do Akoya<br \/>\n<\/b><b>formas<\/b><strong>:<\/strong> redondas<br \/>\n<b>tamanhos<\/b><strong>:<\/strong> 6-6,5 mm<br \/>\n<b>qualidades<\/b><strong>:<\/strong> AA+<\/p>\n<p>Comprimento padr\u00e3o: 45 cm. Possibilidade de alongar ou encurtar.<\/p>\n<p>Os colares s\u00e3o amarrados em fio de seda com n\u00f3s entre cada conta.<br \/>\nFecho marinheiro em ouro 18 quilates (dispon\u00edvel em ouro amarelo e ouro branco, especificar no pedido)<\/p>\n<p>&#8211; Dispon\u00edvel em todos os tamanhos de 8 a 14 mm<br \/>\n&#8211; Dispon\u00edvel nas qualidades A \/ B, B, B \/ C e C<\/p>\n","protected":false},"featured_media":4614,"template":"","meta":{"_mi_skip_tracking":false},"product_cat":[60,90,57],"product_tag":[],"yoast_head":"<!-- This site is optimized with the Yoast SEO plugin v18.3 - https:\/\/yoast.com\/wordpress\/plugins\/seo\/ -->\n<title>Colar de p\u00e9rolas redondas 9-10 A\/B fecho de ouro (Copie) - Les Merveilles du Pacifique<\/title>\n<meta name=\"robots\" content=\"index, follow, max-snippet:-1, max-image-preview:large, max-video-preview:-1\" \/>\n<link rel=\"canonical\" href=\"https:\/\/www.lesmerveillesdupacifique.com\/pt\/produit\/collier-de-perles-akoya-rondes-6-65-aa-fermoir-or\/\" \/>\n<meta property=\"og:locale\" content=\"pt_PT\" \/>\n<meta property=\"og:type\" content=\"article\" \/>\n<meta property=\"og:title\" content=\"Colar de p\u00e9rolas redondas 9-10 A\/B fecho de ouro (Copie) - Les Merveilles du Pacifique\" \/>\n<meta property=\"og:description\" content=\"P\u00e9rolas de cultura do Akoya formas: redondas tamanhos: 6-6,5 mm qualidades: AA+  Comprimento padr\u00e3o: 45 cm. Possibilidade de alongar ou encurtar.  Os colares s\u00e3o amarrados em fio de seda com n\u00f3s entre cada conta. Fecho marinheiro em ouro 18 quilates (dispon\u00edvel em ouro amarelo e ouro branco, especificar no pedido)  - Dispon\u00edvel em todos os tamanhos de 8 a 14 mm - Dispon\u00edvel nas qualidades A \/ B, B, B \/ C e C\" \/>\n<meta property=\"og:url\" content=\"https:\/\/www.lesmerveillesdupacifique.com\/produit\/collier-de-perles-akoya-rondes-6-65-aa-fermoir-or\/\" \/>\n<meta property=\"og:site_name\" content=\"Les Merveilles du Pacifique\" \/>\n<meta property=\"article:modified_time\" content=\"2026-04-02T15:24:35+00:00\" \/>\n<meta property=\"og:image\" content=\"https:\/\/www.lesmerveillesdupacifique.com\/wp-content\/uploads\/2026\/04\/Capture-decran-2026-04-02-a-15.28.36-1024x681.png\" \/>\n\t<meta property=\"og:image:width\" content=\"1024\" \/>\n\t<meta property=\"og:image:height\" content=\"681\" \/>\n\t<meta property=\"og:image:type\" content=\"image\/png\" \/>\n<meta name=\"twitter:card\" content=\"summary_large_image\" \/>\n<script type=\"application\/ld+json\" class=\"yoast-schema-graph\">{\"@context\":\"https:\/\/schema.org\",\"@graph\":[{\"@type\":\"WebSite\",\"@id\":\"https:\/\/www.lesmerveillesdupacifique.com\/fr\/#website\",\"url\":\"https:\/\/www.lesmerveillesdupacifique.com\/fr\/\",\"name\":\"Les Merveilles du Pacifique\",\"description\":\"Perles de culture de Tahiti\",\"potentialAction\":[{\"@type\":\"SearchAction\",\"target\":{\"@type\":\"EntryPoint\",\"urlTemplate\":\"https:\/\/www.lesmerveillesdupacifique.com\/fr\/?s={search_term_string}\"},\"query-input\":\"required name=search_term_string\"}],\"inLanguage\":\"pt-PT\"},{\"@type\":\"ImageObject\",\"@id\":\"https:\/\/www.lesmerveillesdupacifique.com\/produit\/collier-de-perles-akoya-rondes-6-65-aa-fermoir-or\/#primaryimage\",\"inLanguage\":\"pt-PT\",\"url\":\"https:\/\/www.lesmerveillesdupacifique.com\/wp-content\/uploads\/2026\/04\/Capture-decran-2026-04-02-a-15.28.36.png\",\"contentUrl\":\"https:\/\/www.lesmerveillesdupacifique.com\/wp-content\/uploads\/2026\/04\/Capture-decran-2026-04-02-a-15.28.36.png\",\"width\":3064,\"height\":2038},{\"@type\":\"WebPage\",\"@id\":\"https:\/\/www.lesmerveillesdupacifique.com\/produit\/collier-de-perles-akoya-rondes-6-65-aa-fermoir-or\/#webpage\",\"url\":\"https:\/\/www.lesmerveillesdupacifique.com\/produit\/collier-de-perles-akoya-rondes-6-65-aa-fermoir-or\/\",\"name\":\"Colar de p\u00e9rolas redondas 9-10 A\/B fecho de ouro (Copie) - Les Merveilles du Pacifique\",\"isPartOf\":{\"@id\":\"https:\/\/www.lesmerveillesdupacifique.com\/fr\/#website\"},\"primaryImageOfPage\":{\"@id\":\"https:\/\/www.lesmerveillesdupacifique.com\/produit\/collier-de-perles-akoya-rondes-6-65-aa-fermoir-or\/#primaryimage\"},\"datePublished\":\"2026-04-02T13:20:16+00:00\",\"dateModified\":\"2026-04-02T15:24:35+00:00\",\"breadcrumb\":{\"@id\":\"https:\/\/www.lesmerveillesdupacifique.com\/produit\/collier-de-perles-akoya-rondes-6-65-aa-fermoir-or\/#breadcrumb\"},\"inLanguage\":\"pt-PT\",\"potentialAction\":[{\"@type\":\"ReadAction\",\"target\":[\"https:\/\/www.lesmerveillesdupacifique.com\/produit\/collier-de-perles-akoya-rondes-6-65-aa-fermoir-or\/\"]}]},{\"@type\":\"BreadcrumbList\",\"@id\":\"https:\/\/www.lesmerveillesdupacifique.com\/produit\/collier-de-perles-akoya-rondes-6-65-aa-fermoir-or\/#breadcrumb\",\"itemListElement\":[{\"@type\":\"ListItem\",\"position\":1,\"name\":\"Accueil\",\"item\":\"https:\/\/www.lesmerveillesdupacifique.com\/\"},{\"@type\":\"ListItem\",\"position\":2,\"name\":\"Collection\",\"item\":\"https:\/\/www.lesmerveillesdupacifique.com\/fr\/shop\/\"},{\"@type\":\"ListItem\",\"position\":3,\"name\":\"Collier de perles akoya rondes 6-6,5 &#8211; COL-AK6-6\/5\"}]}]}<\/script>\n<!-- \/ Yoast SEO plugin. -->","yoast_head_json":{"title":"Colar de p\u00e9rolas redondas 9-10 A\/B fecho de ouro (Copie) - Les Merveilles du Pacifique","robots":{"index":"index","follow":"follow","max-snippet":"max-snippet:-1","max-image-preview":"max-image-preview:large","max-video-preview":"max-video-preview:-1"},"canonical":"https:\/\/www.lesmerveillesdupacifique.com\/pt\/produit\/collier-de-perles-akoya-rondes-6-65-aa-fermoir-or\/","og_locale":"pt_PT","og_type":"article","og_title":"Colar de p\u00e9rolas redondas 9-10 A\/B fecho de ouro (Copie) - Les Merveilles du Pacifique","og_description":"P\u00e9rolas de cultura do Akoya formas: redondas tamanhos: 6-6,5 mm qualidades: AA+  Comprimento padr\u00e3o: 45 cm. Possibilidade de alongar ou encurtar.  Os colares s\u00e3o amarrados em fio de seda com n\u00f3s entre cada conta. Fecho marinheiro em ouro 18 quilates (dispon\u00edvel em ouro amarelo e ouro branco, especificar no pedido)  - Dispon\u00edvel em todos os tamanhos de 8 a 14 mm - Dispon\u00edvel nas qualidades A \/ B, B, B \/ C e C","og_url":"https:\/\/www.lesmerveillesdupacifique.com\/produit\/collier-de-perles-akoya-rondes-6-65-aa-fermoir-or\/","og_site_name":"Les Merveilles du Pacifique","article_modified_time":"2026-04-02T15:24:35+00:00","og_image":[{"width":1024,"height":681,"url":"https:\/\/www.lesmerveillesdupacifique.com\/wp-content\/uploads\/2026\/04\/Capture-decran-2026-04-02-a-15.28.36-1024x681.png","type":"image\/png"}],"twitter_card":"summary_large_image","schema":{"@context":"https:\/\/schema.org","@graph":[{"@type":"WebSite","@id":"https:\/\/www.lesmerveillesdupacifique.com\/fr\/#website","url":"https:\/\/www.lesmerveillesdupacifique.com\/fr\/","name":"Les Merveilles du Pacifique","description":"Perles de culture de Tahiti","potentialAction":[{"@type":"SearchAction","target":{"@type":"EntryPoint","urlTemplate":"https:\/\/www.lesmerveillesdupacifique.com\/fr\/?s={search_term_string}"},"query-input":"required name=search_term_string"}],"inLanguage":"pt-PT"},{"@type":"ImageObject","@id":"https:\/\/www.lesmerveillesdupacifique.com\/produit\/collier-de-perles-akoya-rondes-6-65-aa-fermoir-or\/#primaryimage","inLanguage":"pt-PT","url":"https:\/\/www.lesmerveillesdupacifique.com\/wp-content\/uploads\/2026\/04\/Capture-decran-2026-04-02-a-15.28.36.png","contentUrl":"https:\/\/www.lesmerveillesdupacifique.com\/wp-content\/uploads\/2026\/04\/Capture-decran-2026-04-02-a-15.28.36.png","width":3064,"height":2038},{"@type":"WebPage","@id":"https:\/\/www.lesmerveillesdupacifique.com\/produit\/collier-de-perles-akoya-rondes-6-65-aa-fermoir-or\/#webpage","url":"https:\/\/www.lesmerveillesdupacifique.com\/produit\/collier-de-perles-akoya-rondes-6-65-aa-fermoir-or\/","name":"Colar de p\u00e9rolas redondas 9-10 A\/B fecho de ouro (Copie) - Les Merveilles du Pacifique","isPartOf":{"@id":"https:\/\/www.lesmerveillesdupacifique.com\/fr\/#website"},"primaryImageOfPage":{"@id":"https:\/\/www.lesmerveillesdupacifique.com\/produit\/collier-de-perles-akoya-rondes-6-65-aa-fermoir-or\/#primaryimage"},"datePublished":"2026-04-02T13:20:16+00:00","dateModified":"2026-04-02T15:24:35+00:00","breadcrumb":{"@id":"https:\/\/www.lesmerveillesdupacifique.com\/produit\/collier-de-perles-akoya-rondes-6-65-aa-fermoir-or\/#breadcrumb"},"inLanguage":"pt-PT","potentialAction":[{"@type":"ReadAction","target":["https:\/\/www.lesmerveillesdupacifique.com\/produit\/collier-de-perles-akoya-rondes-6-65-aa-fermoir-or\/"]}]},{"@type":"BreadcrumbList","@id":"https:\/\/www.lesmerveillesdupacifique.com\/produit\/collier-de-perles-akoya-rondes-6-65-aa-fermoir-or\/#breadcrumb","itemListElement":[{"@type":"ListItem","position":1,"name":"Accueil","item":"https:\/\/www.lesmerveillesdupacifique.com\/"},{"@type":"ListItem","position":2,"name":"Collection","item":"https:\/\/www.lesmerveillesdupacifique.com\/fr\/shop\/"},{"@type":"ListItem","position":3,"name":"Collier de perles akoya rondes 6-6,5 &#8211; COL-AK6-6\/5"}]}]}},"acf":[],"_links":{"self":[{"href":"https:\/\/www.lesmerveillesdupacifique.com\/pt\/wp-json\/wp\/v2\/product\/4612"}],"collection":[{"href":"https:\/\/www.lesmerveillesdupacifique.com\/pt\/wp-json\/wp\/v2\/product"}],"about":[{"href":"https:\/\/www.lesmerveillesdupacifique.com\/pt\/wp-json\/wp\/v2\/types\/product"}],"wp:featuredmedia":[{"embeddable":true,"href":"https:\/\/www.lesmerveillesdupacifique.com\/pt\/wp-json\/wp\/v2\/media\/4614"}],"wp:attachment":[{"href":"https:\/\/www.lesmerveillesdupacifique.com\/pt\/wp-json\/wp\/v2\/media?parent=4612"}],"wp:term":[{"taxonomy":"product_cat","embeddable":true,"href":"https:\/\/www.lesmerveillesdupacifique.com\/pt\/wp-json\/wp\/v2\/product_cat?post=4612"},{"taxonomy":"product_tag","embeddable":true,"href":"https:\/\/www.lesmerveillesdupacifique.com\/pt\/wp-json\/wp\/v2\/product_tag?post=4612"}],"curies":[{"name":"wp","href":"https:\/\/api.w.org\/{rel}","templated":true}]}}