{"id":3470,"date":"2021-12-30T11:23:58","date_gmt":"2021-12-30T10:23:58","guid":{"rendered":"https:\/\/www.lesmerveillesdupacifique.com\/?post_type=product&#038;p=3470"},"modified":"2026-04-01T15:26:38","modified_gmt":"2026-04-01T13:26:38","slug":"pendentif-or-et-perles-ovales-peo13-oj","status":"publish","type":"product","link":"https:\/\/www.lesmerveillesdupacifique.com\/pt\/produit\/pendentif-or-et-perles-ovales-peo13-oj\/","title":{"rendered":"Pingente de ouro e p\u00e9rolas oval \u2013 PEO13 OJ"},"content":{"rendered":"<p class=\"qtranxs-available-languages-message qtranxs-available-languages-message-pt\">Desculpe, este conte\u00fado s\u00f3 est\u00e1 dispon\u00edvel em <a href=\"https:\/\/www.lesmerveillesdupacifique.com\/fr\/wp-json\/wp\/v2\/product\/3470\" class=\"qtranxs-available-language-link qtranxs-available-language-link-fr\" title=\"Fran\u00e7ais\">Franc\u00eas<\/a>.<\/p><p>Ce pendentif unique, orn\u00e9 de deux perles de culture de Tahiti et une grappe cerise toute particuli\u00e8re en or 18 carats, s&#8217;inspire de la g\u00e9n\u00e9rosit\u00e9 de la nature pour vous proposer un bijou sublim\u00e9 par nos pr\u00e9cieuses perles. Ce bijou \u00e9l\u00e9gant et sophistiqu\u00e9 s&#8217;adaptera \u00e0 toutes vos occasions, en y ajoutant une touche d&#8217;originalit\u00e9 unique.<\/p>","protected":false},"excerpt":{"rendered":"<p><b>2 P\u00e9rolas de cultura do Taiti<\/b><\/p>\n<p><strong>forma:<\/strong>\u00a0oval<br \/>\n<b>tamanho<\/b>: 8-9 mm<br \/>\n<strong><b>qualidade<\/b>:<\/strong> A<br \/>\n<b>ouro amarelo<\/b><strong>\u00a0750 (18 quilates)<\/strong> 1,5 grama<br \/>\nArgola de pingente m\u00f3vel,\u00a0sem corrente<br \/>\n(existe tamb\u00e9m em ouro branco)<\/p>\n","protected":false},"featured_media":3970,"template":"","meta":{"_mi_skip_tracking":false},"product_cat":[19],"product_tag":[],"yoast_head":"<!-- This site is optimized with the Yoast SEO plugin v18.3 - https:\/\/yoast.com\/wordpress\/plugins\/seo\/ -->\n<title>Pingente de ouro e p\u00e9rolas oval \u2013 PEO13 OJ - Les Merveilles du Pacifique<\/title>\n<meta name=\"robots\" content=\"index, follow, max-snippet:-1, max-image-preview:large, max-video-preview:-1\" \/>\n<link rel=\"canonical\" href=\"https:\/\/www.lesmerveillesdupacifique.com\/pt\/produit\/pendentif-or-et-perles-ovales-peo13-oj\/\" \/>\n<meta property=\"og:locale\" content=\"pt_PT\" \/>\n<meta property=\"og:type\" content=\"article\" \/>\n<meta property=\"og:title\" content=\"Pingente de ouro e p\u00e9rolas oval \u2013 PEO13 OJ - Les Merveilles du Pacifique\" \/>\n<meta property=\"og:description\" content=\"2 P\u00e9rolas de cultura do Taiti  forma:\u00a0oval tamanho: 8-9 mm qualidade: A ouro amarelo\u00a0750 (18 quilates) 1,5 grama Argola de pingente m\u00f3vel,\u00a0sem corrente (existe tamb\u00e9m em ouro branco)\" \/>\n<meta property=\"og:url\" content=\"https:\/\/www.lesmerveillesdupacifique.com\/produit\/pendentif-or-et-perles-ovales-peo13-oj\/\" \/>\n<meta property=\"og:site_name\" content=\"Les Merveilles du Pacifique\" \/>\n<meta property=\"article:modified_time\" content=\"2026-04-01T13:26:38+00:00\" \/>\n<meta property=\"og:image\" content=\"https:\/\/www.lesmerveillesdupacifique.com\/wp-content\/uploads\/2022\/02\/PEO13-OJ.jpg\" \/>\n\t<meta property=\"og:image:width\" content=\"727\" \/>\n\t<meta property=\"og:image:height\" content=\"1090\" \/>\n\t<meta property=\"og:image:type\" content=\"image\/jpeg\" \/>\n<meta name=\"twitter:card\" content=\"summary_large_image\" \/>\n<script type=\"application\/ld+json\" class=\"yoast-schema-graph\">{\"@context\":\"https:\/\/schema.org\",\"@graph\":[{\"@type\":\"WebSite\",\"@id\":\"https:\/\/www.lesmerveillesdupacifique.com\/fr\/#website\",\"url\":\"https:\/\/www.lesmerveillesdupacifique.com\/fr\/\",\"name\":\"Les Merveilles du Pacifique\",\"description\":\"Perles de culture de Tahiti\",\"potentialAction\":[{\"@type\":\"SearchAction\",\"target\":{\"@type\":\"EntryPoint\",\"urlTemplate\":\"https:\/\/www.lesmerveillesdupacifique.com\/fr\/?s={search_term_string}\"},\"query-input\":\"required name=search_term_string\"}],\"inLanguage\":\"pt-PT\"},{\"@type\":\"ImageObject\",\"@id\":\"https:\/\/www.lesmerveillesdupacifique.com\/produit\/pendentif-or-et-perles-ovales-peo13-oj\/#primaryimage\",\"inLanguage\":\"pt-PT\",\"url\":\"https:\/\/www.lesmerveillesdupacifique.com\/wp-content\/uploads\/2022\/02\/PEO13-OJ.jpg\",\"contentUrl\":\"https:\/\/www.lesmerveillesdupacifique.com\/wp-content\/uploads\/2022\/02\/PEO13-OJ.jpg\",\"width\":727,\"height\":1090,\"caption\":\"www.photographe-book-paris.com\"},{\"@type\":\"WebPage\",\"@id\":\"https:\/\/www.lesmerveillesdupacifique.com\/produit\/pendentif-or-et-perles-ovales-peo13-oj\/#webpage\",\"url\":\"https:\/\/www.lesmerveillesdupacifique.com\/produit\/pendentif-or-et-perles-ovales-peo13-oj\/\",\"name\":\"Pingente de ouro e p\u00e9rolas oval \u2013 PEO13 OJ - Les Merveilles du Pacifique\",\"isPartOf\":{\"@id\":\"https:\/\/www.lesmerveillesdupacifique.com\/fr\/#website\"},\"primaryImageOfPage\":{\"@id\":\"https:\/\/www.lesmerveillesdupacifique.com\/produit\/pendentif-or-et-perles-ovales-peo13-oj\/#primaryimage\"},\"datePublished\":\"2021-12-30T10:23:58+00:00\",\"dateModified\":\"2026-04-01T13:26:38+00:00\",\"breadcrumb\":{\"@id\":\"https:\/\/www.lesmerveillesdupacifique.com\/produit\/pendentif-or-et-perles-ovales-peo13-oj\/#breadcrumb\"},\"inLanguage\":\"pt-PT\",\"potentialAction\":[{\"@type\":\"ReadAction\",\"target\":[\"https:\/\/www.lesmerveillesdupacifique.com\/produit\/pendentif-or-et-perles-ovales-peo13-oj\/\"]}]},{\"@type\":\"BreadcrumbList\",\"@id\":\"https:\/\/www.lesmerveillesdupacifique.com\/produit\/pendentif-or-et-perles-ovales-peo13-oj\/#breadcrumb\",\"itemListElement\":[{\"@type\":\"ListItem\",\"position\":1,\"name\":\"Accueil\",\"item\":\"https:\/\/www.lesmerveillesdupacifique.com\/\"},{\"@type\":\"ListItem\",\"position\":2,\"name\":\"Collection\",\"item\":\"https:\/\/www.lesmerveillesdupacifique.com\/fr\/shop\/\"},{\"@type\":\"ListItem\",\"position\":3,\"name\":\"Pendentif or et perles ovales \u2013 PEO13 OJ\"}]}]}<\/script>\n<!-- \/ Yoast SEO plugin. -->","yoast_head_json":{"title":"Pingente de ouro e p\u00e9rolas oval \u2013 PEO13 OJ - Les Merveilles du Pacifique","robots":{"index":"index","follow":"follow","max-snippet":"max-snippet:-1","max-image-preview":"max-image-preview:large","max-video-preview":"max-video-preview:-1"},"canonical":"https:\/\/www.lesmerveillesdupacifique.com\/pt\/produit\/pendentif-or-et-perles-ovales-peo13-oj\/","og_locale":"pt_PT","og_type":"article","og_title":"Pingente de ouro e p\u00e9rolas oval \u2013 PEO13 OJ - Les Merveilles du Pacifique","og_description":"2 P\u00e9rolas de cultura do Taiti  forma:\u00a0oval tamanho: 8-9 mm qualidade: A ouro amarelo\u00a0750 (18 quilates) 1,5 grama Argola de pingente m\u00f3vel,\u00a0sem corrente (existe tamb\u00e9m em ouro branco)","og_url":"https:\/\/www.lesmerveillesdupacifique.com\/produit\/pendentif-or-et-perles-ovales-peo13-oj\/","og_site_name":"Les Merveilles du Pacifique","article_modified_time":"2026-04-01T13:26:38+00:00","og_image":[{"width":727,"height":1090,"url":"https:\/\/www.lesmerveillesdupacifique.com\/wp-content\/uploads\/2022\/02\/PEO13-OJ.jpg","type":"image\/jpeg"}],"twitter_card":"summary_large_image","schema":{"@context":"https:\/\/schema.org","@graph":[{"@type":"WebSite","@id":"https:\/\/www.lesmerveillesdupacifique.com\/fr\/#website","url":"https:\/\/www.lesmerveillesdupacifique.com\/fr\/","name":"Les Merveilles du Pacifique","description":"Perles de culture de Tahiti","potentialAction":[{"@type":"SearchAction","target":{"@type":"EntryPoint","urlTemplate":"https:\/\/www.lesmerveillesdupacifique.com\/fr\/?s={search_term_string}"},"query-input":"required name=search_term_string"}],"inLanguage":"pt-PT"},{"@type":"ImageObject","@id":"https:\/\/www.lesmerveillesdupacifique.com\/produit\/pendentif-or-et-perles-ovales-peo13-oj\/#primaryimage","inLanguage":"pt-PT","url":"https:\/\/www.lesmerveillesdupacifique.com\/wp-content\/uploads\/2022\/02\/PEO13-OJ.jpg","contentUrl":"https:\/\/www.lesmerveillesdupacifique.com\/wp-content\/uploads\/2022\/02\/PEO13-OJ.jpg","width":727,"height":1090,"caption":"www.photographe-book-paris.com"},{"@type":"WebPage","@id":"https:\/\/www.lesmerveillesdupacifique.com\/produit\/pendentif-or-et-perles-ovales-peo13-oj\/#webpage","url":"https:\/\/www.lesmerveillesdupacifique.com\/produit\/pendentif-or-et-perles-ovales-peo13-oj\/","name":"Pingente de ouro e p\u00e9rolas oval \u2013 PEO13 OJ - Les Merveilles du Pacifique","isPartOf":{"@id":"https:\/\/www.lesmerveillesdupacifique.com\/fr\/#website"},"primaryImageOfPage":{"@id":"https:\/\/www.lesmerveillesdupacifique.com\/produit\/pendentif-or-et-perles-ovales-peo13-oj\/#primaryimage"},"datePublished":"2021-12-30T10:23:58+00:00","dateModified":"2026-04-01T13:26:38+00:00","breadcrumb":{"@id":"https:\/\/www.lesmerveillesdupacifique.com\/produit\/pendentif-or-et-perles-ovales-peo13-oj\/#breadcrumb"},"inLanguage":"pt-PT","potentialAction":[{"@type":"ReadAction","target":["https:\/\/www.lesmerveillesdupacifique.com\/produit\/pendentif-or-et-perles-ovales-peo13-oj\/"]}]},{"@type":"BreadcrumbList","@id":"https:\/\/www.lesmerveillesdupacifique.com\/produit\/pendentif-or-et-perles-ovales-peo13-oj\/#breadcrumb","itemListElement":[{"@type":"ListItem","position":1,"name":"Accueil","item":"https:\/\/www.lesmerveillesdupacifique.com\/"},{"@type":"ListItem","position":2,"name":"Collection","item":"https:\/\/www.lesmerveillesdupacifique.com\/fr\/shop\/"},{"@type":"ListItem","position":3,"name":"Pendentif or et perles ovales \u2013 PEO13 OJ"}]}]}},"acf":[],"_links":{"self":[{"href":"https:\/\/www.lesmerveillesdupacifique.com\/pt\/wp-json\/wp\/v2\/product\/3470"}],"collection":[{"href":"https:\/\/www.lesmerveillesdupacifique.com\/pt\/wp-json\/wp\/v2\/product"}],"about":[{"href":"https:\/\/www.lesmerveillesdupacifique.com\/pt\/wp-json\/wp\/v2\/types\/product"}],"wp:featuredmedia":[{"embeddable":true,"href":"https:\/\/www.lesmerveillesdupacifique.com\/pt\/wp-json\/wp\/v2\/media\/3970"}],"wp:attachment":[{"href":"https:\/\/www.lesmerveillesdupacifique.com\/pt\/wp-json\/wp\/v2\/media?parent=3470"}],"wp:term":[{"taxonomy":"product_cat","embeddable":true,"href":"https:\/\/www.lesmerveillesdupacifique.com\/pt\/wp-json\/wp\/v2\/product_cat?post=3470"},{"taxonomy":"product_tag","embeddable":true,"href":"https:\/\/www.lesmerveillesdupacifique.com\/pt\/wp-json\/wp\/v2\/product_tag?post=3470"}],"curies":[{"name":"wp","href":"https:\/\/api.w.org\/{rel}","templated":true}]}}