{"id":2499,"date":"2020-06-29T18:49:29","date_gmt":"2020-06-29T16:49:29","guid":{"rendered":"http:\/\/www.lesmerveillesdupacifique.com\/?post_type=product&#038;p=2499"},"modified":"2023-12-08T10:24:19","modified_gmt":"2023-12-08T09:24:19","slug":"huitre-gravure-pourtour-demi-tortue","status":"publish","type":"product","link":"https:\/\/www.lesmerveillesdupacifique.com\/pt\/produit\/huitre-gravure-pourtour-demi-tortue\/","title":{"rendered":"Ostra gravada no interior sobre o contorno meia tartaruga"},"content":{"rendered":"","protected":false},"excerpt":{"rendered":"<p><span id=\"s2_1\">Ostra p\u00e9rolas perl\u00edferas Pinctada Margaritifera (com l\u00e1bios pretos)<\/span><\/p>\n<p><span id=\"s2_2\">Esp\u00e9cie em que a p\u00e9rola do Taiti \u00e9 cultivada.<\/span><br \/>\n<span id=\"s2_3\">A concha tem cerca de 11 cm de tamanho.<\/span><br \/>\n<span id=\"s2_4\">O contorno interior est\u00e1 gravado \u00e0 m\u00e3o no Taiti e \u00e9 decorado com uma meia tartaruga.<\/span><br \/>\n<span id=\"s2_5\">Esta madrep\u00e9rola apresenta um verdadeiro arco-\u00edris de cores que se encontra nas p\u00e9rolas do Taiti que fabrica.<\/span><\/p>\n","protected":false},"featured_media":3361,"template":"","meta":{"_mi_skip_tracking":false},"product_cat":[58],"product_tag":[],"yoast_head":"<!-- This site is optimized with the Yoast SEO plugin v18.3 - https:\/\/yoast.com\/wordpress\/plugins\/seo\/ -->\n<title>Ostra gravada no interior sobre o contorno meia tartaruga - Les Merveilles du Pacifique<\/title>\n<meta name=\"robots\" content=\"index, follow, max-snippet:-1, max-image-preview:large, max-video-preview:-1\" \/>\n<link rel=\"canonical\" href=\"https:\/\/www.lesmerveillesdupacifique.com\/pt\/produit\/huitre-gravure-pourtour-demi-tortue\/\" \/>\n<meta property=\"og:locale\" content=\"pt_PT\" \/>\n<meta property=\"og:type\" content=\"article\" \/>\n<meta property=\"og:title\" content=\"Ostra gravada no interior sobre o contorno meia tartaruga - Les Merveilles du Pacifique\" \/>\n<meta property=\"og:description\" content=\"Ostra p\u00e9rolas perl\u00edferas Pinctada Margaritifera (com l\u00e1bios pretos)  Esp\u00e9cie em que a p\u00e9rola do Taiti \u00e9 cultivada. A concha tem cerca de 11 cm de tamanho. O contorno interior est\u00e1 gravado \u00e0 m\u00e3o no Taiti e \u00e9 decorado com uma meia tartaruga. Esta madrep\u00e9rola apresenta um verdadeiro arco-\u00edris de cores que se encontra nas p\u00e9rolas do Taiti que fabrica.\" \/>\n<meta property=\"og:url\" content=\"https:\/\/www.lesmerveillesdupacifique.com\/produit\/huitre-gravure-pourtour-demi-tortue\/\" \/>\n<meta property=\"og:site_name\" content=\"Les Merveilles du Pacifique\" \/>\n<meta property=\"article:modified_time\" content=\"2023-12-08T09:24:19+00:00\" \/>\n<meta property=\"og:image\" content=\"https:\/\/www.lesmerveillesdupacifique.com\/wp-content\/uploads\/2020\/06\/Hui\u0302tre-gravure-pourtour-Demi-Tortue.png\" \/>\n\t<meta property=\"og:image:width\" content=\"1050\" \/>\n\t<meta property=\"og:image:height\" content=\"1002\" \/>\n\t<meta property=\"og:image:type\" content=\"image\/png\" \/>\n<meta name=\"twitter:card\" content=\"summary_large_image\" \/>\n<script type=\"application\/ld+json\" class=\"yoast-schema-graph\">{\"@context\":\"https:\/\/schema.org\",\"@graph\":[{\"@type\":\"WebSite\",\"@id\":\"https:\/\/www.lesmerveillesdupacifique.com\/fr\/#website\",\"url\":\"https:\/\/www.lesmerveillesdupacifique.com\/fr\/\",\"name\":\"Les Merveilles du Pacifique\",\"description\":\"Perles de culture de Tahiti\",\"potentialAction\":[{\"@type\":\"SearchAction\",\"target\":{\"@type\":\"EntryPoint\",\"urlTemplate\":\"https:\/\/www.lesmerveillesdupacifique.com\/fr\/?s={search_term_string}\"},\"query-input\":\"required name=search_term_string\"}],\"inLanguage\":\"pt-PT\"},{\"@type\":\"ImageObject\",\"@id\":\"https:\/\/www.lesmerveillesdupacifique.com\/produit\/huitre-gravure-pourtour-demi-tortue\/#primaryimage\",\"inLanguage\":\"pt-PT\",\"url\":\"https:\/\/www.lesmerveillesdupacifique.com\/wp-content\/uploads\/2020\/06\/Hui\u0302tre-gravure-pourtour-Demi-Tortue.png\",\"contentUrl\":\"https:\/\/www.lesmerveillesdupacifique.com\/wp-content\/uploads\/2020\/06\/Hui\u0302tre-gravure-pourtour-Demi-Tortue.png\",\"width\":1050,\"height\":1002,\"caption\":\"Nacre grav\u00e9e avec motif tortue et maori\"},{\"@type\":\"WebPage\",\"@id\":\"https:\/\/www.lesmerveillesdupacifique.com\/produit\/huitre-gravure-pourtour-demi-tortue\/#webpage\",\"url\":\"https:\/\/www.lesmerveillesdupacifique.com\/produit\/huitre-gravure-pourtour-demi-tortue\/\",\"name\":\"Ostra gravada no interior sobre o contorno meia tartaruga - Les Merveilles du Pacifique\",\"isPartOf\":{\"@id\":\"https:\/\/www.lesmerveillesdupacifique.com\/fr\/#website\"},\"primaryImageOfPage\":{\"@id\":\"https:\/\/www.lesmerveillesdupacifique.com\/produit\/huitre-gravure-pourtour-demi-tortue\/#primaryimage\"},\"datePublished\":\"2020-06-29T16:49:29+00:00\",\"dateModified\":\"2023-12-08T09:24:19+00:00\",\"breadcrumb\":{\"@id\":\"https:\/\/www.lesmerveillesdupacifique.com\/produit\/huitre-gravure-pourtour-demi-tortue\/#breadcrumb\"},\"inLanguage\":\"pt-PT\",\"potentialAction\":[{\"@type\":\"ReadAction\",\"target\":[\"https:\/\/www.lesmerveillesdupacifique.com\/produit\/huitre-gravure-pourtour-demi-tortue\/\"]}]},{\"@type\":\"BreadcrumbList\",\"@id\":\"https:\/\/www.lesmerveillesdupacifique.com\/produit\/huitre-gravure-pourtour-demi-tortue\/#breadcrumb\",\"itemListElement\":[{\"@type\":\"ListItem\",\"position\":1,\"name\":\"Accueil\",\"item\":\"https:\/\/www.lesmerveillesdupacifique.com\/\"},{\"@type\":\"ListItem\",\"position\":2,\"name\":\"Collection\",\"item\":\"https:\/\/www.lesmerveillesdupacifique.com\/fr\/shop\/\"},{\"@type\":\"ListItem\",\"position\":3,\"name\":\"Hu\u00eetre gravure pourtour Demi Tortue\"}]}]}<\/script>\n<!-- \/ Yoast SEO plugin. -->","yoast_head_json":{"title":"Ostra gravada no interior sobre o contorno meia tartaruga - Les Merveilles du Pacifique","robots":{"index":"index","follow":"follow","max-snippet":"max-snippet:-1","max-image-preview":"max-image-preview:large","max-video-preview":"max-video-preview:-1"},"canonical":"https:\/\/www.lesmerveillesdupacifique.com\/pt\/produit\/huitre-gravure-pourtour-demi-tortue\/","og_locale":"pt_PT","og_type":"article","og_title":"Ostra gravada no interior sobre o contorno meia tartaruga - Les Merveilles du Pacifique","og_description":"Ostra p\u00e9rolas perl\u00edferas Pinctada Margaritifera (com l\u00e1bios pretos)  Esp\u00e9cie em que a p\u00e9rola do Taiti \u00e9 cultivada. A concha tem cerca de 11 cm de tamanho. O contorno interior est\u00e1 gravado \u00e0 m\u00e3o no Taiti e \u00e9 decorado com uma meia tartaruga. Esta madrep\u00e9rola apresenta um verdadeiro arco-\u00edris de cores que se encontra nas p\u00e9rolas do Taiti que fabrica.","og_url":"https:\/\/www.lesmerveillesdupacifique.com\/produit\/huitre-gravure-pourtour-demi-tortue\/","og_site_name":"Les Merveilles du Pacifique","article_modified_time":"2023-12-08T09:24:19+00:00","og_image":[{"width":1050,"height":1002,"url":"https:\/\/www.lesmerveillesdupacifique.com\/wp-content\/uploads\/2020\/06\/Hui\u0302tre-gravure-pourtour-Demi-Tortue.png","type":"image\/png"}],"twitter_card":"summary_large_image","schema":{"@context":"https:\/\/schema.org","@graph":[{"@type":"WebSite","@id":"https:\/\/www.lesmerveillesdupacifique.com\/fr\/#website","url":"https:\/\/www.lesmerveillesdupacifique.com\/fr\/","name":"Les Merveilles du Pacifique","description":"Perles de culture de Tahiti","potentialAction":[{"@type":"SearchAction","target":{"@type":"EntryPoint","urlTemplate":"https:\/\/www.lesmerveillesdupacifique.com\/fr\/?s={search_term_string}"},"query-input":"required name=search_term_string"}],"inLanguage":"pt-PT"},{"@type":"ImageObject","@id":"https:\/\/www.lesmerveillesdupacifique.com\/produit\/huitre-gravure-pourtour-demi-tortue\/#primaryimage","inLanguage":"pt-PT","url":"https:\/\/www.lesmerveillesdupacifique.com\/wp-content\/uploads\/2020\/06\/Hui\u0302tre-gravure-pourtour-Demi-Tortue.png","contentUrl":"https:\/\/www.lesmerveillesdupacifique.com\/wp-content\/uploads\/2020\/06\/Hui\u0302tre-gravure-pourtour-Demi-Tortue.png","width":1050,"height":1002,"caption":"Nacre grav\u00e9e avec motif tortue et maori"},{"@type":"WebPage","@id":"https:\/\/www.lesmerveillesdupacifique.com\/produit\/huitre-gravure-pourtour-demi-tortue\/#webpage","url":"https:\/\/www.lesmerveillesdupacifique.com\/produit\/huitre-gravure-pourtour-demi-tortue\/","name":"Ostra gravada no interior sobre o contorno meia tartaruga - Les Merveilles du Pacifique","isPartOf":{"@id":"https:\/\/www.lesmerveillesdupacifique.com\/fr\/#website"},"primaryImageOfPage":{"@id":"https:\/\/www.lesmerveillesdupacifique.com\/produit\/huitre-gravure-pourtour-demi-tortue\/#primaryimage"},"datePublished":"2020-06-29T16:49:29+00:00","dateModified":"2023-12-08T09:24:19+00:00","breadcrumb":{"@id":"https:\/\/www.lesmerveillesdupacifique.com\/produit\/huitre-gravure-pourtour-demi-tortue\/#breadcrumb"},"inLanguage":"pt-PT","potentialAction":[{"@type":"ReadAction","target":["https:\/\/www.lesmerveillesdupacifique.com\/produit\/huitre-gravure-pourtour-demi-tortue\/"]}]},{"@type":"BreadcrumbList","@id":"https:\/\/www.lesmerveillesdupacifique.com\/produit\/huitre-gravure-pourtour-demi-tortue\/#breadcrumb","itemListElement":[{"@type":"ListItem","position":1,"name":"Accueil","item":"https:\/\/www.lesmerveillesdupacifique.com\/"},{"@type":"ListItem","position":2,"name":"Collection","item":"https:\/\/www.lesmerveillesdupacifique.com\/fr\/shop\/"},{"@type":"ListItem","position":3,"name":"Hu\u00eetre gravure pourtour Demi Tortue"}]}]}},"acf":[],"_links":{"self":[{"href":"https:\/\/www.lesmerveillesdupacifique.com\/pt\/wp-json\/wp\/v2\/product\/2499"}],"collection":[{"href":"https:\/\/www.lesmerveillesdupacifique.com\/pt\/wp-json\/wp\/v2\/product"}],"about":[{"href":"https:\/\/www.lesmerveillesdupacifique.com\/pt\/wp-json\/wp\/v2\/types\/product"}],"wp:featuredmedia":[{"embeddable":true,"href":"https:\/\/www.lesmerveillesdupacifique.com\/pt\/wp-json\/wp\/v2\/media\/3361"}],"wp:attachment":[{"href":"https:\/\/www.lesmerveillesdupacifique.com\/pt\/wp-json\/wp\/v2\/media?parent=2499"}],"wp:term":[{"taxonomy":"product_cat","embeddable":true,"href":"https:\/\/www.lesmerveillesdupacifique.com\/pt\/wp-json\/wp\/v2\/product_cat?post=2499"},{"taxonomy":"product_tag","embeddable":true,"href":"https:\/\/www.lesmerveillesdupacifique.com\/pt\/wp-json\/wp\/v2\/product_tag?post=2499"}],"curies":[{"name":"wp","href":"https:\/\/api.w.org\/{rel}","templated":true}]}}