{"id":1954,"date":"2020-02-26T12:15:13","date_gmt":"2020-02-26T11:15:13","guid":{"rendered":"http:\/\/www.lesmerveillesdupacifique.com\/prod\/?post_type=product&#038;p=1954"},"modified":"2026-04-01T15:40:23","modified_gmt":"2026-04-01T13:40:23","slug":"huitre-gravure-pourtour","status":"publish","type":"product","link":"https:\/\/www.lesmerveillesdupacifique.com\/pt\/produit\/huitre-gravure-pourtour\/","title":{"rendered":"Ostra gravada"},"content":{"rendered":"","protected":false},"excerpt":{"rendered":"<p><span id=\"s2_1\">Ostra p\u00e9rolas perl\u00edferas Pinctada Margaritifera (com l\u00e1bios pretos)<\/span><\/p>\n<p><span id=\"s2_1\">Esp\u00e9cie em que a p\u00e9rola do Taiti \u00e9 cultivada.<\/span><br \/>\n<span id=\"s2_2\">A concha tem cerca de 10 cm de tamanho.<\/span><br \/>\n<span id=\"s2_3\">O interior est\u00e1 gravado \u00e0 m\u00e3o no Taiti.<\/span><br \/>\n<span id=\"s2_4\">Esta madrep\u00e9rola apresenta um verdadeiro arco-\u00edris de cores que se encontra nas p\u00e9rolas do Taiti que fabrica.<\/span><\/p>\n","protected":false},"featured_media":1956,"template":"","meta":{"_mi_skip_tracking":false},"product_cat":[58],"product_tag":[],"yoast_head":"<!-- This site is optimized with the Yoast SEO plugin v18.3 - https:\/\/yoast.com\/wordpress\/plugins\/seo\/ -->\n<title>Ostra gravada - Les Merveilles du Pacifique<\/title>\n<meta name=\"robots\" content=\"index, follow, max-snippet:-1, max-image-preview:large, max-video-preview:-1\" \/>\n<link rel=\"canonical\" href=\"https:\/\/www.lesmerveillesdupacifique.com\/pt\/produit\/huitre-gravure-pourtour\/\" \/>\n<meta property=\"og:locale\" content=\"pt_PT\" \/>\n<meta property=\"og:type\" content=\"article\" \/>\n<meta property=\"og:title\" content=\"Ostra gravada - Les Merveilles du Pacifique\" \/>\n<meta property=\"og:description\" content=\"Ostra p\u00e9rolas perl\u00edferas Pinctada Margaritifera (com l\u00e1bios pretos)  Esp\u00e9cie em que a p\u00e9rola do Taiti \u00e9 cultivada. A concha tem cerca de 10 cm de tamanho. O interior est\u00e1 gravado \u00e0 m\u00e3o no Taiti. Esta madrep\u00e9rola apresenta um verdadeiro arco-\u00edris de cores que se encontra nas p\u00e9rolas do Taiti que fabrica.\" \/>\n<meta property=\"og:url\" content=\"https:\/\/www.lesmerveillesdupacifique.com\/produit\/huitre-gravure-pourtour\/\" \/>\n<meta property=\"og:site_name\" content=\"Les Merveilles du Pacifique\" \/>\n<meta property=\"article:modified_time\" content=\"2026-04-01T13:40:23+00:00\" \/>\n<meta property=\"og:image\" content=\"https:\/\/www.lesmerveillesdupacifique.com\/wp-content\/uploads\/2020\/02\/IMG_1460.jpg\" \/>\n\t<meta property=\"og:image:width\" content=\"1140\" \/>\n\t<meta property=\"og:image:height\" content=\"1404\" \/>\n\t<meta property=\"og:image:type\" content=\"image\/jpeg\" \/>\n<meta name=\"twitter:card\" content=\"summary_large_image\" \/>\n<script type=\"application\/ld+json\" class=\"yoast-schema-graph\">{\"@context\":\"https:\/\/schema.org\",\"@graph\":[{\"@type\":\"WebSite\",\"@id\":\"https:\/\/www.lesmerveillesdupacifique.com\/fr\/#website\",\"url\":\"https:\/\/www.lesmerveillesdupacifique.com\/fr\/\",\"name\":\"Les Merveilles du Pacifique\",\"description\":\"Perles de culture de Tahiti\",\"potentialAction\":[{\"@type\":\"SearchAction\",\"target\":{\"@type\":\"EntryPoint\",\"urlTemplate\":\"https:\/\/www.lesmerveillesdupacifique.com\/fr\/?s={search_term_string}\"},\"query-input\":\"required name=search_term_string\"}],\"inLanguage\":\"pt-PT\"},{\"@type\":\"ImageObject\",\"@id\":\"https:\/\/www.lesmerveillesdupacifique.com\/produit\/huitre-gravure-pourtour\/#primaryimage\",\"inLanguage\":\"pt-PT\",\"url\":\"https:\/\/www.lesmerveillesdupacifique.com\/wp-content\/uploads\/2020\/02\/IMG_1460.jpg\",\"contentUrl\":\"https:\/\/www.lesmerveillesdupacifique.com\/wp-content\/uploads\/2020\/02\/IMG_1460.jpg\",\"width\":1140,\"height\":1404},{\"@type\":\"WebPage\",\"@id\":\"https:\/\/www.lesmerveillesdupacifique.com\/produit\/huitre-gravure-pourtour\/#webpage\",\"url\":\"https:\/\/www.lesmerveillesdupacifique.com\/produit\/huitre-gravure-pourtour\/\",\"name\":\"Ostra gravada - Les Merveilles du Pacifique\",\"isPartOf\":{\"@id\":\"https:\/\/www.lesmerveillesdupacifique.com\/fr\/#website\"},\"primaryImageOfPage\":{\"@id\":\"https:\/\/www.lesmerveillesdupacifique.com\/produit\/huitre-gravure-pourtour\/#primaryimage\"},\"datePublished\":\"2020-02-26T11:15:13+00:00\",\"dateModified\":\"2026-04-01T13:40:23+00:00\",\"breadcrumb\":{\"@id\":\"https:\/\/www.lesmerveillesdupacifique.com\/produit\/huitre-gravure-pourtour\/#breadcrumb\"},\"inLanguage\":\"pt-PT\",\"potentialAction\":[{\"@type\":\"ReadAction\",\"target\":[\"https:\/\/www.lesmerveillesdupacifique.com\/produit\/huitre-gravure-pourtour\/\"]}]},{\"@type\":\"BreadcrumbList\",\"@id\":\"https:\/\/www.lesmerveillesdupacifique.com\/produit\/huitre-gravure-pourtour\/#breadcrumb\",\"itemListElement\":[{\"@type\":\"ListItem\",\"position\":1,\"name\":\"Accueil\",\"item\":\"https:\/\/www.lesmerveillesdupacifique.com\/\"},{\"@type\":\"ListItem\",\"position\":2,\"name\":\"Collection\",\"item\":\"https:\/\/www.lesmerveillesdupacifique.com\/fr\/shop\/\"},{\"@type\":\"ListItem\",\"position\":3,\"name\":\"Hu\u00eetre gravure pourtour\"}]}]}<\/script>\n<!-- \/ Yoast SEO plugin. -->","yoast_head_json":{"title":"Ostra gravada - Les Merveilles du Pacifique","robots":{"index":"index","follow":"follow","max-snippet":"max-snippet:-1","max-image-preview":"max-image-preview:large","max-video-preview":"max-video-preview:-1"},"canonical":"https:\/\/www.lesmerveillesdupacifique.com\/pt\/produit\/huitre-gravure-pourtour\/","og_locale":"pt_PT","og_type":"article","og_title":"Ostra gravada - Les Merveilles du Pacifique","og_description":"Ostra p\u00e9rolas perl\u00edferas Pinctada Margaritifera (com l\u00e1bios pretos)  Esp\u00e9cie em que a p\u00e9rola do Taiti \u00e9 cultivada. A concha tem cerca de 10 cm de tamanho. O interior est\u00e1 gravado \u00e0 m\u00e3o no Taiti. Esta madrep\u00e9rola apresenta um verdadeiro arco-\u00edris de cores que se encontra nas p\u00e9rolas do Taiti que fabrica.","og_url":"https:\/\/www.lesmerveillesdupacifique.com\/produit\/huitre-gravure-pourtour\/","og_site_name":"Les Merveilles du Pacifique","article_modified_time":"2026-04-01T13:40:23+00:00","og_image":[{"width":1140,"height":1404,"url":"https:\/\/www.lesmerveillesdupacifique.com\/wp-content\/uploads\/2020\/02\/IMG_1460.jpg","type":"image\/jpeg"}],"twitter_card":"summary_large_image","schema":{"@context":"https:\/\/schema.org","@graph":[{"@type":"WebSite","@id":"https:\/\/www.lesmerveillesdupacifique.com\/fr\/#website","url":"https:\/\/www.lesmerveillesdupacifique.com\/fr\/","name":"Les Merveilles du Pacifique","description":"Perles de culture de Tahiti","potentialAction":[{"@type":"SearchAction","target":{"@type":"EntryPoint","urlTemplate":"https:\/\/www.lesmerveillesdupacifique.com\/fr\/?s={search_term_string}"},"query-input":"required name=search_term_string"}],"inLanguage":"pt-PT"},{"@type":"ImageObject","@id":"https:\/\/www.lesmerveillesdupacifique.com\/produit\/huitre-gravure-pourtour\/#primaryimage","inLanguage":"pt-PT","url":"https:\/\/www.lesmerveillesdupacifique.com\/wp-content\/uploads\/2020\/02\/IMG_1460.jpg","contentUrl":"https:\/\/www.lesmerveillesdupacifique.com\/wp-content\/uploads\/2020\/02\/IMG_1460.jpg","width":1140,"height":1404},{"@type":"WebPage","@id":"https:\/\/www.lesmerveillesdupacifique.com\/produit\/huitre-gravure-pourtour\/#webpage","url":"https:\/\/www.lesmerveillesdupacifique.com\/produit\/huitre-gravure-pourtour\/","name":"Ostra gravada - Les Merveilles du Pacifique","isPartOf":{"@id":"https:\/\/www.lesmerveillesdupacifique.com\/fr\/#website"},"primaryImageOfPage":{"@id":"https:\/\/www.lesmerveillesdupacifique.com\/produit\/huitre-gravure-pourtour\/#primaryimage"},"datePublished":"2020-02-26T11:15:13+00:00","dateModified":"2026-04-01T13:40:23+00:00","breadcrumb":{"@id":"https:\/\/www.lesmerveillesdupacifique.com\/produit\/huitre-gravure-pourtour\/#breadcrumb"},"inLanguage":"pt-PT","potentialAction":[{"@type":"ReadAction","target":["https:\/\/www.lesmerveillesdupacifique.com\/produit\/huitre-gravure-pourtour\/"]}]},{"@type":"BreadcrumbList","@id":"https:\/\/www.lesmerveillesdupacifique.com\/produit\/huitre-gravure-pourtour\/#breadcrumb","itemListElement":[{"@type":"ListItem","position":1,"name":"Accueil","item":"https:\/\/www.lesmerveillesdupacifique.com\/"},{"@type":"ListItem","position":2,"name":"Collection","item":"https:\/\/www.lesmerveillesdupacifique.com\/fr\/shop\/"},{"@type":"ListItem","position":3,"name":"Hu\u00eetre gravure pourtour"}]}]}},"acf":[],"_links":{"self":[{"href":"https:\/\/www.lesmerveillesdupacifique.com\/pt\/wp-json\/wp\/v2\/product\/1954"}],"collection":[{"href":"https:\/\/www.lesmerveillesdupacifique.com\/pt\/wp-json\/wp\/v2\/product"}],"about":[{"href":"https:\/\/www.lesmerveillesdupacifique.com\/pt\/wp-json\/wp\/v2\/types\/product"}],"wp:featuredmedia":[{"embeddable":true,"href":"https:\/\/www.lesmerveillesdupacifique.com\/pt\/wp-json\/wp\/v2\/media\/1956"}],"wp:attachment":[{"href":"https:\/\/www.lesmerveillesdupacifique.com\/pt\/wp-json\/wp\/v2\/media?parent=1954"}],"wp:term":[{"taxonomy":"product_cat","embeddable":true,"href":"https:\/\/www.lesmerveillesdupacifique.com\/pt\/wp-json\/wp\/v2\/product_cat?post=1954"},{"taxonomy":"product_tag","embeddable":true,"href":"https:\/\/www.lesmerveillesdupacifique.com\/pt\/wp-json\/wp\/v2\/product_tag?post=1954"}],"curies":[{"name":"wp","href":"https:\/\/api.w.org\/{rel}","templated":true}]}}