{"id":1809,"date":"2019-12-03T12:02:07","date_gmt":"2019-12-03T11:02:07","guid":{"rendered":"http:\/\/www.lesmerveillesdupacifique.com\/prod\/?post_type=product&#038;p=1809"},"modified":"2025-04-14T12:27:31","modified_gmt":"2025-04-14T10:27:31","slug":"colc01-beige","status":"publish","type":"product","link":"https:\/\/www.lesmerveillesdupacifique.com\/pt\/produit\/colc01-beige\/","title":{"rendered":"Colar de p\u00e9rola anelada sobre cord\u00e3o &#8211; COLC01 Bege"},"content":{"rendered":"","protected":false},"excerpt":{"rendered":"<p><strong>P\u00e9rola de cultura do Taiti<\/strong><br \/>\n<strong>forma:\u00a0<\/strong><span lang=\"PT\">anelada<br \/>\n<\/span><strong><span lang=\"PT\">tamanho<\/span>:<\/strong> 10-11 mm<br \/>\n<strong><span lang=\"PT\">qualidade<\/span>:<\/strong> A\/B<br \/>\n<span lang=\"PT\">cord\u00e3o de poli\u00e9ster\u00a0<\/span><span lang=\"PT\">n\u00f3 marinho deslizante<\/span><\/p>\n<div><strong><span lang=\"PT\">cores dispon\u00edveis<\/span>:<\/strong> vermelho, bege, marrom, verde, rosa, preto, cinza<br \/>\n<strong>pulseira a condizer<\/strong><\/div>\n","protected":false},"featured_media":2437,"template":"","meta":{"_mi_skip_tracking":false},"product_cat":[25],"product_tag":[],"yoast_head":"<!-- This site is optimized with the Yoast SEO plugin v18.3 - https:\/\/yoast.com\/wordpress\/plugins\/seo\/ -->\n<title>Colar de p\u00e9rola anelada sobre cord\u00e3o - COLC01 Bege - Les Merveilles du Pacifique<\/title>\n<meta name=\"robots\" content=\"index, follow, max-snippet:-1, max-image-preview:large, max-video-preview:-1\" \/>\n<link rel=\"canonical\" href=\"https:\/\/www.lesmerveillesdupacifique.com\/pt\/produit\/colc01-beige\/\" \/>\n<meta property=\"og:locale\" content=\"pt_PT\" \/>\n<meta property=\"og:type\" content=\"article\" \/>\n<meta property=\"og:title\" content=\"Colar de p\u00e9rola anelada sobre cord\u00e3o - COLC01 Bege - Les Merveilles du Pacifique\" \/>\n<meta property=\"og:description\" content=\"P\u00e9rola de cultura do Taiti forma:\u00a0anelada tamanho: 10-11 mm qualidade: A\/B cord\u00e3o de poli\u00e9ster\u00a0n\u00f3 marinho deslizante cores dispon\u00edveis: vermelho, bege, marrom, verde, rosa, preto, cinza pulseira a condizer\" \/>\n<meta property=\"og:url\" content=\"https:\/\/www.lesmerveillesdupacifique.com\/produit\/colc01-beige\/\" \/>\n<meta property=\"og:site_name\" content=\"Les Merveilles du Pacifique\" \/>\n<meta property=\"article:modified_time\" content=\"2025-04-14T10:27:31+00:00\" \/>\n<meta property=\"og:image\" content=\"https:\/\/www.lesmerveillesdupacifique.com\/wp-content\/uploads\/2019\/12\/COLC01-beige-scaled.jpg\" \/>\n\t<meta property=\"og:image:width\" content=\"1920\" \/>\n\t<meta property=\"og:image:height\" content=\"2560\" \/>\n\t<meta property=\"og:image:type\" content=\"image\/jpeg\" \/>\n<meta name=\"twitter:card\" content=\"summary_large_image\" \/>\n<script type=\"application\/ld+json\" class=\"yoast-schema-graph\">{\"@context\":\"https:\/\/schema.org\",\"@graph\":[{\"@type\":\"WebSite\",\"@id\":\"https:\/\/www.lesmerveillesdupacifique.com\/fr\/#website\",\"url\":\"https:\/\/www.lesmerveillesdupacifique.com\/fr\/\",\"name\":\"Les Merveilles du Pacifique\",\"description\":\"Perles de culture de Tahiti\",\"potentialAction\":[{\"@type\":\"SearchAction\",\"target\":{\"@type\":\"EntryPoint\",\"urlTemplate\":\"https:\/\/www.lesmerveillesdupacifique.com\/fr\/?s={search_term_string}\"},\"query-input\":\"required name=search_term_string\"}],\"inLanguage\":\"pt-PT\"},{\"@type\":\"ImageObject\",\"@id\":\"https:\/\/www.lesmerveillesdupacifique.com\/produit\/colc01-beige\/#primaryimage\",\"inLanguage\":\"pt-PT\",\"url\":\"https:\/\/www.lesmerveillesdupacifique.com\/wp-content\/uploads\/2019\/12\/COLC01-beige-scaled.jpg\",\"contentUrl\":\"https:\/\/www.lesmerveillesdupacifique.com\/wp-content\/uploads\/2019\/12\/COLC01-beige-scaled.jpg\",\"width\":1920,\"height\":2560,\"caption\":\"perle de Tahiti\"},{\"@type\":\"WebPage\",\"@id\":\"https:\/\/www.lesmerveillesdupacifique.com\/produit\/colc01-beige\/#webpage\",\"url\":\"https:\/\/www.lesmerveillesdupacifique.com\/produit\/colc01-beige\/\",\"name\":\"Colar de p\u00e9rola anelada sobre cord\u00e3o - COLC01 Bege - Les Merveilles du Pacifique\",\"isPartOf\":{\"@id\":\"https:\/\/www.lesmerveillesdupacifique.com\/fr\/#website\"},\"primaryImageOfPage\":{\"@id\":\"https:\/\/www.lesmerveillesdupacifique.com\/produit\/colc01-beige\/#primaryimage\"},\"datePublished\":\"2019-12-03T11:02:07+00:00\",\"dateModified\":\"2025-04-14T10:27:31+00:00\",\"breadcrumb\":{\"@id\":\"https:\/\/www.lesmerveillesdupacifique.com\/produit\/colc01-beige\/#breadcrumb\"},\"inLanguage\":\"pt-PT\",\"potentialAction\":[{\"@type\":\"ReadAction\",\"target\":[\"https:\/\/www.lesmerveillesdupacifique.com\/produit\/colc01-beige\/\"]}]},{\"@type\":\"BreadcrumbList\",\"@id\":\"https:\/\/www.lesmerveillesdupacifique.com\/produit\/colc01-beige\/#breadcrumb\",\"itemListElement\":[{\"@type\":\"ListItem\",\"position\":1,\"name\":\"Accueil\",\"item\":\"https:\/\/www.lesmerveillesdupacifique.com\/\"},{\"@type\":\"ListItem\",\"position\":2,\"name\":\"Collection\",\"item\":\"https:\/\/www.lesmerveillesdupacifique.com\/fr\/shop\/\"},{\"@type\":\"ListItem\",\"position\":3,\"name\":\"Collier perle cercl\u00e9e sur cordon &#8211; COLC01 Beige\"}]}]}<\/script>\n<!-- \/ Yoast SEO plugin. -->","yoast_head_json":{"title":"Colar de p\u00e9rola anelada sobre cord\u00e3o - COLC01 Bege - Les Merveilles du Pacifique","robots":{"index":"index","follow":"follow","max-snippet":"max-snippet:-1","max-image-preview":"max-image-preview:large","max-video-preview":"max-video-preview:-1"},"canonical":"https:\/\/www.lesmerveillesdupacifique.com\/pt\/produit\/colc01-beige\/","og_locale":"pt_PT","og_type":"article","og_title":"Colar de p\u00e9rola anelada sobre cord\u00e3o - COLC01 Bege - Les Merveilles du Pacifique","og_description":"P\u00e9rola de cultura do Taiti forma:\u00a0anelada tamanho: 10-11 mm qualidade: A\/B cord\u00e3o de poli\u00e9ster\u00a0n\u00f3 marinho deslizante cores dispon\u00edveis: vermelho, bege, marrom, verde, rosa, preto, cinza pulseira a condizer","og_url":"https:\/\/www.lesmerveillesdupacifique.com\/produit\/colc01-beige\/","og_site_name":"Les Merveilles du Pacifique","article_modified_time":"2025-04-14T10:27:31+00:00","og_image":[{"width":1920,"height":2560,"url":"https:\/\/www.lesmerveillesdupacifique.com\/wp-content\/uploads\/2019\/12\/COLC01-beige-scaled.jpg","type":"image\/jpeg"}],"twitter_card":"summary_large_image","schema":{"@context":"https:\/\/schema.org","@graph":[{"@type":"WebSite","@id":"https:\/\/www.lesmerveillesdupacifique.com\/fr\/#website","url":"https:\/\/www.lesmerveillesdupacifique.com\/fr\/","name":"Les Merveilles du Pacifique","description":"Perles de culture de Tahiti","potentialAction":[{"@type":"SearchAction","target":{"@type":"EntryPoint","urlTemplate":"https:\/\/www.lesmerveillesdupacifique.com\/fr\/?s={search_term_string}"},"query-input":"required name=search_term_string"}],"inLanguage":"pt-PT"},{"@type":"ImageObject","@id":"https:\/\/www.lesmerveillesdupacifique.com\/produit\/colc01-beige\/#primaryimage","inLanguage":"pt-PT","url":"https:\/\/www.lesmerveillesdupacifique.com\/wp-content\/uploads\/2019\/12\/COLC01-beige-scaled.jpg","contentUrl":"https:\/\/www.lesmerveillesdupacifique.com\/wp-content\/uploads\/2019\/12\/COLC01-beige-scaled.jpg","width":1920,"height":2560,"caption":"perle de Tahiti"},{"@type":"WebPage","@id":"https:\/\/www.lesmerveillesdupacifique.com\/produit\/colc01-beige\/#webpage","url":"https:\/\/www.lesmerveillesdupacifique.com\/produit\/colc01-beige\/","name":"Colar de p\u00e9rola anelada sobre cord\u00e3o - COLC01 Bege - Les Merveilles du Pacifique","isPartOf":{"@id":"https:\/\/www.lesmerveillesdupacifique.com\/fr\/#website"},"primaryImageOfPage":{"@id":"https:\/\/www.lesmerveillesdupacifique.com\/produit\/colc01-beige\/#primaryimage"},"datePublished":"2019-12-03T11:02:07+00:00","dateModified":"2025-04-14T10:27:31+00:00","breadcrumb":{"@id":"https:\/\/www.lesmerveillesdupacifique.com\/produit\/colc01-beige\/#breadcrumb"},"inLanguage":"pt-PT","potentialAction":[{"@type":"ReadAction","target":["https:\/\/www.lesmerveillesdupacifique.com\/produit\/colc01-beige\/"]}]},{"@type":"BreadcrumbList","@id":"https:\/\/www.lesmerveillesdupacifique.com\/produit\/colc01-beige\/#breadcrumb","itemListElement":[{"@type":"ListItem","position":1,"name":"Accueil","item":"https:\/\/www.lesmerveillesdupacifique.com\/"},{"@type":"ListItem","position":2,"name":"Collection","item":"https:\/\/www.lesmerveillesdupacifique.com\/fr\/shop\/"},{"@type":"ListItem","position":3,"name":"Collier perle cercl\u00e9e sur cordon &#8211; COLC01 Beige"}]}]}},"acf":[],"_links":{"self":[{"href":"https:\/\/www.lesmerveillesdupacifique.com\/pt\/wp-json\/wp\/v2\/product\/1809"}],"collection":[{"href":"https:\/\/www.lesmerveillesdupacifique.com\/pt\/wp-json\/wp\/v2\/product"}],"about":[{"href":"https:\/\/www.lesmerveillesdupacifique.com\/pt\/wp-json\/wp\/v2\/types\/product"}],"wp:featuredmedia":[{"embeddable":true,"href":"https:\/\/www.lesmerveillesdupacifique.com\/pt\/wp-json\/wp\/v2\/media\/2437"}],"wp:attachment":[{"href":"https:\/\/www.lesmerveillesdupacifique.com\/pt\/wp-json\/wp\/v2\/media?parent=1809"}],"wp:term":[{"taxonomy":"product_cat","embeddable":true,"href":"https:\/\/www.lesmerveillesdupacifique.com\/pt\/wp-json\/wp\/v2\/product_cat?post=1809"},{"taxonomy":"product_tag","embeddable":true,"href":"https:\/\/www.lesmerveillesdupacifique.com\/pt\/wp-json\/wp\/v2\/product_tag?post=1809"}],"curies":[{"name":"wp","href":"https:\/\/api.w.org\/{rel}","templated":true}]}}