{"id":1372,"date":"2019-02-15T14:15:51","date_gmt":"2019-02-15T13:15:51","guid":{"rendered":"http:\/\/www.lesmerveillesdupacifique.com\/prod\/?post_type=product&#038;p=1372"},"modified":"2026-04-01T15:40:54","modified_gmt":"2026-04-01T13:40:54","slug":"rang-perles-et-keshis","status":"publish","type":"product","link":"https:\/\/www.lesmerveillesdupacifique.com\/pt\/produit\/rang-perles-et-keshis\/","title":{"rendered":"Colar de p\u00e9rolas e keshis"},"content":{"rendered":"","protected":false},"excerpt":{"rendered":"<p><strong>Colar de p\u00e9rolas e keshis<\/strong>\u00a0<strong>do Taiti<\/strong><br \/>\n<strong>Formas<\/strong>:\u00a0ovais<br \/>\n<b>tamanhos<\/b><strong>:<\/strong> 8-9 mm<br \/>\n<b>qualidades<\/b><strong>:<\/strong> B\/C<\/p>\n<p>keshis<br \/>\n<b>formas<\/b><strong>:<\/strong> longos<br \/>\n<strong><b>tamanhos<\/b>:<\/strong> pequenas keshis inferiores a 8 mm<\/p>\n<p><span id=\"s2_1\">As carreiras em cabo t\u00eam um comprimento padr\u00e3o de 40 cm n\u00e3o enfiados e sem fecho (ou seja, 42 cm enfiados com fecho).<\/span>\u00a0<span id=\"s2_2\">Colocamos as nossas fileiras em fio de seda.<\/span><\/p>\n<p><span id=\"s2_3\">Possibilidade de prolongamento e\/ou de coloca\u00e7\u00e3o com fecho \u00e0 medida.<\/span><\/p>\n<p><span id=\"s2_4\">&#8211; Dispon\u00edvel em todos os tamanhos\u00a0de keshis de 3 a 13 mm<\/span><br \/>\n<span id=\"s2_5\">&#8211; Dispon\u00edvel com qualquer forma de p\u00e9rolas e qualidade A\/B, C e D<\/span><\/p>\n","protected":false},"featured_media":1373,"template":"","meta":{"_mi_skip_tracking":false},"product_cat":[27],"product_tag":[],"yoast_head":"<!-- This site is optimized with the Yoast SEO plugin v18.3 - https:\/\/yoast.com\/wordpress\/plugins\/seo\/ -->\n<title>Colar de p\u00e9rolas e keshis - Les Merveilles du Pacifique<\/title>\n<meta name=\"robots\" content=\"index, follow, max-snippet:-1, max-image-preview:large, max-video-preview:-1\" \/>\n<link rel=\"canonical\" href=\"https:\/\/www.lesmerveillesdupacifique.com\/pt\/produit\/rang-perles-et-keshis\/\" \/>\n<meta property=\"og:locale\" content=\"pt_PT\" \/>\n<meta property=\"og:type\" content=\"article\" \/>\n<meta property=\"og:title\" content=\"Colar de p\u00e9rolas e keshis - Les Merveilles du Pacifique\" \/>\n<meta property=\"og:description\" content=\"Colar de p\u00e9rolas e keshis\u00a0do Taiti Formas:\u00a0ovais tamanhos: 8-9 mm qualidades: B\/C  keshis formas: longos tamanhos: pequenas keshis inferiores a 8 mm  As carreiras em cabo t\u00eam um comprimento padr\u00e3o de 40 cm n\u00e3o enfiados e sem fecho (ou seja, 42 cm enfiados com fecho).\u00a0Colocamos as nossas fileiras em fio de seda.  Possibilidade de prolongamento e\/ou de coloca\u00e7\u00e3o com fecho \u00e0 medida.  - Dispon\u00edvel em todos os tamanhos\u00a0de keshis de 3 a 13 mm - Dispon\u00edvel com qualquer forma de p\u00e9rolas e qualidade A\/B, C e D\" \/>\n<meta property=\"og:url\" content=\"https:\/\/www.lesmerveillesdupacifique.com\/produit\/rang-perles-et-keshis\/\" \/>\n<meta property=\"og:site_name\" content=\"Les Merveilles du Pacifique\" \/>\n<meta property=\"article:modified_time\" content=\"2026-04-01T13:40:54+00:00\" \/>\n<meta property=\"og:image\" content=\"https:\/\/www.lesmerveillesdupacifique.com\/wp-content\/uploads\/2019\/02\/Retouches-photos-collection-2019.jpg\" \/>\n\t<meta property=\"og:image:width\" content=\"2249\" \/>\n\t<meta property=\"og:image:height\" content=\"2249\" \/>\n\t<meta property=\"og:image:type\" content=\"image\/jpeg\" \/>\n<meta name=\"twitter:card\" content=\"summary_large_image\" \/>\n<script type=\"application\/ld+json\" class=\"yoast-schema-graph\">{\"@context\":\"https:\/\/schema.org\",\"@graph\":[{\"@type\":\"WebSite\",\"@id\":\"https:\/\/www.lesmerveillesdupacifique.com\/fr\/#website\",\"url\":\"https:\/\/www.lesmerveillesdupacifique.com\/fr\/\",\"name\":\"Les Merveilles du Pacifique\",\"description\":\"Perles de culture de Tahiti\",\"potentialAction\":[{\"@type\":\"SearchAction\",\"target\":{\"@type\":\"EntryPoint\",\"urlTemplate\":\"https:\/\/www.lesmerveillesdupacifique.com\/fr\/?s={search_term_string}\"},\"query-input\":\"required name=search_term_string\"}],\"inLanguage\":\"pt-PT\"},{\"@type\":\"ImageObject\",\"@id\":\"https:\/\/www.lesmerveillesdupacifique.com\/produit\/rang-perles-et-keshis\/#primaryimage\",\"inLanguage\":\"pt-PT\",\"url\":\"https:\/\/www.lesmerveillesdupacifique.com\/wp-content\/uploads\/2019\/02\/Retouches-photos-collection-2019.jpg\",\"contentUrl\":\"https:\/\/www.lesmerveillesdupacifique.com\/wp-content\/uploads\/2019\/02\/Retouches-photos-collection-2019.jpg\",\"width\":2249,\"height\":2249},{\"@type\":\"WebPage\",\"@id\":\"https:\/\/www.lesmerveillesdupacifique.com\/produit\/rang-perles-et-keshis\/#webpage\",\"url\":\"https:\/\/www.lesmerveillesdupacifique.com\/produit\/rang-perles-et-keshis\/\",\"name\":\"Colar de p\u00e9rolas e keshis - Les Merveilles du Pacifique\",\"isPartOf\":{\"@id\":\"https:\/\/www.lesmerveillesdupacifique.com\/fr\/#website\"},\"primaryImageOfPage\":{\"@id\":\"https:\/\/www.lesmerveillesdupacifique.com\/produit\/rang-perles-et-keshis\/#primaryimage\"},\"datePublished\":\"2019-02-15T13:15:51+00:00\",\"dateModified\":\"2026-04-01T13:40:54+00:00\",\"breadcrumb\":{\"@id\":\"https:\/\/www.lesmerveillesdupacifique.com\/produit\/rang-perles-et-keshis\/#breadcrumb\"},\"inLanguage\":\"pt-PT\",\"potentialAction\":[{\"@type\":\"ReadAction\",\"target\":[\"https:\/\/www.lesmerveillesdupacifique.com\/produit\/rang-perles-et-keshis\/\"]}]},{\"@type\":\"BreadcrumbList\",\"@id\":\"https:\/\/www.lesmerveillesdupacifique.com\/produit\/rang-perles-et-keshis\/#breadcrumb\",\"itemListElement\":[{\"@type\":\"ListItem\",\"position\":1,\"name\":\"Accueil\",\"item\":\"https:\/\/www.lesmerveillesdupacifique.com\/\"},{\"@type\":\"ListItem\",\"position\":2,\"name\":\"Collection\",\"item\":\"https:\/\/www.lesmerveillesdupacifique.com\/fr\/shop\/\"},{\"@type\":\"ListItem\",\"position\":3,\"name\":\"Rang de perles et keshis\"}]}]}<\/script>\n<!-- \/ Yoast SEO plugin. -->","yoast_head_json":{"title":"Colar de p\u00e9rolas e keshis - Les Merveilles du Pacifique","robots":{"index":"index","follow":"follow","max-snippet":"max-snippet:-1","max-image-preview":"max-image-preview:large","max-video-preview":"max-video-preview:-1"},"canonical":"https:\/\/www.lesmerveillesdupacifique.com\/pt\/produit\/rang-perles-et-keshis\/","og_locale":"pt_PT","og_type":"article","og_title":"Colar de p\u00e9rolas e keshis - Les Merveilles du Pacifique","og_description":"Colar de p\u00e9rolas e keshis\u00a0do Taiti Formas:\u00a0ovais tamanhos: 8-9 mm qualidades: B\/C  keshis formas: longos tamanhos: pequenas keshis inferiores a 8 mm  As carreiras em cabo t\u00eam um comprimento padr\u00e3o de 40 cm n\u00e3o enfiados e sem fecho (ou seja, 42 cm enfiados com fecho).\u00a0Colocamos as nossas fileiras em fio de seda.  Possibilidade de prolongamento e\/ou de coloca\u00e7\u00e3o com fecho \u00e0 medida.  - Dispon\u00edvel em todos os tamanhos\u00a0de keshis de 3 a 13 mm - Dispon\u00edvel com qualquer forma de p\u00e9rolas e qualidade A\/B, C e D","og_url":"https:\/\/www.lesmerveillesdupacifique.com\/produit\/rang-perles-et-keshis\/","og_site_name":"Les Merveilles du Pacifique","article_modified_time":"2026-04-01T13:40:54+00:00","og_image":[{"width":2249,"height":2249,"url":"https:\/\/www.lesmerveillesdupacifique.com\/wp-content\/uploads\/2019\/02\/Retouches-photos-collection-2019.jpg","type":"image\/jpeg"}],"twitter_card":"summary_large_image","schema":{"@context":"https:\/\/schema.org","@graph":[{"@type":"WebSite","@id":"https:\/\/www.lesmerveillesdupacifique.com\/fr\/#website","url":"https:\/\/www.lesmerveillesdupacifique.com\/fr\/","name":"Les Merveilles du Pacifique","description":"Perles de culture de Tahiti","potentialAction":[{"@type":"SearchAction","target":{"@type":"EntryPoint","urlTemplate":"https:\/\/www.lesmerveillesdupacifique.com\/fr\/?s={search_term_string}"},"query-input":"required name=search_term_string"}],"inLanguage":"pt-PT"},{"@type":"ImageObject","@id":"https:\/\/www.lesmerveillesdupacifique.com\/produit\/rang-perles-et-keshis\/#primaryimage","inLanguage":"pt-PT","url":"https:\/\/www.lesmerveillesdupacifique.com\/wp-content\/uploads\/2019\/02\/Retouches-photos-collection-2019.jpg","contentUrl":"https:\/\/www.lesmerveillesdupacifique.com\/wp-content\/uploads\/2019\/02\/Retouches-photos-collection-2019.jpg","width":2249,"height":2249},{"@type":"WebPage","@id":"https:\/\/www.lesmerveillesdupacifique.com\/produit\/rang-perles-et-keshis\/#webpage","url":"https:\/\/www.lesmerveillesdupacifique.com\/produit\/rang-perles-et-keshis\/","name":"Colar de p\u00e9rolas e keshis - Les Merveilles du Pacifique","isPartOf":{"@id":"https:\/\/www.lesmerveillesdupacifique.com\/fr\/#website"},"primaryImageOfPage":{"@id":"https:\/\/www.lesmerveillesdupacifique.com\/produit\/rang-perles-et-keshis\/#primaryimage"},"datePublished":"2019-02-15T13:15:51+00:00","dateModified":"2026-04-01T13:40:54+00:00","breadcrumb":{"@id":"https:\/\/www.lesmerveillesdupacifique.com\/produit\/rang-perles-et-keshis\/#breadcrumb"},"inLanguage":"pt-PT","potentialAction":[{"@type":"ReadAction","target":["https:\/\/www.lesmerveillesdupacifique.com\/produit\/rang-perles-et-keshis\/"]}]},{"@type":"BreadcrumbList","@id":"https:\/\/www.lesmerveillesdupacifique.com\/produit\/rang-perles-et-keshis\/#breadcrumb","itemListElement":[{"@type":"ListItem","position":1,"name":"Accueil","item":"https:\/\/www.lesmerveillesdupacifique.com\/"},{"@type":"ListItem","position":2,"name":"Collection","item":"https:\/\/www.lesmerveillesdupacifique.com\/fr\/shop\/"},{"@type":"ListItem","position":3,"name":"Rang de perles et keshis"}]}]}},"acf":[],"_links":{"self":[{"href":"https:\/\/www.lesmerveillesdupacifique.com\/pt\/wp-json\/wp\/v2\/product\/1372"}],"collection":[{"href":"https:\/\/www.lesmerveillesdupacifique.com\/pt\/wp-json\/wp\/v2\/product"}],"about":[{"href":"https:\/\/www.lesmerveillesdupacifique.com\/pt\/wp-json\/wp\/v2\/types\/product"}],"wp:featuredmedia":[{"embeddable":true,"href":"https:\/\/www.lesmerveillesdupacifique.com\/pt\/wp-json\/wp\/v2\/media\/1373"}],"wp:attachment":[{"href":"https:\/\/www.lesmerveillesdupacifique.com\/pt\/wp-json\/wp\/v2\/media?parent=1372"}],"wp:term":[{"taxonomy":"product_cat","embeddable":true,"href":"https:\/\/www.lesmerveillesdupacifique.com\/pt\/wp-json\/wp\/v2\/product_cat?post=1372"},{"taxonomy":"product_tag","embeddable":true,"href":"https:\/\/www.lesmerveillesdupacifique.com\/pt\/wp-json\/wp\/v2\/product_tag?post=1372"}],"curies":[{"name":"wp","href":"https:\/\/api.w.org\/{rel}","templated":true}]}}