{"id":9,"date":"2018-03-30T09:21:06","date_gmt":"2018-03-30T07:21:06","guid":{"rendered":"http:\/\/www.lesmerveillesdupacifique.com\/prod\/?page_id=9"},"modified":"2025-12-30T15:28:01","modified_gmt":"2025-12-30T14:28:01","slug":"actualite","status":"publish","type":"page","link":"https:\/\/www.lesmerveillesdupacifique.com\/pt\/actualite\/","title":{"rendered":"Not\u00edcia"},"content":{"rendered":"<p>[vc_section full_width=&#8221;stretch_row&#8221; full_height=&#8221;yes&#8221; content_placement=&#8221;middle&#8221; css=&#8221;.vc_custom_1548319867273{background-image: url(http:\/\/www.lesmerveillesdupacifique.com\/wp-content\/uploads\/2018\/09\/intro-news.jpg?id=778) !important;background-position: center !important;background-repeat: no-repeat !important;background-size: cover !important;}&#8221; el_class=&#8221;ripple-it&#8221;][vc_row][vc_column][vc_column_text]<\/p>\n<h1 style=\"text-align: center;\"><span style=\"color: #ffffff;\"><strong>Encontre-nos num dos pr\u00f3ximos sal\u00f5es.<\/strong><\/span><\/h1>\n<p>[\/vc_column_text][\/vc_column][\/vc_row][\/vc_section][vc_section full_width=&#8221;stretch_row&#8221; css=&#8221;.vc_custom_1550230785692{padding-top: 60px !important;padding-bottom: 70px !important;background-color: #f5f5f5 !important;}&#8221;][vc_row][vc_column][vc_column_text css=&#8221;.vc_custom_1606753507788{padding-bottom: 30px !important;}&#8221;]<\/p>\n<h2 style=\"text-align: center;\">Os sal\u00f5es onde estaremos presentes em 2021<\/h2>\n<p>[\/vc_column_text][vc_basic_grid post_type=&#8221;portfolio&#8221; max_items=&#8221;100&#8243; element_width=&#8221;3&#8243; order=&#8221;ASC&#8221; item=&#8221;1308&#8243; grid_id=&#8221;vc_gid:1606811705109-5ace57c8-424a-1&#8243;][\/vc_column][\/vc_row][\/vc_section][vc_section full_width=&#8221;stretch_row&#8221; css=&#8221;.vc_custom_1550235607624{padding-top: 20px !important;padding-bottom: 40px !important;}&#8221;][vc_row][vc_column][vc_row_inner css=&#8221;.vc_custom_1550235638843{padding-top: 70px !important;padding-bottom: 30px !important;}&#8221;][vc_column_inner width=&#8221;1\/3&#8243;][vc_column_text]<\/p>\n<h2>Os nossos 10 anos de<br \/>\nparticipa\u00e7\u00e3o em sal\u00f5es<\/h2>\n<p>[\/vc_column_text][\/vc_column_inner][vc_column_inner width=&#8221;2\/3&#8243;][vc_column_text]<\/p>\n<div class=\"\" style=\"text-align: left;\">\n<div><span lang=\"PT\">O ano de 2019 foi muito especial para n\u00f3s porque celebr\u00e1mos <strong>10 anos de exist\u00eancia.<\/strong><\/span><\/div>\n<div><span lang=\"PT\"><br \/>\nPor esta ocasi\u00e3o, convid\u00e1mos dan\u00e7arinas da trupe <strong>O Tahiti Nui para darem espet\u00e1culos de dan\u00e7a taitiana nos nossos stands<\/strong> no sal\u00e3o \u00c9clad\u2019Or, em Lyon, no sal\u00e3o Inhorgenta, em Munique, em fevereiro, e no sal\u00e3o Bijorhca, em Paris, em setembro. As celebra\u00e7\u00f5es continuaram com cocktails e passatempos.<\/span><\/div>\n<p><strong>Nove clientes<\/strong> <strong>tiveram a oportunidade de ganhar lotes bel\u00edssimos<\/strong>, tr\u00eas fiadas de p\u00e9rolas de cultura do Taiti, tr\u00eas adere\u00e7os em prata revestida com r\u00f3dio e p\u00e9rolas de cultura do Taiti, bem como tr\u00eas pulseiras com uma p\u00e9rola de cultura do Taiti montada num cord\u00e3o.<\/p>\n<p>Estamos muito felizes que estas festividades tenham agradado aos nossos clientes e visitantes.<\/p>\n<\/div>\n<p>[\/vc_column_text][\/vc_column_inner][\/vc_row_inner][vc_row_inner css=&#8221;.vc_custom_1550230381887{padding-top: 50px !important;padding-bottom: 50px !important;}&#8221;][vc_column_inner][vc_images_carousel images=&#8221;1375,1327,1363,1325,1326,1362,1364,1379,1359&#8243; img_size=&#8221;full&#8221; onclick=&#8221;link_no&#8221; speed=&#8221;3000&#8243; autoplay=&#8221;yes&#8221; wrap=&#8221;yes&#8221; title=&#8221;Nossos 10 anos na \u00c9clad&#8217;Or Lyon 2019&#8243;][\/vc_column_inner][\/vc_row_inner][vc_row_inner css=&#8221;.vc_custom_1550230381887{padding-top: 50px !important;padding-bottom: 50px !important;}&#8221;][vc_column_inner][vc_images_carousel images=&#8221;1502,1515,1514,1516,1507,1508,1509,1510,1512,1513,1511,1506&#8243; img_size=&#8221;full&#8221; onclick=&#8221;link_no&#8221; speed=&#8221;3000&#8243; autoplay=&#8221;yes&#8221; wrap=&#8221;yes&#8221; title=&#8221;Nossos 10 anos na Inhorgenta 2019&#8243;][\/vc_column_inner][\/vc_row_inner][vc_row_inner css=&#8221;.vc_custom_1550230381887{padding-top: 50px !important;padding-bottom: 50px !important;}&#8221;][vc_column_inner][vc_images_carousel images=&#8221;1773,1774,1776,1777,1778,1779,1780,1781,1782,1783,1784,1787,1788,1789&#8243; img_size=&#8221;full&#8221; onclick=&#8221;link_no&#8221; speed=&#8221;3000&#8243; autoplay=&#8221;yes&#8221; wrap=&#8221;yes&#8221; title=&#8221;Nossos 10 anos na Bijorhca 2019&#8243;][\/vc_column_inner][\/vc_row_inner][\/vc_column][\/vc_row][\/vc_section][vc_row][vc_column][vc_raw_js]JTNDc2NyaXB0JTNFJTBBJTI0JTI4ZG9jdW1lbnQlMjkucmVhZHklMjhmdW5jdGlvbiUyOCUyOSUyMCU3QiUwQSUyMCUyMCUyMCUyNCUyOCUyNy5yaXBwbGUtaXQlMjclMjkucmlwcGxlcyUyOCU3QiUwQSUwOWltYWdlVXJsJTNBJTIwbnVsbCUyQyUwQSUwOXJlc29sdXRpb24lM0ElMjAyNTYlMkMlMEElMDlkcm9wUmFkaXVzJTNBJTIwMTQlMkMlMEElMDlwZXJ0dXJiYW5jZSUzQSUyMDAuMDIlMkMlMEElMDlpbnRlcmFjdGl2ZSUzQSUyMHRydWUlMkMlMEElMjAlMjAlMjAlMjAlN0QlMjklM0IlMEElN0QlMjklM0IlMEElM0MlMkZzY3JpcHQlM0U=[\/vc_raw_js][\/vc_column][\/vc_row]<\/p>","protected":false},"excerpt":{"rendered":"<p>[vc_section full_width=&#8221;stretch_row&#8221; full_height=&#8221;yes&#8221; content_placement=&#8221;middle&#8221; css=&#8221;.vc_custom_1548319867273{background-image: url(http:\/\/www.lesmerveillesdupacifique.com\/wp-content\/uploads\/2018\/09\/intro-news.jpg?id=778) !important;background-position: center !important;background-repeat: no-repeat !important;background-size: cover !important;}&#8221; el_class=&#8221;ripple-it&#8221;][vc_row][vc_column][vc_column_text] Encontre-nos num dos pr\u00f3ximos sal\u00f5es. [\/vc_column_text][\/vc_column][\/vc_row][\/vc_section][vc_section full_width=&#8221;stretch_row&#8221; css=&#8221;.vc_custom_1550230785692{padding-top: 60px !important;padding-bottom: 70px !important;background-color: #f5f5f5 !important;}&#8221;][vc_row][vc_column][vc_column_text css=&#8221;.vc_custom_1606753507788{padding-bottom: 30px&hellip;<\/p>\n","protected":false},"author":1,"featured_media":0,"parent":0,"menu_order":7,"comment_status":"closed","ping_status":"closed","template":"","meta":{"_mi_skip_tracking":false},"yoast_head":"<!-- This site is optimized with the Yoast SEO plugin v18.3 - https:\/\/yoast.com\/wordpress\/plugins\/seo\/ -->\n<title>Not\u00edcia - Les Merveilles du Pacifique<\/title>\n<meta name=\"robots\" content=\"index, follow, max-snippet:-1, max-image-preview:large, max-video-preview:-1\" \/>\n<link rel=\"canonical\" href=\"https:\/\/www.lesmerveillesdupacifique.com\/pt\/actualite\/\" \/>\n<meta property=\"og:locale\" content=\"pt_PT\" \/>\n<meta property=\"og:type\" content=\"article\" \/>\n<meta property=\"og:title\" content=\"Not\u00edcia - Les Merveilles du Pacifique\" \/>\n<meta property=\"og:description\" content=\"[vc_section full_width=&#8221;stretch_row&#8221; full_height=&#8221;yes&#8221; content_placement=&#8221;middle&#8221; css=&#8221;.vc_custom_1548319867273{background-image: url(http:\/\/www.lesmerveillesdupacifique.com\/wp-content\/uploads\/2018\/09\/intro-news.jpg?id=778) !important;background-position: center !important;background-repeat: no-repeat !important;background-size: cover !important;}&#8221; el_class=&#8221;ripple-it&#8221;][vc_row][vc_column][vc_column_text] Encontre-nos num dos pr\u00f3ximos sal\u00f5es. [\/vc_column_text][\/vc_column][\/vc_row][\/vc_section][vc_section full_width=&#8221;stretch_row&#8221; css=&#8221;.vc_custom_1550230785692{padding-top: 60px !important;padding-bottom: 70px !important;background-color: #f5f5f5 !important;}&#8221;][vc_row][vc_column][vc_column_text css=&#8221;.vc_custom_1606753507788{padding-bottom: 30px&hellip;\" \/>\n<meta property=\"og:url\" content=\"https:\/\/www.lesmerveillesdupacifique.com\/actualite\/\" \/>\n<meta property=\"og:site_name\" content=\"Les Merveilles du Pacifique\" \/>\n<meta property=\"article:modified_time\" content=\"2025-12-30T14:28:01+00:00\" \/>\n<meta name=\"twitter:card\" content=\"summary_large_image\" \/>\n<meta name=\"twitter:label1\" content=\"Tempo estimado de leitura\" \/>\n\t<meta name=\"twitter:data1\" content=\"2 minutos\" \/>\n<script type=\"application\/ld+json\" class=\"yoast-schema-graph\">{\"@context\":\"https:\/\/schema.org\",\"@graph\":[{\"@type\":\"WebSite\",\"@id\":\"https:\/\/www.lesmerveillesdupacifique.com\/fr\/#website\",\"url\":\"https:\/\/www.lesmerveillesdupacifique.com\/fr\/\",\"name\":\"Les Merveilles du Pacifique\",\"description\":\"Perles de culture de Tahiti\",\"potentialAction\":[{\"@type\":\"SearchAction\",\"target\":{\"@type\":\"EntryPoint\",\"urlTemplate\":\"https:\/\/www.lesmerveillesdupacifique.com\/fr\/?s={search_term_string}\"},\"query-input\":\"required name=search_term_string\"}],\"inLanguage\":\"pt-PT\"},{\"@type\":\"WebPage\",\"@id\":\"https:\/\/www.lesmerveillesdupacifique.com\/actualite\/#webpage\",\"url\":\"https:\/\/www.lesmerveillesdupacifique.com\/actualite\/\",\"name\":\"Not\u00edcia - Les Merveilles du Pacifique\",\"isPartOf\":{\"@id\":\"https:\/\/www.lesmerveillesdupacifique.com\/fr\/#website\"},\"datePublished\":\"2018-03-30T07:21:06+00:00\",\"dateModified\":\"2025-12-30T14:28:01+00:00\",\"breadcrumb\":{\"@id\":\"https:\/\/www.lesmerveillesdupacifique.com\/actualite\/#breadcrumb\"},\"inLanguage\":\"pt-PT\",\"potentialAction\":[{\"@type\":\"ReadAction\",\"target\":[\"https:\/\/www.lesmerveillesdupacifique.com\/actualite\/\"]}]},{\"@type\":\"BreadcrumbList\",\"@id\":\"https:\/\/www.lesmerveillesdupacifique.com\/actualite\/#breadcrumb\",\"itemListElement\":[{\"@type\":\"ListItem\",\"position\":1,\"name\":\"Accueil\",\"item\":\"https:\/\/www.lesmerveillesdupacifique.com\/\"},{\"@type\":\"ListItem\",\"position\":2,\"name\":\"Les salons\"}]}]}<\/script>\n<!-- \/ Yoast SEO plugin. -->","yoast_head_json":{"title":"Not\u00edcia - Les Merveilles du Pacifique","robots":{"index":"index","follow":"follow","max-snippet":"max-snippet:-1","max-image-preview":"max-image-preview:large","max-video-preview":"max-video-preview:-1"},"canonical":"https:\/\/www.lesmerveillesdupacifique.com\/pt\/actualite\/","og_locale":"pt_PT","og_type":"article","og_title":"Not\u00edcia - Les Merveilles du Pacifique","og_description":"[vc_section full_width=&#8221;stretch_row&#8221; full_height=&#8221;yes&#8221; content_placement=&#8221;middle&#8221; css=&#8221;.vc_custom_1548319867273{background-image: url(http:\/\/www.lesmerveillesdupacifique.com\/wp-content\/uploads\/2018\/09\/intro-news.jpg?id=778) !important;background-position: center !important;background-repeat: no-repeat !important;background-size: cover !important;}&#8221; el_class=&#8221;ripple-it&#8221;][vc_row][vc_column][vc_column_text] Encontre-nos num dos pr\u00f3ximos sal\u00f5es. [\/vc_column_text][\/vc_column][\/vc_row][\/vc_section][vc_section full_width=&#8221;stretch_row&#8221; css=&#8221;.vc_custom_1550230785692{padding-top: 60px !important;padding-bottom: 70px !important;background-color: #f5f5f5 !important;}&#8221;][vc_row][vc_column][vc_column_text css=&#8221;.vc_custom_1606753507788{padding-bottom: 30px&hellip;","og_url":"https:\/\/www.lesmerveillesdupacifique.com\/actualite\/","og_site_name":"Les Merveilles du Pacifique","article_modified_time":"2025-12-30T14:28:01+00:00","twitter_card":"summary_large_image","twitter_misc":{"Tempo estimado de leitura":"2 minutos"},"schema":{"@context":"https:\/\/schema.org","@graph":[{"@type":"WebSite","@id":"https:\/\/www.lesmerveillesdupacifique.com\/fr\/#website","url":"https:\/\/www.lesmerveillesdupacifique.com\/fr\/","name":"Les Merveilles du Pacifique","description":"Perles de culture de Tahiti","potentialAction":[{"@type":"SearchAction","target":{"@type":"EntryPoint","urlTemplate":"https:\/\/www.lesmerveillesdupacifique.com\/fr\/?s={search_term_string}"},"query-input":"required name=search_term_string"}],"inLanguage":"pt-PT"},{"@type":"WebPage","@id":"https:\/\/www.lesmerveillesdupacifique.com\/actualite\/#webpage","url":"https:\/\/www.lesmerveillesdupacifique.com\/actualite\/","name":"Not\u00edcia - Les Merveilles du Pacifique","isPartOf":{"@id":"https:\/\/www.lesmerveillesdupacifique.com\/fr\/#website"},"datePublished":"2018-03-30T07:21:06+00:00","dateModified":"2025-12-30T14:28:01+00:00","breadcrumb":{"@id":"https:\/\/www.lesmerveillesdupacifique.com\/actualite\/#breadcrumb"},"inLanguage":"pt-PT","potentialAction":[{"@type":"ReadAction","target":["https:\/\/www.lesmerveillesdupacifique.com\/actualite\/"]}]},{"@type":"BreadcrumbList","@id":"https:\/\/www.lesmerveillesdupacifique.com\/actualite\/#breadcrumb","itemListElement":[{"@type":"ListItem","position":1,"name":"Accueil","item":"https:\/\/www.lesmerveillesdupacifique.com\/"},{"@type":"ListItem","position":2,"name":"Les salons"}]}]}},"acf":[],"_links":{"self":[{"href":"https:\/\/www.lesmerveillesdupacifique.com\/pt\/wp-json\/wp\/v2\/pages\/9"}],"collection":[{"href":"https:\/\/www.lesmerveillesdupacifique.com\/pt\/wp-json\/wp\/v2\/pages"}],"about":[{"href":"https:\/\/www.lesmerveillesdupacifique.com\/pt\/wp-json\/wp\/v2\/types\/page"}],"author":[{"embeddable":true,"href":"https:\/\/www.lesmerveillesdupacifique.com\/pt\/wp-json\/wp\/v2\/users\/1"}],"replies":[{"embeddable":true,"href":"https:\/\/www.lesmerveillesdupacifique.com\/pt\/wp-json\/wp\/v2\/comments?post=9"}],"version-history":[{"count":1,"href":"https:\/\/www.lesmerveillesdupacifique.com\/pt\/wp-json\/wp\/v2\/pages\/9\/revisions"}],"predecessor-version":[{"id":4562,"href":"https:\/\/www.lesmerveillesdupacifique.com\/pt\/wp-json\/wp\/v2\/pages\/9\/revisions\/4562"}],"wp:attachment":[{"href":"https:\/\/www.lesmerveillesdupacifique.com\/pt\/wp-json\/wp\/v2\/media?parent=9"}],"curies":[{"name":"wp","href":"https:\/\/api.w.org\/{rel}","templated":true}]}}