{"id":7,"date":"2018-03-30T09:20:53","date_gmt":"2018-03-30T07:20:53","guid":{"rendered":"http:\/\/www.lesmerveillesdupacifique.com\/prod\/?page_id=7"},"modified":"2025-04-14T11:58:56","modified_gmt":"2025-04-14T09:58:56","slug":"qui-nous-sommes","status":"publish","type":"page","link":"https:\/\/www.lesmerveillesdupacifique.com\/pt\/qui-nous-sommes\/","title":{"rendered":"Quem somos"},"content":{"rendered":"<p>[vc_section full_width=&#8221;stretch_row&#8221; full_height=&#8221;yes&#8221; content_placement=&#8221;middle&#8221; css=&#8221;.vc_custom_1548319581661{background-image: url(http:\/\/www.lesmerveillesdupacifique.com\/wp-content\/uploads\/2018\/06\/ccc.jpg?id=385) !important;background-position: center !important;background-repeat: no-repeat !important;background-size: cover !important;}&#8221; el_class=&#8221;ripple-it&#8221;][vc_row][vc_column][vc_column_text]<\/p>\n<h1 style=\"text-align: center;\"><span lang=\"PT\" style=\"color: #ffffff;\">Importador de p\u00e9rolas do Taiti desde 2009<\/span><\/h1>\n<p>[\/vc_column_text][\/vc_column][\/vc_row][\/vc_section][vc_section css=&#8221;.vc_custom_1589900685345{margin-top: 65px !important;}&#8221;][vc_row][vc_column width=&#8221;1\/4&#8243;][\/vc_column][vc_column width=&#8221;1\/2&#8243;][vc_column_text]<\/p>\n<h2>Foi precisamente no cora\u00e7\u00e3o das fazendas de p\u00e9rolas polin\u00e9sias que tudo come\u00e7ou.<\/h2>\n<p>[\/vc_column_text][vc_column_text]No in\u00edcio de 2000, Mehdi Abdellaoui pretendia partir \u00e0 aventura para aprender a arte de negociante de p\u00e9rolas na ilha do Taiti e nos at\u00f3is das ilhas de Tuamotu-Gambier.<\/p>\n<p>Ap\u00f3s v\u00e1rios anos de aprendizagem, regressa \u00e0 metr\u00f3pole com a ideia de criar uma empresa importadora de p\u00e9rolas do Taiti.\u00a0Em 2009, nasceu a empresa parisiense Les Merveilles du Pacifique, fornecedor exclusivo de p\u00e9rolas do Taiti para os profissionais do setor da joalharia.<\/p>\n<p>Diretamente colhidas nas fazendas de p\u00e9rolas das ilhas de Tuamotu-Gambier na Polin\u00e9sia Francesa, as p\u00e9rolas da Les Merveilles du Pacifique distinguem-se pela singularidade das suas cores naturais. A nossa prioridade \u00e9 dar cor ao mercado das p\u00e9rolas para que as p\u00e9rolas do Taiti percam a designa\u00e7\u00e3o \u201cp\u00e9rola negra\u201d e \u201cp\u00e9rola cinzenta\u201d.<\/p>\n<p>Ao nos abastecermos diretamente junto dos produtores-perlicultores v\u00e1rias vezes por ano, conseguimos propor a melhor rela\u00e7\u00e3o qualidade\/pre\u00e7o aos nossos clientes. O nosso dinamismo e a nossa capacidade de resposta s\u00e3o as nossas principais vantagens.[\/vc_column_text][\/vc_column][vc_column width=&#8221;1\/4&#8243;][\/vc_column][\/vc_row][vc_row][vc_column][vc_single_image image=&#8221;1502&#8243; img_size=&#8221;large&#8221; alignment=&#8221;center&#8221; css=&#8221;.vc_custom_1561025450291{padding-top: 40px !important;padding-bottom: 40px !important;}&#8221;][\/vc_column][\/vc_row][vc_row][vc_column width=&#8221;1\/4&#8243;][\/vc_column][vc_column width=&#8221;1\/2&#8243;][vc_column_text]<\/p>\n<h2 style=\"text-align: left;\">Depois de termos proposto p\u00e9rolas n\u00e3o montadas vendidas \u00e0 unidade aos joalheiros criadores, lan\u00e7\u00e1mos uma cole\u00e7\u00e3o de joias com p\u00e9rolas de todas as formas montadas sobre ouro e prata revestida com r\u00f3dio.<\/h2>\n<p>[\/vc_column_text][vc_column_text]Numa primeira fase, visamos principalmente o mercado franc\u00eas atrav\u00e9s dos sal\u00f5es de Paris e Lyon.\u00a0Em 2015, continu\u00e1mos a nossa expans\u00e3o pela Europa gra\u00e7as aos sal\u00f5es internacionais.<\/p>\n<p>Desde 2016, estamos presentes em Hong Kong, a plataforma mundial das p\u00e9rolas.<\/p>\n<p>A nossa jovem empresa possui garantia de qualidade e conhecimentos profundos sobre as p\u00e9rolas de cultura do Taiti.\u00a0Somos agora uma das empresas l\u00edderes no mercado deste tipo de p\u00e9rolas em Fran\u00e7a.[\/vc_column_text][\/vc_column][vc_column width=&#8221;1\/4&#8243;][\/vc_column][\/vc_row][\/vc_section]<\/p>","protected":false},"excerpt":{"rendered":"<p>[vc_section full_width=&#8221;stretch_row&#8221; full_height=&#8221;yes&#8221; content_placement=&#8221;middle&#8221; css=&#8221;.vc_custom_1548319581661{background-image: url(http:\/\/www.lesmerveillesdupacifique.com\/wp-content\/uploads\/2018\/06\/ccc.jpg?id=385) !important;background-position: center !important;background-repeat: no-repeat !important;background-size: cover !important;}&#8221; el_class=&#8221;ripple-it&#8221;][vc_row][vc_column][vc_column_text] Importador de p\u00e9rolas do Taiti desde 2009 [\/vc_column_text][\/vc_column][\/vc_row][\/vc_section][vc_section css=&#8221;.vc_custom_1589900685345{margin-top: 65px !important;}&#8221;][vc_row][vc_column width=&#8221;1\/4&#8243;][\/vc_column][vc_column width=&#8221;1\/2&#8243;][vc_column_text] Foi precisamente no&hellip;<\/p>\n","protected":false},"author":1,"featured_media":0,"parent":0,"menu_order":6,"comment_status":"closed","ping_status":"closed","template":"templates\/large-container.php","meta":{"_mi_skip_tracking":false},"yoast_head":"<!-- This site is optimized with the Yoast SEO plugin v18.3 - https:\/\/yoast.com\/wordpress\/plugins\/seo\/ -->\n<title>Quem somos - Les Merveilles du Pacifique - Grossiste en perles de culture<\/title>\n<meta name=\"description\" content=\"Les Merveilles du Pacifique, grossiste en perles de Tahiti, s\u00e9lectionne des perles d\u2019exception directement issues des lagons polyn\u00e9siens. Qualit\u00e9 et authenticit\u00e9 pour les professionnels.\" \/>\n<meta name=\"robots\" content=\"index, follow, max-snippet:-1, max-image-preview:large, max-video-preview:-1\" \/>\n<link rel=\"canonical\" href=\"https:\/\/www.lesmerveillesdupacifique.com\/pt\/qui-nous-sommes\/\" \/>\n<meta property=\"og:locale\" content=\"pt_PT\" \/>\n<meta property=\"og:type\" content=\"article\" \/>\n<meta property=\"og:title\" content=\"Quem somos - Les Merveilles du Pacifique - Grossiste en perles de culture\" \/>\n<meta property=\"og:description\" content=\"Les Merveilles du Pacifique, grossiste en perles de Tahiti, s\u00e9lectionne des perles d\u2019exception directement issues des lagons polyn\u00e9siens. Qualit\u00e9 et authenticit\u00e9 pour les professionnels.\" \/>\n<meta property=\"og:url\" content=\"https:\/\/www.lesmerveillesdupacifique.com\/qui-nous-sommes\/\" \/>\n<meta property=\"og:site_name\" content=\"Les Merveilles du Pacifique\" \/>\n<meta property=\"article:modified_time\" content=\"2025-04-14T09:58:56+00:00\" \/>\n<meta name=\"twitter:card\" content=\"summary_large_image\" \/>\n<meta name=\"twitter:label1\" content=\"Tempo estimado de leitura\" \/>\n\t<meta name=\"twitter:data1\" content=\"2 minutos\" \/>\n<script type=\"application\/ld+json\" class=\"yoast-schema-graph\">{\"@context\":\"https:\/\/schema.org\",\"@graph\":[{\"@type\":\"WebSite\",\"@id\":\"https:\/\/www.lesmerveillesdupacifique.com\/fr\/#website\",\"url\":\"https:\/\/www.lesmerveillesdupacifique.com\/fr\/\",\"name\":\"Les Merveilles du Pacifique\",\"description\":\"Perles de culture de Tahiti\",\"potentialAction\":[{\"@type\":\"SearchAction\",\"target\":{\"@type\":\"EntryPoint\",\"urlTemplate\":\"https:\/\/www.lesmerveillesdupacifique.com\/fr\/?s={search_term_string}\"},\"query-input\":\"required name=search_term_string\"}],\"inLanguage\":\"pt-PT\"},{\"@type\":\"WebPage\",\"@id\":\"https:\/\/www.lesmerveillesdupacifique.com\/qui-nous-sommes\/#webpage\",\"url\":\"https:\/\/www.lesmerveillesdupacifique.com\/qui-nous-sommes\/\",\"name\":\"Quem somos - Les Merveilles du Pacifique - Grossiste en perles de culture\",\"isPartOf\":{\"@id\":\"https:\/\/www.lesmerveillesdupacifique.com\/fr\/#website\"},\"datePublished\":\"2018-03-30T07:20:53+00:00\",\"dateModified\":\"2025-04-14T09:58:56+00:00\",\"description\":\"Les Merveilles du Pacifique, grossiste en perles de Tahiti, s\u00e9lectionne des perles d\u2019exception directement issues des lagons polyn\u00e9siens. Qualit\u00e9 et authenticit\u00e9 pour les professionnels.\",\"breadcrumb\":{\"@id\":\"https:\/\/www.lesmerveillesdupacifique.com\/qui-nous-sommes\/#breadcrumb\"},\"inLanguage\":\"pt-PT\",\"potentialAction\":[{\"@type\":\"ReadAction\",\"target\":[\"https:\/\/www.lesmerveillesdupacifique.com\/qui-nous-sommes\/\"]}]},{\"@type\":\"BreadcrumbList\",\"@id\":\"https:\/\/www.lesmerveillesdupacifique.com\/qui-nous-sommes\/#breadcrumb\",\"itemListElement\":[{\"@type\":\"ListItem\",\"position\":1,\"name\":\"Accueil\",\"item\":\"https:\/\/www.lesmerveillesdupacifique.com\/\"},{\"@type\":\"ListItem\",\"position\":2,\"name\":\"La marque\"}]}]}<\/script>\n<!-- \/ Yoast SEO plugin. -->","yoast_head_json":{"title":"Quem somos - Les Merveilles du Pacifique - Grossiste en perles de culture","description":"Les Merveilles du Pacifique, grossiste en perles de Tahiti, s\u00e9lectionne des perles d\u2019exception directement issues des lagons polyn\u00e9siens. Qualit\u00e9 et authenticit\u00e9 pour les professionnels.","robots":{"index":"index","follow":"follow","max-snippet":"max-snippet:-1","max-image-preview":"max-image-preview:large","max-video-preview":"max-video-preview:-1"},"canonical":"https:\/\/www.lesmerveillesdupacifique.com\/pt\/qui-nous-sommes\/","og_locale":"pt_PT","og_type":"article","og_title":"Quem somos - Les Merveilles du Pacifique - Grossiste en perles de culture","og_description":"Les Merveilles du Pacifique, grossiste en perles de Tahiti, s\u00e9lectionne des perles d\u2019exception directement issues des lagons polyn\u00e9siens. Qualit\u00e9 et authenticit\u00e9 pour les professionnels.","og_url":"https:\/\/www.lesmerveillesdupacifique.com\/qui-nous-sommes\/","og_site_name":"Les Merveilles du Pacifique","article_modified_time":"2025-04-14T09:58:56+00:00","twitter_card":"summary_large_image","twitter_misc":{"Tempo estimado de leitura":"2 minutos"},"schema":{"@context":"https:\/\/schema.org","@graph":[{"@type":"WebSite","@id":"https:\/\/www.lesmerveillesdupacifique.com\/fr\/#website","url":"https:\/\/www.lesmerveillesdupacifique.com\/fr\/","name":"Les Merveilles du Pacifique","description":"Perles de culture de Tahiti","potentialAction":[{"@type":"SearchAction","target":{"@type":"EntryPoint","urlTemplate":"https:\/\/www.lesmerveillesdupacifique.com\/fr\/?s={search_term_string}"},"query-input":"required name=search_term_string"}],"inLanguage":"pt-PT"},{"@type":"WebPage","@id":"https:\/\/www.lesmerveillesdupacifique.com\/qui-nous-sommes\/#webpage","url":"https:\/\/www.lesmerveillesdupacifique.com\/qui-nous-sommes\/","name":"Quem somos - Les Merveilles du Pacifique - Grossiste en perles de culture","isPartOf":{"@id":"https:\/\/www.lesmerveillesdupacifique.com\/fr\/#website"},"datePublished":"2018-03-30T07:20:53+00:00","dateModified":"2025-04-14T09:58:56+00:00","description":"Les Merveilles du Pacifique, grossiste en perles de Tahiti, s\u00e9lectionne des perles d\u2019exception directement issues des lagons polyn\u00e9siens. Qualit\u00e9 et authenticit\u00e9 pour les professionnels.","breadcrumb":{"@id":"https:\/\/www.lesmerveillesdupacifique.com\/qui-nous-sommes\/#breadcrumb"},"inLanguage":"pt-PT","potentialAction":[{"@type":"ReadAction","target":["https:\/\/www.lesmerveillesdupacifique.com\/qui-nous-sommes\/"]}]},{"@type":"BreadcrumbList","@id":"https:\/\/www.lesmerveillesdupacifique.com\/qui-nous-sommes\/#breadcrumb","itemListElement":[{"@type":"ListItem","position":1,"name":"Accueil","item":"https:\/\/www.lesmerveillesdupacifique.com\/"},{"@type":"ListItem","position":2,"name":"La marque"}]}]}},"acf":[],"_links":{"self":[{"href":"https:\/\/www.lesmerveillesdupacifique.com\/pt\/wp-json\/wp\/v2\/pages\/7"}],"collection":[{"href":"https:\/\/www.lesmerveillesdupacifique.com\/pt\/wp-json\/wp\/v2\/pages"}],"about":[{"href":"https:\/\/www.lesmerveillesdupacifique.com\/pt\/wp-json\/wp\/v2\/types\/page"}],"author":[{"embeddable":true,"href":"https:\/\/www.lesmerveillesdupacifique.com\/pt\/wp-json\/wp\/v2\/users\/1"}],"replies":[{"embeddable":true,"href":"https:\/\/www.lesmerveillesdupacifique.com\/pt\/wp-json\/wp\/v2\/comments?post=7"}],"version-history":[{"count":1,"href":"https:\/\/www.lesmerveillesdupacifique.com\/pt\/wp-json\/wp\/v2\/pages\/7\/revisions"}],"predecessor-version":[{"id":4310,"href":"https:\/\/www.lesmerveillesdupacifique.com\/pt\/wp-json\/wp\/v2\/pages\/7\/revisions\/4310"}],"wp:attachment":[{"href":"https:\/\/www.lesmerveillesdupacifique.com\/pt\/wp-json\/wp\/v2\/media?parent=7"}],"curies":[{"name":"wp","href":"https:\/\/api.w.org\/{rel}","templated":true}]}}