{"id":58,"date":"2018-05-14T09:17:20","date_gmt":"2018-05-14T07:17:20","guid":{"rendered":"http:\/\/www.lesmerveillesdupacifique.com\/prod\/?page_id=58"},"modified":"2025-04-14T11:40:31","modified_gmt":"2025-04-14T09:40:31","slug":"le-keshi-de-tahiti","status":"publish","type":"page","link":"https:\/\/www.lesmerveillesdupacifique.com\/pt\/le-keshi-de-tahiti\/","title":{"rendered":"O keshi do Taiti"},"content":{"rendered":"<p>[vc_section full_width=&#8221;stretch_row&#8221; full_height=&#8221;yes&#8221; content_placement=&#8221;middle&#8221; css=&#8221;.vc_custom_1548247639463{background-image: url(http:\/\/www.lesmerveillesdupacifique.com\/wp-content\/uploads\/2019\/01\/keshi-01.jpg?id=1097) !important;background-position: center !important;background-repeat: no-repeat !important;background-size: cover !important;}&#8221; el_class=&#8221;ripple-it&#8221;][vc_row][vc_column][vc_column_text]<\/p>\n<h1><span lang=\"PT\" style=\"color: #ffffff;\">O que \u00e9 o<br \/>\nkeshi?<\/span><\/h1>\n<div>\n<p>&nbsp;<\/p>\n<p>&nbsp;<\/p>\n<\/div>\n<p>[\/vc_column_text][\/vc_column][\/vc_row][\/vc_section][vc_section css=&#8221;.vc_custom_1548247583740{padding-top: 90px !important;padding-bottom: 70px !important;}&#8221;][vc_row][vc_column width=&#8221;1\/4&#8243;][vc_raw_js]JTNDc2NyaXB0JTNFJTBBJTI0JTI4ZG9jdW1lbnQlMjkucmVhZHklMjhmdW5jdGlvbiUyOCUyOSUyMCU3QiUwQSUyMCUyMCUyMCUyNCUyOCUyNy5yaXBwbGUtaXQlMjclMjkucmlwcGxlcyUyOCU3QiUwQSUwOWltYWdlVXJsJTNBJTIwbnVsbCUyQyUwQSUwOXJlc29sdXRpb24lM0ElMjAyNTYlMkMlMEElMDlkcm9wUmFkaXVzJTNBJTIwMTQlMkMlMEElMDlwZXJ0dXJiYW5jZSUzQSUyMDAuMDElMkMlMEElMDlpbnRlcmFjdGl2ZSUzQSUyMHRydWUlMkMlMEElMjAlMjAlMjAlMjAlN0QlMjklM0IlMEElN0QlMjklM0IlMEElM0MlMkZzY3JpcHQlM0U=[\/vc_raw_js][\/vc_column][vc_column width=&#8221;1\/2&#8243;][vc_column_text]<\/p>\n<h2><span lang=\"PT\">O keshi, ou semente de papoila, em japon\u00eas<\/span><\/h2>\n<div><span lang=\"PT\">O Keshi n\u00e3o \u00e9 considerado uma p\u00e9rola propriamente dita, mas sim um produto derivado ou parente da p\u00e9rola. Na verdade, a sua forma\u00e7\u00e3o \u00e9 diferente da da p\u00e9rola de cultura.<\/span><\/div>\n<h2><span lang=\"PT\">Forma\u00e7\u00e3o do keshi<\/span><\/h2>\n<div><span lang=\"PT\">O keshi \u00e9 criado quando a ostra rejeita o n\u00facleo, sendo apenas formado com o pequeno peda\u00e7o de enxerto (peda\u00e7o do manto de uma ostra perl\u00edfera) dentro de uma ostra perl\u00edfera portadora. Pode tamb\u00e9m ser cultivado intencionalmente atrav\u00e9s da simples introdu\u00e7\u00e3o do enxerto no momento do processo de enxerto. O resultado \u00e9 um produto composto totalmente de n\u00e1car. Os keshis s\u00e3o muito apreciados na joalharia pela sua originalidade e os provenientes do Taiti s\u00e3o considerados pe\u00e7as excecionais. <\/span><\/div>\n<h2><span lang=\"PT\">Tamanho e forma<\/span><\/h2>\n<p>Os keshis t\u00eam entre 1 e 15 mm de di\u00e2metro e podem ter todas as formas, mas t\u00eam essencialmente formas barrocas.[\/vc_column_text][\/vc_column][vc_column width=&#8221;1\/4&#8243;][\/vc_column][\/vc_row][\/vc_section][vc_section][vc_row][vc_column][vc_images_carousel images=&#8221;1114,1115&#8243; img_size=&#8221;full&#8221; onclick=&#8221;link_no&#8221; speed=&#8221;3000&#8243; autoplay=&#8221;yes&#8221; wrap=&#8221;yes&#8221;][\/vc_column][\/vc_row][\/vc_section]<\/p>","protected":false},"excerpt":{"rendered":"<p>[vc_section full_width=&#8221;stretch_row&#8221; full_height=&#8221;yes&#8221; content_placement=&#8221;middle&#8221; css=&#8221;.vc_custom_1548247639463{background-image: url(http:\/\/www.lesmerveillesdupacifique.com\/wp-content\/uploads\/2019\/01\/keshi-01.jpg?id=1097) !important;background-position: center !important;background-repeat: no-repeat !important;background-size: cover !important;}&#8221; el_class=&#8221;ripple-it&#8221;][vc_row][vc_column][vc_column_text] O que \u00e9 o keshi? &nbsp; &nbsp; [\/vc_column_text][\/vc_column][\/vc_row][\/vc_section][vc_section css=&#8221;.vc_custom_1548247583740{padding-top: 90px !important;padding-bottom: 70px !important;}&#8221;][vc_row][vc_column width=&#8221;1\/4&#8243;][vc_raw_js]JTNDc2NyaXB0JTNFJTBBJTI0JTI4ZG9jdW1lbnQlMjkucmVhZHklMjhmdW5jdGlvbiUyOCUyOSUyMCU3QiUwQSUyMCUyMCUyMCUyNCUyOCUyNy5yaXBwbGUtaXQlMjclMjkucmlwcGxlcyUyOCU3QiUwQSUwOWltYWdlVXJsJTNBJTIwbnVsbCUyQyUwQSUwOXJlc29sdXRpb24lM0ElMjAyNTYlMkMlMEElMDlkcm9wUmFkaXVzJTNBJTIwMTQlMkMlMEElMDlwZXJ0dXJiYW5jZSUzQSUyMDAuMDElMkMlMEElMDlpbnRlcmFjdGl2ZSUzQSUyMHRydWUlMkMlMEElMjAlMjAlMjAlMjAlN0QlMjklM0IlMEElN0QlMjklM0IlMEElM0MlMkZzY3JpcHQlM0U=[\/vc_raw_js][\/vc_column][vc_column width=&#8221;1\/2&#8243;][vc_column_text] O&hellip;<\/p>\n","protected":false},"author":1,"featured_media":0,"parent":0,"menu_order":2,"comment_status":"closed","ping_status":"closed","template":"","meta":{"_mi_skip_tracking":false},"yoast_head":"<!-- This site is optimized with the Yoast SEO plugin v18.3 - https:\/\/yoast.com\/wordpress\/plugins\/seo\/ -->\n<title>Le keshi de Tahiti : tout savoir sur ce cousin de la perle de Tahiti<\/title>\n<meta name=\"description\" content=\"Tout ce que vous devez savoir sur le keshi, d\u00e9riv\u00e9 ou cousin de la perle de culture compos\u00e9 \u00e0 100% de nacre et tr\u00e8s appr\u00e9ci\u00e9 des joailliers.\" \/>\n<meta name=\"robots\" content=\"index, follow, max-snippet:-1, max-image-preview:large, max-video-preview:-1\" \/>\n<link rel=\"canonical\" href=\"https:\/\/www.lesmerveillesdupacifique.com\/pt\/le-keshi-de-tahiti\/\" \/>\n<meta property=\"og:locale\" content=\"pt_PT\" \/>\n<meta property=\"og:type\" content=\"article\" \/>\n<meta property=\"og:title\" content=\"Le keshi de Tahiti : tout savoir sur ce cousin de la perle de Tahiti\" \/>\n<meta property=\"og:description\" content=\"Tout ce que vous devez savoir sur le keshi, d\u00e9riv\u00e9 ou cousin de la perle de culture compos\u00e9 \u00e0 100% de nacre et tr\u00e8s appr\u00e9ci\u00e9 des joailliers.\" \/>\n<meta property=\"og:url\" content=\"https:\/\/www.lesmerveillesdupacifique.com\/le-keshi-de-tahiti\/\" \/>\n<meta property=\"og:site_name\" content=\"Les Merveilles du Pacifique\" \/>\n<meta property=\"article:modified_time\" content=\"2025-04-14T09:40:31+00:00\" \/>\n<meta name=\"twitter:card\" content=\"summary_large_image\" \/>\n<meta name=\"twitter:label1\" content=\"Tempo estimado de leitura\" \/>\n\t<meta name=\"twitter:data1\" content=\"9 minutos\" \/>\n<script type=\"application\/ld+json\" class=\"yoast-schema-graph\">{\"@context\":\"https:\/\/schema.org\",\"@graph\":[{\"@type\":\"WebSite\",\"@id\":\"https:\/\/www.lesmerveillesdupacifique.com\/fr\/#website\",\"url\":\"https:\/\/www.lesmerveillesdupacifique.com\/fr\/\",\"name\":\"Les Merveilles du Pacifique\",\"description\":\"Perles de culture de Tahiti\",\"potentialAction\":[{\"@type\":\"SearchAction\",\"target\":{\"@type\":\"EntryPoint\",\"urlTemplate\":\"https:\/\/www.lesmerveillesdupacifique.com\/fr\/?s={search_term_string}\"},\"query-input\":\"required name=search_term_string\"}],\"inLanguage\":\"pt-PT\"},{\"@type\":\"WebPage\",\"@id\":\"https:\/\/www.lesmerveillesdupacifique.com\/le-keshi-de-tahiti\/#webpage\",\"url\":\"https:\/\/www.lesmerveillesdupacifique.com\/le-keshi-de-tahiti\/\",\"name\":\"Le keshi de Tahiti : tout savoir sur ce cousin de la perle de Tahiti\",\"isPartOf\":{\"@id\":\"https:\/\/www.lesmerveillesdupacifique.com\/fr\/#website\"},\"datePublished\":\"2018-05-14T07:17:20+00:00\",\"dateModified\":\"2025-04-14T09:40:31+00:00\",\"description\":\"Tout ce que vous devez savoir sur le keshi, d\u00e9riv\u00e9 ou cousin de la perle de culture compos\u00e9 \u00e0 100% de nacre et tr\u00e8s appr\u00e9ci\u00e9 des joailliers.\",\"breadcrumb\":{\"@id\":\"https:\/\/www.lesmerveillesdupacifique.com\/le-keshi-de-tahiti\/#breadcrumb\"},\"inLanguage\":\"pt-PT\",\"potentialAction\":[{\"@type\":\"ReadAction\",\"target\":[\"https:\/\/www.lesmerveillesdupacifique.com\/le-keshi-de-tahiti\/\"]}]},{\"@type\":\"BreadcrumbList\",\"@id\":\"https:\/\/www.lesmerveillesdupacifique.com\/le-keshi-de-tahiti\/#breadcrumb\",\"itemListElement\":[{\"@type\":\"ListItem\",\"position\":1,\"name\":\"Accueil\",\"item\":\"https:\/\/www.lesmerveillesdupacifique.com\/\"},{\"@type\":\"ListItem\",\"position\":2,\"name\":\"Le keshi de Tahiti\"}]}]}<\/script>\n<!-- \/ Yoast SEO plugin. -->","yoast_head_json":{"title":"Le keshi de Tahiti : tout savoir sur ce cousin de la perle de Tahiti","description":"Tout ce que vous devez savoir sur le keshi, d\u00e9riv\u00e9 ou cousin de la perle de culture compos\u00e9 \u00e0 100% de nacre et tr\u00e8s appr\u00e9ci\u00e9 des joailliers.","robots":{"index":"index","follow":"follow","max-snippet":"max-snippet:-1","max-image-preview":"max-image-preview:large","max-video-preview":"max-video-preview:-1"},"canonical":"https:\/\/www.lesmerveillesdupacifique.com\/pt\/le-keshi-de-tahiti\/","og_locale":"pt_PT","og_type":"article","og_title":"Le keshi de Tahiti : tout savoir sur ce cousin de la perle de Tahiti","og_description":"Tout ce que vous devez savoir sur le keshi, d\u00e9riv\u00e9 ou cousin de la perle de culture compos\u00e9 \u00e0 100% de nacre et tr\u00e8s appr\u00e9ci\u00e9 des joailliers.","og_url":"https:\/\/www.lesmerveillesdupacifique.com\/le-keshi-de-tahiti\/","og_site_name":"Les Merveilles du Pacifique","article_modified_time":"2025-04-14T09:40:31+00:00","twitter_card":"summary_large_image","twitter_misc":{"Tempo estimado de leitura":"9 minutos"},"schema":{"@context":"https:\/\/schema.org","@graph":[{"@type":"WebSite","@id":"https:\/\/www.lesmerveillesdupacifique.com\/fr\/#website","url":"https:\/\/www.lesmerveillesdupacifique.com\/fr\/","name":"Les Merveilles du Pacifique","description":"Perles de culture de Tahiti","potentialAction":[{"@type":"SearchAction","target":{"@type":"EntryPoint","urlTemplate":"https:\/\/www.lesmerveillesdupacifique.com\/fr\/?s={search_term_string}"},"query-input":"required name=search_term_string"}],"inLanguage":"pt-PT"},{"@type":"WebPage","@id":"https:\/\/www.lesmerveillesdupacifique.com\/le-keshi-de-tahiti\/#webpage","url":"https:\/\/www.lesmerveillesdupacifique.com\/le-keshi-de-tahiti\/","name":"Le keshi de Tahiti : tout savoir sur ce cousin de la perle de Tahiti","isPartOf":{"@id":"https:\/\/www.lesmerveillesdupacifique.com\/fr\/#website"},"datePublished":"2018-05-14T07:17:20+00:00","dateModified":"2025-04-14T09:40:31+00:00","description":"Tout ce que vous devez savoir sur le keshi, d\u00e9riv\u00e9 ou cousin de la perle de culture compos\u00e9 \u00e0 100% de nacre et tr\u00e8s appr\u00e9ci\u00e9 des joailliers.","breadcrumb":{"@id":"https:\/\/www.lesmerveillesdupacifique.com\/le-keshi-de-tahiti\/#breadcrumb"},"inLanguage":"pt-PT","potentialAction":[{"@type":"ReadAction","target":["https:\/\/www.lesmerveillesdupacifique.com\/le-keshi-de-tahiti\/"]}]},{"@type":"BreadcrumbList","@id":"https:\/\/www.lesmerveillesdupacifique.com\/le-keshi-de-tahiti\/#breadcrumb","itemListElement":[{"@type":"ListItem","position":1,"name":"Accueil","item":"https:\/\/www.lesmerveillesdupacifique.com\/"},{"@type":"ListItem","position":2,"name":"Le keshi de Tahiti"}]}]}},"acf":[],"_links":{"self":[{"href":"https:\/\/www.lesmerveillesdupacifique.com\/pt\/wp-json\/wp\/v2\/pages\/58"}],"collection":[{"href":"https:\/\/www.lesmerveillesdupacifique.com\/pt\/wp-json\/wp\/v2\/pages"}],"about":[{"href":"https:\/\/www.lesmerveillesdupacifique.com\/pt\/wp-json\/wp\/v2\/types\/page"}],"author":[{"embeddable":true,"href":"https:\/\/www.lesmerveillesdupacifique.com\/pt\/wp-json\/wp\/v2\/users\/1"}],"replies":[{"embeddable":true,"href":"https:\/\/www.lesmerveillesdupacifique.com\/pt\/wp-json\/wp\/v2\/comments?post=58"}],"version-history":[{"count":1,"href":"https:\/\/www.lesmerveillesdupacifique.com\/pt\/wp-json\/wp\/v2\/pages\/58\/revisions"}],"predecessor-version":[{"id":4303,"href":"https:\/\/www.lesmerveillesdupacifique.com\/pt\/wp-json\/wp\/v2\/pages\/58\/revisions\/4303"}],"wp:attachment":[{"href":"https:\/\/www.lesmerveillesdupacifique.com\/pt\/wp-json\/wp\/v2\/media?parent=58"}],"curies":[{"name":"wp","href":"https:\/\/api.w.org\/{rel}","templated":true}]}}