{"id":5,"date":"2018-03-30T09:20:42","date_gmt":"2018-03-30T07:20:42","guid":{"rendered":"http:\/\/www.lesmerveillesdupacifique.com\/prod\/?page_id=5"},"modified":"2025-04-14T11:30:37","modified_gmt":"2025-04-14T09:30:37","slug":"la-perle-de-culture-de-tahiti","status":"publish","type":"page","link":"https:\/\/www.lesmerveillesdupacifique.com\/pt\/la-perle-de-culture-de-tahiti\/","title":{"rendered":"As p\u00e9rolas de cultura do taiti"},"content":{"rendered":"<p>[vc_section full_width=&#8221;stretch_row&#8221; full_height=&#8221;yes&#8221; content_placement=&#8221;middle&#8221; css=&#8221;.vc_custom_1550242420866{background-image: url(http:\/\/www.lesmerveillesdupacifique.com\/wp-content\/uploads\/2019\/02\/perle-2.jpg?id=1389) !important;background-position: center !important;background-repeat: no-repeat !important;background-size: cover !important;}&#8221; el_class=&#8221;ripple-it&#8221;][vc_row][vc_column width=&#8221;1\/4&#8243;][\/vc_column][vc_column width=&#8221;1\/2&#8243;][vc_column_text el_class=&#8221;white-box-hero&#8221;]<\/p>\n<h1 style=\"text-align: center;\"><span style=\"color: #000000;\">As p\u00e9rolas de cultura do Taiti<\/span><\/h1>\n<p style=\"text-align: center;\">A beleza das p\u00e9rolas do Taiti resulta do que a natureza tem de mais belo para nos oferecer e da m\u00e3o-de-obra qualificada para o trabalho complexo e delicado da perlicultura.<\/p>\n<p style=\"text-align: center;\">.<\/p>\n<p>[\/vc_column_text][\/vc_column][vc_column width=&#8221;1\/4&#8243;][\/vc_column][\/vc_row][\/vc_section][vc_section full_width=&#8221;stretch_row_content&#8221; css=&#8221;.vc_custom_1526544188055{margin: 0px !important;border-width: 0px !important;padding: 0px !important;background-color: #f9f9f9 !important;}&#8221;][vc_row full_width=&#8221;stretch_row_content_no_spaces&#8221; content_placement=&#8221;middle&#8221;][vc_column width=&#8221;1\/2&#8243; css=&#8221;.vc_custom_1526542990478{padding-right: 13% !important;padding-left: 13% !important;}&#8221;][vc_column_text]<\/p>\n<h2 style=\"text-align: center;\">O que s\u00e3o as p\u00e9rolas do Taiti?<\/h2>\n<p style=\"text-align: center;\">As p\u00e9rolas do Taiti s\u00e3o p\u00e9rolas de cultura que s\u00e3o cultivadas exclusivamente nas lagoas polin\u00e9sias, nas ostras de l\u00e1bio negro, tamb\u00e9m chamadas <em>Pinctada Margaritifera<\/em>.<br \/>\nA sua forma\u00e7\u00e3o necessita da interven\u00e7\u00e3o humana no momento do enxerto, da\u00ed serem p\u00e9rolas de cultura. No entanto, ap\u00f3s esta etapa, o processo de desenvolvimento da p\u00e9rola \u00e9 natural.<br \/>\nDe todas as p\u00e9rolas que existem, as p\u00e9rolas do Taiti s\u00e3o as que possuem uma maior paleta de cores. Podem ser verdes, azuis, cinzentas, pretas, roxas, bronze, chocolate, cor-de-rosa, etc.<\/p>\n<div style=\"text-align: center;\"><span lang=\"PT\">Para preservar a imagem e qualidade das p\u00e9rolas de cultura do Taiti, o governo polin\u00e9sio pro\u00edbe o tratamento da cor ou o retalho das p\u00e9rolas. <\/span><\/div>\n<div style=\"text-align: center;\"><span lang=\"PT\">Estas regulamenta\u00e7\u00f5es fizeram com que as p\u00e9rolas do Taiti se tornassem uma das p\u00e9rolas mais protegidas e, por conseguinte, as mais procuradas do mundo.<\/span><\/div>\n<p>[\/vc_column_text][\/vc_column][vc_column width=&#8221;1\/2&#8243;][vc_single_image image=&#8221;3239&#8243; img_size=&#8221;full&#8221; css=&#8221;.vc_custom_1618998294837{margin-bottom: 0px !important;}&#8221;][\/vc_column][\/vc_row][\/vc_section][vc_section full_width=&#8221;stretch_row_content&#8221; css=&#8221;.vc_custom_1526544230546{margin: 0px !important;border-width: 0px !important;padding: 0px !important;background-color: #f9f9f9 !important;}&#8221;][vc_row full_width=&#8221;stretch_row_content_no_spaces&#8221; content_placement=&#8221;middle&#8221;][vc_column width=&#8221;1\/2&#8243;][vc_column_text css=&#8221;.vc_custom_1598524898567{margin-bottom: 0px !important;}&#8221;]<\/p>\n<p><iframe loading=\"lazy\" title=\"La perliculture \u00e0 Tahiti\" width=\"1333\" height=\"1000\" src=\"https:\/\/www.youtube.com\/embed\/u6f5WMU4vJY?feature=oembed\" frameborder=\"0\" allow=\"accelerometer; autoplay; clipboard-write; encrypted-media; gyroscope; picture-in-picture; web-share\" referrerpolicy=\"strict-origin-when-cross-origin\" allowfullscreen><\/iframe><\/p>\n<p>[\/vc_column_text][\/vc_column][vc_column width=&#8221;1\/2&#8243; css=&#8221;.vc_custom_1526543139723{padding-right: 13% !important;padding-left: 13% !important;}&#8221;][vc_column_text]<\/p>\n<h2 style=\"text-align: center;\"><strong>A perlicultura<\/strong><\/h2>\n<p style=\"text-align: center;\">Antigamente, as p\u00e9rolas eram obtidas somente por mero acaso, sendo estas p\u00e9rolas finas, tamb\u00e9m chamadas p\u00e9rolas naturais.<br \/>\nA p\u00e9rola de cultura nasceu no in\u00edcio do s\u00e9culo XX no Jap\u00e3o, antes de se estender a todos os arquip\u00e9lagos do Oceano Pac\u00edfico.<\/p>\n<p style=\"text-align: center;\">A perlicultura direcionada para a p\u00e9rola do Taiti foi desenvolvida nos anos 60 nas lagoas polin\u00e9sias.<\/p>\n<p style=\"text-align: center;\">Sempre existiram p\u00e9rolas naturais, mas, apesar da sua raridade, estas s\u00e3o menos procuradas porque costumam ser irregulares e muito caras.<\/p>\n<p>[\/vc_column_text][\/vc_column][\/vc_row][\/vc_section][vc_section full_width=&#8221;stretch_row_content&#8221; css=&#8221;.vc_custom_1526556748513{margin-top: 0px !important;margin-right: 0px !important;margin-bottom: 0px !important;margin-left: 0px !important;border-top-width: 0px !important;border-right-width: 0px !important;border-bottom-width: 0px !important;border-left-width: 0px !important;padding-top: 0px !important;padding-right: 0px !important;padding-bottom: 0px !important;padding-left: 0px !important;background-color: #f9f9f9 !important;}&#8221;][vc_row full_width=&#8221;stretch_row_content_no_spaces&#8221; content_placement=&#8221;middle&#8221;][vc_column width=&#8221;1\/2&#8243; css=&#8221;.vc_custom_1526543311111{padding-right: 13% !important;padding-left: 13% !important;}&#8221;][vc_column_text]<\/p>\n<h2 style=\"text-align: center;\"><span lang=\"PT\">A vida nas fazendas<br \/>\nde p\u00e9rolas<\/span><\/h2>\n<p style=\"text-align: center;\">Na cultura das p\u00e9rolas do Taiti, \u00e9 necess\u00e1rio que as ostras tenham uma excelente qualidade de vida e se efetue uma limpeza regular dos n\u00e1cares.<br \/>\nO trabalho do perlicultor \u00e9 duro, pois este tem de come\u00e7ar a trabalhar muito cedo e tem de ter muita energia.<br \/>\nOs enxertadores, que est\u00e3o no in\u00edcio da cadeia, fazem um trabalho digno de cirurgi\u00e3o e s\u00f3 conseguem fazer a maior parte dos seus enxertos ap\u00f3s v\u00e1rios anos de pr\u00e1tica.<\/p>\n<div style=\"text-align: center;\"><span lang=\"PT\">Os\u00a0<\/span>pescadores levantam pesadas redes de n\u00e1cares, que limpam regularmente para que as ostras se alimentem o melhor poss\u00edvel.<\/div>\n<div style=\"text-align: center;\"><span lang=\"PT\">\u00a0<\/span><\/div>\n<div style=\"text-align: center;\"><span lang=\"PT\">Todo este trabalho \u00e9 feito sob o calor das ilhas de Tuamotu-Gambier. <\/span><\/div>\n<p>[\/vc_column_text][\/vc_column][vc_column width=&#8221;1\/2&#8243;][vc_single_image image=&#8221;164&#8243; img_size=&#8221;full&#8221; css=&#8221;.vc_custom_1589904975971{margin-bottom: 0px !important;}&#8221;][\/vc_column][\/vc_row][\/vc_section][vc_row][vc_column width=&#8221;1\/3&#8243;][\/vc_column][vc_column width=&#8221;1\/3&#8243;][vc_images_carousel images=&#8221;3230,3229,3231,3232,3236,3237&#8243; img_size=&#8221;full&#8221; onclick=&#8221;link_no&#8221; autoplay=&#8221;yes&#8221; wrap=&#8221;yes&#8221;][\/vc_column][vc_column width=&#8221;1\/3&#8243;][\/vc_column][\/vc_row][vc_section full_width=&#8221;stretch_row_content&#8221; css=&#8221;.vc_custom_1526556754206{margin-top: 0px !important;margin-right: 0px !important;margin-bottom: 0px !important;margin-left: 0px !important;border-top-width: 0px !important;border-right-width: 0px !important;border-bottom-width: 0px !important;border-left-width: 0px !important;padding-top: 0px !important;padding-right: 0px !important;padding-bottom: 0px !important;padding-left: 0px !important;background-color: #f9f9f9 !important;}&#8221;][vc_row full_width=&#8221;stretch_row_content_no_spaces&#8221; content_placement=&#8221;middle&#8221;][vc_column width=&#8221;1\/2&#8243;][vc_single_image image=&#8221;209&#8243; img_size=&#8221;full&#8221; css=&#8221;.vc_custom_1589904983317{margin-bottom: 0px !important;}&#8221;][\/vc_column][vc_column width=&#8221;1\/2&#8243; css=&#8221;.vc_custom_1526554875205{padding-right: 13% !important;padding-left: 13% !important;}&#8221;][vc_column_text]<\/p>\n<h2 style=\"text-align: center;\"><span lang=\"PT\">A p\u00e9rola gravada<\/span><\/h2>\n<p style=\"text-align: center;\">Mandamos gravar as p\u00e9rolas redondas e barrocas do Taiti a tatuadores de renome.<br \/>\nEsta arte de grava\u00e7\u00e3o faz parte do saber-fazer local. A cultura do Taiti \u00e9 intr\u00ednseca a estas p\u00e9rolas cujos motivos s\u00e3o alusivos \u00e0s tatuagens maoris.<\/p>\n<p style=\"text-align: center;\">A grava\u00e7\u00e3o do n\u00e1car exige o perfeito dom\u00ednio desta t\u00e9cnica artesanal porque o material \u00e9 muito suave e o tatuador n\u00e3o est\u00e1 livre de um pequeno deslize.<\/p>\n<p>[\/vc_column_text][\/vc_column][\/vc_row][\/vc_section][vc_section full_width=&#8221;stretch_row_content&#8221; css=&#8221;.vc_custom_1526556754206{margin-top: 0px !important;margin-right: 0px !important;margin-bottom: 0px !important;margin-left: 0px !important;border-top-width: 0px !important;border-right-width: 0px !important;border-bottom-width: 0px !important;border-left-width: 0px !important;padding-top: 0px !important;padding-right: 0px !important;padding-bottom: 0px !important;padding-left: 0px !important;background-color: #f9f9f9 !important;}&#8221;][vc_row full_width=&#8221;stretch_row_content_no_spaces&#8221; content_placement=&#8221;middle&#8221;][vc_column width=&#8221;1\/2&#8243; css=&#8221;.vc_custom_1526558579025{padding-right: 13% !important;padding-left: 13% !important;}&#8221;][vc_column_text]<\/p>\n<h2 style=\"text-align: center;\"><span lang=\"PT\">A perfura\u00e7\u00e3o das p\u00e9rolas<\/span><\/h2>\n<div style=\"text-align: center;\">\n<p><span lang=\"PT\">A perfura\u00e7\u00e3o das p\u00e9rolas exige a utiliza\u00e7\u00e3o de uma m\u00e1quina que permite perfurar as p\u00e9rolas mantendo-as perfeitamente no seu eixo de simetria a meio ou de um lado ao outro.<\/span><\/p>\n<p>&nbsp;<\/p>\n<\/div>\n<div style=\"text-align: center;\"><span lang=\"PT\">Oferecemos aos nossos clientes a possibilidade de perfurar as p\u00e9rolas compradas com o di\u00e2metro pretendido. <\/span><\/div>\n<p>[\/vc_column_text][\/vc_column][vc_column width=&#8221;1\/2&#8243;][vc_single_image image=&#8221;210&#8243; img_size=&#8221;full&#8221; css=&#8221;.vc_custom_1589904988213{margin-bottom: 0px !important;}&#8221;][\/vc_column][\/vc_row][\/vc_section][vc_section full_width=&#8221;stretch_row_content&#8221; css=&#8221;.vc_custom_1526556754206{margin-top: 0px !important;margin-right: 0px !important;margin-bottom: 0px !important;margin-left: 0px !important;border-top-width: 0px !important;border-right-width: 0px !important;border-bottom-width: 0px !important;border-left-width: 0px !important;padding-top: 0px !important;padding-right: 0px !important;padding-bottom: 0px !important;padding-left: 0px !important;background-color: #f9f9f9 !important;}&#8221;][vc_row full_width=&#8221;stretch_row_content_no_spaces&#8221; content_placement=&#8221;middle&#8221;][vc_column width=&#8221;1\/2&#8243;][vc_single_image image=&#8221;1094&#8243; img_size=&#8221;full&#8221; css=&#8221;.vc_custom_1589905024183{margin-bottom: 0px !important;}&#8221;][\/vc_column][vc_column width=&#8221;1\/2&#8243; css=&#8221;.vc_custom_1526554875205{padding-right: 13% !important;padding-left: 13% !important;}&#8221;][vc_column_text]<\/p>\n<h2 style=\"text-align: center;\"><span lang=\"PT\">Lendas relacionadas com as p\u00e9rolas<\/span><\/h2>\n<div style=\"text-align: center;\"><span lang=\"PT\">As p\u00e9rolas adornam as joias desde a Antiguidade, quando eram chamadas l\u00e1grimas de Afrodite.<br \/>\nAs fam\u00edlias romanas abastadas ofereciam \u00e0s suas filhas uma ou mais p\u00e9rolas todos os anos para que elas tivessem um colar completo quando atingissem a maioridade.<\/span><\/div>\n<p style=\"text-align: center;\">As p\u00e9rolas do Taiti, enraizadas na hist\u00f3ria do Pac\u00edfico, suscitam admira\u00e7\u00e3o e curiosidade.<br \/>\nNo Taiti, reza a lenda que foi por amor que o deus Oro ofereceu uma p\u00e9rola feita com escamas de todos os peixes da lagoa a uma bela princesa da ilha de Bora Bora.<br \/>\nNunca faltou imagina\u00e7\u00e3o ao Homem para idolatrar a p\u00e9rola.<\/p>\n<p>&nbsp;<\/p>\n<p style=\"text-align: right;\"><em>\u00ab\u00a0<\/em>Tii \u00e0 la coquille\u201d de Paul Gauguin, 1892<\/p>\n<p style=\"text-align: right;\">Estatueta em madeira de tola (pau-ferro), concha de <em>Meleagris Margaritifera<\/em> e dentes far\u00edngeos de peixe-papagaio<\/p>\n<p style=\"text-align: right;\">Paul Gauguin deixou a Fran\u00e7a para ir viver para a Polin\u00e9sia Francesa em 1891 com 43 anos, vivendo l\u00e1 at\u00e9 \u00e0 sua morte em 1903, com 54\u00a0anos.<\/p>\n<p>[\/vc_column_text][vc_raw_js]JTNDc2NyaXB0JTNFJTBBJTI0JTI4ZG9jdW1lbnQlMjkucmVhZHklMjhmdW5jdGlvbiUyOCUyOSUyMCU3QiUwQSUyMCUyMCUyMCUyNCUyOCUyNy5yaXBwbGUtaXQlMjclMjkucmlwcGxlcyUyOCU3QiUwQSUwOWltYWdlVXJsJTNBJTIwbnVsbCUyQyUwQSUwOXJlc29sdXRpb24lM0ElMjAyNTYlMkMlMEElMDlkcm9wUmFkaXVzJTNBJTIwMTQlMkMlMEElMDlwZXJ0dXJiYW5jZSUzQSUyMDAuMDElMkMlMEElMDlpbnRlcmFjdGl2ZSUzQSUyMHRydWUlMkMlMEElMjAlMjAlMjAlMjAlN0QlMjklM0IlMEElN0QlMjklM0IlMEElM0MlMkZzY3JpcHQlM0U=[\/vc_raw_js][\/vc_column][\/vc_row][\/vc_section]<\/p>","protected":false},"excerpt":{"rendered":"<p>[vc_section full_width=&#8221;stretch_row&#8221; full_height=&#8221;yes&#8221; content_placement=&#8221;middle&#8221; css=&#8221;.vc_custom_1550242420866{background-image: url(http:\/\/www.lesmerveillesdupacifique.com\/wp-content\/uploads\/2019\/02\/perle-2.jpg?id=1389) !important;background-position: center !important;background-repeat: no-repeat !important;background-size: cover !important;}&#8221; el_class=&#8221;ripple-it&#8221;][vc_row][vc_column width=&#8221;1\/4&#8243;][\/vc_column][vc_column width=&#8221;1\/2&#8243;][vc_column_text el_class=&#8221;white-box-hero&#8221;] As p\u00e9rolas de cultura do Taiti A beleza das p\u00e9rolas do Taiti resulta&hellip;<\/p>\n","protected":false},"author":1,"featured_media":0,"parent":0,"menu_order":1,"comment_status":"closed","ping_status":"closed","template":"","meta":{"_mi_skip_tracking":false},"yoast_head":"<!-- This site is optimized with the Yoast SEO plugin v18.3 - https:\/\/yoast.com\/wordpress\/plugins\/seo\/ -->\n<title>As p\u00e9rolas de cultura do taiti - Les Merveilles du Pacifique<\/title>\n<meta name=\"description\" content=\"Qu&#039;est-ce que la perle de culture de Tahiti et comment se forme-t-elle dans les fermes perli\u00e8res sp\u00e9cialis\u00e9es en perliculture ? Tout savoir avec Les Merveilles du Pacifique.\" \/>\n<meta name=\"robots\" content=\"index, follow, max-snippet:-1, max-image-preview:large, max-video-preview:-1\" \/>\n<link rel=\"canonical\" href=\"https:\/\/www.lesmerveillesdupacifique.com\/pt\/la-perle-de-culture-de-tahiti\/\" \/>\n<meta property=\"og:locale\" content=\"pt_PT\" \/>\n<meta property=\"og:type\" content=\"article\" \/>\n<meta property=\"og:title\" content=\"As p\u00e9rolas de cultura do taiti - Les Merveilles du Pacifique\" \/>\n<meta property=\"og:description\" content=\"Qu&#039;est-ce que la perle de culture de Tahiti et comment se forme-t-elle dans les fermes perli\u00e8res sp\u00e9cialis\u00e9es en perliculture ? Tout savoir avec Les Merveilles du Pacifique.\" \/>\n<meta property=\"og:url\" content=\"https:\/\/www.lesmerveillesdupacifique.com\/la-perle-de-culture-de-tahiti\/\" \/>\n<meta property=\"og:site_name\" content=\"Les Merveilles du Pacifique\" \/>\n<meta property=\"article:modified_time\" content=\"2025-04-14T09:30:37+00:00\" \/>\n<meta name=\"twitter:card\" content=\"summary_large_image\" \/>\n<meta name=\"twitter:label1\" content=\"Tempo estimado de leitura\" \/>\n\t<meta name=\"twitter:data1\" content=\"5 minutos\" \/>\n<script type=\"application\/ld+json\" class=\"yoast-schema-graph\">{\"@context\":\"https:\/\/schema.org\",\"@graph\":[{\"@type\":\"WebSite\",\"@id\":\"https:\/\/www.lesmerveillesdupacifique.com\/fr\/#website\",\"url\":\"https:\/\/www.lesmerveillesdupacifique.com\/fr\/\",\"name\":\"Les Merveilles du Pacifique\",\"description\":\"Perles de culture de Tahiti\",\"potentialAction\":[{\"@type\":\"SearchAction\",\"target\":{\"@type\":\"EntryPoint\",\"urlTemplate\":\"https:\/\/www.lesmerveillesdupacifique.com\/fr\/?s={search_term_string}\"},\"query-input\":\"required name=search_term_string\"}],\"inLanguage\":\"pt-PT\"},{\"@type\":\"WebPage\",\"@id\":\"https:\/\/www.lesmerveillesdupacifique.com\/la-perle-de-culture-de-tahiti\/#webpage\",\"url\":\"https:\/\/www.lesmerveillesdupacifique.com\/la-perle-de-culture-de-tahiti\/\",\"name\":\"As p\u00e9rolas de cultura do taiti - Les Merveilles du Pacifique\",\"isPartOf\":{\"@id\":\"https:\/\/www.lesmerveillesdupacifique.com\/fr\/#website\"},\"datePublished\":\"2018-03-30T07:20:42+00:00\",\"dateModified\":\"2025-04-14T09:30:37+00:00\",\"description\":\"Qu'est-ce que la perle de culture de Tahiti et comment se forme-t-elle dans les fermes perli\u00e8res sp\u00e9cialis\u00e9es en perliculture ? Tout savoir avec Les Merveilles du Pacifique.\",\"breadcrumb\":{\"@id\":\"https:\/\/www.lesmerveillesdupacifique.com\/la-perle-de-culture-de-tahiti\/#breadcrumb\"},\"inLanguage\":\"pt-PT\",\"potentialAction\":[{\"@type\":\"ReadAction\",\"target\":[\"https:\/\/www.lesmerveillesdupacifique.com\/la-perle-de-culture-de-tahiti\/\"]}]},{\"@type\":\"BreadcrumbList\",\"@id\":\"https:\/\/www.lesmerveillesdupacifique.com\/la-perle-de-culture-de-tahiti\/#breadcrumb\",\"itemListElement\":[{\"@type\":\"ListItem\",\"position\":1,\"name\":\"Accueil\",\"item\":\"https:\/\/www.lesmerveillesdupacifique.com\/\"},{\"@type\":\"ListItem\",\"position\":2,\"name\":\"La perle de culture de Tahiti\"}]}]}<\/script>\n<!-- \/ Yoast SEO plugin. -->","yoast_head_json":{"title":"As p\u00e9rolas de cultura do taiti - Les Merveilles du Pacifique","description":"Qu'est-ce que la perle de culture de Tahiti et comment se forme-t-elle dans les fermes perli\u00e8res sp\u00e9cialis\u00e9es en perliculture ? Tout savoir avec Les Merveilles du Pacifique.","robots":{"index":"index","follow":"follow","max-snippet":"max-snippet:-1","max-image-preview":"max-image-preview:large","max-video-preview":"max-video-preview:-1"},"canonical":"https:\/\/www.lesmerveillesdupacifique.com\/pt\/la-perle-de-culture-de-tahiti\/","og_locale":"pt_PT","og_type":"article","og_title":"As p\u00e9rolas de cultura do taiti - Les Merveilles du Pacifique","og_description":"Qu'est-ce que la perle de culture de Tahiti et comment se forme-t-elle dans les fermes perli\u00e8res sp\u00e9cialis\u00e9es en perliculture ? Tout savoir avec Les Merveilles du Pacifique.","og_url":"https:\/\/www.lesmerveillesdupacifique.com\/la-perle-de-culture-de-tahiti\/","og_site_name":"Les Merveilles du Pacifique","article_modified_time":"2025-04-14T09:30:37+00:00","twitter_card":"summary_large_image","twitter_misc":{"Tempo estimado de leitura":"5 minutos"},"schema":{"@context":"https:\/\/schema.org","@graph":[{"@type":"WebSite","@id":"https:\/\/www.lesmerveillesdupacifique.com\/fr\/#website","url":"https:\/\/www.lesmerveillesdupacifique.com\/fr\/","name":"Les Merveilles du Pacifique","description":"Perles de culture de Tahiti","potentialAction":[{"@type":"SearchAction","target":{"@type":"EntryPoint","urlTemplate":"https:\/\/www.lesmerveillesdupacifique.com\/fr\/?s={search_term_string}"},"query-input":"required name=search_term_string"}],"inLanguage":"pt-PT"},{"@type":"WebPage","@id":"https:\/\/www.lesmerveillesdupacifique.com\/la-perle-de-culture-de-tahiti\/#webpage","url":"https:\/\/www.lesmerveillesdupacifique.com\/la-perle-de-culture-de-tahiti\/","name":"As p\u00e9rolas de cultura do taiti - Les Merveilles du Pacifique","isPartOf":{"@id":"https:\/\/www.lesmerveillesdupacifique.com\/fr\/#website"},"datePublished":"2018-03-30T07:20:42+00:00","dateModified":"2025-04-14T09:30:37+00:00","description":"Qu'est-ce que la perle de culture de Tahiti et comment se forme-t-elle dans les fermes perli\u00e8res sp\u00e9cialis\u00e9es en perliculture ? Tout savoir avec Les Merveilles du Pacifique.","breadcrumb":{"@id":"https:\/\/www.lesmerveillesdupacifique.com\/la-perle-de-culture-de-tahiti\/#breadcrumb"},"inLanguage":"pt-PT","potentialAction":[{"@type":"ReadAction","target":["https:\/\/www.lesmerveillesdupacifique.com\/la-perle-de-culture-de-tahiti\/"]}]},{"@type":"BreadcrumbList","@id":"https:\/\/www.lesmerveillesdupacifique.com\/la-perle-de-culture-de-tahiti\/#breadcrumb","itemListElement":[{"@type":"ListItem","position":1,"name":"Accueil","item":"https:\/\/www.lesmerveillesdupacifique.com\/"},{"@type":"ListItem","position":2,"name":"La perle de culture de Tahiti"}]}]}},"acf":[],"_links":{"self":[{"href":"https:\/\/www.lesmerveillesdupacifique.com\/pt\/wp-json\/wp\/v2\/pages\/5"}],"collection":[{"href":"https:\/\/www.lesmerveillesdupacifique.com\/pt\/wp-json\/wp\/v2\/pages"}],"about":[{"href":"https:\/\/www.lesmerveillesdupacifique.com\/pt\/wp-json\/wp\/v2\/types\/page"}],"author":[{"embeddable":true,"href":"https:\/\/www.lesmerveillesdupacifique.com\/pt\/wp-json\/wp\/v2\/users\/1"}],"replies":[{"embeddable":true,"href":"https:\/\/www.lesmerveillesdupacifique.com\/pt\/wp-json\/wp\/v2\/comments?post=5"}],"version-history":[{"count":1,"href":"https:\/\/www.lesmerveillesdupacifique.com\/pt\/wp-json\/wp\/v2\/pages\/5\/revisions"}],"predecessor-version":[{"id":4302,"href":"https:\/\/www.lesmerveillesdupacifique.com\/pt\/wp-json\/wp\/v2\/pages\/5\/revisions\/4302"}],"wp:attachment":[{"href":"https:\/\/www.lesmerveillesdupacifique.com\/pt\/wp-json\/wp\/v2\/media?parent=5"}],"curies":[{"name":"wp","href":"https:\/\/api.w.org\/{rel}","templated":true}]}}