{"id":3828,"date":"2023-02-23T10:12:01","date_gmt":"2023-02-23T09:12:01","guid":{"rendered":"https:\/\/www.lesmerveillesdupacifique.com\/?page_id=3828"},"modified":"2023-03-29T13:28:55","modified_gmt":"2023-03-29T11:28:55","slug":"entretien-garantie","status":"publish","type":"page","link":"https:\/\/www.lesmerveillesdupacifique.com\/pt\/entretien-garantie\/","title":{"rendered":"(Fran\u00e7ais) Entretien &#038; Garantie"},"content":{"rendered":"<p class=\"qtranxs-available-languages-message qtranxs-available-languages-message-pt\">Desculpe, este conte\u00fado s\u00f3 est\u00e1 dispon\u00edvel em <a href=\"https:\/\/www.lesmerveillesdupacifique.com\/fr\/wp-json\/wp\/v2\/pages\/3828\" class=\"qtranxs-available-language-link qtranxs-available-language-link-fr\" title=\"Fran\u00e7ais\">Franc\u00eas<\/a>.<\/p><p>Tous nos bijoux vous seront d\u00e9livr\u00e9s dans l&#8217;un de nos \u00e9crins <strong>Les Merveilles du Pacifique<\/strong> avec un certificat d&#8217;authenticit\u00e9 unique, compl\u00e9t\u00e9 \u00e0 la main par notre \u00e9quipe.<\/p>\r\n\r\n\r\n\r\n<p>Les bijoux en perle de culture de Tahiti demandent soin et attention pour pr\u00e9server leur <strong>lustre et brillance<\/strong>, c&#8217;est pourquoi nous vous d\u00e9livrerons \u00e9galement nos <strong>secrets<\/strong> et <strong>conseils d&#8217;entretien<\/strong>.<\/p>\r\n\r\n\r\n\r\n<p><strong>Les Merveilles du Pacifique<\/strong> s&#8217;engage \u00e0 rester \u00e0 votre disposition pour id\u00e9aliser votre exp\u00e9rience \u00e0 nos c\u00f4t\u00e9s. avec un <strong>service de garantie<\/strong> o\u00f9 votre bijou pourra \u00eatre r\u00e9par\u00e9 en fonction du degr\u00e9 de dommages du produit<\/p>","protected":false},"excerpt":{"rendered":"<p>Desculpe, este conte\u00fado s\u00f3 est\u00e1 dispon\u00edvel em Franc\u00eas. Tous nos bijoux vous seront d\u00e9livr\u00e9s dans l&#8217;un de nos \u00e9crins Les Merveilles du Pacifique avec un certificat d&#8217;authenticit\u00e9 unique, compl\u00e9t\u00e9 \u00e0&hellip;<\/p>\n","protected":false},"author":6,"featured_media":0,"parent":0,"menu_order":0,"comment_status":"closed","ping_status":"closed","template":"","meta":{"_mi_skip_tracking":false},"yoast_head":"<!-- This site is optimized with the Yoast SEO plugin v18.3 - https:\/\/yoast.com\/wordpress\/plugins\/seo\/ -->\n<title>(Fran\u00e7ais) Entretien &amp; Garantie - Les Merveilles du Pacifique<\/title>\n<meta name=\"robots\" content=\"index, follow, max-snippet:-1, max-image-preview:large, max-video-preview:-1\" \/>\n<link rel=\"canonical\" href=\"https:\/\/www.lesmerveillesdupacifique.com\/pt\/entretien-garantie\/\" \/>\n<meta property=\"og:locale\" content=\"pt_PT\" \/>\n<meta property=\"og:type\" content=\"article\" \/>\n<meta property=\"og:title\" content=\"(Fran\u00e7ais) Entretien &amp; Garantie - Les Merveilles du Pacifique\" \/>\n<meta property=\"og:description\" content=\"Desculpe, este conte\u00fado s\u00f3 est\u00e1 dispon\u00edvel em Franc\u00eas. Tous nos bijoux vous seront d\u00e9livr\u00e9s dans l&#8217;un de nos \u00e9crins Les Merveilles du Pacifique avec un certificat d&#8217;authenticit\u00e9 unique, compl\u00e9t\u00e9 \u00e0&hellip;\" \/>\n<meta property=\"og:url\" content=\"https:\/\/www.lesmerveillesdupacifique.com\/entretien-garantie\/\" \/>\n<meta property=\"og:site_name\" content=\"Les Merveilles du Pacifique\" \/>\n<meta property=\"article:modified_time\" content=\"2023-03-29T11:28:55+00:00\" \/>\n<meta name=\"twitter:card\" content=\"summary_large_image\" \/>\n<meta name=\"twitter:label1\" content=\"Tempo estimado de leitura\" \/>\n\t<meta name=\"twitter:data1\" content=\"1 minuto\" \/>\n<script type=\"application\/ld+json\" class=\"yoast-schema-graph\">{\"@context\":\"https:\/\/schema.org\",\"@graph\":[{\"@type\":\"WebSite\",\"@id\":\"https:\/\/www.lesmerveillesdupacifique.com\/fr\/#website\",\"url\":\"https:\/\/www.lesmerveillesdupacifique.com\/fr\/\",\"name\":\"Les Merveilles du Pacifique\",\"description\":\"Perles de culture de Tahiti\",\"potentialAction\":[{\"@type\":\"SearchAction\",\"target\":{\"@type\":\"EntryPoint\",\"urlTemplate\":\"https:\/\/www.lesmerveillesdupacifique.com\/fr\/?s={search_term_string}\"},\"query-input\":\"required name=search_term_string\"}],\"inLanguage\":\"pt-PT\"},{\"@type\":\"WebPage\",\"@id\":\"https:\/\/www.lesmerveillesdupacifique.com\/entretien-garantie\/#webpage\",\"url\":\"https:\/\/www.lesmerveillesdupacifique.com\/entretien-garantie\/\",\"name\":\"(Fran\u00e7ais) Entretien & Garantie - Les Merveilles du Pacifique\",\"isPartOf\":{\"@id\":\"https:\/\/www.lesmerveillesdupacifique.com\/fr\/#website\"},\"datePublished\":\"2023-02-23T09:12:01+00:00\",\"dateModified\":\"2023-03-29T11:28:55+00:00\",\"breadcrumb\":{\"@id\":\"https:\/\/www.lesmerveillesdupacifique.com\/entretien-garantie\/#breadcrumb\"},\"inLanguage\":\"pt-PT\",\"potentialAction\":[{\"@type\":\"ReadAction\",\"target\":[\"https:\/\/www.lesmerveillesdupacifique.com\/entretien-garantie\/\"]}]},{\"@type\":\"BreadcrumbList\",\"@id\":\"https:\/\/www.lesmerveillesdupacifique.com\/entretien-garantie\/#breadcrumb\",\"itemListElement\":[{\"@type\":\"ListItem\",\"position\":1,\"name\":\"Accueil\",\"item\":\"https:\/\/www.lesmerveillesdupacifique.com\/\"},{\"@type\":\"ListItem\",\"position\":2,\"name\":\"Entretien &#038; Garantie\"}]}]}<\/script>\n<!-- \/ Yoast SEO plugin. -->","yoast_head_json":{"title":"(Fran\u00e7ais) Entretien & Garantie - Les Merveilles du Pacifique","robots":{"index":"index","follow":"follow","max-snippet":"max-snippet:-1","max-image-preview":"max-image-preview:large","max-video-preview":"max-video-preview:-1"},"canonical":"https:\/\/www.lesmerveillesdupacifique.com\/pt\/entretien-garantie\/","og_locale":"pt_PT","og_type":"article","og_title":"(Fran\u00e7ais) Entretien & Garantie - Les Merveilles du Pacifique","og_description":"Desculpe, este conte\u00fado s\u00f3 est\u00e1 dispon\u00edvel em Franc\u00eas. Tous nos bijoux vous seront d\u00e9livr\u00e9s dans l&#8217;un de nos \u00e9crins Les Merveilles du Pacifique avec un certificat d&#8217;authenticit\u00e9 unique, compl\u00e9t\u00e9 \u00e0&hellip;","og_url":"https:\/\/www.lesmerveillesdupacifique.com\/entretien-garantie\/","og_site_name":"Les Merveilles du Pacifique","article_modified_time":"2023-03-29T11:28:55+00:00","twitter_card":"summary_large_image","twitter_misc":{"Tempo estimado de leitura":"1 minuto"},"schema":{"@context":"https:\/\/schema.org","@graph":[{"@type":"WebSite","@id":"https:\/\/www.lesmerveillesdupacifique.com\/fr\/#website","url":"https:\/\/www.lesmerveillesdupacifique.com\/fr\/","name":"Les Merveilles du Pacifique","description":"Perles de culture de Tahiti","potentialAction":[{"@type":"SearchAction","target":{"@type":"EntryPoint","urlTemplate":"https:\/\/www.lesmerveillesdupacifique.com\/fr\/?s={search_term_string}"},"query-input":"required name=search_term_string"}],"inLanguage":"pt-PT"},{"@type":"WebPage","@id":"https:\/\/www.lesmerveillesdupacifique.com\/entretien-garantie\/#webpage","url":"https:\/\/www.lesmerveillesdupacifique.com\/entretien-garantie\/","name":"(Fran\u00e7ais) Entretien & Garantie - Les Merveilles du Pacifique","isPartOf":{"@id":"https:\/\/www.lesmerveillesdupacifique.com\/fr\/#website"},"datePublished":"2023-02-23T09:12:01+00:00","dateModified":"2023-03-29T11:28:55+00:00","breadcrumb":{"@id":"https:\/\/www.lesmerveillesdupacifique.com\/entretien-garantie\/#breadcrumb"},"inLanguage":"pt-PT","potentialAction":[{"@type":"ReadAction","target":["https:\/\/www.lesmerveillesdupacifique.com\/entretien-garantie\/"]}]},{"@type":"BreadcrumbList","@id":"https:\/\/www.lesmerveillesdupacifique.com\/entretien-garantie\/#breadcrumb","itemListElement":[{"@type":"ListItem","position":1,"name":"Accueil","item":"https:\/\/www.lesmerveillesdupacifique.com\/"},{"@type":"ListItem","position":2,"name":"Entretien &#038; Garantie"}]}]}},"acf":[],"_links":{"self":[{"href":"https:\/\/www.lesmerveillesdupacifique.com\/pt\/wp-json\/wp\/v2\/pages\/3828"}],"collection":[{"href":"https:\/\/www.lesmerveillesdupacifique.com\/pt\/wp-json\/wp\/v2\/pages"}],"about":[{"href":"https:\/\/www.lesmerveillesdupacifique.com\/pt\/wp-json\/wp\/v2\/types\/page"}],"author":[{"embeddable":true,"href":"https:\/\/www.lesmerveillesdupacifique.com\/pt\/wp-json\/wp\/v2\/users\/6"}],"replies":[{"embeddable":true,"href":"https:\/\/www.lesmerveillesdupacifique.com\/pt\/wp-json\/wp\/v2\/comments?post=3828"}],"version-history":[{"count":0,"href":"https:\/\/www.lesmerveillesdupacifique.com\/pt\/wp-json\/wp\/v2\/pages\/3828\/revisions"}],"wp:attachment":[{"href":"https:\/\/www.lesmerveillesdupacifique.com\/pt\/wp-json\/wp\/v2\/media?parent=3828"}],"curies":[{"name":"wp","href":"https:\/\/api.w.org\/{rel}","templated":true}]}}