{"id":3190,"date":"2021-04-13T10:50:08","date_gmt":"2021-04-13T08:50:08","guid":{"rendered":"https:\/\/www.lesmerveillesdupacifique.com\/?page_id=3190"},"modified":"2025-04-14T11:47:20","modified_gmt":"2025-04-14T09:47:20","slug":"5-etapes-de-la-formation-de-la-perle","status":"publish","type":"page","link":"https:\/\/www.lesmerveillesdupacifique.com\/pt\/5-etapes-de-la-formation-de-la-perle\/","title":{"rendered":"5 etapas de forma\u00e7\u00e3o da p\u00e9rola de Taiti"},"content":{"rendered":"<p>[vc_row][vc_column][vc_column_text][\/vc_column_text][\/vc_column][\/vc_row][vc_section full_width=&#8221;stretch_row&#8221; full_height=&#8221;yes&#8221; content_placement=&#8221;middle&#8221; css=&#8221;.vc_custom_1618839660246{background-image: url(https:\/\/www.lesmerveillesdupacifique.com\/wp-content\/uploads\/2018\/07\/home-1.jpg?id=690) !important;background-position: center !important;background-repeat: no-repeat !important;background-size: cover !important;}&#8221; el_class=&#8221;ripple-it&#8221;][vc_row][vc_column width=&#8221;1\/4&#8243;][\/vc_column][vc_column width=&#8221;1\/2&#8243;][vc_column_text el_class=&#8221;white-box-hero&#8221;]<\/p>\n<div class=\"page\" title=\"Page 1\">\n<div class=\"layoutArea\">\n<div class=\"column\">\n<h1 style=\"text-align: center;\">Formac\u0327a\u0303o da pe\u0301rola de Taiti<\/h1>\n<\/div>\n<\/div>\n<\/div>\n<div class=\"page\" title=\"Page 1\">\n<div class=\"layoutArea\">\n<div class=\"column\">\n<p>Contrariamente a\u0300s pe\u0301rolas naturais, as pe\u0301rolas de cultura oferecem colheitas maiores. O cultivo das pe\u0301rolas consiste na inserc\u0327a\u0303o dum sedimento dentro da ostra. Este processo que necessita da intervenc\u0327a\u0303o humana, permite a\u0300 ostra uma protec\u0327a\u0303o, criando uma camada de na\u0301car que se fixa a\u0300 volta deste sedimento. A formac\u0327a\u0303o da pe\u0301rola do Taiti compo\u0303e-se em 5 etapas:<\/p>\n<\/div>\n<\/div>\n<\/div>\n<p><span class=\"JsGRdQ\">\u00a0<\/span>[\/vc_column_text][\/vc_column][vc_column width=&#8221;1\/4&#8243;][\/vc_column][\/vc_row][\/vc_section][vc_section full_width=&#8221;stretch_row_content&#8221; css=&#8221;.vc_custom_1526544188055{margin: 0px !important;border-width: 0px !important;padding: 0px !important;background-color: #f9f9f9 !important;}&#8221;][vc_row full_width=&#8221;stretch_row_content_no_spaces&#8221; content_placement=&#8221;middle&#8221;][vc_column width=&#8221;1\/2&#8243; css=&#8221;.vc_custom_1526542990478{padding-right: 13% !important;padding-left: 13% !important;}&#8221;][vc_column_text]<\/p>\n<div class=\"page\" title=\"Page 1\">\n<div class=\"layoutArea\">\n<div class=\"column\">\n<h2 style=\"text-align: center;\">A origem<\/h2>\n<div class=\"page\" title=\"Page 1\">\n<div class=\"layoutArea\">\n<div class=\"column\">\n<p>A pe\u0301rola do Taiti e\u0301 cultivada exclusivamente nas lagoas poline\u0301sias, na ostra de la\u0301bio negro, conhecida igualmente por Pinctada Margaritifera. Esta designac\u0327a\u0303o refere-se simultaneamente ao tesouro e a\u0300 pe\u0301rola. A pe\u0301rola e\u0301 demasiado fra\u0301gil e so\u0301 vive em algumas lagoas do Paci\u0301fico. Este molusco tem a capacidade de se reproduzir facilmente de maneira regular sobretudo na transic\u0327a\u0303o das estac\u0327o\u0303es.<\/p>\n<\/div>\n<\/div>\n<\/div>\n<\/div>\n<\/div>\n<\/div>\n<p>[\/vc_column_text][\/vc_column][vc_column width=&#8221;1\/2&#8243;][vc_single_image image=&#8221;161&#8243; img_size=&#8221;full&#8221; css=&#8221;.vc_custom_1618839319103{margin-bottom: 0px !important;}&#8221;][\/vc_column][\/vc_row][\/vc_section][vc_section full_width=&#8221;stretch_row_content&#8221; css=&#8221;.vc_custom_1526544230546{margin: 0px !important;border-width: 0px !important;padding: 0px !important;background-color: #f9f9f9 !important;}&#8221;][vc_row full_width=&#8221;stretch_row_content_no_spaces&#8221; content_placement=&#8221;middle&#8221;][vc_column width=&#8221;1\/2&#8243;][vc_single_image image=&#8221;3193&#8243; img_size=&#8221;full&#8221; css=&#8221;.vc_custom_1618840594804{margin-bottom: 0px !important;}&#8221;][\/vc_column][vc_column width=&#8221;1\/2&#8243; css=&#8221;.vc_custom_1526543139723{padding-right: 13% !important;padding-left: 13% !important;}&#8221;][vc_column_text]<\/p>\n<div class=\"page\" title=\"Page 1\">\n<div class=\"layoutArea\">\n<div class=\"column\">\n<h2 style=\"text-align: center;\">A colheita das ovas<\/h2>\n<\/div>\n<\/div>\n<\/div>\n<div class=\"page\" title=\"Page 1\">\n<div class=\"layoutArea\">\n<div class=\"column\">\n<p>Durante o peri\u0301odo de germinac\u0327a\u0303o das ostras, os coletores instalados na lagoa permitem a\u0300s gametas machos e fe\u0302meas de se misturarem para darem nascenc\u0327a a\u0300s larvas de na\u0301car chamadas ovas. Estes coletores sa\u0303o pedac\u0327os de pla\u0301stico preto que permitem de capturar as larvas de na\u0301car que vem agarrar-se e crescer.<\/p>\n<\/div>\n<\/div>\n<\/div>\n<div class=\"page\" title=\"Page 1\">\n<div class=\"layoutArea\">\n<div class=\"column\">\n<p>Apo\u0301s terem recolhido as ovas, a operac\u0327a\u0303o de destruic\u0327a\u0303o comec\u0327a. Consiste em retirar as larvas (ovas) dos coletores. As ovas sa\u0303o assim perfuradas e suspensas por um fio nylon a\u0300s cordas chamadas cordo\u0303es que podem suportar entre 10 a 20 ostras. Este fio permite recrear uma ligac\u0327a\u0303o que une a ova ao coletor.<\/p>\n<\/div>\n<\/div>\n<\/div>\n<p>[\/vc_column_text][\/vc_column][\/vc_row][\/vc_section][vc_section full_width=&#8221;stretch_row_content&#8221; css=&#8221;.vc_custom_1526544272370{margin: 0px !important;border-width: 0px !important;padding: 0px !important;background-color: #f9f9f9 !important;}&#8221;][vc_row full_width=&#8221;stretch_row_content_no_spaces&#8221; content_placement=&#8221;middle&#8221;][vc_column width=&#8221;1\/2&#8243; css=&#8221;.vc_custom_1526543153898{padding-right: 13% !important;padding-left: 13% !important;}&#8221;][vc_column_text]<\/p>\n<div class=\"page\" title=\"Page 2\">\n<div class=\"layoutArea\">\n<div class=\"column\">\n<h2 style=\"text-align: center;\">A criac\u0327a\u0303o<\/h2>\n<\/div>\n<\/div>\n<\/div>\n<div class=\"page\" title=\"Page 2\">\n<div class=\"layoutArea\">\n<div class=\"column\">\n<p>A criac\u0327a\u0303o das ostras Pinctada Margaritifera requer uma o\u0301tima vigila\u0302ncia tanto na sau\u0301de como na protec\u0327a\u0303o contra os predadores naturais.<\/p>\n<div class=\"page\" title=\"Page 2\">\n<div class=\"layoutArea\">\n<div class=\"column\">\n<p>Para favorizar o crescimento, uma limpeza constante e minuciosa e\u0301 fundamental. Tre\u0302s a quatro vezes por ano, as ostras saem da a\u0301gua para serem limpas cuidadosamente. Este trabalho consiste a tirar todas as conchas, moluscos e algas que se colam e que vem perturbar o bom desenvolvimento da ostra.<\/p>\n<p>So\u0301 passado tre\u0302s anos e\u0301 que ostras podem ser transplantadas.<\/p>\n<\/div>\n<\/div>\n<\/div>\n<\/div>\n<\/div>\n<\/div>\n<p>[\/vc_column_text][\/vc_column][vc_column width=&#8221;1\/2&#8243;][vc_single_image image=&#8221;3196&#8243; img_size=&#8221;full&#8221; css=&#8221;.vc_custom_1618841039902{margin-bottom: 0px !important;}&#8221;][\/vc_column][\/vc_row][\/vc_section][vc_section full_width=&#8221;stretch_row_content&#8221; css=&#8221;.vc_custom_1526556748513{margin-top: 0px !important;margin-right: 0px !important;margin-bottom: 0px !important;margin-left: 0px !important;border-top-width: 0px !important;border-right-width: 0px !important;border-bottom-width: 0px !important;border-left-width: 0px !important;padding-top: 0px !important;padding-right: 0px !important;padding-bottom: 0px !important;padding-left: 0px !important;background-color: #f9f9f9 !important;}&#8221;][vc_row full_width=&#8221;stretch_row_content_no_spaces&#8221; content_placement=&#8221;middle&#8221;][vc_column width=&#8221;1\/2&#8243;][vc_single_image image=&#8221;3247&#8243; img_size=&#8221;full&#8221; css=&#8221;.vc_custom_1618902984099{margin-bottom: 0px !important;}&#8221;][\/vc_column][vc_column width=&#8221;1\/2&#8243; css=&#8221;.vc_custom_1526543311111{padding-right: 13% !important;padding-left: 13% !important;}&#8221;][vc_column_text]<\/p>\n<div class=\"page\" title=\"Page 2\">\n<div class=\"layoutArea\">\n<div class=\"column\">\n<h2 style=\"text-align: center;\">O transplante<\/h2>\n<\/div>\n<\/div>\n<\/div>\n<div class=\"page\" title=\"Page 2\">\n<div class=\"layoutArea\">\n<div class=\"column\">\n<p>Para obter uma pe\u0301rola de cultura do Taiti, e\u0301 necessa\u0301rio proceder a\u0300 etapa do transplante. Esta etapa consiste numa pequena incisa\u0303o na bolsa da pe\u0301rola para inserir um enxerto e um Nu\u0301cleo.<\/p>\n<\/div>\n<\/div>\n<\/div>\n<div class=\"page\" title=\"Page 2\">\n<div class=\"layoutArea\">\n<div class=\"column\">\n<ul>\n<li>Enxerto: parte da peli\u0301cula retirada da ostra dadora<\/li>\n<li>Nu\u0301cleo: esfera vinda duma parte da concha<\/li>\n<\/ul>\n<\/div>\n<\/div>\n<\/div>\n<div class=\"page\" title=\"Page 2\">\n<div class=\"layoutArea\">\n<div class=\"column\">\n<p>Depois desta operac\u0327a\u0303o, um peri\u0301odo de 45 dias e\u0301 necessa\u0301rio para saber se houve uma rejeic\u0327a\u0303o do nu\u0301cleo ou enta\u0303o a morte da ostra. Se ao contra\u0301rio, o nu\u0301cleo e o enxerto sa\u0303o aceites pela ostra transportadora, vai produzir durante 24 meses uma camada de na\u0301car para se proteger. O na\u0301car por sua vez, alcanc\u0327ara\u0301 uma espessura de 0,8mm no mi\u0301nimo para poder ser comercializado.<\/p>\n<\/div>\n<\/div>\n<\/div>\n<div class=\"page\" title=\"Page 2\">\n<div class=\"layoutArea\">\n<div class=\"column\">\n<p>Quando a ostra rejeita o nu\u0301cleo, o Keshi forma-se com o pequeno enxerto. Ao contra\u0301rio da pe\u0301rola, o Keshi na\u0303o conte\u0301m nu\u0301cleo esfe\u0301rico.<\/p>\n<\/div>\n<\/div>\n<\/div>\n<p>[\/vc_column_text][\/vc_column][\/vc_row][\/vc_section][vc_section full_width=&#8221;stretch_row_content&#8221; css=&#8221;.vc_custom_1526556754206{margin-top: 0px !important;margin-right: 0px !important;margin-bottom: 0px !important;margin-left: 0px !important;border-top-width: 0px !important;border-right-width: 0px !important;border-bottom-width: 0px !important;border-left-width: 0px !important;padding-top: 0px !important;padding-right: 0px !important;padding-bottom: 0px !important;padding-left: 0px !important;background-color: #f9f9f9 !important;}&#8221;][vc_row full_width=&#8221;stretch_row_content_no_spaces&#8221; content_placement=&#8221;middle&#8221;][vc_column width=&#8221;1\/2&#8243; css=&#8221;.vc_custom_1526554875205{padding-right: 13% !important;padding-left: 13% !important;}&#8221;][vc_column_text]<\/p>\n<div class=\"page\" title=\"Page 3\">\n<div class=\"layoutArea\">\n<div class=\"column\">\n<h2 style=\"text-align: center;\">A recolha<\/h2>\n<\/div>\n<\/div>\n<\/div>\n<div class=\"page\" title=\"Page 3\">\n<div class=\"layoutArea\">\n<div class=\"column\">\n<p>Apo\u0301s dois anos, puericultores tiram as ostras portadoras da a\u0301gua e fazem de novo uma transplantac\u0327a\u0303o para recolher as pe\u0301rolas.<\/p>\n<\/div>\n<\/div>\n<\/div>\n<div class=\"page\" title=\"Page 3\">\n<div class=\"layoutArea\">\n<div class=\"column\">\n<p>Assim que as outras estiverem limpas, o transplantador efetua uma nova incisa\u0303o para tirar a pe\u0301rola ou o Keshi (pe\u0301rola sem nu\u0301cleo). Se a ostra ma\u0303e for sa\u0303 e que o transplantador julgar que a qualidade das pe\u0301rolas recolhidas e\u0301 satisfato\u0301ria, a ostra e\u0301 mais uma vez transplantada com o nu\u0301cleo dum tamanho ide\u0302ntico.<\/p>\n<p>Uma vez recolhidas, as pe\u0301rolas e os Keshis sa\u0303o enxaguados e em seguida metidos num tambor para serem lavados e lustrar.<\/p>\n<\/div>\n<\/div>\n<\/div>\n<p>[\/vc_column_text][\/vc_column][vc_column width=&#8221;1\/2&#8243;][vc_single_image image=&#8221;3266&#8243; img_size=&#8221;full&#8221; css=&#8221;.vc_custom_1618915884883{margin-bottom: 0px !important;}&#8221;][\/vc_column][\/vc_row][\/vc_section][vc_row][vc_column][vc_single_image image=&#8221;3197&#8243; img_size=&#8221;full&#8221; alignment=&#8221;center&#8221;][\/vc_column][\/vc_row][vc_row][vc_column][vc_column_text][\/vc_column_text][\/vc_column][\/vc_row]<\/p>","protected":false},"excerpt":{"rendered":"<p>[vc_row][vc_column][vc_column_text][\/vc_column_text][\/vc_column][\/vc_row][vc_section full_width=&#8221;stretch_row&#8221; full_height=&#8221;yes&#8221; content_placement=&#8221;middle&#8221; css=&#8221;.vc_custom_1618839660246{background-image: url(https:\/\/www.lesmerveillesdupacifique.com\/wp-content\/uploads\/2018\/07\/home-1.jpg?id=690) !important;background-position: center !important;background-repeat: no-repeat !important;background-size: cover !important;}&#8221; el_class=&#8221;ripple-it&#8221;][vc_row][vc_column width=&#8221;1\/4&#8243;][\/vc_column][vc_column width=&#8221;1\/2&#8243;][vc_column_text el_class=&#8221;white-box-hero&#8221;] Formac\u0327a\u0303o da pe\u0301rola de Taiti Contrariamente a\u0300s pe\u0301rolas naturais, as pe\u0301rolas de cultura&hellip;<\/p>\n","protected":false},"author":6,"featured_media":0,"parent":0,"menu_order":2,"comment_status":"closed","ping_status":"closed","template":"","meta":{"_mi_skip_tracking":false},"yoast_head":"<!-- This site is optimized with the Yoast SEO plugin v18.3 - https:\/\/yoast.com\/wordpress\/plugins\/seo\/ -->\n<title>Comment se forment les perles ? 5 \u00e9tapes de formation des perles de culture<\/title>\n<meta name=\"description\" content=\"Comment se forment les perles d&#039;hu\u00eetres ? D\u00e9couvrez les 5 \u00e9tapes de formation des perles de culture.\" \/>\n<meta name=\"robots\" content=\"index, follow, max-snippet:-1, max-image-preview:large, max-video-preview:-1\" \/>\n<link rel=\"canonical\" href=\"https:\/\/www.lesmerveillesdupacifique.com\/pt\/5-etapes-de-la-formation-de-la-perle\/\" \/>\n<meta property=\"og:locale\" content=\"pt_PT\" \/>\n<meta property=\"og:type\" content=\"article\" \/>\n<meta property=\"og:title\" content=\"Comment se forment les perles ? 5 \u00e9tapes de formation des perles de culture\" \/>\n<meta property=\"og:description\" content=\"Comment se forment les perles d&#039;hu\u00eetres ? D\u00e9couvrez les 5 \u00e9tapes de formation des perles de culture.\" \/>\n<meta property=\"og:url\" content=\"https:\/\/www.lesmerveillesdupacifique.com\/5-etapes-de-la-formation-de-la-perle\/\" \/>\n<meta property=\"og:site_name\" content=\"Les Merveilles du Pacifique\" \/>\n<meta property=\"article:modified_time\" content=\"2025-04-14T09:47:20+00:00\" \/>\n<meta name=\"twitter:card\" content=\"summary_large_image\" \/>\n<meta name=\"twitter:label1\" content=\"Tempo estimado de leitura\" \/>\n\t<meta name=\"twitter:data1\" content=\"4 minutos\" \/>\n<script type=\"application\/ld+json\" class=\"yoast-schema-graph\">{\"@context\":\"https:\/\/schema.org\",\"@graph\":[{\"@type\":\"WebSite\",\"@id\":\"https:\/\/www.lesmerveillesdupacifique.com\/fr\/#website\",\"url\":\"https:\/\/www.lesmerveillesdupacifique.com\/fr\/\",\"name\":\"Les Merveilles du Pacifique\",\"description\":\"Perles de culture de Tahiti\",\"potentialAction\":[{\"@type\":\"SearchAction\",\"target\":{\"@type\":\"EntryPoint\",\"urlTemplate\":\"https:\/\/www.lesmerveillesdupacifique.com\/fr\/?s={search_term_string}\"},\"query-input\":\"required name=search_term_string\"}],\"inLanguage\":\"pt-PT\"},{\"@type\":\"WebPage\",\"@id\":\"https:\/\/www.lesmerveillesdupacifique.com\/5-etapes-de-la-formation-de-la-perle\/#webpage\",\"url\":\"https:\/\/www.lesmerveillesdupacifique.com\/5-etapes-de-la-formation-de-la-perle\/\",\"name\":\"Comment se forment les perles ? 5 \u00e9tapes de formation des perles de culture\",\"isPartOf\":{\"@id\":\"https:\/\/www.lesmerveillesdupacifique.com\/fr\/#website\"},\"datePublished\":\"2021-04-13T08:50:08+00:00\",\"dateModified\":\"2025-04-14T09:47:20+00:00\",\"description\":\"Comment se forment les perles d'hu\u00eetres ? D\u00e9couvrez les 5 \u00e9tapes de formation des perles de culture.\",\"breadcrumb\":{\"@id\":\"https:\/\/www.lesmerveillesdupacifique.com\/5-etapes-de-la-formation-de-la-perle\/#breadcrumb\"},\"inLanguage\":\"pt-PT\",\"potentialAction\":[{\"@type\":\"ReadAction\",\"target\":[\"https:\/\/www.lesmerveillesdupacifique.com\/5-etapes-de-la-formation-de-la-perle\/\"]}]},{\"@type\":\"BreadcrumbList\",\"@id\":\"https:\/\/www.lesmerveillesdupacifique.com\/5-etapes-de-la-formation-de-la-perle\/#breadcrumb\",\"itemListElement\":[{\"@type\":\"ListItem\",\"position\":1,\"name\":\"Accueil\",\"item\":\"https:\/\/www.lesmerveillesdupacifique.com\/\"},{\"@type\":\"ListItem\",\"position\":2,\"name\":\"Les 5 \u00e9tapes de la formation de la perle\"}]}]}<\/script>\n<!-- \/ Yoast SEO plugin. -->","yoast_head_json":{"title":"Comment se forment les perles ? 5 \u00e9tapes de formation des perles de culture","description":"Comment se forment les perles d'hu\u00eetres ? D\u00e9couvrez les 5 \u00e9tapes de formation des perles de culture.","robots":{"index":"index","follow":"follow","max-snippet":"max-snippet:-1","max-image-preview":"max-image-preview:large","max-video-preview":"max-video-preview:-1"},"canonical":"https:\/\/www.lesmerveillesdupacifique.com\/pt\/5-etapes-de-la-formation-de-la-perle\/","og_locale":"pt_PT","og_type":"article","og_title":"Comment se forment les perles ? 5 \u00e9tapes de formation des perles de culture","og_description":"Comment se forment les perles d'hu\u00eetres ? D\u00e9couvrez les 5 \u00e9tapes de formation des perles de culture.","og_url":"https:\/\/www.lesmerveillesdupacifique.com\/5-etapes-de-la-formation-de-la-perle\/","og_site_name":"Les Merveilles du Pacifique","article_modified_time":"2025-04-14T09:47:20+00:00","twitter_card":"summary_large_image","twitter_misc":{"Tempo estimado de leitura":"4 minutos"},"schema":{"@context":"https:\/\/schema.org","@graph":[{"@type":"WebSite","@id":"https:\/\/www.lesmerveillesdupacifique.com\/fr\/#website","url":"https:\/\/www.lesmerveillesdupacifique.com\/fr\/","name":"Les Merveilles du Pacifique","description":"Perles de culture de Tahiti","potentialAction":[{"@type":"SearchAction","target":{"@type":"EntryPoint","urlTemplate":"https:\/\/www.lesmerveillesdupacifique.com\/fr\/?s={search_term_string}"},"query-input":"required name=search_term_string"}],"inLanguage":"pt-PT"},{"@type":"WebPage","@id":"https:\/\/www.lesmerveillesdupacifique.com\/5-etapes-de-la-formation-de-la-perle\/#webpage","url":"https:\/\/www.lesmerveillesdupacifique.com\/5-etapes-de-la-formation-de-la-perle\/","name":"Comment se forment les perles ? 5 \u00e9tapes de formation des perles de culture","isPartOf":{"@id":"https:\/\/www.lesmerveillesdupacifique.com\/fr\/#website"},"datePublished":"2021-04-13T08:50:08+00:00","dateModified":"2025-04-14T09:47:20+00:00","description":"Comment se forment les perles d'hu\u00eetres ? D\u00e9couvrez les 5 \u00e9tapes de formation des perles de culture.","breadcrumb":{"@id":"https:\/\/www.lesmerveillesdupacifique.com\/5-etapes-de-la-formation-de-la-perle\/#breadcrumb"},"inLanguage":"pt-PT","potentialAction":[{"@type":"ReadAction","target":["https:\/\/www.lesmerveillesdupacifique.com\/5-etapes-de-la-formation-de-la-perle\/"]}]},{"@type":"BreadcrumbList","@id":"https:\/\/www.lesmerveillesdupacifique.com\/5-etapes-de-la-formation-de-la-perle\/#breadcrumb","itemListElement":[{"@type":"ListItem","position":1,"name":"Accueil","item":"https:\/\/www.lesmerveillesdupacifique.com\/"},{"@type":"ListItem","position":2,"name":"Les 5 \u00e9tapes de la formation de la perle"}]}]}},"acf":[],"_links":{"self":[{"href":"https:\/\/www.lesmerveillesdupacifique.com\/pt\/wp-json\/wp\/v2\/pages\/3190"}],"collection":[{"href":"https:\/\/www.lesmerveillesdupacifique.com\/pt\/wp-json\/wp\/v2\/pages"}],"about":[{"href":"https:\/\/www.lesmerveillesdupacifique.com\/pt\/wp-json\/wp\/v2\/types\/page"}],"author":[{"embeddable":true,"href":"https:\/\/www.lesmerveillesdupacifique.com\/pt\/wp-json\/wp\/v2\/users\/6"}],"replies":[{"embeddable":true,"href":"https:\/\/www.lesmerveillesdupacifique.com\/pt\/wp-json\/wp\/v2\/comments?post=3190"}],"version-history":[{"count":2,"href":"https:\/\/www.lesmerveillesdupacifique.com\/pt\/wp-json\/wp\/v2\/pages\/3190\/revisions"}],"predecessor-version":[{"id":4307,"href":"https:\/\/www.lesmerveillesdupacifique.com\/pt\/wp-json\/wp\/v2\/pages\/3190\/revisions\/4307"}],"wp:attachment":[{"href":"https:\/\/www.lesmerveillesdupacifique.com\/pt\/wp-json\/wp\/v2\/media?parent=3190"}],"curies":[{"name":"wp","href":"https:\/\/api.w.org\/{rel}","templated":true}]}}