{"id":2289,"date":"2020-05-27T17:33:56","date_gmt":"2020-05-27T15:33:56","guid":{"rendered":"http:\/\/www.lesmerveillesdupacifique.com\/prod\/?page_id=2289"},"modified":"2020-12-01T16:37:56","modified_gmt":"2020-12-01T15:37:56","slug":"espace-professionnel","status":"publish","type":"page","link":"https:\/\/www.lesmerveillesdupacifique.com\/pt\/espace-professionnel\/","title":{"rendered":"Espa\u00e7o profissional"},"content":{"rendered":"<p>[vc_section css=&#8221;.vc_custom_1590741721850{margin-top: -25px !important;}&#8221;][vc_row css=&#8221;.vc_custom_1590742404139{margin-bottom: 50px !important;}&#8221; el_class=&#8221;pro-msg&#8221;][vc_column width=&#8221;1\/6&#8243;][\/vc_column][vc_column width=&#8221;2\/3&#8243;][vc_column_text]<\/p>\n<h3 style=\"text-align: center;\">\u00c9 profissional do setor da bijuteria\/joalharia?<\/h3>\n<div class=\"\" style=\"text-align: center;\">\n<p>Crie uma conta profissional no nosso site para visualizar os pre\u00e7os de compra para profissionais e obtenha 3% de desconto numa encomenda efetuada online.<\/p>\n<\/div>\n<div class=\"\" style=\"text-align: center;\">\n<p>O seu pedido de conta ser\u00e1 validado por n\u00f3s, o que poder\u00e1 demorar algumas horas.<\/p>\n<\/div>\n<div class=\"\" style=\"text-align: center;\">\n<p>Por predefini\u00e7\u00e3o, se n\u00e3o aceder \u00e0 sua conta profissional, os pre\u00e7os s\u00e3o apresentados como pre\u00e7os ao p\u00fablico em geral.<\/p>\n<\/div>\n<p>[\/vc_column_text][\/vc_column][vc_column width=&#8221;1\/6&#8243;][\/vc_column][\/vc_row][vc_row][vc_column]<div class=\"woocommerce\"><\/div>[vc_raw_js]JTNDc2NyaXB0JTNFJTBBZG9jdW1lbnQuZ2V0RWxlbWVudEJ5SWQlMjglMjdiMmJfcm9sZSUyNyUyOS5zZWxlY3RlZEluZGV4JTIwJTNEJTIwMCUzQiUwQWRvY3VtZW50LmdldEVsZW1lbnRCeUlkJTI4JTI3YjJiX3JvbGUlMjclMjkudmFsdWUlMjAlM0QlMjAlMjcxX19wcm9mZXNzaW9ubmVscyUyNyUzQiUwQSUzQyUyRnNjcmlwdCUzRSUwQSUwQQ==[\/vc_raw_js][\/vc_column][\/vc_row][\/vc_section]<\/p>","protected":false},"excerpt":{"rendered":"<p>[vc_section css=&#8221;.vc_custom_1590741721850{margin-top: -25px !important;}&#8221;][vc_row css=&#8221;.vc_custom_1590742404139{margin-bottom: 50px !important;}&#8221; el_class=&#8221;pro-msg&#8221;][vc_column width=&#8221;1\/6&#8243;][\/vc_column][vc_column width=&#8221;2\/3&#8243;][vc_column_text] \u00c9 profissional do setor da bijuteria\/joalharia? Crie uma conta profissional no nosso site para visualizar os pre\u00e7os de compra para&hellip;<\/p>\n","protected":false},"author":1,"featured_media":0,"parent":0,"menu_order":10,"comment_status":"closed","ping_status":"closed","template":"","meta":{"_mi_skip_tracking":false},"yoast_head":"<!-- This site is optimized with the Yoast SEO plugin v18.3 - https:\/\/yoast.com\/wordpress\/plugins\/seo\/ -->\n<title>Espa\u00e7o profissional - Les Merveilles du Pacifique<\/title>\n<meta name=\"robots\" content=\"index, follow, max-snippet:-1, max-image-preview:large, max-video-preview:-1\" \/>\n<link rel=\"canonical\" href=\"https:\/\/www.lesmerveillesdupacifique.com\/pt\/espace-professionnel\/\" \/>\n<meta property=\"og:locale\" content=\"pt_PT\" \/>\n<meta property=\"og:type\" content=\"article\" \/>\n<meta property=\"og:title\" content=\"Espa\u00e7o profissional - Les Merveilles du Pacifique\" \/>\n<meta property=\"og:description\" content=\"[vc_section css=&#8221;.vc_custom_1590741721850{margin-top: -25px !important;}&#8221;][vc_row css=&#8221;.vc_custom_1590742404139{margin-bottom: 50px !important;}&#8221; el_class=&#8221;pro-msg&#8221;][vc_column width=&#8221;1\/6&#8243;][\/vc_column][vc_column width=&#8221;2\/3&#8243;][vc_column_text] \u00c9 profissional do setor da bijuteria\/joalharia? Crie uma conta profissional no nosso site para visualizar os pre\u00e7os de compra para&hellip;\" \/>\n<meta property=\"og:url\" content=\"https:\/\/www.lesmerveillesdupacifique.com\/fr\/espace-professionnel\/\" \/>\n<meta property=\"og:site_name\" content=\"Les Merveilles du Pacifique\" \/>\n<meta property=\"article:modified_time\" content=\"2020-12-01T15:37:56+00:00\" \/>\n<meta name=\"twitter:card\" content=\"summary_large_image\" \/>\n<meta name=\"twitter:label1\" content=\"Tempo estimado de leitura\" \/>\n\t<meta name=\"twitter:data1\" content=\"4 minutos\" \/>\n<script type=\"application\/ld+json\" class=\"yoast-schema-graph\">{\"@context\":\"https:\/\/schema.org\",\"@graph\":[{\"@type\":\"WebSite\",\"@id\":\"https:\/\/www.lesmerveillesdupacifique.com\/fr\/#website\",\"url\":\"https:\/\/www.lesmerveillesdupacifique.com\/fr\/\",\"name\":\"Les Merveilles du Pacifique\",\"description\":\"Perles de culture de Tahiti\",\"potentialAction\":[{\"@type\":\"SearchAction\",\"target\":{\"@type\":\"EntryPoint\",\"urlTemplate\":\"https:\/\/www.lesmerveillesdupacifique.com\/fr\/?s={search_term_string}\"},\"query-input\":\"required name=search_term_string\"}],\"inLanguage\":\"pt-PT\"},{\"@type\":\"WebPage\",\"@id\":\"https:\/\/www.lesmerveillesdupacifique.com\/fr\/espace-professionnel\/#webpage\",\"url\":\"https:\/\/www.lesmerveillesdupacifique.com\/fr\/espace-professionnel\/\",\"name\":\"Espa\u00e7o profissional - Les Merveilles du Pacifique\",\"isPartOf\":{\"@id\":\"https:\/\/www.lesmerveillesdupacifique.com\/fr\/#website\"},\"datePublished\":\"2020-05-27T15:33:56+00:00\",\"dateModified\":\"2020-12-01T15:37:56+00:00\",\"breadcrumb\":{\"@id\":\"https:\/\/www.lesmerveillesdupacifique.com\/fr\/espace-professionnel\/#breadcrumb\"},\"inLanguage\":\"pt-PT\",\"potentialAction\":[{\"@type\":\"ReadAction\",\"target\":[\"https:\/\/www.lesmerveillesdupacifique.com\/fr\/espace-professionnel\/\"]}]},{\"@type\":\"BreadcrumbList\",\"@id\":\"https:\/\/www.lesmerveillesdupacifique.com\/fr\/espace-professionnel\/#breadcrumb\",\"itemListElement\":[{\"@type\":\"ListItem\",\"position\":1,\"name\":\"Accueil\",\"item\":\"https:\/\/www.lesmerveillesdupacifique.com\/\"},{\"@type\":\"ListItem\",\"position\":2,\"name\":\"Espace professionnel\"}]}]}<\/script>\n<!-- \/ Yoast SEO plugin. -->","yoast_head_json":{"title":"Espa\u00e7o profissional - Les Merveilles du Pacifique","robots":{"index":"index","follow":"follow","max-snippet":"max-snippet:-1","max-image-preview":"max-image-preview:large","max-video-preview":"max-video-preview:-1"},"canonical":"https:\/\/www.lesmerveillesdupacifique.com\/pt\/espace-professionnel\/","og_locale":"pt_PT","og_type":"article","og_title":"Espa\u00e7o profissional - Les Merveilles du Pacifique","og_description":"[vc_section css=&#8221;.vc_custom_1590741721850{margin-top: -25px !important;}&#8221;][vc_row css=&#8221;.vc_custom_1590742404139{margin-bottom: 50px !important;}&#8221; el_class=&#8221;pro-msg&#8221;][vc_column width=&#8221;1\/6&#8243;][\/vc_column][vc_column width=&#8221;2\/3&#8243;][vc_column_text] \u00c9 profissional do setor da bijuteria\/joalharia? Crie uma conta profissional no nosso site para visualizar os pre\u00e7os de compra para&hellip;","og_url":"https:\/\/www.lesmerveillesdupacifique.com\/fr\/espace-professionnel\/","og_site_name":"Les Merveilles du Pacifique","article_modified_time":"2020-12-01T15:37:56+00:00","twitter_card":"summary_large_image","twitter_misc":{"Tempo estimado de leitura":"4 minutos"},"schema":{"@context":"https:\/\/schema.org","@graph":[{"@type":"WebSite","@id":"https:\/\/www.lesmerveillesdupacifique.com\/fr\/#website","url":"https:\/\/www.lesmerveillesdupacifique.com\/fr\/","name":"Les Merveilles du Pacifique","description":"Perles de culture de Tahiti","potentialAction":[{"@type":"SearchAction","target":{"@type":"EntryPoint","urlTemplate":"https:\/\/www.lesmerveillesdupacifique.com\/fr\/?s={search_term_string}"},"query-input":"required name=search_term_string"}],"inLanguage":"pt-PT"},{"@type":"WebPage","@id":"https:\/\/www.lesmerveillesdupacifique.com\/fr\/espace-professionnel\/#webpage","url":"https:\/\/www.lesmerveillesdupacifique.com\/fr\/espace-professionnel\/","name":"Espa\u00e7o profissional - Les Merveilles du Pacifique","isPartOf":{"@id":"https:\/\/www.lesmerveillesdupacifique.com\/fr\/#website"},"datePublished":"2020-05-27T15:33:56+00:00","dateModified":"2020-12-01T15:37:56+00:00","breadcrumb":{"@id":"https:\/\/www.lesmerveillesdupacifique.com\/fr\/espace-professionnel\/#breadcrumb"},"inLanguage":"pt-PT","potentialAction":[{"@type":"ReadAction","target":["https:\/\/www.lesmerveillesdupacifique.com\/fr\/espace-professionnel\/"]}]},{"@type":"BreadcrumbList","@id":"https:\/\/www.lesmerveillesdupacifique.com\/fr\/espace-professionnel\/#breadcrumb","itemListElement":[{"@type":"ListItem","position":1,"name":"Accueil","item":"https:\/\/www.lesmerveillesdupacifique.com\/"},{"@type":"ListItem","position":2,"name":"Espace professionnel"}]}]}},"acf":[],"_links":{"self":[{"href":"https:\/\/www.lesmerveillesdupacifique.com\/pt\/wp-json\/wp\/v2\/pages\/2289"}],"collection":[{"href":"https:\/\/www.lesmerveillesdupacifique.com\/pt\/wp-json\/wp\/v2\/pages"}],"about":[{"href":"https:\/\/www.lesmerveillesdupacifique.com\/pt\/wp-json\/wp\/v2\/types\/page"}],"author":[{"embeddable":true,"href":"https:\/\/www.lesmerveillesdupacifique.com\/pt\/wp-json\/wp\/v2\/users\/1"}],"replies":[{"embeddable":true,"href":"https:\/\/www.lesmerveillesdupacifique.com\/pt\/wp-json\/wp\/v2\/comments?post=2289"}],"version-history":[{"count":0,"href":"https:\/\/www.lesmerveillesdupacifique.com\/pt\/wp-json\/wp\/v2\/pages\/2289\/revisions"}],"wp:attachment":[{"href":"https:\/\/www.lesmerveillesdupacifique.com\/pt\/wp-json\/wp\/v2\/media?parent=2289"}],"curies":[{"name":"wp","href":"https:\/\/api.w.org\/{rel}","templated":true}]}}