{"id":224,"date":"2018-05-18T12:08:00","date_gmt":"2018-05-18T10:08:00","guid":{"rendered":"http:\/\/www.lesmerveillesdupacifique.com\/prod\/?page_id=224"},"modified":"2021-04-21T12:56:43","modified_gmt":"2021-04-21T10:56:43","slug":"criteres-de-qualite","status":"publish","type":"page","link":"https:\/\/www.lesmerveillesdupacifique.com\/pt\/criteres-de-qualite\/","title":{"rendered":"Crit\u00e9rios da p\u00e9rola"},"content":{"rendered":"<p>[vc_section full_width=&#8221;stretch_row_content&#8221; css=&#8221;.vc_custom_1526638628649{margin-top: 0px !important;margin-right: 0px !important;margin-bottom: 0px !important;margin-left: 0px !important;border-top-width: 0px !important;border-right-width: 0px !important;border-bottom-width: 0px !important;border-left-width: 0px !important;padding-top: 0px !important;padding-right: 0px !important;padding-bottom: 0px !important;padding-left: 0px !important;}&#8221;][vc_row][vc_column][vc_column_text]<\/p>\n<h2 style=\"text-align: center;\"><strong>Crit\u00e9rios da p\u00e9rola<\/strong><\/h2>\n<p style=\"text-align: center;\">Tal como acontece com o diamante com os 5C, a p\u00e9rola tem os seus crit\u00e9rios de qualidade chamados 5S.<br \/>\nOs 5S significam Shape (forma), Size (tamanho), Shine (lustro), Surface (qualidade da superf\u00edcie), Shade (tonalidade).<br \/>\nTodos estes crit\u00e9rios s\u00e3o determinantes para avaliar uma p\u00e9rola.<\/p>\n<p>[\/vc_column_text][vc_single_image image=&#8221;243&#8243; img_size=&#8221;full&#8221; alignment=&#8221;center&#8221;][\/vc_column][\/vc_row][\/vc_section][vc_section full_width=&#8221;stretch_row_content&#8221; css=&#8221;.vc_custom_1539074493027{margin-top: 0px !important;margin-right: 0px !important;margin-bottom: 0px !important;margin-left: 0px !important;border-top-width: 0px !important;border-right-width: 0px !important;border-bottom-width: 0px !important;border-left-width: 0px !important;padding-top: 0px !important;padding-right: 0px !important;padding-bottom: 0px !important;padding-left: 0px !important;background-color: #f9f9f9 !important;}&#8221;][vc_row full_width=&#8221;stretch_row_content_no_spaces&#8221; content_placement=&#8221;middle&#8221;][vc_column width=&#8221;1\/2&#8243; css=&#8221;.vc_custom_1526542990478{padding-right: 13% !important;padding-left: 13% !important;}&#8221;][vc_column_text]<\/p>\n<h2 style=\"text-align: center;\">S de Shape<br \/>\n(Forma)<\/h2>\n<p style=\"text-align: center;\">As p\u00e9rolas do Taiti podem ter 7 formas diferentes:<\/p>\n<p style=\"text-align: center;\"><strong>Redonda<\/strong> (esfera perfeita),\u00a0<strong>Bot\u00e3o<\/strong> (esfera achatada de um lado ou esfera com largura alongada),\u00a0<strong>Oval<\/strong> (esfera com comprimento alongado),\u00a0<strong>Gota<\/strong> (p\u00e9rola alongada e perfeitamente sim\u00e9trica; o nome descreve bem a sua forma),\u00a0<strong>Barroca<\/strong> (forma irregular e assim\u00e9trica),\u00a0<strong>Semibarroca<\/strong> (apresenta um eixo de simetria, mas possui uma irregularidade no topo da p\u00e9rola, anel ou outro),\u00a0<strong>Anelada<\/strong> (apresenta um ou v\u00e1rios c\u00edrculos conc\u00eantricos vis\u00edveis, quer devido ao relevo, quer devido \u00e0 varia\u00e7\u00e3o de cor)<\/p>\n<p style=\"text-align: center;\">De referir que as p\u00e9rolas redondas s\u00e3o as p\u00e9rolas do Taiti mais procuradas e caras.<\/p>\n<p>[\/vc_column_text][\/vc_column][vc_column width=&#8221;1\/2&#8243;][vc_single_image image=&#8221;1388&#8243; img_size=&#8221;full&#8221;][\/vc_column][\/vc_row][\/vc_section][vc_section full_width=&#8221;stretch_row_content&#8221; css=&#8221;.vc_custom_1526556748513{margin-top: 0px !important;margin-right: 0px !important;margin-bottom: 0px !important;margin-left: 0px !important;border-top-width: 0px !important;border-right-width: 0px !important;border-bottom-width: 0px !important;border-left-width: 0px !important;padding-top: 0px !important;padding-right: 0px !important;padding-bottom: 0px !important;padding-left: 0px !important;background-color: #f9f9f9 !important;}&#8221;][vc_row full_width=&#8221;stretch_row_content_no_spaces&#8221; content_placement=&#8221;middle&#8221;][vc_column width=&#8221;1\/2&#8243;][vc_single_image image=&#8221;1132&#8243; img_size=&#8221;full&#8221;][\/vc_column][vc_column width=&#8221;1\/2&#8243; css=&#8221;.vc_custom_1526543311111{padding-right: 13% !important;padding-left: 13% !important;}&#8221;][vc_column_text]<\/p>\n<h2 style=\"text-align: center;\">S de Size<br \/>\n(Tamanho)<\/h2>\n<p style=\"text-align: center;\">O tamanho de uma p\u00e9rola do Taiti varia geralmente entre 8 mm e 15 mm, sendo que as mais pequenas t\u00eam entre 7 e 8 mm e s\u00e3o mais raras. As maiores chegam a medir 20 mm. Uma p\u00e9rola com mais de 20 mm \u00e9 de natureza excecional. Atualmente, a detentora do recorde \u00e9 uma p\u00e9rola do Taiti com 22,5\u00a0mm.<\/p>\n<p>[\/vc_column_text][\/vc_column][\/vc_row][\/vc_section][vc_section full_width=&#8221;stretch_row_content&#8221; css=&#8221;.vc_custom_1526556754206{margin-top: 0px !important;margin-right: 0px !important;margin-bottom: 0px !important;margin-left: 0px !important;border-top-width: 0px !important;border-right-width: 0px !important;border-bottom-width: 0px !important;border-left-width: 0px !important;padding-top: 0px !important;padding-right: 0px !important;padding-bottom: 0px !important;padding-left: 0px !important;background-color: #f9f9f9 !important;}&#8221;][vc_row full_width=&#8221;stretch_row_content_no_spaces&#8221; content_placement=&#8221;middle&#8221;][vc_column width=&#8221;1\/2&#8243; css=&#8221;.vc_custom_1526554875205{padding-right: 13% !important;padding-left: 13% !important;}&#8221;][vc_column_text]<\/p>\n<h2 style=\"text-align: center;\">S de Shine<br \/>\n(Lustro e Oriente)<\/h2>\n<p style=\"text-align: center;\">O lustro \u00e9 o reflexo da luz sobre a superf\u00edcie da p\u00e9rola. \u00c9 o brilho da p\u00e9rola.<br \/>\nPode ser excelente, bom (muito brilhante ou brilhante),\u00a0desbotado ou ba\u00e7o\/fraco (a p\u00e9rola ser\u00e1 mate).<\/p>\n<p style=\"text-align: center;\">O oriente \u00e9 o reflexo da luz atrav\u00e9s das diferentes camadas de n\u00e1cares chamado cristais de aragonite. Quanto mais finas e numerosas forem as camadas, mais oriente ter\u00e1 a p\u00e9rola.<br \/>\nPode ser excelente, muito bom, bom, m\u00e9dio ou fraco.<\/p>\n<p>[\/vc_column_text][\/vc_column][vc_column width=&#8221;1\/2&#8243;][vc_images_carousel images=&#8221;1123,1122,1124&#8243; img_size=&#8221;full&#8221; onclick=&#8221;link_no&#8221; speed=&#8221;3000&#8243; autoplay=&#8221;yes&#8221; wrap=&#8221;yes&#8221;][\/vc_column][\/vc_row][\/vc_section][vc_section full_width=&#8221;stretch_row_content&#8221; css=&#8221;.vc_custom_1526556754206{margin-top: 0px !important;margin-right: 0px !important;margin-bottom: 0px !important;margin-left: 0px !important;border-top-width: 0px !important;border-right-width: 0px !important;border-bottom-width: 0px !important;border-left-width: 0px !important;padding-top: 0px !important;padding-right: 0px !important;padding-bottom: 0px !important;padding-left: 0px !important;background-color: #f9f9f9 !important;}&#8221;][vc_row full_width=&#8221;stretch_row_content_no_spaces&#8221; content_placement=&#8221;middle&#8221;][vc_column width=&#8221;1\/2&#8243;][vc_images_carousel images=&#8221;1130,1129,1128,1127&#8243; img_size=&#8221;full&#8221; onclick=&#8221;link_no&#8221; speed=&#8221;3000&#8243; autoplay=&#8221;yes&#8221; wrap=&#8221;yes&#8221;][\/vc_column][vc_column width=&#8221;1\/2&#8243; css=&#8221;.vc_custom_1526558579025{padding-right: 13% !important;padding-left: 13% !important;}&#8221;][vc_column_text]<\/p>\n<h2 style=\"text-align: center;\">S de Surface<br \/>\n(Qualidade da superf\u00edcie)<\/h2>\n<p style=\"text-align: center;\">Utilizamos o sistema de avalia\u00e7\u00e3o A-B-C-D implementado pelos perlicultores da Polin\u00e9sia.<\/p>\n<p style=\"text-align: center;\">A combina\u00e7\u00e3o do lustro com o estado da superf\u00edcie permite classificar as p\u00e9rolas do Taiti em 5 categorias.<\/p>\n<p style=\"text-align: center;\"><img loading=\"lazy\" class=\"alignnone wp-image-2984 size-full\" src=\"https:\/\/www.lesmerveillesdupacifique.com\/wp-content\/uploads\/2020\/11\/Capture-decran-2020-11-30-a-16.48.20.png\" alt=\"\" width=\"954\" height=\"730\" srcset=\"https:\/\/www.lesmerveillesdupacifique.com\/wp-content\/uploads\/2020\/11\/Capture-decran-2020-11-30-a-16.48.20.png 954w, https:\/\/www.lesmerveillesdupacifique.com\/wp-content\/uploads\/2020\/11\/Capture-decran-2020-11-30-a-16.48.20-300x230.png 300w, https:\/\/www.lesmerveillesdupacifique.com\/wp-content\/uploads\/2020\/11\/Capture-decran-2020-11-30-a-16.48.20-768x588.png 768w, https:\/\/www.lesmerveillesdupacifique.com\/wp-content\/uploads\/2020\/11\/Capture-decran-2020-11-30-a-16.48.20-660x505.png 660w, https:\/\/www.lesmerveillesdupacifique.com\/wp-content\/uploads\/2020\/11\/Capture-decran-2020-11-30-a-16.48.20-840x643.png 840w\" sizes=\"(max-width: 954px) 100vw, 954px\" \/><\/p>\n<p>[\/vc_column_text][\/vc_column][\/vc_row][\/vc_section][vc_section full_width=&#8221;stretch_row_content&#8221; css=&#8221;.vc_custom_1526556754206{margin-top: 0px !important;margin-right: 0px !important;margin-bottom: 0px !important;margin-left: 0px !important;border-top-width: 0px !important;border-right-width: 0px !important;border-bottom-width: 0px !important;border-left-width: 0px !important;padding-top: 0px !important;padding-right: 0px !important;padding-bottom: 0px !important;padding-left: 0px !important;background-color: #f9f9f9 !important;}&#8221;][vc_row full_width=&#8221;stretch_row_content_no_spaces&#8221; content_placement=&#8221;middle&#8221;][vc_column width=&#8221;1\/2&#8243; css=&#8221;.vc_custom_1526554875205{padding-right: 13% !important;padding-left: 13% !important;}&#8221;][vc_column_text]<\/p>\n<h2 style=\"text-align: center;\">S de Shade<br \/>\n(Tonalidade\/Cor)<\/h2>\n<p style=\"text-align: center;\">As p\u00e9rolas de cultura do Taiti possuem a paleta de cores naturais mais diversificada de todas as p\u00e9rolas do mundo. Esta caracter\u00edstica \u00e9 o ponto forte e o elemento diferenciador destas p\u00e9rolas. A Polin\u00e9sia Francesa \u00e9 muito rigorosa em rela\u00e7\u00e3o a este crit\u00e9rio, na medida em que pro\u00edbe estritamente o tratamento da cor das p\u00e9rolas do Taiti (contrariamente ao que acontece com outras p\u00e9rolas). A cor de uma p\u00e9rola \u00e9 multifatorial e depende de v\u00e1rios aspetos.<\/p>\n<div style=\"text-align: center;\"><span lang=\"PT\">A maioria das cores tem nomes gerais, n\u00e3o havendo designa\u00e7\u00e3o oficial. As cores mais comuns s\u00e3o o roxo, cinzento, preto, verde-sapo, azul-noite, azul-marinho e cor-de-rosa. As cores mais raras s\u00e3o o pav\u00e3o ou a pluma de pav\u00e3o (uma combina\u00e7\u00e3o de tonalidades como o azul, verde, roxo e cor-de-rosa), verde pist\u00e1cio, verde t\u00edlia, bronze, chocolate, dourado, amarelo e branco.<br \/>\nTodos estes tons podem ser claros, m\u00e9dios ou escuros.<br \/>\nAs p\u00e9rolas do Taiti possuem muitas vezes um segundo tom na mesma p\u00e9rola.<\/span><\/div>\n<p style=\"text-align: center;\">Estas s\u00e3o as p\u00e9rolas preferidas das pessoas na \u00e1rea geogr\u00e1fica na qual s\u00e3o vendidas.<\/p>\n<p>[\/vc_column_text][\/vc_column][vc_column width=&#8221;1\/2&#8243;][vc_single_image image=&#8221;986&#8243; img_size=&#8221;full&#8221;][\/vc_column][\/vc_row][\/vc_section]<\/p>","protected":false},"excerpt":{"rendered":"<p>[vc_section full_width=&#8221;stretch_row_content&#8221; css=&#8221;.vc_custom_1526638628649{margin-top: 0px !important;margin-right: 0px !important;margin-bottom: 0px !important;margin-left: 0px !important;border-top-width: 0px !important;border-right-width: 0px !important;border-bottom-width: 0px !important;border-left-width: 0px !important;padding-top: 0px !important;padding-right: 0px !important;padding-bottom: 0px !important;padding-left: 0px !important;}&#8221;][vc_row][vc_column][vc_column_text] Crit\u00e9rios da p\u00e9rola&hellip;<\/p>\n","protected":false},"author":1,"featured_media":0,"parent":0,"menu_order":3,"comment_status":"closed","ping_status":"closed","template":"","meta":{"_mi_skip_tracking":false},"yoast_head":"<!-- This site is optimized with the Yoast SEO plugin v18.3 - https:\/\/yoast.com\/wordpress\/plugins\/seo\/ -->\n<title>Crit\u00e9rios da p\u00e9rola - Les Merveilles du Pacifique<\/title>\n<meta name=\"robots\" content=\"index, follow, max-snippet:-1, max-image-preview:large, max-video-preview:-1\" \/>\n<link rel=\"canonical\" href=\"https:\/\/www.lesmerveillesdupacifique.com\/pt\/criteres-de-qualite\/\" \/>\n<meta property=\"og:locale\" content=\"pt_PT\" \/>\n<meta property=\"og:type\" content=\"article\" \/>\n<meta property=\"og:title\" content=\"Crit\u00e9rios da p\u00e9rola - Les Merveilles du Pacifique\" \/>\n<meta property=\"og:description\" content=\"[vc_section full_width=&#8221;stretch_row_content&#8221; css=&#8221;.vc_custom_1526638628649{margin-top: 0px !important;margin-right: 0px !important;margin-bottom: 0px !important;margin-left: 0px !important;border-top-width: 0px !important;border-right-width: 0px !important;border-bottom-width: 0px !important;border-left-width: 0px !important;padding-top: 0px !important;padding-right: 0px !important;padding-bottom: 0px !important;padding-left: 0px !important;}&#8221;][vc_row][vc_column][vc_column_text] Crit\u00e9rios da p\u00e9rola&hellip;\" \/>\n<meta property=\"og:url\" content=\"https:\/\/www.lesmerveillesdupacifique.com\/fr\/criteres-de-qualite\/\" \/>\n<meta property=\"og:site_name\" content=\"Les Merveilles du Pacifique\" \/>\n<meta property=\"article:modified_time\" content=\"2021-04-21T10:56:43+00:00\" \/>\n<meta property=\"og:image\" content=\"https:\/\/www.lesmerveillesdupacifique.com\/wp-content\/uploads\/2021\/04\/Capture-de\u0301cran-2021-04-13-a\u0300-16.18.29.png\" \/>\n<meta name=\"twitter:card\" content=\"summary_large_image\" \/>\n<meta name=\"twitter:label1\" content=\"Tempo estimado de leitura\" \/>\n\t<meta name=\"twitter:data1\" content=\"33 minutos\" \/>\n<script type=\"application\/ld+json\" class=\"yoast-schema-graph\">{\"@context\":\"https:\/\/schema.org\",\"@graph\":[{\"@type\":\"WebSite\",\"@id\":\"https:\/\/www.lesmerveillesdupacifique.com\/fr\/#website\",\"url\":\"https:\/\/www.lesmerveillesdupacifique.com\/fr\/\",\"name\":\"Les Merveilles du Pacifique\",\"description\":\"Perles de culture de Tahiti\",\"potentialAction\":[{\"@type\":\"SearchAction\",\"target\":{\"@type\":\"EntryPoint\",\"urlTemplate\":\"https:\/\/www.lesmerveillesdupacifique.com\/fr\/?s={search_term_string}\"},\"query-input\":\"required name=search_term_string\"}],\"inLanguage\":\"pt-PT\"},{\"@type\":\"ImageObject\",\"@id\":\"https:\/\/www.lesmerveillesdupacifique.com\/fr\/criteres-de-qualite\/#primaryimage\",\"inLanguage\":\"pt-PT\",\"url\":\"https:\/\/www.lesmerveillesdupacifique.com\/wp-content\/uploads\/2021\/04\/Capture-de\u0301cran-2021-04-13-a\u0300-16.18.29.png\",\"contentUrl\":\"https:\/\/www.lesmerveillesdupacifique.com\/wp-content\/uploads\/2021\/04\/Capture-de\u0301cran-2021-04-13-a\u0300-16.18.29.png\",\"width\":932,\"height\":742,\"caption\":\"perles de tahiti\"},{\"@type\":\"WebPage\",\"@id\":\"https:\/\/www.lesmerveillesdupacifique.com\/fr\/criteres-de-qualite\/#webpage\",\"url\":\"https:\/\/www.lesmerveillesdupacifique.com\/fr\/criteres-de-qualite\/\",\"name\":\"Crit\u00e9rios da p\u00e9rola - Les Merveilles du Pacifique\",\"isPartOf\":{\"@id\":\"https:\/\/www.lesmerveillesdupacifique.com\/fr\/#website\"},\"primaryImageOfPage\":{\"@id\":\"https:\/\/www.lesmerveillesdupacifique.com\/fr\/criteres-de-qualite\/#primaryimage\"},\"datePublished\":\"2018-05-18T10:08:00+00:00\",\"dateModified\":\"2021-04-21T10:56:43+00:00\",\"breadcrumb\":{\"@id\":\"https:\/\/www.lesmerveillesdupacifique.com\/fr\/criteres-de-qualite\/#breadcrumb\"},\"inLanguage\":\"pt-PT\",\"potentialAction\":[{\"@type\":\"ReadAction\",\"target\":[\"https:\/\/www.lesmerveillesdupacifique.com\/fr\/criteres-de-qualite\/\"]}]},{\"@type\":\"BreadcrumbList\",\"@id\":\"https:\/\/www.lesmerveillesdupacifique.com\/fr\/criteres-de-qualite\/#breadcrumb\",\"itemListElement\":[{\"@type\":\"ListItem\",\"position\":1,\"name\":\"Accueil\",\"item\":\"https:\/\/www.lesmerveillesdupacifique.com\/\"},{\"@type\":\"ListItem\",\"position\":2,\"name\":\"Crit\u00e8res de qualit\u00e9\"}]}]}<\/script>\n<!-- \/ Yoast SEO plugin. -->","yoast_head_json":{"title":"Crit\u00e9rios da p\u00e9rola - Les Merveilles du Pacifique","robots":{"index":"index","follow":"follow","max-snippet":"max-snippet:-1","max-image-preview":"max-image-preview:large","max-video-preview":"max-video-preview:-1"},"canonical":"https:\/\/www.lesmerveillesdupacifique.com\/pt\/criteres-de-qualite\/","og_locale":"pt_PT","og_type":"article","og_title":"Crit\u00e9rios da p\u00e9rola - Les Merveilles du Pacifique","og_description":"[vc_section full_width=&#8221;stretch_row_content&#8221; css=&#8221;.vc_custom_1526638628649{margin-top: 0px !important;margin-right: 0px !important;margin-bottom: 0px !important;margin-left: 0px !important;border-top-width: 0px !important;border-right-width: 0px !important;border-bottom-width: 0px !important;border-left-width: 0px !important;padding-top: 0px !important;padding-right: 0px !important;padding-bottom: 0px !important;padding-left: 0px !important;}&#8221;][vc_row][vc_column][vc_column_text] Crit\u00e9rios da p\u00e9rola&hellip;","og_url":"https:\/\/www.lesmerveillesdupacifique.com\/fr\/criteres-de-qualite\/","og_site_name":"Les Merveilles du Pacifique","article_modified_time":"2021-04-21T10:56:43+00:00","og_image":[{"url":"https:\/\/www.lesmerveillesdupacifique.com\/wp-content\/uploads\/2021\/04\/Capture-de\u0301cran-2021-04-13-a\u0300-16.18.29.png"}],"twitter_card":"summary_large_image","twitter_misc":{"Tempo estimado de leitura":"33 minutos"},"schema":{"@context":"https:\/\/schema.org","@graph":[{"@type":"WebSite","@id":"https:\/\/www.lesmerveillesdupacifique.com\/fr\/#website","url":"https:\/\/www.lesmerveillesdupacifique.com\/fr\/","name":"Les Merveilles du Pacifique","description":"Perles de culture de Tahiti","potentialAction":[{"@type":"SearchAction","target":{"@type":"EntryPoint","urlTemplate":"https:\/\/www.lesmerveillesdupacifique.com\/fr\/?s={search_term_string}"},"query-input":"required name=search_term_string"}],"inLanguage":"pt-PT"},{"@type":"ImageObject","@id":"https:\/\/www.lesmerveillesdupacifique.com\/fr\/criteres-de-qualite\/#primaryimage","inLanguage":"pt-PT","url":"https:\/\/www.lesmerveillesdupacifique.com\/wp-content\/uploads\/2021\/04\/Capture-de\u0301cran-2021-04-13-a\u0300-16.18.29.png","contentUrl":"https:\/\/www.lesmerveillesdupacifique.com\/wp-content\/uploads\/2021\/04\/Capture-de\u0301cran-2021-04-13-a\u0300-16.18.29.png","width":932,"height":742,"caption":"perles de tahiti"},{"@type":"WebPage","@id":"https:\/\/www.lesmerveillesdupacifique.com\/fr\/criteres-de-qualite\/#webpage","url":"https:\/\/www.lesmerveillesdupacifique.com\/fr\/criteres-de-qualite\/","name":"Crit\u00e9rios da p\u00e9rola - Les Merveilles du Pacifique","isPartOf":{"@id":"https:\/\/www.lesmerveillesdupacifique.com\/fr\/#website"},"primaryImageOfPage":{"@id":"https:\/\/www.lesmerveillesdupacifique.com\/fr\/criteres-de-qualite\/#primaryimage"},"datePublished":"2018-05-18T10:08:00+00:00","dateModified":"2021-04-21T10:56:43+00:00","breadcrumb":{"@id":"https:\/\/www.lesmerveillesdupacifique.com\/fr\/criteres-de-qualite\/#breadcrumb"},"inLanguage":"pt-PT","potentialAction":[{"@type":"ReadAction","target":["https:\/\/www.lesmerveillesdupacifique.com\/fr\/criteres-de-qualite\/"]}]},{"@type":"BreadcrumbList","@id":"https:\/\/www.lesmerveillesdupacifique.com\/fr\/criteres-de-qualite\/#breadcrumb","itemListElement":[{"@type":"ListItem","position":1,"name":"Accueil","item":"https:\/\/www.lesmerveillesdupacifique.com\/"},{"@type":"ListItem","position":2,"name":"Crit\u00e8res de qualit\u00e9"}]}]}},"acf":[],"_links":{"self":[{"href":"https:\/\/www.lesmerveillesdupacifique.com\/pt\/wp-json\/wp\/v2\/pages\/224"}],"collection":[{"href":"https:\/\/www.lesmerveillesdupacifique.com\/pt\/wp-json\/wp\/v2\/pages"}],"about":[{"href":"https:\/\/www.lesmerveillesdupacifique.com\/pt\/wp-json\/wp\/v2\/types\/page"}],"author":[{"embeddable":true,"href":"https:\/\/www.lesmerveillesdupacifique.com\/pt\/wp-json\/wp\/v2\/users\/1"}],"replies":[{"embeddable":true,"href":"https:\/\/www.lesmerveillesdupacifique.com\/pt\/wp-json\/wp\/v2\/comments?post=224"}],"version-history":[{"count":0,"href":"https:\/\/www.lesmerveillesdupacifique.com\/pt\/wp-json\/wp\/v2\/pages\/224\/revisions"}],"wp:attachment":[{"href":"https:\/\/www.lesmerveillesdupacifique.com\/pt\/wp-json\/wp\/v2\/media?parent=224"}],"curies":[{"name":"wp","href":"https:\/\/api.w.org\/{rel}","templated":true}]}}