{"id":2214,"date":"2020-05-19T17:38:56","date_gmt":"2020-05-19T15:38:56","guid":{"rendered":"http:\/\/www.lesmerveillesdupacifique.com\/prod\/?page_id=2214"},"modified":"2020-12-01T16:49:17","modified_gmt":"2020-12-01T15:49:17","slug":"politique-des-cookies","status":"publish","type":"page","link":"https:\/\/www.lesmerveillesdupacifique.com\/pt\/politique-des-cookies\/","title":{"rendered":"Pol\u00edtica de cookies"},"content":{"rendered":"<h2>Politique de cookies<\/h2>\n<p>Des cookies et autres traceurs ou technologies similaires (ci-apr\u00e8s les \u00ab cookies \u00bb) sont d\u00e9pos\u00e9s, sous r\u00e9serve de vos consentements sp\u00e9cifiques, sur votre ordinateur, smartphone ou tablette (ci-apr\u00e8s l\u2019\u00ab Appareil \u00bb) lors de la visite de nos Sites ou de l\u2019utilisation de nos Applications, ci-apr\u00e8s \u00ab le Site \u00bb ou lors de la consultation d\u2019une publicit\u00e9.<\/p>\n<p><strong>1. Qu\u2019est-ce qu\u2019un cookie ?<\/strong><br \/>\nLes cookies sont des petits fichiers textes d\u00e9pos\u00e9s sur votre Appareil dont le d\u00e9tail et les buts sont pr\u00e9sent\u00e9s ci-dessous. Les cookies sont g\u00e9r\u00e9s par votre navigateur internet, et seul l\u2019\u00e9metteur d\u2019un cookie est susceptible de lire ou de modifier les informations qui y sont contenues.<\/p>\n<p><strong>2. Quels types de cookies sont d\u00e9pos\u00e9s et dans quels buts ?<\/strong><br \/>\n2.1 Les cookies que nous d\u00e9posons<br \/>\nLes cookies que nous \u00e9mettons sont utilis\u00e9s pour les finalit\u00e9s d\u00e9crites ci-apr\u00e8s, sous r\u00e9serve de vos choix qui r\u00e9sultent des param\u00e8tres que vous aurez personnalis\u00e9 dans notre interface de gestion des cookies.<\/p>\n<p>2.1.1 Les cookies techniques ou de fonctionnement<br \/>\nFinalit\u00e9s : ces cookies garantissent le fonctionnement du Site et permettent son optimisation. Il s&#8217;agit des cookies exclusivement d\u00e9pos\u00e9s par la soci\u00e9t\u00e9 Les Merveilles du Pacifique. Ils sont indispensables \u00e0 la navigation sur notre Site. Ils vous permettent d&#8217;utiliser les principales fonctionnalit\u00e9s du Site et de s\u00e9curiser votre connexion. Ils nous permettent par exemple :<\/p>\n<p>de mettre en \u0153uvre des mesures de s\u00e9curit\u00e9, par exemple lorsqu\u2019il vous est demand\u00e9 de vous connecter \u00e0 nouveau \u00e0 un contenu ou \u00e0 un service apr\u00e8s un certain temps;<br \/>\nd&#8217;acc\u00e9der \u00e0 des espaces r\u00e9serv\u00e9s et personnels de notre Site, tels que votre compte, gr\u00e2ce \u00e0 des identifiants ou des donn\u00e9es que vous nous avez ant\u00e9rieurement confi\u00e9s;<br \/>\nde m\u00e9moriser des informations relatives \u00e0 un formulaire que vous avez rempli sur notre Site (par exemple l\u2019inscription ou l\u2019acc\u00e8s \u00e0 votre compte) ou \u00e0 des produits, services ou informations que vous avez choisis sur notre Site (service souscrit comme newsletter ou alerte email, etc.);<br \/>\nd&#8217;adapter la pr\u00e9sentation de notre Site aux pr\u00e9f\u00e9rences d&#8217;affichage de votre Appareil (langue utilis\u00e9e, r\u00e9solution d&#8217;affichage, syst\u00e8me d&#8217;exploitation utilis\u00e9, etc.) lors de vos visites sur notre Site, selon les mat\u00e9riels et les logiciels de visualisation ou de lecture que votre Appareil comporte;<br \/>\nd&#8217;adapter nos espaces publicitaires aux pr\u00e9f\u00e9rences d&#8217;affichage de votre Appareil (langue utilis\u00e9e, r\u00e9solution d&#8217;affichage, syst\u00e8me d&#8217;exploitation utilis\u00e9, etc.), selon les mat\u00e9riels et les logiciels de visualisation ou de lecture que votre Appareil comporte;<br \/>\nd\u2019\u00e9tablir des statistiques anonymes et volumes de fr\u00e9quentation et d&#8217;utilisation des divers \u00e9l\u00e9ments composant notre Site (rubriques et contenus visit\u00e9s, parcours), nous permettant d&#8217;am\u00e9liorer l&#8217;int\u00e9r\u00eat et l&#8217;ergonomie de nos services.<br \/>\nDe plus, vos donn\u00e9es sont collect\u00e9es par l\u2019ACPM \u00e0 des fins purement statistiques de mesure d\u2019audience. Elles pourront faire l\u2019objet avec votre accord d\u2019un traitement par TNS Sofres ainsi que par ses \u00e9ventuels sous-traitants, dont M\u00e9diam\u00e9trie, dans le cadre de l\u2019Enqu\u00eate de Mesure d\u2019Audience de la Presse ONE Next.<br \/>\nSans ces cookies, vous ne pourrez pas utiliser le Site normalement car ils garantissent son fonctionnement et participent \u00e0 son optimisation. Ces cookies \u00e9tant indispensables, ils ne peuvent pas \u00eatre d\u00e9sactiv\u00e9s.<\/p>\n<p>2.1.2 Cookies de mesures d&#8217;audience (appel\u00e9s \u00e9galement cookies \u00abWeb Analytics\u00bb)<br \/>\nFinalit\u00e9s : ces cookies permettent de mesurer la fr\u00e9quentation de nos Sites.<br \/>\nCes cookies permettent :<br \/>\nde d\u00e9terminer vos centres d\u2019int\u00e9r\u00eat et vos comportements<br \/>\nd\u2019am\u00e9liorer la connaissance clients\/utilisateurs \u00e0 des fins de personnalisation<br \/>\nLe d\u00e9p\u00f4t de ces cookies sur votre Appareil se fait uniquement avec votre consentement. Vous pouvez \u00e0 tout moment vous informer et param\u00e9trer vos cookies pour les accepter ou les refuser en vous rendant sur notre interface de gestion des cookies.<\/p>\n<p>2.2.2 Cookies des R\u00e9seaux Sociaux et Vid\u00e9o<br \/>\nFinalit\u00e9s : ces cookies vous permettent d\u2019interagir avec les modules sociaux et vid\u00e9os pr\u00e9sents sur le Site.<br \/>\nLe d\u00e9p\u00f4t de ces cookies sur votre Appareil se fait uniquement avec votre consentement.<br \/>\nVous pouvez \u00e0 tout moment vous informer et param\u00e9trer vos cookies pour les accepter ou les refuser en vous rendant sur notre interface de gestion des cookies.<\/p>\n<p>2.2.2.1 R\u00e9seaux Sociaux<br \/>\nNous sommes susceptibles d&#8217;inclure sur nos Sites, des applications informatiques \u00e9manant de tiers, qui vous permettent de partager des contenus de nos Sites avec d&#8217;autres personnes ou de faire conna\u00eetre \u00e0 ces autres personnes votre consultation ou votre opinion concernant un contenu de nos Sites.<br \/>\nTel est notamment le cas des boutons \u00ab Partager \u00bb, \u00ab J&#8217;aime \u00bb, issus de r\u00e9seaux sociaux tels que \u00ab Facebook \u00bb, \u00ab Twitter \u00bb, \u00ab LinkedIn \u00bb, etc. Le r\u00e9seau social fournissant un tel bouton applicatif est susceptible de vous identifier gr\u00e2ce \u00e0 ce bouton, m\u00eame si vous n&#8217;avez pas utilis\u00e9 ce bouton lors de la consultation de nos Sites.<br \/>\nEn effet, ce type de bouton applicatif peut permettre au r\u00e9seau social concern\u00e9 de suivre votre navigation sur nos Sites du seul fait que votre compte au r\u00e9seau social concern\u00e9 \u00e9tait activ\u00e9 sur votre Appareil (session ouverte) durant votre navigation sur notre Site.<br \/>\nLes cookies sociaux nous permettent de cr\u00e9er et diffuser certaines publicit\u00e9s et communications personnalis\u00e9es relatives \u00e0 nos publications et \u00e0 nos offres et services.<br \/>\nPour rappel, nous n&#8217;avons aucun contr\u00f4le sur le processus employ\u00e9 par les r\u00e9seaux sociaux pour collecter des informations relatives \u00e0 votre navigation, et associ\u00e9es aux donn\u00e9es personnelles dont ils disposent. Nous vous invitons \u00e0 consulter les politiques de protection de la vie priv\u00e9e de ces r\u00e9seaux sociaux afin de prendre connaissance des finalit\u00e9s d&#8217;utilisation, notamment publicitaires, des informations de navigation qu&#8217;ils peuvent recueillir gr\u00e2ce \u00e0 ces boutons applicatifs. Ces politiques de protection doivent notamment vous permettre d&#8217;exercer vos choix aupr\u00e8s de ces r\u00e9seaux sociaux, notamment en param\u00e9trant vos comptes d&#8217;utilisation de chacun de ces r\u00e9seaux.<\/p>\n<p><strong>3. Quel est le fondement de la collecte des cookies ?<\/strong><br \/>\nL\u2019enregistrement d\u2019un cookie dans un Appareil est essentiellement subordonn\u00e9 \u00e0 la volont\u00e9 de l\u2019utilisateur de l\u2019Appareil, que celui-ci peut exprimer et modifier \u00e0 tout moment et gratuitement \u00e0 travers les choix qui lui sont offerts via l&#8217;interface de gestion des cookies que nous lui mettons \u00e0 disposition ou par son logiciel de navigation. Le refus ou l\u2019acceptation des cookies sont soumis \u00e0 votre consentement \u00e0 l\u2019exception des cookies techniques.<br \/>\nSi vous avez accept\u00e9 dans votre logiciel de navigation l\u2019enregistrement de cookies dans votre Appareil, les cookies int\u00e9gr\u00e9s dans les pages et contenus que vous avez consult\u00e9s pourront \u00eatre stock\u00e9s temporairement dans un espace d\u00e9di\u00e9 de votre Appareil. Ils y seront lisibles uniquement par leur \u00e9metteur.<br \/>\nSi vous refusez l&#8217;enregistrement de cookies dans votre Appareil, ou si vous supprimez ceux qui y sont enregistr\u00e9s, vous ne pourrez plus b\u00e9n\u00e9ficier des fonctionnalit\u00e9s de nos Sites. Tel serait le cas si vous tentiez d&#8217;acc\u00e9der \u00e0 nos contenus ou services. Tel serait \u00e9galement le cas lorsque nous -ou nos prestataires- ne pourrions pas reconna\u00eetre, \u00e0 des fins de compatibilit\u00e9 technique, le type de navigateur utilis\u00e9 par votre Appareil, ses param\u00e8tres de langue et d&#8217;affichage ou le pays depuis lequel votre Appareil semble connect\u00e9 \u00e0 Internet.<br \/>\nLe cas \u00e9ch\u00e9ant, nous d\u00e9clinons toute responsabilit\u00e9 pour les cons\u00e9quences li\u00e9es au fonctionnement d\u00e9grad\u00e9 de nos services r\u00e9sultant de l&#8217;impossibilit\u00e9 pour nous d&#8217;enregistrer ou de consulter les cookies n\u00e9cessaires \u00e0 leur fonctionnement et que vous auriez refus\u00e9s ou supprim\u00e9s.<\/p>\n<p><strong>4. Comment g\u00e9rer vos cookies ?<\/strong><br \/>\n4.1 En acc\u00e9dant \u00e0 notre plateforme sp\u00e9cifique de gestion des consentements cookies.<br \/>\nNotre Site vous permet de param\u00e9trer les cookies d\u00e9pos\u00e9s sur le Site via l&#8217;interface accessible directement dans le bandeau Cookie lors de la premi\u00e8re connexion. Vous pouvez \u00e0 tout moment revenir sur vos choix et les param\u00e9trer \u00e0 nouveau en acc\u00e9dant \u00e0 notre interface de gestion des cookies.<\/p>\n<p>4.2 En param\u00e9trant votre logiciel de navigation<br \/>\nVous pouvez configurer votre logiciel de navigation de mani\u00e8re \u00e0 ce que des cookies soient enregistr\u00e9s dans votre Appareil ou, au contraire, qu&#8217;ils soient rejet\u00e9s, soit syst\u00e9matiquement, soit selon leur \u00e9metteur. Vous pouvez \u00e9galement configurer votre logiciel de navigation de mani\u00e8re \u00e0 ce que l&#8217;acceptation ou le refus des cookies vous soient propos\u00e9s ponctuellement, avant qu&#8217;un cookie soit susceptible d&#8217;\u00eatre enregistr\u00e9 dans votre Appareil. Pour la gestion des cookies et de vos choix, la configuration de chaque navigateur est diff\u00e9rente. Elle est d\u00e9crite dans le menu d&#8217;aide de votre navigateur, qui vous permettra de savoir de quelle mani\u00e8re modifier vos souhaits en mati\u00e8re de cookies.<\/p>\n","protected":false},"excerpt":{"rendered":"<p>Politique de cookies Des cookies et autres traceurs ou technologies similaires (ci-apr\u00e8s les \u00ab cookies \u00bb) sont d\u00e9pos\u00e9s, sous r\u00e9serve de vos consentements sp\u00e9cifiques, sur votre ordinateur, smartphone ou tablette&hellip;<\/p>\n","protected":false},"author":1,"featured_media":0,"parent":0,"menu_order":30,"comment_status":"closed","ping_status":"closed","template":"","meta":{"_mi_skip_tracking":false},"yoast_head":"<!-- This site is optimized with the Yoast SEO plugin v18.3 - https:\/\/yoast.com\/wordpress\/plugins\/seo\/ -->\n<title>Pol\u00edtica de cookies - Les Merveilles du Pacifique<\/title>\n<meta name=\"robots\" content=\"index, follow, max-snippet:-1, max-image-preview:large, max-video-preview:-1\" \/>\n<link rel=\"canonical\" href=\"https:\/\/www.lesmerveillesdupacifique.com\/pt\/politique-des-cookies\/\" \/>\n<meta property=\"og:locale\" content=\"pt_PT\" \/>\n<meta property=\"og:type\" content=\"article\" \/>\n<meta property=\"og:title\" content=\"Pol\u00edtica de cookies - Les Merveilles du Pacifique\" \/>\n<meta property=\"og:description\" content=\"Politique de cookies Des cookies et autres traceurs ou technologies similaires (ci-apr\u00e8s les \u00ab cookies \u00bb) sont d\u00e9pos\u00e9s, sous r\u00e9serve de vos consentements sp\u00e9cifiques, sur votre ordinateur, smartphone ou tablette&hellip;\" \/>\n<meta property=\"og:url\" content=\"https:\/\/www.lesmerveillesdupacifique.com\/politique-des-cookies\/\" \/>\n<meta property=\"og:site_name\" content=\"Les Merveilles du Pacifique\" \/>\n<meta property=\"article:modified_time\" content=\"2020-12-01T15:49:17+00:00\" \/>\n<meta name=\"twitter:card\" content=\"summary_large_image\" \/>\n<meta name=\"twitter:label1\" content=\"Tempo estimado de leitura\" \/>\n\t<meta name=\"twitter:data1\" content=\"7 minutos\" \/>\n<script type=\"application\/ld+json\" class=\"yoast-schema-graph\">{\"@context\":\"https:\/\/schema.org\",\"@graph\":[{\"@type\":\"WebSite\",\"@id\":\"https:\/\/www.lesmerveillesdupacifique.com\/fr\/#website\",\"url\":\"https:\/\/www.lesmerveillesdupacifique.com\/fr\/\",\"name\":\"Les Merveilles du Pacifique\",\"description\":\"Perles de culture de Tahiti\",\"potentialAction\":[{\"@type\":\"SearchAction\",\"target\":{\"@type\":\"EntryPoint\",\"urlTemplate\":\"https:\/\/www.lesmerveillesdupacifique.com\/fr\/?s={search_term_string}\"},\"query-input\":\"required name=search_term_string\"}],\"inLanguage\":\"pt-PT\"},{\"@type\":\"WebPage\",\"@id\":\"https:\/\/www.lesmerveillesdupacifique.com\/politique-des-cookies\/#webpage\",\"url\":\"https:\/\/www.lesmerveillesdupacifique.com\/politique-des-cookies\/\",\"name\":\"Pol\u00edtica de cookies - Les Merveilles du Pacifique\",\"isPartOf\":{\"@id\":\"https:\/\/www.lesmerveillesdupacifique.com\/fr\/#website\"},\"datePublished\":\"2020-05-19T15:38:56+00:00\",\"dateModified\":\"2020-12-01T15:49:17+00:00\",\"breadcrumb\":{\"@id\":\"https:\/\/www.lesmerveillesdupacifique.com\/politique-des-cookies\/#breadcrumb\"},\"inLanguage\":\"pt-PT\",\"potentialAction\":[{\"@type\":\"ReadAction\",\"target\":[\"https:\/\/www.lesmerveillesdupacifique.com\/politique-des-cookies\/\"]}]},{\"@type\":\"BreadcrumbList\",\"@id\":\"https:\/\/www.lesmerveillesdupacifique.com\/politique-des-cookies\/#breadcrumb\",\"itemListElement\":[{\"@type\":\"ListItem\",\"position\":1,\"name\":\"Accueil\",\"item\":\"https:\/\/www.lesmerveillesdupacifique.com\/\"},{\"@type\":\"ListItem\",\"position\":2,\"name\":\"Politique des cookies\"}]}]}<\/script>\n<!-- \/ Yoast SEO plugin. -->","yoast_head_json":{"title":"Pol\u00edtica de cookies - Les Merveilles du Pacifique","robots":{"index":"index","follow":"follow","max-snippet":"max-snippet:-1","max-image-preview":"max-image-preview:large","max-video-preview":"max-video-preview:-1"},"canonical":"https:\/\/www.lesmerveillesdupacifique.com\/pt\/politique-des-cookies\/","og_locale":"pt_PT","og_type":"article","og_title":"Pol\u00edtica de cookies - Les Merveilles du Pacifique","og_description":"Politique de cookies Des cookies et autres traceurs ou technologies similaires (ci-apr\u00e8s les \u00ab cookies \u00bb) sont d\u00e9pos\u00e9s, sous r\u00e9serve de vos consentements sp\u00e9cifiques, sur votre ordinateur, smartphone ou tablette&hellip;","og_url":"https:\/\/www.lesmerveillesdupacifique.com\/politique-des-cookies\/","og_site_name":"Les Merveilles du Pacifique","article_modified_time":"2020-12-01T15:49:17+00:00","twitter_card":"summary_large_image","twitter_misc":{"Tempo estimado de leitura":"7 minutos"},"schema":{"@context":"https:\/\/schema.org","@graph":[{"@type":"WebSite","@id":"https:\/\/www.lesmerveillesdupacifique.com\/fr\/#website","url":"https:\/\/www.lesmerveillesdupacifique.com\/fr\/","name":"Les Merveilles du Pacifique","description":"Perles de culture de Tahiti","potentialAction":[{"@type":"SearchAction","target":{"@type":"EntryPoint","urlTemplate":"https:\/\/www.lesmerveillesdupacifique.com\/fr\/?s={search_term_string}"},"query-input":"required name=search_term_string"}],"inLanguage":"pt-PT"},{"@type":"WebPage","@id":"https:\/\/www.lesmerveillesdupacifique.com\/politique-des-cookies\/#webpage","url":"https:\/\/www.lesmerveillesdupacifique.com\/politique-des-cookies\/","name":"Pol\u00edtica de cookies - Les Merveilles du Pacifique","isPartOf":{"@id":"https:\/\/www.lesmerveillesdupacifique.com\/fr\/#website"},"datePublished":"2020-05-19T15:38:56+00:00","dateModified":"2020-12-01T15:49:17+00:00","breadcrumb":{"@id":"https:\/\/www.lesmerveillesdupacifique.com\/politique-des-cookies\/#breadcrumb"},"inLanguage":"pt-PT","potentialAction":[{"@type":"ReadAction","target":["https:\/\/www.lesmerveillesdupacifique.com\/politique-des-cookies\/"]}]},{"@type":"BreadcrumbList","@id":"https:\/\/www.lesmerveillesdupacifique.com\/politique-des-cookies\/#breadcrumb","itemListElement":[{"@type":"ListItem","position":1,"name":"Accueil","item":"https:\/\/www.lesmerveillesdupacifique.com\/"},{"@type":"ListItem","position":2,"name":"Politique des cookies"}]}]}},"acf":[],"_links":{"self":[{"href":"https:\/\/www.lesmerveillesdupacifique.com\/pt\/wp-json\/wp\/v2\/pages\/2214"}],"collection":[{"href":"https:\/\/www.lesmerveillesdupacifique.com\/pt\/wp-json\/wp\/v2\/pages"}],"about":[{"href":"https:\/\/www.lesmerveillesdupacifique.com\/pt\/wp-json\/wp\/v2\/types\/page"}],"author":[{"embeddable":true,"href":"https:\/\/www.lesmerveillesdupacifique.com\/pt\/wp-json\/wp\/v2\/users\/1"}],"replies":[{"embeddable":true,"href":"https:\/\/www.lesmerveillesdupacifique.com\/pt\/wp-json\/wp\/v2\/comments?post=2214"}],"version-history":[{"count":0,"href":"https:\/\/www.lesmerveillesdupacifique.com\/pt\/wp-json\/wp\/v2\/pages\/2214\/revisions"}],"wp:attachment":[{"href":"https:\/\/www.lesmerveillesdupacifique.com\/pt\/wp-json\/wp\/v2\/media?parent=2214"}],"curies":[{"name":"wp","href":"https:\/\/api.w.org\/{rel}","templated":true}]}}