{"id":2212,"date":"2020-05-19T17:38:15","date_gmt":"2020-05-19T15:38:15","guid":{"rendered":"http:\/\/www.lesmerveillesdupacifique.com\/prod\/?page_id=2212"},"modified":"2020-12-01T16:48:59","modified_gmt":"2020-12-01T15:48:59","slug":"politique-de-confidentialite","status":"publish","type":"page","link":"https:\/\/www.lesmerveillesdupacifique.com\/pt\/politique-de-confidentialite\/","title":{"rendered":"Pol\u00edtica de privacidade"},"content":{"rendered":"<h2>Politique de protection des donn\u00e9es personnelles<\/h2>\n<p>Soucieuse du respect de la vie priv\u00e9e des internautes, la Soci\u00e9t\u00e9 Les Merveilles du Pacifique, (ci-apr\u00e8s \u00ab la Soci\u00e9t\u00e9 \u00bb ou \u00ab nous \u00bb), s&#8217;engage \u00e0 ce que la collecte et le traitement d&#8217;informations \u00e0 caract\u00e8re personnel soient effectu\u00e9s conform\u00e9ment au R\u00e8glement UE n\u00b02016\/679 du Parlement Europ\u00e9en et du Conseil du 27 avril 2016 relatif \u00e0 la Protection des Personnes Physique \u00e0 l\u2019\u00e9gard du traitement des donn\u00e9es \u00e0 caract\u00e8re personnel et \u00e0 la libre circulation de ces donn\u00e9es ci-apr\u00e8s \u00ab RGPD \u00bb et \u00e0 l\u2019ensemble des dispositions de la r\u00e9glementation fran\u00e7aise applicable en la mati\u00e8re.<\/p>\n<p><strong>1. RESPONSABLE DU TRAITEMENT<\/strong><br \/>\nLes Merveilles du Pacifique dont le si\u00e8ge social sis 7 rue R\u00e9aumur &#8211; 75003 Paris &#8211; France.<br \/>\nImmatricul\u00e9e au RCS de Paris.<\/p>\n<p><strong>2. DONNEES COLLECTEES<\/strong><br \/>\nVos donn\u00e9es personnelles sont collect\u00e9es et trait\u00e9es sur les bases l\u00e9gales suivantes :<\/p>\n<p>dans le cadre de l\u2019ex\u00e9cution d\u2019un contrat ;<br \/>\n\u00e0 des fins d\u2019int\u00e9r\u00eat l\u00e9gitime ;<br \/>\nsur le fondement de votre consentement ;<br \/>\ndans le but d\u2019assurer le respect de nos obligations l\u00e9gales et r\u00e9glementaires.<\/p>\n<p>2.1 Les donn\u00e9es vous concernant<br \/>\nDe mani\u00e8re g\u00e9n\u00e9rale, vos donn\u00e9es sont donc collect\u00e9es directement aupr\u00e8s de vous \u00e0 l\u2019occasion de :<\/p>\n<p>votre inscription \u00e0 l\u2019une des newsletters et\/ou communications de la Soci\u00e9t\u00e9 ;<br \/>\nvotre navigation sur le Site ;<br \/>\ncertains partenariats offrant des services \u00e0 partir du site ;<br \/>\nde vos achats \u00e0 distance.<\/p>\n<p>Nous sommes amen\u00e9s \u00e0 collecter et traiter les donn\u00e9es personnelles suivantes :<\/p>\n<p>donn\u00e9es d\u2019identification (exemple : nom, pr\u00e9nom, date de naissance, adresse \u00e9lectronique, adresse postale, num\u00e9ro de t\u00e9l\u00e9phone) ;<br \/>\ndonn\u00e9es de connexion (exemple : adresse IP, logs de connexion) ;<br \/>\ndonn\u00e9es de facturation (exemple : moyens et historique de paiement, donn\u00e9es de transaction, factures) ;<br \/>\ndonn\u00e9es commerciales (exemple : donn\u00e9es n\u00e9cessaires \u00e0 la r\u00e9alisation d\u2019actions de fid\u00e9lisation, de prospection, d\u2019enqu\u00eates de satisfaction, statistique et de promotion, op\u00e9rations promotionnelles).<\/p>\n<p>Des cookies et autres traceurs ou technologies similaires (ci-apr\u00e8s les \u00ab cookies \u00bb) peuvent \u00eatre install\u00e9s et\/ou lus dans votre navigateur lors de votre visite sur le Site.<\/p>\n<p>Dans l\u2019hypoth\u00e8se o\u00f9 vos donn\u00e9es personnelles sont collect\u00e9es par le biais d\u2019un formulaire, vous serez inform\u00e9s du caract\u00e8re obligatoire des informations par un ast\u00e9risque (*) \u00e0 c\u00f4t\u00e9 des champs concern\u00e9s. L\u2019absence d\u2019ast\u00e9risque signifie que les informations demand\u00e9es ne sont pas obligatoires.<\/p>\n<p>Seules les donn\u00e9es personnelles qui sont strictement n\u00e9cessaires au regard des finalit\u00e9s d\u00e9crites ci-dessous, et notamment pour la cr\u00e9ation d\u2019un compte, et pour r\u00e9aliser des statistiques sur la fr\u00e9quentation du Site, sont collect\u00e9es.<\/p>\n<p>Il arrive \u00e9galement que nous traitions des donn\u00e9es vous concernant provenant de nos partenaires commerciaux, notamment sur votre utilisation de nos services sur le Site.<\/p>\n<p><strong>3. FINALITES DES TRAITEMENTS<\/strong><br \/>\nNous utilisons les donn\u00e9es vis\u00e9es \u00e0 l\u2019article pr\u00e9c\u00e9dent pour les principales finalit\u00e9s suivantes :<\/p>\n<p>3.1 Op\u00e9rations n\u00e9cessaires \u00e0 la fourniture de produits ou services<br \/>\nprise en compte de votre commande de produits ou services et ex\u00e9cution de cette commande ;<br \/>\ngestion des abonnements \u00e0 nos newsletters et\/ou alertes e-mails ;<br \/>\nfacturation ;<br \/>\nperception des paiements ;<br \/>\ngestion des livraisons et suivi de commandes ;<br \/>\nmise aux normes postales, mise \u00e0 jour de vos informations personnelles dans une base de donn\u00e9es d\u00e9di\u00e9e ;<br \/>\nrelation clients : mise \u00e0 disposition d\u2019un service clients accessible par courrier, t\u00e9l\u00e9phone, e-mail ou par messagerie instantan\u00e9e de type chat, pour toute question ou r\u00e9clamation ;<br \/>\nr\u00e9alisation d\u2019enqu\u00eates de satisfaction ;<br \/>\nenvoi d\u2019informations sur la modification ou l\u2019\u00e9volution de nos services ;<br \/>\ngestion des impay\u00e9s et des contentieux ;<br \/>\ngestion de l\u2019exercice de vos droits sur vos donn\u00e9es personnelles ;<br \/>\nv\u00e9rification du respect de la l\u00e9gislation applicable, de nos contrats et conditions g\u00e9n\u00e9rales.<\/p>\n<p>3.2 Op\u00e9rations de marketing et de prospection commerciale relatives aux publications, produits et services<br \/>\nmise aux normes postales, mise \u00e0 jour, enrichissement de vos informations personnelles dans une base de donn\u00e9es d\u00e9di\u00e9e ;<br \/>\nenvoi d\u2019offres marketing, publicitaires et promotionnelles relatives \u00e0 nos produits et services par courrier postal, e-mail, sur les r\u00e9seaux sociaux ou tout autre support ;<br \/>\nactions de fid\u00e9lisation ou de prospection commerciales personnalis\u00e9es, proc\u00e9d\u00e9 consistant via des cookies \u00e0 l\u2019identification de vos visites sur notre Site afin de vous contacter pour vous proposer nos offres via diff\u00e9rents canaux de communication (email, t\u00e9l\u00e9phone\u2026) ;<br \/>\nmise en place de jeux concours ou autres op\u00e9rations promotionnelles ;<br \/>\nrecueil des avis clients ;<br \/>\n\u00e9laboration de statistiques commerciales.<\/p>\n<p>3.3 Op\u00e9rations li\u00e9es \u00e0 des partenariats commerciaux<br \/>\nenvoi de messages marketing, publicitaires et promotionnels relatifs aux produits et services de partenaires par courrier postal, e-mails, sur les r\u00e9seaux sociaux ou tout autre support ;<br \/>\naffichage de publicit\u00e9s cibl\u00e9es ;<br \/>\naffichage de contenus \u00e9ditoriaux cibl\u00e9s ;<br \/>\nmise en place de jeux concours ou autres op\u00e9rations promotionnelles ou \u00e9v\u00e9nementielles avec des partenaires commerciaux.<\/p>\n<p><strong>4. DUREE DE CONSERVATION DES DONNEES<\/strong><br \/>\nVos donn\u00e9es personnelles sont conserv\u00e9es pendant une dur\u00e9e conforme aux dispositions l\u00e9gales ou proportionnelles aux finalit\u00e9s pour lesquelles elles ont \u00e9t\u00e9 collect\u00e9es. N\u00e9anmoins vos donn\u00e9es personnelles sont conserv\u00e9es pour une dur\u00e9e plus importante lorsque les obligations l\u00e9gales et r\u00e9glementaires nous l\u2019imposent.<\/p>\n<p>Les dur\u00e9es de conservation varient selon que nous avons une relation de nature contractuelle en cours (vous \u00eates un client actif), que nous avons eue avec vous par le pass\u00e9 une relation contractuelle (vous \u00eates un client inactif) ou que nous n\u2019avons jamais eue avec vous de relation de ce type (vous \u00eates alors un prospect).<\/p>\n<p><strong>5. DESTINATAIRES DE VOS DONNEES PERSONNELLES<\/strong><br \/>\nVos donn\u00e9es personnelles sont communiqu\u00e9es aux personnes suivantes :<\/p>\n<p>5.1 En interne, \u00e0 la Soci\u00e9t\u00e9<br \/>\nVos donn\u00e9es sont communiqu\u00e9es aux collaborateurs des services internes de la Soci\u00e9t\u00e9, d\u2019annonces l\u00e9gales.<\/p>\n<p>Conform\u00e9ment \u00e0 la r\u00e9glementation, l\u2019acc\u00e8s \u00e0 vos donn\u00e9es se fait sur la base d\u2019autorisations d\u2019acc\u00e8s individuelles, limit\u00e9es et encadr\u00e9es.<\/p>\n<p>5.2 A Nos partenaires commerciaux<br \/>\nIls font la promotion de produits ou services pour leur propre compte ou pour celui d\u2019annonceurs publicitaires.<\/p>\n<p><strong>6. TRANSFERT DES DONNEES HORS DE L\u2019UNION EUROP\u00c9ENNE<\/strong><br \/>\nNous conservons vos donn\u00e9es personnelles dans l\u2019Union europ\u00e9enne. Toutefois, si nous devions transf\u00e9rer vos donn\u00e9es \u00e0 des sous-traitants ou partenaires commerciaux hors de l\u2019Union, nous nous assurerions que le traitement soit encadr\u00e9 par les clauses contractuelles types de la Commission europ\u00e9enne qui permettent de garantir un niveau de protection suffisant de la vie priv\u00e9e et des droits fondamentaux des personnes.<\/p>\n<p><strong>7. VOS DROITS<\/strong><br \/>\nConform\u00e9ment aux dispositions l\u00e9gales et r\u00e9glementaires pr\u00e9cit\u00e9es, vous disposez :<\/p>\n<p>d\u2019un droit d\u2019interrogation ;<br \/>\nd\u2019un droit d\u2019acc\u00e8s \u00e0 vos donn\u00e9es ;<br \/>\nd\u2019un droit de rectification ;<br \/>\nd\u2019un droit d\u2019effacement ;<br \/>\nd\u2019un droit de limitation du traitement de vos donn\u00e9es<br \/>\nd\u2019un droit \u00e0 la portabilit\u00e9 de vos donn\u00e9es dans une certaine mesure, c\u2019est-\u00e0-dire le droit de recevoir les donn\u00e9es personnelles que vous nous avez fournies dans un format structur\u00e9, couramment utilis\u00e9 et le droit de transmettre ces donn\u00e9es \u00e0 un autre responsable de traitements.;<br \/>\nd\u2019un droit d\u2019opposition \u00e0 ce que les donn\u00e9es personnelles vous concernant fassent l\u2019objet d\u2019un traitement ;<br \/>\nd\u2019un droit d\u2019opposition \u00e0 ce que vos donn\u00e9es soient utilis\u00e9es \u00e0 des fins de prospection notamment commerciale (voir 8.);<br \/>\nd\u2019un droit d\u2019opposition au profilage marketing, cela signifie que vous continuerez \u00e0 recevoir des sollicitations commerciales mais celles-ci seront moins pertinentes et ne seront plus cibl\u00e9es selon vos centres d\u2019int\u00e9r\u00eats ;<br \/>\nd\u2019un droit de d\u00e9finir des directives g\u00e9n\u00e9rales et\/ou particuli\u00e8res relatives au sort de vos donn\u00e9es personnelles et \u00e0 la mani\u00e8re dont vous souhaitez que vos droits soient exerc\u00e9s apr\u00e8s votre d\u00e9c\u00e8s. A cet \u00e9gard, en cas de d\u00e9c\u00e8s qui serait port\u00e9 \u00e0 notre connaissance, vos donn\u00e9es seront supprim\u00e9es, sauf n\u00e9cessit\u00e9 de conservation pendant une dur\u00e9e d\u00e9termin\u00e9e pour des motifs tenant \u00e0 nos obligations l\u00e9gales et r\u00e9glementaires et\/ou aux d\u00e9lais l\u00e9gaux de prescription, et apr\u00e8s le cas \u00e9ch\u00e9ant avoir \u00e9t\u00e9 communiqu\u00e9es \u00e0 un tiers \u00e9ventuellement d\u00e9sign\u00e9 par vos soins.<br \/>\nVous pouvez exercer vos droits aupr\u00e8s du D\u00e9l\u00e9gu\u00e9 \u00e0 la Protection des Donn\u00e9es Personnelles :<\/p>\n<p>en lui adressant un courrier postal \u00e0 l\u2019adresse postale suivante :<\/p>\n<p>Les Merveilles du Pacifique<br \/>\n7 rue R\u00e9aumur &#8211; 75003 Paris &#8211; France<\/p>\n<p>en lui adressant un courrier \u00e9lectronique \u00e0 l\u2019adresse \u00e9lectronique suivante : contact@lesmerveillesdupacifique.com<br \/>\nDans un souci de confidentialit\u00e9 et de protection de vos donn\u00e9es personnelles, la soci\u00e9t\u00e9 doit s\u2019assurer de votre identit\u00e9 avant de r\u00e9pondre \u00e0 une telle demande. Aussi, toute demande tendant \u00e0 l\u2019exercice de ces droits devra \u00eatre accompagn\u00e9e d\u2019une copie d\u2019un titre d\u2019identit\u00e9 sign\u00e9.<\/p>\n<p>En cas de r\u00e9ponse insatisfaisante, vous pouvez introduire une r\u00e9clamation aupr\u00e8s de la Commission nationale de l\u2019informatique et des libert\u00e9s (CNIL) : https:\/\/www.cnil.fr\/fr\/plaintes.<\/p>\n<p><strong>8. OPPOSITION AUX OFFRES COMMERCIALES<\/strong><br \/>\nVous pouvez \u00e0 tout moment vous opposer \u00e0 des sollicitations commerciales, selon les modalit\u00e9s pr\u00e9vues par le support de communication concern\u00e9.<\/p>\n<p><strong>9. SECURITE DES DONNEES PERSONNELLES<\/strong><br \/>\nEn tant que responsable de traitement, nous prenons toutes les mesures utiles pour pr\u00e9server la s\u00e9curit\u00e9 et la confidentialit\u00e9 des donn\u00e9es et notamment, emp\u00eacher qu\u2019elles soient endommag\u00e9es, ou que des tiers non autoris\u00e9s y aient acc\u00e8s. A cette fin, nous mettons tout en \u0153uvre pour garantir la s\u00e9curit\u00e9 physique des b\u00e2timents abritant nos syst\u00e8mes informatiques, ainsi que la s\u00e9curit\u00e9 du syst\u00e8me informatique en pr\u00e9voyant notamment des mesures de chiffrement. Par ailleurs, nous nous assurons du respect par nos sous-traitants des r\u00e8gles en mati\u00e8re de protection des donn\u00e9es personnelles.<\/p>\n<p><strong>10. MISE A JOUR DE LA POLITIQUE DE PROTECTION DES DONNEES PERSONNELLES<\/strong><br \/>\nCette politique de protection des donn\u00e9es personnelles pourra \u00eatre modifi\u00e9e ou ajust\u00e9e \u00e0 tout moment.<\/p>\n<p>En cas de modifications substantielles, Les Merveilles du Pacifique vous informera de la nouvelle politique mise \u00e0 jour.<\/p>\n","protected":false},"excerpt":{"rendered":"<p>Politique de protection des donn\u00e9es personnelles Soucieuse du respect de la vie priv\u00e9e des internautes, la Soci\u00e9t\u00e9 Les Merveilles du Pacifique, (ci-apr\u00e8s \u00ab la Soci\u00e9t\u00e9 \u00bb ou \u00ab nous \u00bb),&hellip;<\/p>\n","protected":false},"author":1,"featured_media":0,"parent":0,"menu_order":30,"comment_status":"closed","ping_status":"closed","template":"","meta":{"_mi_skip_tracking":false},"yoast_head":"<!-- This site is optimized with the Yoast SEO plugin v18.3 - https:\/\/yoast.com\/wordpress\/plugins\/seo\/ -->\n<title>Pol\u00edtica de privacidade - Les Merveilles du Pacifique<\/title>\n<meta name=\"robots\" content=\"index, follow, max-snippet:-1, max-image-preview:large, max-video-preview:-1\" \/>\n<link rel=\"canonical\" href=\"https:\/\/www.lesmerveillesdupacifique.com\/pt\/politique-de-confidentialite\/\" \/>\n<meta property=\"og:locale\" content=\"pt_PT\" \/>\n<meta property=\"og:type\" content=\"article\" \/>\n<meta property=\"og:title\" content=\"Pol\u00edtica de privacidade - Les Merveilles du Pacifique\" \/>\n<meta property=\"og:description\" content=\"Politique de protection des donn\u00e9es personnelles Soucieuse du respect de la vie priv\u00e9e des internautes, la Soci\u00e9t\u00e9 Les Merveilles du Pacifique, (ci-apr\u00e8s \u00ab la Soci\u00e9t\u00e9 \u00bb ou \u00ab nous \u00bb),&hellip;\" \/>\n<meta property=\"og:url\" content=\"https:\/\/www.lesmerveillesdupacifique.com\/fr\/politique-de-confidentialite\/\" \/>\n<meta property=\"og:site_name\" content=\"Les Merveilles du Pacifique\" \/>\n<meta property=\"article:modified_time\" content=\"2020-12-01T15:48:59+00:00\" \/>\n<meta name=\"twitter:card\" content=\"summary_large_image\" \/>\n<meta name=\"twitter:label1\" content=\"Tempo estimado de leitura\" \/>\n\t<meta name=\"twitter:data1\" content=\"9 minutos\" \/>\n<script type=\"application\/ld+json\" class=\"yoast-schema-graph\">{\"@context\":\"https:\/\/schema.org\",\"@graph\":[{\"@type\":\"WebSite\",\"@id\":\"https:\/\/www.lesmerveillesdupacifique.com\/fr\/#website\",\"url\":\"https:\/\/www.lesmerveillesdupacifique.com\/fr\/\",\"name\":\"Les Merveilles du Pacifique\",\"description\":\"Perles de culture de Tahiti\",\"potentialAction\":[{\"@type\":\"SearchAction\",\"target\":{\"@type\":\"EntryPoint\",\"urlTemplate\":\"https:\/\/www.lesmerveillesdupacifique.com\/fr\/?s={search_term_string}\"},\"query-input\":\"required name=search_term_string\"}],\"inLanguage\":\"pt-PT\"},{\"@type\":\"WebPage\",\"@id\":\"https:\/\/www.lesmerveillesdupacifique.com\/fr\/politique-de-confidentialite\/#webpage\",\"url\":\"https:\/\/www.lesmerveillesdupacifique.com\/fr\/politique-de-confidentialite\/\",\"name\":\"Pol\u00edtica de privacidade - Les Merveilles du Pacifique\",\"isPartOf\":{\"@id\":\"https:\/\/www.lesmerveillesdupacifique.com\/fr\/#website\"},\"datePublished\":\"2020-05-19T15:38:15+00:00\",\"dateModified\":\"2020-12-01T15:48:59+00:00\",\"breadcrumb\":{\"@id\":\"https:\/\/www.lesmerveillesdupacifique.com\/fr\/politique-de-confidentialite\/#breadcrumb\"},\"inLanguage\":\"pt-PT\",\"potentialAction\":[{\"@type\":\"ReadAction\",\"target\":[\"https:\/\/www.lesmerveillesdupacifique.com\/fr\/politique-de-confidentialite\/\"]}]},{\"@type\":\"BreadcrumbList\",\"@id\":\"https:\/\/www.lesmerveillesdupacifique.com\/fr\/politique-de-confidentialite\/#breadcrumb\",\"itemListElement\":[{\"@type\":\"ListItem\",\"position\":1,\"name\":\"Accueil\",\"item\":\"https:\/\/www.lesmerveillesdupacifique.com\/\"},{\"@type\":\"ListItem\",\"position\":2,\"name\":\"Politique de confidentialit\u00e9\"}]}]}<\/script>\n<!-- \/ Yoast SEO plugin. -->","yoast_head_json":{"title":"Pol\u00edtica de privacidade - Les Merveilles du Pacifique","robots":{"index":"index","follow":"follow","max-snippet":"max-snippet:-1","max-image-preview":"max-image-preview:large","max-video-preview":"max-video-preview:-1"},"canonical":"https:\/\/www.lesmerveillesdupacifique.com\/pt\/politique-de-confidentialite\/","og_locale":"pt_PT","og_type":"article","og_title":"Pol\u00edtica de privacidade - Les Merveilles du Pacifique","og_description":"Politique de protection des donn\u00e9es personnelles Soucieuse du respect de la vie priv\u00e9e des internautes, la Soci\u00e9t\u00e9 Les Merveilles du Pacifique, (ci-apr\u00e8s \u00ab la Soci\u00e9t\u00e9 \u00bb ou \u00ab nous \u00bb),&hellip;","og_url":"https:\/\/www.lesmerveillesdupacifique.com\/fr\/politique-de-confidentialite\/","og_site_name":"Les Merveilles du Pacifique","article_modified_time":"2020-12-01T15:48:59+00:00","twitter_card":"summary_large_image","twitter_misc":{"Tempo estimado de leitura":"9 minutos"},"schema":{"@context":"https:\/\/schema.org","@graph":[{"@type":"WebSite","@id":"https:\/\/www.lesmerveillesdupacifique.com\/fr\/#website","url":"https:\/\/www.lesmerveillesdupacifique.com\/fr\/","name":"Les Merveilles du Pacifique","description":"Perles de culture de Tahiti","potentialAction":[{"@type":"SearchAction","target":{"@type":"EntryPoint","urlTemplate":"https:\/\/www.lesmerveillesdupacifique.com\/fr\/?s={search_term_string}"},"query-input":"required name=search_term_string"}],"inLanguage":"pt-PT"},{"@type":"WebPage","@id":"https:\/\/www.lesmerveillesdupacifique.com\/fr\/politique-de-confidentialite\/#webpage","url":"https:\/\/www.lesmerveillesdupacifique.com\/fr\/politique-de-confidentialite\/","name":"Pol\u00edtica de privacidade - Les Merveilles du Pacifique","isPartOf":{"@id":"https:\/\/www.lesmerveillesdupacifique.com\/fr\/#website"},"datePublished":"2020-05-19T15:38:15+00:00","dateModified":"2020-12-01T15:48:59+00:00","breadcrumb":{"@id":"https:\/\/www.lesmerveillesdupacifique.com\/fr\/politique-de-confidentialite\/#breadcrumb"},"inLanguage":"pt-PT","potentialAction":[{"@type":"ReadAction","target":["https:\/\/www.lesmerveillesdupacifique.com\/fr\/politique-de-confidentialite\/"]}]},{"@type":"BreadcrumbList","@id":"https:\/\/www.lesmerveillesdupacifique.com\/fr\/politique-de-confidentialite\/#breadcrumb","itemListElement":[{"@type":"ListItem","position":1,"name":"Accueil","item":"https:\/\/www.lesmerveillesdupacifique.com\/"},{"@type":"ListItem","position":2,"name":"Politique de confidentialit\u00e9"}]}]}},"acf":[],"_links":{"self":[{"href":"https:\/\/www.lesmerveillesdupacifique.com\/pt\/wp-json\/wp\/v2\/pages\/2212"}],"collection":[{"href":"https:\/\/www.lesmerveillesdupacifique.com\/pt\/wp-json\/wp\/v2\/pages"}],"about":[{"href":"https:\/\/www.lesmerveillesdupacifique.com\/pt\/wp-json\/wp\/v2\/types\/page"}],"author":[{"embeddable":true,"href":"https:\/\/www.lesmerveillesdupacifique.com\/pt\/wp-json\/wp\/v2\/users\/1"}],"replies":[{"embeddable":true,"href":"https:\/\/www.lesmerveillesdupacifique.com\/pt\/wp-json\/wp\/v2\/comments?post=2212"}],"version-history":[{"count":0,"href":"https:\/\/www.lesmerveillesdupacifique.com\/pt\/wp-json\/wp\/v2\/pages\/2212\/revisions"}],"wp:attachment":[{"href":"https:\/\/www.lesmerveillesdupacifique.com\/pt\/wp-json\/wp\/v2\/media?parent=2212"}],"curies":[{"name":"wp","href":"https:\/\/api.w.org\/{rel}","templated":true}]}}