{"id":636,"date":"2018-06-12T13:52:13","date_gmt":"2018-06-12T11:52:13","guid":{"rendered":"http:\/\/www.lesmerveillesdupacifique.com\/prod\/?post_type=product&#038;p=636"},"modified":"2023-03-30T12:52:32","modified_gmt":"2023-03-30T10:52:32","slug":"rang-rondes-9-10","status":"publish","type":"product","link":"https:\/\/www.lesmerveillesdupacifique.com\/it\/produit\/rang-rondes-9-10\/","title":{"rendered":"Collana di perle rotonde 9-10 A\/B"},"content":{"rendered":"","protected":false},"excerpt":{"rendered":"<p><strong>Collana di perle\u00a0<\/strong><b>di coltura di Tahiti<br \/>\n<\/b><strong>Forme di perle:<\/strong> rotonde<br \/>\n<strong>dimensioni:<\/strong> 9-10 mm<br \/>\n<strong>qualit\u00e0:<\/strong> A\/B<\/p>\n<p><span id=\"s2_1\">I ferri via cavo hanno una lunghezza standard di 40 cm non infilati e senza fermaglio (cio\u00e8 42 cm infilati con fermaglio).<\/span>\u00a0<span id=\"s2_2\">Mettiamo i nostri ranghi su filo di seta.<\/span><\/p>\n<p><span id=\"s2_3\">Possibilit\u00e0 di allungarle e\/o farle infilare con fermaglio su misura.<\/span><\/p>\n<p><span id=\"s2_4\">&#8211; Disponibile in tutti i dimensioni da 8 a 14 mm<\/span><br \/>\n<span id=\"s2_5\">&#8211; Disponibile in qualit\u00e0 A, qualit\u00e0 B, qualit\u00e0 B\/C e qualit\u00e0 C<\/span><\/p>\n","protected":false},"featured_media":637,"template":"","meta":{"_mi_skip_tracking":false},"product_cat":[27],"product_tag":[],"yoast_head":"<!-- This site is optimized with the Yoast SEO plugin v18.3 - https:\/\/yoast.com\/wordpress\/plugins\/seo\/ -->\n<title>Collana di perle rotonde 9-10 A\/B - Les Merveilles du Pacifique<\/title>\n<meta name=\"robots\" content=\"index, follow, max-snippet:-1, max-image-preview:large, max-video-preview:-1\" \/>\n<link rel=\"canonical\" href=\"https:\/\/www.lesmerveillesdupacifique.com\/it\/produit\/rang-rondes-9-10\/\" \/>\n<meta property=\"og:locale\" content=\"it_IT\" \/>\n<meta property=\"og:type\" content=\"article\" \/>\n<meta property=\"og:title\" content=\"Collana di perle rotonde 9-10 A\/B - Les Merveilles du Pacifique\" \/>\n<meta property=\"og:description\" content=\"Collana di perle\u00a0di coltura di Tahiti Forme di perle: rotonde dimensioni: 9-10 mm qualit\u00e0: A\/B  I ferri via cavo hanno una lunghezza standard di 40 cm non infilati e senza fermaglio (cio\u00e8 42 cm infilati con fermaglio).\u00a0Mettiamo i nostri ranghi su filo di seta.  Possibilit\u00e0 di allungarle e\/o farle infilare con fermaglio su misura.  - Disponibile in tutti i dimensioni da 8 a 14 mm - Disponibile in qualit\u00e0 A, qualit\u00e0 B, qualit\u00e0 B\/C e qualit\u00e0 C\" \/>\n<meta property=\"og:url\" content=\"https:\/\/www.lesmerveillesdupacifique.com\/produit\/rang-rondes-9-10\/\" \/>\n<meta property=\"og:site_name\" content=\"Les Merveilles du Pacifique\" \/>\n<meta property=\"article:modified_time\" content=\"2023-03-30T10:52:32+00:00\" \/>\n<meta property=\"og:image\" content=\"https:\/\/www.lesmerveillesdupacifique.com\/wp-content\/uploads\/2018\/06\/RANG-RONDES-1.jpg\" \/>\n\t<meta property=\"og:image:width\" content=\"1500\" \/>\n\t<meta property=\"og:image:height\" content=\"1125\" \/>\n\t<meta property=\"og:image:type\" content=\"image\/jpeg\" \/>\n<meta name=\"twitter:card\" content=\"summary_large_image\" \/>\n<script type=\"application\/ld+json\" class=\"yoast-schema-graph\">{\"@context\":\"https:\/\/schema.org\",\"@graph\":[{\"@type\":\"WebSite\",\"@id\":\"https:\/\/www.lesmerveillesdupacifique.com\/fr\/#website\",\"url\":\"https:\/\/www.lesmerveillesdupacifique.com\/fr\/\",\"name\":\"Les Merveilles du Pacifique\",\"description\":\"Perles de culture de Tahiti\",\"potentialAction\":[{\"@type\":\"SearchAction\",\"target\":{\"@type\":\"EntryPoint\",\"urlTemplate\":\"https:\/\/www.lesmerveillesdupacifique.com\/fr\/?s={search_term_string}\"},\"query-input\":\"required name=search_term_string\"}],\"inLanguage\":\"it-IT\"},{\"@type\":\"ImageObject\",\"@id\":\"https:\/\/www.lesmerveillesdupacifique.com\/produit\/rang-rondes-9-10\/#primaryimage\",\"inLanguage\":\"it-IT\",\"url\":\"https:\/\/www.lesmerveillesdupacifique.com\/wp-content\/uploads\/2018\/06\/RANG-RONDES-1.jpg\",\"contentUrl\":\"https:\/\/www.lesmerveillesdupacifique.com\/wp-content\/uploads\/2018\/06\/RANG-RONDES-1.jpg\",\"width\":1500,\"height\":1125,\"caption\":\"Perles de Tahiti\"},{\"@type\":\"WebPage\",\"@id\":\"https:\/\/www.lesmerveillesdupacifique.com\/produit\/rang-rondes-9-10\/#webpage\",\"url\":\"https:\/\/www.lesmerveillesdupacifique.com\/produit\/rang-rondes-9-10\/\",\"name\":\"Collana di perle rotonde 9-10 A\/B - Les Merveilles du Pacifique\",\"isPartOf\":{\"@id\":\"https:\/\/www.lesmerveillesdupacifique.com\/fr\/#website\"},\"primaryImageOfPage\":{\"@id\":\"https:\/\/www.lesmerveillesdupacifique.com\/produit\/rang-rondes-9-10\/#primaryimage\"},\"datePublished\":\"2018-06-12T11:52:13+00:00\",\"dateModified\":\"2023-03-30T10:52:32+00:00\",\"breadcrumb\":{\"@id\":\"https:\/\/www.lesmerveillesdupacifique.com\/produit\/rang-rondes-9-10\/#breadcrumb\"},\"inLanguage\":\"it-IT\",\"potentialAction\":[{\"@type\":\"ReadAction\",\"target\":[\"https:\/\/www.lesmerveillesdupacifique.com\/produit\/rang-rondes-9-10\/\"]}]},{\"@type\":\"BreadcrumbList\",\"@id\":\"https:\/\/www.lesmerveillesdupacifique.com\/produit\/rang-rondes-9-10\/#breadcrumb\",\"itemListElement\":[{\"@type\":\"ListItem\",\"position\":1,\"name\":\"Accueil\",\"item\":\"https:\/\/www.lesmerveillesdupacifique.com\/\"},{\"@type\":\"ListItem\",\"position\":2,\"name\":\"Collection\",\"item\":\"https:\/\/www.lesmerveillesdupacifique.com\/fr\/shop\/\"},{\"@type\":\"ListItem\",\"position\":3,\"name\":\"Rang de perles rondes 9-10 A\/B\"}]}]}<\/script>\n<!-- \/ Yoast SEO plugin. -->","yoast_head_json":{"title":"Collana di perle rotonde 9-10 A\/B - Les Merveilles du Pacifique","robots":{"index":"index","follow":"follow","max-snippet":"max-snippet:-1","max-image-preview":"max-image-preview:large","max-video-preview":"max-video-preview:-1"},"canonical":"https:\/\/www.lesmerveillesdupacifique.com\/it\/produit\/rang-rondes-9-10\/","og_locale":"it_IT","og_type":"article","og_title":"Collana di perle rotonde 9-10 A\/B - Les Merveilles du Pacifique","og_description":"Collana di perle\u00a0di coltura di Tahiti Forme di perle: rotonde dimensioni: 9-10 mm qualit\u00e0: A\/B  I ferri via cavo hanno una lunghezza standard di 40 cm non infilati e senza fermaglio (cio\u00e8 42 cm infilati con fermaglio).\u00a0Mettiamo i nostri ranghi su filo di seta.  Possibilit\u00e0 di allungarle e\/o farle infilare con fermaglio su misura.  - Disponibile in tutti i dimensioni da 8 a 14 mm - Disponibile in qualit\u00e0 A, qualit\u00e0 B, qualit\u00e0 B\/C e qualit\u00e0 C","og_url":"https:\/\/www.lesmerveillesdupacifique.com\/produit\/rang-rondes-9-10\/","og_site_name":"Les Merveilles du Pacifique","article_modified_time":"2023-03-30T10:52:32+00:00","og_image":[{"width":1500,"height":1125,"url":"https:\/\/www.lesmerveillesdupacifique.com\/wp-content\/uploads\/2018\/06\/RANG-RONDES-1.jpg","type":"image\/jpeg"}],"twitter_card":"summary_large_image","schema":{"@context":"https:\/\/schema.org","@graph":[{"@type":"WebSite","@id":"https:\/\/www.lesmerveillesdupacifique.com\/fr\/#website","url":"https:\/\/www.lesmerveillesdupacifique.com\/fr\/","name":"Les Merveilles du Pacifique","description":"Perles de culture de Tahiti","potentialAction":[{"@type":"SearchAction","target":{"@type":"EntryPoint","urlTemplate":"https:\/\/www.lesmerveillesdupacifique.com\/fr\/?s={search_term_string}"},"query-input":"required name=search_term_string"}],"inLanguage":"it-IT"},{"@type":"ImageObject","@id":"https:\/\/www.lesmerveillesdupacifique.com\/produit\/rang-rondes-9-10\/#primaryimage","inLanguage":"it-IT","url":"https:\/\/www.lesmerveillesdupacifique.com\/wp-content\/uploads\/2018\/06\/RANG-RONDES-1.jpg","contentUrl":"https:\/\/www.lesmerveillesdupacifique.com\/wp-content\/uploads\/2018\/06\/RANG-RONDES-1.jpg","width":1500,"height":1125,"caption":"Perles de Tahiti"},{"@type":"WebPage","@id":"https:\/\/www.lesmerveillesdupacifique.com\/produit\/rang-rondes-9-10\/#webpage","url":"https:\/\/www.lesmerveillesdupacifique.com\/produit\/rang-rondes-9-10\/","name":"Collana di perle rotonde 9-10 A\/B - Les Merveilles du Pacifique","isPartOf":{"@id":"https:\/\/www.lesmerveillesdupacifique.com\/fr\/#website"},"primaryImageOfPage":{"@id":"https:\/\/www.lesmerveillesdupacifique.com\/produit\/rang-rondes-9-10\/#primaryimage"},"datePublished":"2018-06-12T11:52:13+00:00","dateModified":"2023-03-30T10:52:32+00:00","breadcrumb":{"@id":"https:\/\/www.lesmerveillesdupacifique.com\/produit\/rang-rondes-9-10\/#breadcrumb"},"inLanguage":"it-IT","potentialAction":[{"@type":"ReadAction","target":["https:\/\/www.lesmerveillesdupacifique.com\/produit\/rang-rondes-9-10\/"]}]},{"@type":"BreadcrumbList","@id":"https:\/\/www.lesmerveillesdupacifique.com\/produit\/rang-rondes-9-10\/#breadcrumb","itemListElement":[{"@type":"ListItem","position":1,"name":"Accueil","item":"https:\/\/www.lesmerveillesdupacifique.com\/"},{"@type":"ListItem","position":2,"name":"Collection","item":"https:\/\/www.lesmerveillesdupacifique.com\/fr\/shop\/"},{"@type":"ListItem","position":3,"name":"Rang de perles rondes 9-10 A\/B"}]}]}},"acf":[],"_links":{"self":[{"href":"https:\/\/www.lesmerveillesdupacifique.com\/it\/wp-json\/wp\/v2\/product\/636"}],"collection":[{"href":"https:\/\/www.lesmerveillesdupacifique.com\/it\/wp-json\/wp\/v2\/product"}],"about":[{"href":"https:\/\/www.lesmerveillesdupacifique.com\/it\/wp-json\/wp\/v2\/types\/product"}],"wp:featuredmedia":[{"embeddable":true,"href":"https:\/\/www.lesmerveillesdupacifique.com\/it\/wp-json\/wp\/v2\/media\/637"}],"wp:attachment":[{"href":"https:\/\/www.lesmerveillesdupacifique.com\/it\/wp-json\/wp\/v2\/media?parent=636"}],"wp:term":[{"taxonomy":"product_cat","embeddable":true,"href":"https:\/\/www.lesmerveillesdupacifique.com\/it\/wp-json\/wp\/v2\/product_cat?post=636"},{"taxonomy":"product_tag","embeddable":true,"href":"https:\/\/www.lesmerveillesdupacifique.com\/it\/wp-json\/wp\/v2\/product_tag?post=636"}],"curies":[{"name":"wp","href":"https:\/\/api.w.org\/{rel}","templated":true}]}}