{"id":7,"date":"2018-03-30T09:20:53","date_gmt":"2018-03-30T07:20:53","guid":{"rendered":"http:\/\/www.lesmerveillesdupacifique.com\/prod\/?page_id=7"},"modified":"2025-04-14T11:58:56","modified_gmt":"2025-04-14T09:58:56","slug":"qui-nous-sommes","status":"publish","type":"page","link":"https:\/\/www.lesmerveillesdupacifique.com\/it\/qui-nous-sommes\/","title":{"rendered":"Chi siamo"},"content":{"rendered":"<p>[vc_section full_width=&#8221;stretch_row&#8221; full_height=&#8221;yes&#8221; content_placement=&#8221;middle&#8221; css=&#8221;.vc_custom_1548319581661{background-image: url(http:\/\/www.lesmerveillesdupacifique.com\/wp-content\/uploads\/2018\/06\/ccc.jpg?id=385) !important;background-position: center !important;background-repeat: no-repeat !important;background-size: cover !important;}&#8221; el_class=&#8221;ripple-it&#8221;][vc_row][vc_column][vc_column_text]<\/p>\n<h1 style=\"text-align: center;\"><span lang=\"IT\" style=\"color: #ffffff;\">Importatori di perle di Tahiti dal 2009 <\/span><\/h1>\n<p>[\/vc_column_text][\/vc_column][\/vc_row][\/vc_section][vc_section css=&#8221;.vc_custom_1589900685345{margin-top: 65px !important;}&#8221;][vc_row][vc_column width=&#8221;1\/4&#8243;][\/vc_column][vc_column width=&#8221;1\/2&#8243;][vc_column_text]<\/p>\n<h2>Tutto ha avuto inizio nel cuore degli allevamenti perliferi della Polinesia.<\/h2>\n<p>[\/vc_column_text][vc_column_text]All\u2019inizio degli anni 2000, Mehdi Abdellaoui decide di partire all\u2019avventura per imparare il mestiere di commerciante di perle sull\u2019isola di Tahiti e negli atolli paradisiaci delle isole Tuamotu-Gambier.<\/p>\n<p>Dopo vari anni di esperienza sul campo, torna in Francia metropolitana con l\u2019idea di creare una societ\u00e0 di importazione di perle di Tahiti.\u00a0Nel 2009 nasce l\u2019azienda parigina Les Merveilles du Pacifique, fornitore esclusivo di perle di Tahiti per i professionisti del settore gioielliero.<\/p>\n<p>Raccolte direttamente negli allevamenti perliferi delle isole Tuamotu-Gambier, in Polinesia francese, le perle della nostra azienda si distinguono per l\u2019unicit\u00e0 dei loro colori naturali. La nostra priorit\u00e0 \u00e8 dare un tocco di colore al mercato della perla affinch\u00e9 la perla di Tahiti perda il soprannome di \u201cperla nera\u201d e di \u201cperla grigia\u201d.<\/p>\n<p>La scelta di rifornirci direttamente dai produttori-perlicoltori pi\u00f9 volte all\u2019anno, ci permette di offrire ai nostri clienti il miglior rapporto qualit\u00e0-prezzo. Dinamismo e reattivit\u00e0 sono i nostri punti di forza.[\/vc_column_text][\/vc_column][vc_column width=&#8221;1\/4&#8243;][\/vc_column][\/vc_row][vc_row][vc_column][vc_single_image image=&#8221;1502&#8243; img_size=&#8221;large&#8221; alignment=&#8221;center&#8221; css=&#8221;.vc_custom_1561025450291{padding-top: 40px !important;padding-bottom: 40px !important;}&#8221;][\/vc_column][\/vc_row][vc_row][vc_column width=&#8221;1\/4&#8243;][\/vc_column][vc_column width=&#8221;1\/2&#8243;][vc_column_text]<\/p>\n<h2 style=\"text-align: left;\">Dopo aver fornito perle sfuse ai nostri gioiellieri-creatori, abbiamo lanciato una collezione di gioielli in perle di tutte le forme montate su oro e argento rodiato.<\/h2>\n<p>[\/vc_column_text][vc_column_text]In un primo tempo, ci siamo concentrati sul mercato francese grazie alla nostra presenza alle fiere di Parigi e Lione.\u00a0Nel 2015 abbiamo continuato la nostra espansione a livello europeo partecipando a fiere internazionali.<\/p>\n<p style=\"text-align: justify;\">Dal 2016 siamo presenti sulla piattaforma mondiale della perla, Hong Kong.\u00a0.<\/p>\n<p>La nostra azienda \u00e8 giovane ma dotata di un know-how d\u2019eccezione in materia di perle di coltura di Tahiti, a garanzia della nostra qualit\u00e0.\u00a0Siamo ormai una delle aziende leader nel mercato francese per questa tipologia di perle.[\/vc_column_text][\/vc_column][vc_column width=&#8221;1\/4&#8243;][\/vc_column][\/vc_row][\/vc_section]<\/p>","protected":false},"excerpt":{"rendered":"<p>[vc_section full_width=&#8221;stretch_row&#8221; full_height=&#8221;yes&#8221; content_placement=&#8221;middle&#8221; css=&#8221;.vc_custom_1548319581661{background-image: url(http:\/\/www.lesmerveillesdupacifique.com\/wp-content\/uploads\/2018\/06\/ccc.jpg?id=385) !important;background-position: center !important;background-repeat: no-repeat !important;background-size: cover !important;}&#8221; el_class=&#8221;ripple-it&#8221;][vc_row][vc_column][vc_column_text] Importatori di perle di Tahiti dal 2009 [\/vc_column_text][\/vc_column][\/vc_row][\/vc_section][vc_section css=&#8221;.vc_custom_1589900685345{margin-top: 65px !important;}&#8221;][vc_row][vc_column width=&#8221;1\/4&#8243;][\/vc_column][vc_column width=&#8221;1\/2&#8243;][vc_column_text] Tutto ha avuto&hellip;<\/p>\n","protected":false},"author":1,"featured_media":0,"parent":0,"menu_order":6,"comment_status":"closed","ping_status":"closed","template":"templates\/large-container.php","meta":{"_mi_skip_tracking":false},"yoast_head":"<!-- This site is optimized with the Yoast SEO plugin v18.3 - https:\/\/yoast.com\/wordpress\/plugins\/seo\/ -->\n<title>Chi siamo - Les Merveilles du Pacifique - Grossiste en perles de culture<\/title>\n<meta name=\"description\" content=\"Les Merveilles du Pacifique, grossiste en perles de Tahiti, s\u00e9lectionne des perles d\u2019exception directement issues des lagons polyn\u00e9siens. Qualit\u00e9 et authenticit\u00e9 pour les professionnels.\" \/>\n<meta name=\"robots\" content=\"index, follow, max-snippet:-1, max-image-preview:large, max-video-preview:-1\" \/>\n<link rel=\"canonical\" href=\"https:\/\/www.lesmerveillesdupacifique.com\/it\/qui-nous-sommes\/\" \/>\n<meta property=\"og:locale\" content=\"it_IT\" \/>\n<meta property=\"og:type\" content=\"article\" \/>\n<meta property=\"og:title\" content=\"Chi siamo - Les Merveilles du Pacifique - Grossiste en perles de culture\" \/>\n<meta property=\"og:description\" content=\"Les Merveilles du Pacifique, grossiste en perles de Tahiti, s\u00e9lectionne des perles d\u2019exception directement issues des lagons polyn\u00e9siens. Qualit\u00e9 et authenticit\u00e9 pour les professionnels.\" \/>\n<meta property=\"og:url\" content=\"https:\/\/www.lesmerveillesdupacifique.com\/qui-nous-sommes\/\" \/>\n<meta property=\"og:site_name\" content=\"Les Merveilles du Pacifique\" \/>\n<meta property=\"article:modified_time\" content=\"2025-04-14T09:58:56+00:00\" \/>\n<meta name=\"twitter:card\" content=\"summary_large_image\" \/>\n<meta name=\"twitter:label1\" content=\"Tempo di lettura stimato\" \/>\n\t<meta name=\"twitter:data1\" content=\"2 minuti\" \/>\n<script type=\"application\/ld+json\" class=\"yoast-schema-graph\">{\"@context\":\"https:\/\/schema.org\",\"@graph\":[{\"@type\":\"WebSite\",\"@id\":\"https:\/\/www.lesmerveillesdupacifique.com\/fr\/#website\",\"url\":\"https:\/\/www.lesmerveillesdupacifique.com\/fr\/\",\"name\":\"Les Merveilles du Pacifique\",\"description\":\"Perles de culture de Tahiti\",\"potentialAction\":[{\"@type\":\"SearchAction\",\"target\":{\"@type\":\"EntryPoint\",\"urlTemplate\":\"https:\/\/www.lesmerveillesdupacifique.com\/fr\/?s={search_term_string}\"},\"query-input\":\"required name=search_term_string\"}],\"inLanguage\":\"it-IT\"},{\"@type\":\"WebPage\",\"@id\":\"https:\/\/www.lesmerveillesdupacifique.com\/qui-nous-sommes\/#webpage\",\"url\":\"https:\/\/www.lesmerveillesdupacifique.com\/qui-nous-sommes\/\",\"name\":\"Chi siamo - Les Merveilles du Pacifique - Grossiste en perles de culture\",\"isPartOf\":{\"@id\":\"https:\/\/www.lesmerveillesdupacifique.com\/fr\/#website\"},\"datePublished\":\"2018-03-30T07:20:53+00:00\",\"dateModified\":\"2025-04-14T09:58:56+00:00\",\"description\":\"Les Merveilles du Pacifique, grossiste en perles de Tahiti, s\u00e9lectionne des perles d\u2019exception directement issues des lagons polyn\u00e9siens. Qualit\u00e9 et authenticit\u00e9 pour les professionnels.\",\"breadcrumb\":{\"@id\":\"https:\/\/www.lesmerveillesdupacifique.com\/qui-nous-sommes\/#breadcrumb\"},\"inLanguage\":\"it-IT\",\"potentialAction\":[{\"@type\":\"ReadAction\",\"target\":[\"https:\/\/www.lesmerveillesdupacifique.com\/qui-nous-sommes\/\"]}]},{\"@type\":\"BreadcrumbList\",\"@id\":\"https:\/\/www.lesmerveillesdupacifique.com\/qui-nous-sommes\/#breadcrumb\",\"itemListElement\":[{\"@type\":\"ListItem\",\"position\":1,\"name\":\"Accueil\",\"item\":\"https:\/\/www.lesmerveillesdupacifique.com\/\"},{\"@type\":\"ListItem\",\"position\":2,\"name\":\"La marque\"}]}]}<\/script>\n<!-- \/ Yoast SEO plugin. -->","yoast_head_json":{"title":"Chi siamo - Les Merveilles du Pacifique - Grossiste en perles de culture","description":"Les Merveilles du Pacifique, grossiste en perles de Tahiti, s\u00e9lectionne des perles d\u2019exception directement issues des lagons polyn\u00e9siens. Qualit\u00e9 et authenticit\u00e9 pour les professionnels.","robots":{"index":"index","follow":"follow","max-snippet":"max-snippet:-1","max-image-preview":"max-image-preview:large","max-video-preview":"max-video-preview:-1"},"canonical":"https:\/\/www.lesmerveillesdupacifique.com\/it\/qui-nous-sommes\/","og_locale":"it_IT","og_type":"article","og_title":"Chi siamo - Les Merveilles du Pacifique - Grossiste en perles de culture","og_description":"Les Merveilles du Pacifique, grossiste en perles de Tahiti, s\u00e9lectionne des perles d\u2019exception directement issues des lagons polyn\u00e9siens. Qualit\u00e9 et authenticit\u00e9 pour les professionnels.","og_url":"https:\/\/www.lesmerveillesdupacifique.com\/qui-nous-sommes\/","og_site_name":"Les Merveilles du Pacifique","article_modified_time":"2025-04-14T09:58:56+00:00","twitter_card":"summary_large_image","twitter_misc":{"Tempo di lettura stimato":"2 minuti"},"schema":{"@context":"https:\/\/schema.org","@graph":[{"@type":"WebSite","@id":"https:\/\/www.lesmerveillesdupacifique.com\/fr\/#website","url":"https:\/\/www.lesmerveillesdupacifique.com\/fr\/","name":"Les Merveilles du Pacifique","description":"Perles de culture de Tahiti","potentialAction":[{"@type":"SearchAction","target":{"@type":"EntryPoint","urlTemplate":"https:\/\/www.lesmerveillesdupacifique.com\/fr\/?s={search_term_string}"},"query-input":"required name=search_term_string"}],"inLanguage":"it-IT"},{"@type":"WebPage","@id":"https:\/\/www.lesmerveillesdupacifique.com\/qui-nous-sommes\/#webpage","url":"https:\/\/www.lesmerveillesdupacifique.com\/qui-nous-sommes\/","name":"Chi siamo - Les Merveilles du Pacifique - Grossiste en perles de culture","isPartOf":{"@id":"https:\/\/www.lesmerveillesdupacifique.com\/fr\/#website"},"datePublished":"2018-03-30T07:20:53+00:00","dateModified":"2025-04-14T09:58:56+00:00","description":"Les Merveilles du Pacifique, grossiste en perles de Tahiti, s\u00e9lectionne des perles d\u2019exception directement issues des lagons polyn\u00e9siens. Qualit\u00e9 et authenticit\u00e9 pour les professionnels.","breadcrumb":{"@id":"https:\/\/www.lesmerveillesdupacifique.com\/qui-nous-sommes\/#breadcrumb"},"inLanguage":"it-IT","potentialAction":[{"@type":"ReadAction","target":["https:\/\/www.lesmerveillesdupacifique.com\/qui-nous-sommes\/"]}]},{"@type":"BreadcrumbList","@id":"https:\/\/www.lesmerveillesdupacifique.com\/qui-nous-sommes\/#breadcrumb","itemListElement":[{"@type":"ListItem","position":1,"name":"Accueil","item":"https:\/\/www.lesmerveillesdupacifique.com\/"},{"@type":"ListItem","position":2,"name":"La marque"}]}]}},"acf":[],"_links":{"self":[{"href":"https:\/\/www.lesmerveillesdupacifique.com\/it\/wp-json\/wp\/v2\/pages\/7"}],"collection":[{"href":"https:\/\/www.lesmerveillesdupacifique.com\/it\/wp-json\/wp\/v2\/pages"}],"about":[{"href":"https:\/\/www.lesmerveillesdupacifique.com\/it\/wp-json\/wp\/v2\/types\/page"}],"author":[{"embeddable":true,"href":"https:\/\/www.lesmerveillesdupacifique.com\/it\/wp-json\/wp\/v2\/users\/1"}],"replies":[{"embeddable":true,"href":"https:\/\/www.lesmerveillesdupacifique.com\/it\/wp-json\/wp\/v2\/comments?post=7"}],"version-history":[{"count":1,"href":"https:\/\/www.lesmerveillesdupacifique.com\/it\/wp-json\/wp\/v2\/pages\/7\/revisions"}],"predecessor-version":[{"id":4310,"href":"https:\/\/www.lesmerveillesdupacifique.com\/it\/wp-json\/wp\/v2\/pages\/7\/revisions\/4310"}],"wp:attachment":[{"href":"https:\/\/www.lesmerveillesdupacifique.com\/it\/wp-json\/wp\/v2\/media?parent=7"}],"curies":[{"name":"wp","href":"https:\/\/api.w.org\/{rel}","templated":true}]}}