{"id":58,"date":"2018-05-14T09:17:20","date_gmt":"2018-05-14T07:17:20","guid":{"rendered":"http:\/\/www.lesmerveillesdupacifique.com\/prod\/?page_id=58"},"modified":"2025-04-14T11:40:31","modified_gmt":"2025-04-14T09:40:31","slug":"le-keshi-de-tahiti","status":"publish","type":"page","link":"https:\/\/www.lesmerveillesdupacifique.com\/it\/le-keshi-de-tahiti\/","title":{"rendered":"I keshi di Tahiti"},"content":{"rendered":"<p>[vc_section full_width=&#8221;stretch_row&#8221; full_height=&#8221;yes&#8221; content_placement=&#8221;middle&#8221; css=&#8221;.vc_custom_1548247639463{background-image: url(http:\/\/www.lesmerveillesdupacifique.com\/wp-content\/uploads\/2019\/01\/keshi-01.jpg?id=1097) !important;background-position: center !important;background-repeat: no-repeat !important;background-size: cover !important;}&#8221; el_class=&#8221;ripple-it&#8221;][vc_row][vc_column][vc_column_text]<\/p>\n<h1><span lang=\"IT\" style=\"color: #ffffff;\">Cos\u2019\u00e8 un<br \/>\nkeshi?<\/span><\/h1>\n<p>[\/vc_column_text][\/vc_column][\/vc_row][\/vc_section][vc_section css=&#8221;.vc_custom_1548247583740{padding-top: 90px !important;padding-bottom: 70px !important;}&#8221;][vc_row][vc_column width=&#8221;1\/4&#8243;][vc_raw_js]JTNDc2NyaXB0JTNFJTBBJTI0JTI4ZG9jdW1lbnQlMjkucmVhZHklMjhmdW5jdGlvbiUyOCUyOSUyMCU3QiUwQSUyMCUyMCUyMCUyNCUyOCUyNy5yaXBwbGUtaXQlMjclMjkucmlwcGxlcyUyOCU3QiUwQSUwOWltYWdlVXJsJTNBJTIwbnVsbCUyQyUwQSUwOXJlc29sdXRpb24lM0ElMjAyNTYlMkMlMEElMDlkcm9wUmFkaXVzJTNBJTIwMTQlMkMlMEElMDlwZXJ0dXJiYW5jZSUzQSUyMDAuMDElMkMlMEElMDlpbnRlcmFjdGl2ZSUzQSUyMHRydWUlMkMlMEElMjAlMjAlMjAlMjAlN0QlMjklM0IlMEElN0QlMjklM0IlMEElM0MlMkZzY3JpcHQlM0U=[\/vc_raw_js][\/vc_column][vc_column width=&#8221;1\/2&#8243;][vc_column_text]<\/p>\n<h2><span lang=\"IT\">Il keshi (seme di papavero in giapponese) <\/span><\/h2>\n<div><span lang=\"IT\">Il keshi non viene considerato come una vera e propria perla, ma come un prodotto derivato o un cugino della perla. In effetti, la sua formazione \u00e8 diversa da quella di una perla di coltura. <\/span><\/div>\n<h2><span lang=\"IT\">Formazione del keshi<\/span><\/h2>\n<div><span lang=\"IT\">Il keshi si forma quando l\u2019ostrica rigetta il nucleo (o granello sferico) e viene prodotto soltanto con il pezzetto di innesto (pezzo di mantello di un\u2019ostrica perlifera) all\u2019interno di un\u2019ostrica perlifera portatrice. Pu\u00f2 anche essere coltivato intenzionalmente impiantando soltanto l\u2019innesto. Ne risulta quindi un prodotto composto al 100% di madreperla. I keshi sono molto apprezzati in gioielleria per la loro originalit\u00e0 e quelli di Tahiti vengono considerati come pezzi d\u2019eccezione. <\/span><\/div>\n<h2><span lang=\"IT\">Forma e dimensione<br \/>\n<\/span><\/h2>\n<div><span lang=\"IT\">Hanno un diametro compreso tra 1 e 15 mm e possono essere di tutte le forme ma sono prevalentemente barocchi. <\/span><\/div>\n<p><span lang=\"IT\">\u00a0<\/span>[\/vc_column_text][\/vc_column][vc_column width=&#8221;1\/4&#8243;][\/vc_column][\/vc_row][\/vc_section][vc_section][vc_row][vc_column][vc_images_carousel images=&#8221;1114,1115&#8243; img_size=&#8221;full&#8221; onclick=&#8221;link_no&#8221; speed=&#8221;3000&#8243; autoplay=&#8221;yes&#8221; wrap=&#8221;yes&#8221;][\/vc_column][\/vc_row][\/vc_section]<\/p>","protected":false},"excerpt":{"rendered":"<p>[vc_section full_width=&#8221;stretch_row&#8221; full_height=&#8221;yes&#8221; content_placement=&#8221;middle&#8221; css=&#8221;.vc_custom_1548247639463{background-image: url(http:\/\/www.lesmerveillesdupacifique.com\/wp-content\/uploads\/2019\/01\/keshi-01.jpg?id=1097) !important;background-position: center !important;background-repeat: no-repeat !important;background-size: cover !important;}&#8221; el_class=&#8221;ripple-it&#8221;][vc_row][vc_column][vc_column_text] Cos\u2019\u00e8 un keshi? [\/vc_column_text][\/vc_column][\/vc_row][\/vc_section][vc_section css=&#8221;.vc_custom_1548247583740{padding-top: 90px !important;padding-bottom: 70px !important;}&#8221;][vc_row][vc_column width=&#8221;1\/4&#8243;][vc_raw_js]JTNDc2NyaXB0JTNFJTBBJTI0JTI4ZG9jdW1lbnQlMjkucmVhZHklMjhmdW5jdGlvbiUyOCUyOSUyMCU3QiUwQSUyMCUyMCUyMCUyNCUyOCUyNy5yaXBwbGUtaXQlMjclMjkucmlwcGxlcyUyOCU3QiUwQSUwOWltYWdlVXJsJTNBJTIwbnVsbCUyQyUwQSUwOXJlc29sdXRpb24lM0ElMjAyNTYlMkMlMEElMDlkcm9wUmFkaXVzJTNBJTIwMTQlMkMlMEElMDlwZXJ0dXJiYW5jZSUzQSUyMDAuMDElMkMlMEElMDlpbnRlcmFjdGl2ZSUzQSUyMHRydWUlMkMlMEElMjAlMjAlMjAlMjAlN0QlMjklM0IlMEElN0QlMjklM0IlMEElM0MlMkZzY3JpcHQlM0U=[\/vc_raw_js][\/vc_column][vc_column width=&#8221;1\/2&#8243;][vc_column_text] Il keshi (seme di papavero&hellip;<\/p>\n","protected":false},"author":1,"featured_media":0,"parent":0,"menu_order":2,"comment_status":"closed","ping_status":"closed","template":"","meta":{"_mi_skip_tracking":false},"yoast_head":"<!-- This site is optimized with the Yoast SEO plugin v18.3 - https:\/\/yoast.com\/wordpress\/plugins\/seo\/ -->\n<title>Le keshi de Tahiti : tout savoir sur ce cousin de la perle de Tahiti<\/title>\n<meta name=\"description\" content=\"Tout ce que vous devez savoir sur le keshi, d\u00e9riv\u00e9 ou cousin de la perle de culture compos\u00e9 \u00e0 100% de nacre et tr\u00e8s appr\u00e9ci\u00e9 des joailliers.\" \/>\n<meta name=\"robots\" content=\"index, follow, max-snippet:-1, max-image-preview:large, max-video-preview:-1\" \/>\n<link rel=\"canonical\" href=\"https:\/\/www.lesmerveillesdupacifique.com\/it\/le-keshi-de-tahiti\/\" \/>\n<meta property=\"og:locale\" content=\"it_IT\" \/>\n<meta property=\"og:type\" content=\"article\" \/>\n<meta property=\"og:title\" content=\"Le keshi de Tahiti : tout savoir sur ce cousin de la perle de Tahiti\" \/>\n<meta property=\"og:description\" content=\"Tout ce que vous devez savoir sur le keshi, d\u00e9riv\u00e9 ou cousin de la perle de culture compos\u00e9 \u00e0 100% de nacre et tr\u00e8s appr\u00e9ci\u00e9 des joailliers.\" \/>\n<meta property=\"og:url\" content=\"https:\/\/www.lesmerveillesdupacifique.com\/le-keshi-de-tahiti\/\" \/>\n<meta property=\"og:site_name\" content=\"Les Merveilles du Pacifique\" \/>\n<meta property=\"article:modified_time\" content=\"2025-04-14T09:40:31+00:00\" \/>\n<meta name=\"twitter:card\" content=\"summary_large_image\" \/>\n<meta name=\"twitter:label1\" content=\"Tempo di lettura stimato\" \/>\n\t<meta name=\"twitter:data1\" content=\"9 minuti\" \/>\n<script type=\"application\/ld+json\" class=\"yoast-schema-graph\">{\"@context\":\"https:\/\/schema.org\",\"@graph\":[{\"@type\":\"WebSite\",\"@id\":\"https:\/\/www.lesmerveillesdupacifique.com\/fr\/#website\",\"url\":\"https:\/\/www.lesmerveillesdupacifique.com\/fr\/\",\"name\":\"Les Merveilles du Pacifique\",\"description\":\"Perles de culture de Tahiti\",\"potentialAction\":[{\"@type\":\"SearchAction\",\"target\":{\"@type\":\"EntryPoint\",\"urlTemplate\":\"https:\/\/www.lesmerveillesdupacifique.com\/fr\/?s={search_term_string}\"},\"query-input\":\"required name=search_term_string\"}],\"inLanguage\":\"it-IT\"},{\"@type\":\"WebPage\",\"@id\":\"https:\/\/www.lesmerveillesdupacifique.com\/le-keshi-de-tahiti\/#webpage\",\"url\":\"https:\/\/www.lesmerveillesdupacifique.com\/le-keshi-de-tahiti\/\",\"name\":\"Le keshi de Tahiti : tout savoir sur ce cousin de la perle de Tahiti\",\"isPartOf\":{\"@id\":\"https:\/\/www.lesmerveillesdupacifique.com\/fr\/#website\"},\"datePublished\":\"2018-05-14T07:17:20+00:00\",\"dateModified\":\"2025-04-14T09:40:31+00:00\",\"description\":\"Tout ce que vous devez savoir sur le keshi, d\u00e9riv\u00e9 ou cousin de la perle de culture compos\u00e9 \u00e0 100% de nacre et tr\u00e8s appr\u00e9ci\u00e9 des joailliers.\",\"breadcrumb\":{\"@id\":\"https:\/\/www.lesmerveillesdupacifique.com\/le-keshi-de-tahiti\/#breadcrumb\"},\"inLanguage\":\"it-IT\",\"potentialAction\":[{\"@type\":\"ReadAction\",\"target\":[\"https:\/\/www.lesmerveillesdupacifique.com\/le-keshi-de-tahiti\/\"]}]},{\"@type\":\"BreadcrumbList\",\"@id\":\"https:\/\/www.lesmerveillesdupacifique.com\/le-keshi-de-tahiti\/#breadcrumb\",\"itemListElement\":[{\"@type\":\"ListItem\",\"position\":1,\"name\":\"Accueil\",\"item\":\"https:\/\/www.lesmerveillesdupacifique.com\/\"},{\"@type\":\"ListItem\",\"position\":2,\"name\":\"Le keshi de Tahiti\"}]}]}<\/script>\n<!-- \/ Yoast SEO plugin. -->","yoast_head_json":{"title":"Le keshi de Tahiti : tout savoir sur ce cousin de la perle de Tahiti","description":"Tout ce que vous devez savoir sur le keshi, d\u00e9riv\u00e9 ou cousin de la perle de culture compos\u00e9 \u00e0 100% de nacre et tr\u00e8s appr\u00e9ci\u00e9 des joailliers.","robots":{"index":"index","follow":"follow","max-snippet":"max-snippet:-1","max-image-preview":"max-image-preview:large","max-video-preview":"max-video-preview:-1"},"canonical":"https:\/\/www.lesmerveillesdupacifique.com\/it\/le-keshi-de-tahiti\/","og_locale":"it_IT","og_type":"article","og_title":"Le keshi de Tahiti : tout savoir sur ce cousin de la perle de Tahiti","og_description":"Tout ce que vous devez savoir sur le keshi, d\u00e9riv\u00e9 ou cousin de la perle de culture compos\u00e9 \u00e0 100% de nacre et tr\u00e8s appr\u00e9ci\u00e9 des joailliers.","og_url":"https:\/\/www.lesmerveillesdupacifique.com\/le-keshi-de-tahiti\/","og_site_name":"Les Merveilles du Pacifique","article_modified_time":"2025-04-14T09:40:31+00:00","twitter_card":"summary_large_image","twitter_misc":{"Tempo di lettura stimato":"9 minuti"},"schema":{"@context":"https:\/\/schema.org","@graph":[{"@type":"WebSite","@id":"https:\/\/www.lesmerveillesdupacifique.com\/fr\/#website","url":"https:\/\/www.lesmerveillesdupacifique.com\/fr\/","name":"Les Merveilles du Pacifique","description":"Perles de culture de Tahiti","potentialAction":[{"@type":"SearchAction","target":{"@type":"EntryPoint","urlTemplate":"https:\/\/www.lesmerveillesdupacifique.com\/fr\/?s={search_term_string}"},"query-input":"required name=search_term_string"}],"inLanguage":"it-IT"},{"@type":"WebPage","@id":"https:\/\/www.lesmerveillesdupacifique.com\/le-keshi-de-tahiti\/#webpage","url":"https:\/\/www.lesmerveillesdupacifique.com\/le-keshi-de-tahiti\/","name":"Le keshi de Tahiti : tout savoir sur ce cousin de la perle de Tahiti","isPartOf":{"@id":"https:\/\/www.lesmerveillesdupacifique.com\/fr\/#website"},"datePublished":"2018-05-14T07:17:20+00:00","dateModified":"2025-04-14T09:40:31+00:00","description":"Tout ce que vous devez savoir sur le keshi, d\u00e9riv\u00e9 ou cousin de la perle de culture compos\u00e9 \u00e0 100% de nacre et tr\u00e8s appr\u00e9ci\u00e9 des joailliers.","breadcrumb":{"@id":"https:\/\/www.lesmerveillesdupacifique.com\/le-keshi-de-tahiti\/#breadcrumb"},"inLanguage":"it-IT","potentialAction":[{"@type":"ReadAction","target":["https:\/\/www.lesmerveillesdupacifique.com\/le-keshi-de-tahiti\/"]}]},{"@type":"BreadcrumbList","@id":"https:\/\/www.lesmerveillesdupacifique.com\/le-keshi-de-tahiti\/#breadcrumb","itemListElement":[{"@type":"ListItem","position":1,"name":"Accueil","item":"https:\/\/www.lesmerveillesdupacifique.com\/"},{"@type":"ListItem","position":2,"name":"Le keshi de Tahiti"}]}]}},"acf":[],"_links":{"self":[{"href":"https:\/\/www.lesmerveillesdupacifique.com\/it\/wp-json\/wp\/v2\/pages\/58"}],"collection":[{"href":"https:\/\/www.lesmerveillesdupacifique.com\/it\/wp-json\/wp\/v2\/pages"}],"about":[{"href":"https:\/\/www.lesmerveillesdupacifique.com\/it\/wp-json\/wp\/v2\/types\/page"}],"author":[{"embeddable":true,"href":"https:\/\/www.lesmerveillesdupacifique.com\/it\/wp-json\/wp\/v2\/users\/1"}],"replies":[{"embeddable":true,"href":"https:\/\/www.lesmerveillesdupacifique.com\/it\/wp-json\/wp\/v2\/comments?post=58"}],"version-history":[{"count":1,"href":"https:\/\/www.lesmerveillesdupacifique.com\/it\/wp-json\/wp\/v2\/pages\/58\/revisions"}],"predecessor-version":[{"id":4303,"href":"https:\/\/www.lesmerveillesdupacifique.com\/it\/wp-json\/wp\/v2\/pages\/58\/revisions\/4303"}],"wp:attachment":[{"href":"https:\/\/www.lesmerveillesdupacifique.com\/it\/wp-json\/wp\/v2\/media?parent=58"}],"curies":[{"name":"wp","href":"https:\/\/api.w.org\/{rel}","templated":true}]}}