{"id":3190,"date":"2021-04-13T10:50:08","date_gmt":"2021-04-13T08:50:08","guid":{"rendered":"https:\/\/www.lesmerveillesdupacifique.com\/?page_id=3190"},"modified":"2025-04-14T11:47:20","modified_gmt":"2025-04-14T09:47:20","slug":"5-etapes-de-la-formation-de-la-perle","status":"publish","type":"page","link":"https:\/\/www.lesmerveillesdupacifique.com\/it\/5-etapes-de-la-formation-de-la-perle\/","title":{"rendered":"Gli 5 fasi della formazione della perla"},"content":{"rendered":"<p>[vc_row][vc_column][vc_column_text][\/vc_column_text][\/vc_column][\/vc_row][vc_section full_width=&#8221;stretch_row&#8221; full_height=&#8221;yes&#8221; content_placement=&#8221;middle&#8221; css=&#8221;.vc_custom_1618839785028{background-image: url(https:\/\/www.lesmerveillesdupacifique.com\/wp-content\/uploads\/2018\/07\/home-1.jpg?id=690) !important;background-position: center !important;background-repeat: no-repeat !important;background-size: cover !important;}&#8221; el_class=&#8221;ripple-it&#8221;][vc_row][vc_column width=&#8221;1\/4&#8243;][\/vc_column][vc_column width=&#8221;1\/2&#8243;][vc_column_text el_class=&#8221;white-box-hero&#8221;]<\/p>\n<h1 style=\"text-align: center;\">La formazione della perla di Tahiti<\/h1>\n<p>A differenza delle perle fini, le perle coltivate generano un raccolto pi\u00f9 abbondante. Coltivare le perle significa introdurre un elemento esterno all\u2019interno dell\u2019ostrica. Questo processo necessita la mano dell\u2019uomo e permetter\u00e0 all\u2019ostrica di proteggersi, creando uno strato di madreperla intorno al corpo estraneo. La formazione della perla di Tahiti si forma in 5 punti:[\/vc_column_text][\/vc_column][vc_column width=&#8221;1\/4&#8243;][\/vc_column][\/vc_row][\/vc_section][vc_section full_width=&#8221;stretch_row_content&#8221; css=&#8221;.vc_custom_1526544188055{margin: 0px !important;border-width: 0px !important;padding: 0px !important;background-color: #f9f9f9 !important;}&#8221;][vc_row full_width=&#8221;stretch_row_content_no_spaces&#8221; content_placement=&#8221;middle&#8221;][vc_column width=&#8221;1\/2&#8243; css=&#8221;.vc_custom_1526542990478{padding-right: 13% !important;padding-left: 13% !important;}&#8221;][vc_column_text]<\/p>\n<h2 style=\"text-align: center;\">1 &#8211; La risorsa<\/h2>\n<p>La perla di Tahiti \u00e8 coltivata esclusivamente nelle lagune polinesiane, nell\u2019ostrica con le labbra nere, chiamata anche Pinctada Margaritifera. Questo nome si riferisce sia il tesoro che la perla. E molto fragile e vive solo in alcune lagune dell\u2019Oceano Pacifico. Questo mollusco ha la capacit\u00e0 di riprodursi facilmente in modo regolare, sopratutto durante le stagioni intermedie.[\/vc_column_text][\/vc_column][vc_column width=&#8221;1\/2&#8243;][vc_single_image image=&#8221;161&#8243; img_size=&#8221;full&#8221; css=&#8221;.vc_custom_1618916193202{margin-bottom: 0px !important;}&#8221;][\/vc_column][\/vc_row][\/vc_section][vc_section full_width=&#8221;stretch_row_content&#8221; css=&#8221;.vc_custom_1526544230546{margin: 0px !important;border-width: 0px !important;padding: 0px !important;background-color: #f9f9f9 !important;}&#8221;][vc_row full_width=&#8221;stretch_row_content_no_spaces&#8221; content_placement=&#8221;middle&#8221;][vc_column width=&#8221;1\/2&#8243;][vc_single_image image=&#8221;3193&#8243; img_size=&#8221;full&#8221; css=&#8221;.vc_custom_1618915803349{margin-bottom: 0px !important;}&#8221;][\/vc_column][vc_column width=&#8221;1\/2&#8243; css=&#8221;.vc_custom_1526543139723{padding-right: 13% !important;padding-left: 13% !important;}&#8221;][vc_column_text]<\/p>\n<h2 style=\"text-align: center;\">2 &#8211; La raccolta delle larve di madreperla<\/h2>\n<div class=\"\">Nel periodo della deposizione delle ostriche, dei raccoglitori sono installati nella laguna per permettere ai gameti maschili e femminili di mescolarsi per dare vita alle larve di madreperla. Questi raccoglitori sono pezzi di plastica neri che permettono di catturare le larve di madreperla per aggrapparsi e crescere.<\/div>\n<div class=\"\"><\/div>\n<div class=\"\">Quando le larve di madreperla sono raccolte, l\u2019operazione di \u00ab\u00a0detroquage\u00a0\u00bb inizia. Ci\u00f2 significa rimuovere le larve dai raccoglitori. Le larve di madreperla sono poi forate e sospese da un filo di nylon a corde chiamate mazzi che sopporteranno 10 a 20 ostriche. Questo filo permette di ricreare il legame che univa la larva di madreperla al suo raccoglitore.<\/div>\n<p>[\/vc_column_text][\/vc_column][\/vc_row][\/vc_section][vc_section full_width=&#8221;stretch_row_content&#8221; css=&#8221;.vc_custom_1526544272370{margin: 0px !important;border-width: 0px !important;padding: 0px !important;background-color: #f9f9f9 !important;}&#8221;][vc_row full_width=&#8221;stretch_row_content_no_spaces&#8221; content_placement=&#8221;middle&#8221;][vc_column width=&#8221;1\/2&#8243; css=&#8221;.vc_custom_1526543153898{padding-right: 13% !important;padding-left: 13% !important;}&#8221;][vc_column_text]<\/p>\n<h2 style=\"text-align: center;\">3 &#8211; L\u2019allevamento<\/h2>\n<div class=\"\">L&#8217;allevamento delle ostriche Pinctada Margaritifera necessita una sorveglianza ottimale sia per la loro salute che per la loro protezione contro i predatori naturali.<\/div>\n<div><\/div>\n<div class=\"\">Per favorire la crescita, una pulizia regolare e minuziosa \u00e8 fondamentale. Da tre a quattro volte all&#8217;anno, le ostriche sono uscite dall&#8217;acqua per essere pulite accuratamente. Questo lavoro consiste nel rimuovere tutte le conchiglie, molluschi e alghe che vi si attaccano e che perturbano il buon sviluppo dell\u2019ostrica.<\/div>\n<div class=\"\"><\/div>\n<div class=\"\">Le ostriche possono essere innestate solo dopo tre anni.<\/div>\n<div class=\"\"><\/div>\n<p>[\/vc_column_text][\/vc_column][vc_column width=&#8221;1\/2&#8243;][vc_single_image image=&#8221;3196&#8243; img_size=&#8221;full&#8221; css=&#8221;.vc_custom_1618841530267{margin-bottom: 0px !important;}&#8221;][\/vc_column][\/vc_row][\/vc_section][vc_section full_width=&#8221;stretch_row_content&#8221; css=&#8221;.vc_custom_1526556748513{margin-top: 0px !important;margin-right: 0px !important;margin-bottom: 0px !important;margin-left: 0px !important;border-top-width: 0px !important;border-right-width: 0px !important;border-bottom-width: 0px !important;border-left-width: 0px !important;padding-top: 0px !important;padding-right: 0px !important;padding-bottom: 0px !important;padding-left: 0px !important;background-color: #f9f9f9 !important;}&#8221;][vc_row full_width=&#8221;stretch_row_content_no_spaces&#8221; content_placement=&#8221;middle&#8221;][vc_column width=&#8221;1\/2&#8243;][vc_single_image image=&#8221;3247&#8243; img_size=&#8221;full&#8221; css=&#8221;.vc_custom_1618915760290{margin-bottom: 0px !important;}&#8221;][\/vc_column][vc_column width=&#8221;1\/2&#8243; css=&#8221;.vc_custom_1526543311111{padding-right: 13% !important;padding-left: 13% !important;}&#8221;][vc_column_text]<\/p>\n<h2 style=\"text-align: center;\">4 &#8211; L\u2019innesto<\/h2>\n<div class=\"\">Per ottenere una perla di cultura di Tahiti, \u00e8 necessario procedere alla fase del innesto. L\u2019idea \u00e8 fare una piccola incisione nella sacca perlifera per inserire un innesto e un nucleus.<\/div>\n<div><\/div>\n<div class=\"\">\n<ul class=\"x_MailOutline\">\n<li class=\"\">innesto : pezzo di \u00ab\u00a0manteau\u00a0\u00bb prelevato da un\u2019ostrica donatrice<\/li>\n<li class=\"\">nucleus : sfera ottenuta da un pezzo di conchiglia<\/li>\n<\/ul>\n<\/div>\n<div class=\"\">Dopo l\u2019operazione, \u00e8 necessario un periodo di 45 giorni per sapere se c&#8217;\u00e8 stato rigetto del nucleus oppure la morte dell\u2019ostrica. Se invece il nucleus e l&#8217;innesto sono accettati dall&#8217;ostrica portatrice, l\u2019ostrica produrr\u00e0 per 24 mesi uno strato di madreperla per proteggersi. Per essere commercializzata, la madreperla deve avere uno spessore minimo di 0,8 mm.<\/div>\n<div><\/div>\n<div>Quando l\u2019ostrica rigetta il nucleus, il Kkeshi si forma con il piccolo pezzo d\u2019innesto. A differenza della perla, il Keshi non contiene un nucleo sferico.<\/div>\n<p>[\/vc_column_text][\/vc_column][\/vc_row][\/vc_section][vc_section full_width=&#8221;stretch_row_content&#8221; css=&#8221;.vc_custom_1526556754206{margin-top: 0px !important;margin-right: 0px !important;margin-bottom: 0px !important;margin-left: 0px !important;border-top-width: 0px !important;border-right-width: 0px !important;border-bottom-width: 0px !important;border-left-width: 0px !important;padding-top: 0px !important;padding-right: 0px !important;padding-bottom: 0px !important;padding-left: 0px !important;background-color: #f9f9f9 !important;}&#8221;][vc_row full_width=&#8221;stretch_row_content_no_spaces&#8221; content_placement=&#8221;middle&#8221;][vc_column width=&#8221;1\/2&#8243; css=&#8221;.vc_custom_1526554875205{padding-right: 13% !important;padding-left: 13% !important;}&#8221;][vc_column_text]<\/p>\n<h2 style=\"text-align: center;\">5 &#8211; Il raccolto<\/h2>\n<p class=\"_04xlpA direction-ltr align-justify para-style-body\">Dopo due lunghi anni, i perlicoltori estraggono le ostriche portatrici dall\u2019acqua e ricorrono ai \u00ab\u00a0greffeurs\u00a0\u00bb per raccogliere le perle.<\/p>\n<p>Quando le ostriche sono pulite, il \u00ab\u00a0greffeur\u00a0\u00bb fa una seconda incisione per estrarre la perla o il Keshi (perla senza nucleo). Se l\u2019ostrica madre \u00e8 sana e che il \u00ab\u00a0greffeur\u00a0\u00bb giudica che la qualit\u00e0 delle perle raccolte \u00e8 soddisfacente, l\u2019ostrica \u00e0 innestata di nuovo con un nucleus di stessa dimensione.<\/p>\n<p>Una volta raccolte, le perle e i Keshis vengono risciacquati e messi in un tamburo per pulirli e farli brillare.<\/p>\n<p>[\/vc_column_text][\/vc_column][vc_column width=&#8221;1\/2&#8243;][vc_single_image image=&#8221;3266&#8243; img_size=&#8221;full&#8221; css=&#8221;.vc_custom_1618915649651{margin-bottom: 0px !important;}&#8221;][\/vc_column][\/vc_row][\/vc_section][vc_row][vc_column][vc_single_image image=&#8221;3197&#8243; img_size=&#8221;full&#8221; alignment=&#8221;center&#8221;][\/vc_column][\/vc_row][vc_row][vc_column][vc_column_text][\/vc_column_text][\/vc_column][\/vc_row]<\/p>","protected":false},"excerpt":{"rendered":"<p>[vc_row][vc_column][vc_column_text][\/vc_column_text][\/vc_column][\/vc_row][vc_section full_width=&#8221;stretch_row&#8221; full_height=&#8221;yes&#8221; content_placement=&#8221;middle&#8221; css=&#8221;.vc_custom_1618839785028{background-image: url(https:\/\/www.lesmerveillesdupacifique.com\/wp-content\/uploads\/2018\/07\/home-1.jpg?id=690) !important;background-position: center !important;background-repeat: no-repeat !important;background-size: cover !important;}&#8221; el_class=&#8221;ripple-it&#8221;][vc_row][vc_column width=&#8221;1\/4&#8243;][\/vc_column][vc_column width=&#8221;1\/2&#8243;][vc_column_text el_class=&#8221;white-box-hero&#8221;] La formazione della perla di Tahiti A differenza delle perle fini, le perle&hellip;<\/p>\n","protected":false},"author":6,"featured_media":0,"parent":0,"menu_order":2,"comment_status":"closed","ping_status":"closed","template":"","meta":{"_mi_skip_tracking":false},"yoast_head":"<!-- This site is optimized with the Yoast SEO plugin v18.3 - https:\/\/yoast.com\/wordpress\/plugins\/seo\/ -->\n<title>Comment se forment les perles ? 5 \u00e9tapes de formation des perles de culture<\/title>\n<meta name=\"description\" content=\"Comment se forment les perles d&#039;hu\u00eetres ? D\u00e9couvrez les 5 \u00e9tapes de formation des perles de culture.\" \/>\n<meta name=\"robots\" content=\"index, follow, max-snippet:-1, max-image-preview:large, max-video-preview:-1\" \/>\n<link rel=\"canonical\" href=\"https:\/\/www.lesmerveillesdupacifique.com\/it\/5-etapes-de-la-formation-de-la-perle\/\" \/>\n<meta property=\"og:locale\" content=\"it_IT\" \/>\n<meta property=\"og:type\" content=\"article\" \/>\n<meta property=\"og:title\" content=\"Comment se forment les perles ? 5 \u00e9tapes de formation des perles de culture\" \/>\n<meta property=\"og:description\" content=\"Comment se forment les perles d&#039;hu\u00eetres ? D\u00e9couvrez les 5 \u00e9tapes de formation des perles de culture.\" \/>\n<meta property=\"og:url\" content=\"https:\/\/www.lesmerveillesdupacifique.com\/5-etapes-de-la-formation-de-la-perle\/\" \/>\n<meta property=\"og:site_name\" content=\"Les Merveilles du Pacifique\" \/>\n<meta property=\"article:modified_time\" content=\"2025-04-14T09:47:20+00:00\" \/>\n<meta name=\"twitter:card\" content=\"summary_large_image\" \/>\n<meta name=\"twitter:label1\" content=\"Tempo di lettura stimato\" \/>\n\t<meta name=\"twitter:data1\" content=\"4 minuti\" \/>\n<script type=\"application\/ld+json\" class=\"yoast-schema-graph\">{\"@context\":\"https:\/\/schema.org\",\"@graph\":[{\"@type\":\"WebSite\",\"@id\":\"https:\/\/www.lesmerveillesdupacifique.com\/fr\/#website\",\"url\":\"https:\/\/www.lesmerveillesdupacifique.com\/fr\/\",\"name\":\"Les Merveilles du Pacifique\",\"description\":\"Perles de culture de Tahiti\",\"potentialAction\":[{\"@type\":\"SearchAction\",\"target\":{\"@type\":\"EntryPoint\",\"urlTemplate\":\"https:\/\/www.lesmerveillesdupacifique.com\/fr\/?s={search_term_string}\"},\"query-input\":\"required name=search_term_string\"}],\"inLanguage\":\"it-IT\"},{\"@type\":\"WebPage\",\"@id\":\"https:\/\/www.lesmerveillesdupacifique.com\/5-etapes-de-la-formation-de-la-perle\/#webpage\",\"url\":\"https:\/\/www.lesmerveillesdupacifique.com\/5-etapes-de-la-formation-de-la-perle\/\",\"name\":\"Comment se forment les perles ? 5 \u00e9tapes de formation des perles de culture\",\"isPartOf\":{\"@id\":\"https:\/\/www.lesmerveillesdupacifique.com\/fr\/#website\"},\"datePublished\":\"2021-04-13T08:50:08+00:00\",\"dateModified\":\"2025-04-14T09:47:20+00:00\",\"description\":\"Comment se forment les perles d'hu\u00eetres ? D\u00e9couvrez les 5 \u00e9tapes de formation des perles de culture.\",\"breadcrumb\":{\"@id\":\"https:\/\/www.lesmerveillesdupacifique.com\/5-etapes-de-la-formation-de-la-perle\/#breadcrumb\"},\"inLanguage\":\"it-IT\",\"potentialAction\":[{\"@type\":\"ReadAction\",\"target\":[\"https:\/\/www.lesmerveillesdupacifique.com\/5-etapes-de-la-formation-de-la-perle\/\"]}]},{\"@type\":\"BreadcrumbList\",\"@id\":\"https:\/\/www.lesmerveillesdupacifique.com\/5-etapes-de-la-formation-de-la-perle\/#breadcrumb\",\"itemListElement\":[{\"@type\":\"ListItem\",\"position\":1,\"name\":\"Accueil\",\"item\":\"https:\/\/www.lesmerveillesdupacifique.com\/\"},{\"@type\":\"ListItem\",\"position\":2,\"name\":\"Les 5 \u00e9tapes de la formation de la perle\"}]}]}<\/script>\n<!-- \/ Yoast SEO plugin. -->","yoast_head_json":{"title":"Comment se forment les perles ? 5 \u00e9tapes de formation des perles de culture","description":"Comment se forment les perles d'hu\u00eetres ? D\u00e9couvrez les 5 \u00e9tapes de formation des perles de culture.","robots":{"index":"index","follow":"follow","max-snippet":"max-snippet:-1","max-image-preview":"max-image-preview:large","max-video-preview":"max-video-preview:-1"},"canonical":"https:\/\/www.lesmerveillesdupacifique.com\/it\/5-etapes-de-la-formation-de-la-perle\/","og_locale":"it_IT","og_type":"article","og_title":"Comment se forment les perles ? 5 \u00e9tapes de formation des perles de culture","og_description":"Comment se forment les perles d'hu\u00eetres ? D\u00e9couvrez les 5 \u00e9tapes de formation des perles de culture.","og_url":"https:\/\/www.lesmerveillesdupacifique.com\/5-etapes-de-la-formation-de-la-perle\/","og_site_name":"Les Merveilles du Pacifique","article_modified_time":"2025-04-14T09:47:20+00:00","twitter_card":"summary_large_image","twitter_misc":{"Tempo di lettura stimato":"4 minuti"},"schema":{"@context":"https:\/\/schema.org","@graph":[{"@type":"WebSite","@id":"https:\/\/www.lesmerveillesdupacifique.com\/fr\/#website","url":"https:\/\/www.lesmerveillesdupacifique.com\/fr\/","name":"Les Merveilles du Pacifique","description":"Perles de culture de Tahiti","potentialAction":[{"@type":"SearchAction","target":{"@type":"EntryPoint","urlTemplate":"https:\/\/www.lesmerveillesdupacifique.com\/fr\/?s={search_term_string}"},"query-input":"required name=search_term_string"}],"inLanguage":"it-IT"},{"@type":"WebPage","@id":"https:\/\/www.lesmerveillesdupacifique.com\/5-etapes-de-la-formation-de-la-perle\/#webpage","url":"https:\/\/www.lesmerveillesdupacifique.com\/5-etapes-de-la-formation-de-la-perle\/","name":"Comment se forment les perles ? 5 \u00e9tapes de formation des perles de culture","isPartOf":{"@id":"https:\/\/www.lesmerveillesdupacifique.com\/fr\/#website"},"datePublished":"2021-04-13T08:50:08+00:00","dateModified":"2025-04-14T09:47:20+00:00","description":"Comment se forment les perles d'hu\u00eetres ? D\u00e9couvrez les 5 \u00e9tapes de formation des perles de culture.","breadcrumb":{"@id":"https:\/\/www.lesmerveillesdupacifique.com\/5-etapes-de-la-formation-de-la-perle\/#breadcrumb"},"inLanguage":"it-IT","potentialAction":[{"@type":"ReadAction","target":["https:\/\/www.lesmerveillesdupacifique.com\/5-etapes-de-la-formation-de-la-perle\/"]}]},{"@type":"BreadcrumbList","@id":"https:\/\/www.lesmerveillesdupacifique.com\/5-etapes-de-la-formation-de-la-perle\/#breadcrumb","itemListElement":[{"@type":"ListItem","position":1,"name":"Accueil","item":"https:\/\/www.lesmerveillesdupacifique.com\/"},{"@type":"ListItem","position":2,"name":"Les 5 \u00e9tapes de la formation de la perle"}]}]}},"acf":[],"_links":{"self":[{"href":"https:\/\/www.lesmerveillesdupacifique.com\/it\/wp-json\/wp\/v2\/pages\/3190"}],"collection":[{"href":"https:\/\/www.lesmerveillesdupacifique.com\/it\/wp-json\/wp\/v2\/pages"}],"about":[{"href":"https:\/\/www.lesmerveillesdupacifique.com\/it\/wp-json\/wp\/v2\/types\/page"}],"author":[{"embeddable":true,"href":"https:\/\/www.lesmerveillesdupacifique.com\/it\/wp-json\/wp\/v2\/users\/6"}],"replies":[{"embeddable":true,"href":"https:\/\/www.lesmerveillesdupacifique.com\/it\/wp-json\/wp\/v2\/comments?post=3190"}],"version-history":[{"count":2,"href":"https:\/\/www.lesmerveillesdupacifique.com\/it\/wp-json\/wp\/v2\/pages\/3190\/revisions"}],"predecessor-version":[{"id":4307,"href":"https:\/\/www.lesmerveillesdupacifique.com\/it\/wp-json\/wp\/v2\/pages\/3190\/revisions\/4307"}],"wp:attachment":[{"href":"https:\/\/www.lesmerveillesdupacifique.com\/it\/wp-json\/wp\/v2\/media?parent=3190"}],"curies":[{"name":"wp","href":"https:\/\/api.w.org\/{rel}","templated":true}]}}