{"id":640,"date":"2018-06-12T13:53:11","date_gmt":"2018-06-12T11:53:11","guid":{"rendered":"http:\/\/www.lesmerveillesdupacifique.com\/prod\/?post_type=product&#038;p=640"},"modified":"2023-03-30T12:51:18","modified_gmt":"2023-03-30T10:51:18","slug":"rang-gouttes","status":"publish","type":"product","link":"https:\/\/www.lesmerveillesdupacifique.com\/fr\/produit\/rang-gouttes\/","title":{"rendered":"Rang de perles gouttes 9-10 A\/B"},"content":{"rendered":"","protected":false},"excerpt":{"rendered":"<p><strong>Rang de perles de culture de Tahiti<\/strong><br \/>\n<strong>formes<\/strong>: gouttes<br \/>\n<strong>diam\u00e8tres<\/strong>: 9-10 mm<br \/>\n<strong>qualit\u00e9s<\/strong>: A\/B<\/p>\n<p>Les rangs sur c\u00e2ble ont une longueur standard de 40 cm non enfil\u00e9s et sans fermoir (soit 42 cm enfil\u00e9s avec fermoir). Nous faisons enfiler nos rangs sur fil de soie.<\/p>\n<p>Possibilit\u00e9 de les rallonger et\/ou faire enfiler avec fermoir sur mesure.<\/p>\n<p>\u2013 Disponible dans tous les diam\u00e8tres de 8 \u00e0 14 mm<br \/>\n\u2013 Disponible en qualit\u00e9 A, qualit\u00e9 B, qualit\u00e9 B\/C et qualit\u00e9 C<\/p>\n","protected":false},"featured_media":641,"template":"","meta":{"_mi_skip_tracking":false},"product_cat":[27],"product_tag":[],"yoast_head":"<!-- This site is optimized with the Yoast SEO plugin v18.3 - https:\/\/yoast.com\/wordpress\/plugins\/seo\/ -->\n<title>Rang de perles gouttes 9-10 A\/B - Les Merveilles du Pacifique<\/title>\n<meta name=\"robots\" content=\"index, follow, max-snippet:-1, max-image-preview:large, max-video-preview:-1\" \/>\n<link rel=\"canonical\" href=\"https:\/\/www.lesmerveillesdupacifique.com\/fr\/produit\/rang-gouttes\/\" \/>\n<meta property=\"og:locale\" content=\"fr_FR\" \/>\n<meta property=\"og:type\" content=\"article\" \/>\n<meta property=\"og:title\" content=\"Rang de perles gouttes 9-10 A\/B - Les Merveilles du Pacifique\" \/>\n<meta property=\"og:description\" content=\"Rang de perles de culture de Tahiti formes: gouttes diam\u00e8tres: 9-10 mm qualit\u00e9s: A\/B  Les rangs sur c\u00e2ble ont une longueur standard de 40 cm non enfil\u00e9s et sans fermoir (soit 42 cm enfil\u00e9s avec fermoir). Nous faisons enfiler nos rangs sur fil de soie.  Possibilit\u00e9 de les rallonger et\/ou faire enfiler avec fermoir sur mesure.  \u2013 Disponible dans tous les diam\u00e8tres de 8 \u00e0 14 mm \u2013 Disponible en qualit\u00e9 A, qualit\u00e9 B, qualit\u00e9 B\/C et qualit\u00e9 C\" \/>\n<meta property=\"og:url\" content=\"https:\/\/www.lesmerveillesdupacifique.com\/produit\/rang-gouttes\/\" \/>\n<meta property=\"og:site_name\" content=\"Les Merveilles du Pacifique\" \/>\n<meta property=\"article:modified_time\" content=\"2023-03-30T10:51:18+00:00\" \/>\n<meta property=\"og:image\" content=\"https:\/\/www.lesmerveillesdupacifique.com\/wp-content\/uploads\/2018\/06\/RANG-SEMI-BAROQUES-1.jpg\" \/>\n\t<meta property=\"og:image:width\" content=\"1500\" \/>\n\t<meta property=\"og:image:height\" content=\"1125\" \/>\n\t<meta property=\"og:image:type\" content=\"image\/jpeg\" \/>\n<meta name=\"twitter:card\" content=\"summary_large_image\" \/>\n<script type=\"application\/ld+json\" class=\"yoast-schema-graph\">{\"@context\":\"https:\/\/schema.org\",\"@graph\":[{\"@type\":\"WebSite\",\"@id\":\"https:\/\/www.lesmerveillesdupacifique.com\/fr\/#website\",\"url\":\"https:\/\/www.lesmerveillesdupacifique.com\/fr\/\",\"name\":\"Les Merveilles du Pacifique\",\"description\":\"Perles de culture de Tahiti\",\"potentialAction\":[{\"@type\":\"SearchAction\",\"target\":{\"@type\":\"EntryPoint\",\"urlTemplate\":\"https:\/\/www.lesmerveillesdupacifique.com\/fr\/?s={search_term_string}\"},\"query-input\":\"required name=search_term_string\"}],\"inLanguage\":\"fr-FR\"},{\"@type\":\"ImageObject\",\"@id\":\"https:\/\/www.lesmerveillesdupacifique.com\/produit\/rang-gouttes\/#primaryimage\",\"inLanguage\":\"fr-FR\",\"url\":\"https:\/\/www.lesmerveillesdupacifique.com\/wp-content\/uploads\/2018\/06\/RANG-SEMI-BAROQUES-1.jpg\",\"contentUrl\":\"https:\/\/www.lesmerveillesdupacifique.com\/wp-content\/uploads\/2018\/06\/RANG-SEMI-BAROQUES-1.jpg\",\"width\":1500,\"height\":1125,\"caption\":\"Perles de Tahiti\"},{\"@type\":\"WebPage\",\"@id\":\"https:\/\/www.lesmerveillesdupacifique.com\/produit\/rang-gouttes\/#webpage\",\"url\":\"https:\/\/www.lesmerveillesdupacifique.com\/produit\/rang-gouttes\/\",\"name\":\"Rang de perles gouttes 9-10 A\/B - Les Merveilles du Pacifique\",\"isPartOf\":{\"@id\":\"https:\/\/www.lesmerveillesdupacifique.com\/fr\/#website\"},\"primaryImageOfPage\":{\"@id\":\"https:\/\/www.lesmerveillesdupacifique.com\/produit\/rang-gouttes\/#primaryimage\"},\"datePublished\":\"2018-06-12T11:53:11+00:00\",\"dateModified\":\"2023-03-30T10:51:18+00:00\",\"breadcrumb\":{\"@id\":\"https:\/\/www.lesmerveillesdupacifique.com\/produit\/rang-gouttes\/#breadcrumb\"},\"inLanguage\":\"fr-FR\",\"potentialAction\":[{\"@type\":\"ReadAction\",\"target\":[\"https:\/\/www.lesmerveillesdupacifique.com\/produit\/rang-gouttes\/\"]}]},{\"@type\":\"BreadcrumbList\",\"@id\":\"https:\/\/www.lesmerveillesdupacifique.com\/produit\/rang-gouttes\/#breadcrumb\",\"itemListElement\":[{\"@type\":\"ListItem\",\"position\":1,\"name\":\"Accueil\",\"item\":\"https:\/\/www.lesmerveillesdupacifique.com\/\"},{\"@type\":\"ListItem\",\"position\":2,\"name\":\"Collection\",\"item\":\"https:\/\/www.lesmerveillesdupacifique.com\/fr\/shop\/\"},{\"@type\":\"ListItem\",\"position\":3,\"name\":\"Rang de perles gouttes 9-10 A\/B\"}]}]}<\/script>\n<!-- \/ Yoast SEO plugin. -->","yoast_head_json":{"title":"Rang de perles gouttes 9-10 A\/B - Les Merveilles du Pacifique","robots":{"index":"index","follow":"follow","max-snippet":"max-snippet:-1","max-image-preview":"max-image-preview:large","max-video-preview":"max-video-preview:-1"},"canonical":"https:\/\/www.lesmerveillesdupacifique.com\/fr\/produit\/rang-gouttes\/","og_locale":"fr_FR","og_type":"article","og_title":"Rang de perles gouttes 9-10 A\/B - Les Merveilles du Pacifique","og_description":"Rang de perles de culture de Tahiti formes: gouttes diam\u00e8tres: 9-10 mm qualit\u00e9s: A\/B  Les rangs sur c\u00e2ble ont une longueur standard de 40 cm non enfil\u00e9s et sans fermoir (soit 42 cm enfil\u00e9s avec fermoir). Nous faisons enfiler nos rangs sur fil de soie.  Possibilit\u00e9 de les rallonger et\/ou faire enfiler avec fermoir sur mesure.  \u2013 Disponible dans tous les diam\u00e8tres de 8 \u00e0 14 mm \u2013 Disponible en qualit\u00e9 A, qualit\u00e9 B, qualit\u00e9 B\/C et qualit\u00e9 C","og_url":"https:\/\/www.lesmerveillesdupacifique.com\/produit\/rang-gouttes\/","og_site_name":"Les Merveilles du Pacifique","article_modified_time":"2023-03-30T10:51:18+00:00","og_image":[{"width":1500,"height":1125,"url":"https:\/\/www.lesmerveillesdupacifique.com\/wp-content\/uploads\/2018\/06\/RANG-SEMI-BAROQUES-1.jpg","type":"image\/jpeg"}],"twitter_card":"summary_large_image","schema":{"@context":"https:\/\/schema.org","@graph":[{"@type":"WebSite","@id":"https:\/\/www.lesmerveillesdupacifique.com\/fr\/#website","url":"https:\/\/www.lesmerveillesdupacifique.com\/fr\/","name":"Les Merveilles du Pacifique","description":"Perles de culture de Tahiti","potentialAction":[{"@type":"SearchAction","target":{"@type":"EntryPoint","urlTemplate":"https:\/\/www.lesmerveillesdupacifique.com\/fr\/?s={search_term_string}"},"query-input":"required name=search_term_string"}],"inLanguage":"fr-FR"},{"@type":"ImageObject","@id":"https:\/\/www.lesmerveillesdupacifique.com\/produit\/rang-gouttes\/#primaryimage","inLanguage":"fr-FR","url":"https:\/\/www.lesmerveillesdupacifique.com\/wp-content\/uploads\/2018\/06\/RANG-SEMI-BAROQUES-1.jpg","contentUrl":"https:\/\/www.lesmerveillesdupacifique.com\/wp-content\/uploads\/2018\/06\/RANG-SEMI-BAROQUES-1.jpg","width":1500,"height":1125,"caption":"Perles de Tahiti"},{"@type":"WebPage","@id":"https:\/\/www.lesmerveillesdupacifique.com\/produit\/rang-gouttes\/#webpage","url":"https:\/\/www.lesmerveillesdupacifique.com\/produit\/rang-gouttes\/","name":"Rang de perles gouttes 9-10 A\/B - Les Merveilles du Pacifique","isPartOf":{"@id":"https:\/\/www.lesmerveillesdupacifique.com\/fr\/#website"},"primaryImageOfPage":{"@id":"https:\/\/www.lesmerveillesdupacifique.com\/produit\/rang-gouttes\/#primaryimage"},"datePublished":"2018-06-12T11:53:11+00:00","dateModified":"2023-03-30T10:51:18+00:00","breadcrumb":{"@id":"https:\/\/www.lesmerveillesdupacifique.com\/produit\/rang-gouttes\/#breadcrumb"},"inLanguage":"fr-FR","potentialAction":[{"@type":"ReadAction","target":["https:\/\/www.lesmerveillesdupacifique.com\/produit\/rang-gouttes\/"]}]},{"@type":"BreadcrumbList","@id":"https:\/\/www.lesmerveillesdupacifique.com\/produit\/rang-gouttes\/#breadcrumb","itemListElement":[{"@type":"ListItem","position":1,"name":"Accueil","item":"https:\/\/www.lesmerveillesdupacifique.com\/"},{"@type":"ListItem","position":2,"name":"Collection","item":"https:\/\/www.lesmerveillesdupacifique.com\/fr\/shop\/"},{"@type":"ListItem","position":3,"name":"Rang de perles gouttes 9-10 A\/B"}]}]}},"acf":[],"_links":{"self":[{"href":"https:\/\/www.lesmerveillesdupacifique.com\/fr\/wp-json\/wp\/v2\/product\/640"}],"collection":[{"href":"https:\/\/www.lesmerveillesdupacifique.com\/fr\/wp-json\/wp\/v2\/product"}],"about":[{"href":"https:\/\/www.lesmerveillesdupacifique.com\/fr\/wp-json\/wp\/v2\/types\/product"}],"wp:featuredmedia":[{"embeddable":true,"href":"https:\/\/www.lesmerveillesdupacifique.com\/fr\/wp-json\/wp\/v2\/media\/641"}],"wp:attachment":[{"href":"https:\/\/www.lesmerveillesdupacifique.com\/fr\/wp-json\/wp\/v2\/media?parent=640"}],"wp:term":[{"taxonomy":"product_cat","embeddable":true,"href":"https:\/\/www.lesmerveillesdupacifique.com\/fr\/wp-json\/wp\/v2\/product_cat?post=640"},{"taxonomy":"product_tag","embeddable":true,"href":"https:\/\/www.lesmerveillesdupacifique.com\/fr\/wp-json\/wp\/v2\/product_tag?post=640"}],"curies":[{"name":"wp","href":"https:\/\/api.w.org\/{rel}","templated":true}]}}