{"id":4284,"date":"2025-01-08T17:23:13","date_gmt":"2025-01-08T16:23:13","guid":{"rendered":"https:\/\/www.lesmerveillesdupacifique.com\/?post_type=product&#038;p=4284"},"modified":"2025-01-21T14:29:21","modified_gmt":"2025-01-21T13:29:21","slug":"collier-de-perles-rondes-10-11-a-b-fermoir-or","status":"publish","type":"product","link":"https:\/\/www.lesmerveillesdupacifique.com\/fr\/produit\/collier-de-perles-rondes-10-11-a-b-fermoir-or\/","title":{"rendered":"Collier rainbow de perles rondes 10-11 A\/B fermoir or"},"content":{"rendered":"","protected":false},"excerpt":{"rendered":"<p><strong>Collier de perles de culture de Tahiti en d\u00e9grad\u00e9 de couleurs\u00a0<\/strong><br \/>\n<strong>Forme des perles:<\/strong> rondes<br \/>\n<strong>Diam\u00e8tre:<\/strong> 10-11 mm<br \/>\n<strong>Qualit\u00e9:<\/strong> A\/B<\/p>\n<p>Longueur standard : 45 cm. Possibilit\u00e9 de les rallonger ou raccourcir.<\/p>\n<p>Les colliers sont enfil\u00e9s sur fil de soie avec des n\u0153uds entre chaque perle.<br \/>\nFermoir anneau ressort marin en or 750 (disponible en or jaune et or blanc, \u00e0 pr\u00e9ciser lors de la commande)<\/p>\n","protected":false},"featured_media":4285,"template":"","meta":{"_mi_skip_tracking":false},"product_cat":[60],"product_tag":[],"yoast_head":"<!-- This site is optimized with the Yoast SEO plugin v18.3 - https:\/\/yoast.com\/wordpress\/plugins\/seo\/ -->\n<title>Collier rainbow de perles rondes 10-11 A\/B fermoir or - Les Merveilles du Pacifique<\/title>\n<meta name=\"robots\" content=\"index, follow, max-snippet:-1, max-image-preview:large, max-video-preview:-1\" \/>\n<link rel=\"canonical\" href=\"https:\/\/www.lesmerveillesdupacifique.com\/fr\/produit\/collier-de-perles-rondes-10-11-a-b-fermoir-or\/\" \/>\n<meta property=\"og:locale\" content=\"fr_FR\" \/>\n<meta property=\"og:type\" content=\"article\" \/>\n<meta property=\"og:title\" content=\"Collier rainbow de perles rondes 10-11 A\/B fermoir or - Les Merveilles du Pacifique\" \/>\n<meta property=\"og:description\" content=\"Collier de perles de culture de Tahiti en d\u00e9grad\u00e9 de couleurs\u00a0 Forme des perles: rondes Diam\u00e8tre: 10-11 mm Qualit\u00e9: A\/B  Longueur standard : 45 cm. Possibilit\u00e9 de les rallonger ou raccourcir.  Les colliers sont enfil\u00e9s sur fil de soie avec des n\u0153uds entre chaque perle. Fermoir anneau ressort marin en or 750 (disponible en or jaune et or blanc, \u00e0 pr\u00e9ciser lors de la commande)\" \/>\n<meta property=\"og:url\" content=\"https:\/\/www.lesmerveillesdupacifique.com\/produit\/collier-de-perles-rondes-10-11-a-b-fermoir-or\/\" \/>\n<meta property=\"og:site_name\" content=\"Les Merveilles du Pacifique\" \/>\n<meta property=\"article:modified_time\" content=\"2025-01-21T13:29:21+00:00\" \/>\n<meta property=\"og:image\" content=\"https:\/\/www.lesmerveillesdupacifique.com\/wp-content\/uploads\/2025\/01\/edf62022-e926-4b52-99f9-826eaa5f2918.jpg\" \/>\n\t<meta property=\"og:image:width\" content=\"1497\" \/>\n\t<meta property=\"og:image:height\" content=\"1599\" \/>\n\t<meta property=\"og:image:type\" content=\"image\/jpeg\" \/>\n<meta name=\"twitter:card\" content=\"summary_large_image\" \/>\n<script type=\"application\/ld+json\" class=\"yoast-schema-graph\">{\"@context\":\"https:\/\/schema.org\",\"@graph\":[{\"@type\":\"WebSite\",\"@id\":\"https:\/\/www.lesmerveillesdupacifique.com\/fr\/#website\",\"url\":\"https:\/\/www.lesmerveillesdupacifique.com\/fr\/\",\"name\":\"Les Merveilles du Pacifique\",\"description\":\"Perles de culture de Tahiti\",\"potentialAction\":[{\"@type\":\"SearchAction\",\"target\":{\"@type\":\"EntryPoint\",\"urlTemplate\":\"https:\/\/www.lesmerveillesdupacifique.com\/fr\/?s={search_term_string}\"},\"query-input\":\"required name=search_term_string\"}],\"inLanguage\":\"fr-FR\"},{\"@type\":\"ImageObject\",\"@id\":\"https:\/\/www.lesmerveillesdupacifique.com\/produit\/collier-de-perles-rondes-10-11-a-b-fermoir-or\/#primaryimage\",\"inLanguage\":\"fr-FR\",\"url\":\"https:\/\/www.lesmerveillesdupacifique.com\/wp-content\/uploads\/2025\/01\/edf62022-e926-4b52-99f9-826eaa5f2918.jpg\",\"contentUrl\":\"https:\/\/www.lesmerveillesdupacifique.com\/wp-content\/uploads\/2025\/01\/edf62022-e926-4b52-99f9-826eaa5f2918.jpg\",\"width\":1497,\"height\":1599},{\"@type\":\"WebPage\",\"@id\":\"https:\/\/www.lesmerveillesdupacifique.com\/produit\/collier-de-perles-rondes-10-11-a-b-fermoir-or\/#webpage\",\"url\":\"https:\/\/www.lesmerveillesdupacifique.com\/produit\/collier-de-perles-rondes-10-11-a-b-fermoir-or\/\",\"name\":\"Collier rainbow de perles rondes 10-11 A\/B fermoir or - Les Merveilles du Pacifique\",\"isPartOf\":{\"@id\":\"https:\/\/www.lesmerveillesdupacifique.com\/fr\/#website\"},\"primaryImageOfPage\":{\"@id\":\"https:\/\/www.lesmerveillesdupacifique.com\/produit\/collier-de-perles-rondes-10-11-a-b-fermoir-or\/#primaryimage\"},\"datePublished\":\"2025-01-08T16:23:13+00:00\",\"dateModified\":\"2025-01-21T13:29:21+00:00\",\"breadcrumb\":{\"@id\":\"https:\/\/www.lesmerveillesdupacifique.com\/produit\/collier-de-perles-rondes-10-11-a-b-fermoir-or\/#breadcrumb\"},\"inLanguage\":\"fr-FR\",\"potentialAction\":[{\"@type\":\"ReadAction\",\"target\":[\"https:\/\/www.lesmerveillesdupacifique.com\/produit\/collier-de-perles-rondes-10-11-a-b-fermoir-or\/\"]}]},{\"@type\":\"BreadcrumbList\",\"@id\":\"https:\/\/www.lesmerveillesdupacifique.com\/produit\/collier-de-perles-rondes-10-11-a-b-fermoir-or\/#breadcrumb\",\"itemListElement\":[{\"@type\":\"ListItem\",\"position\":1,\"name\":\"Accueil\",\"item\":\"https:\/\/www.lesmerveillesdupacifique.com\/\"},{\"@type\":\"ListItem\",\"position\":2,\"name\":\"Collection\",\"item\":\"https:\/\/www.lesmerveillesdupacifique.com\/fr\/shop\/\"},{\"@type\":\"ListItem\",\"position\":3,\"name\":\"Collier rainbow de perles rondes 10-11 A\/B fermoir or\"}]}]}<\/script>\n<!-- \/ Yoast SEO plugin. -->","yoast_head_json":{"title":"Collier rainbow de perles rondes 10-11 A\/B fermoir or - Les Merveilles du Pacifique","robots":{"index":"index","follow":"follow","max-snippet":"max-snippet:-1","max-image-preview":"max-image-preview:large","max-video-preview":"max-video-preview:-1"},"canonical":"https:\/\/www.lesmerveillesdupacifique.com\/fr\/produit\/collier-de-perles-rondes-10-11-a-b-fermoir-or\/","og_locale":"fr_FR","og_type":"article","og_title":"Collier rainbow de perles rondes 10-11 A\/B fermoir or - Les Merveilles du Pacifique","og_description":"Collier de perles de culture de Tahiti en d\u00e9grad\u00e9 de couleurs\u00a0 Forme des perles: rondes Diam\u00e8tre: 10-11 mm Qualit\u00e9: A\/B  Longueur standard : 45 cm. Possibilit\u00e9 de les rallonger ou raccourcir.  Les colliers sont enfil\u00e9s sur fil de soie avec des n\u0153uds entre chaque perle. Fermoir anneau ressort marin en or 750 (disponible en or jaune et or blanc, \u00e0 pr\u00e9ciser lors de la commande)","og_url":"https:\/\/www.lesmerveillesdupacifique.com\/produit\/collier-de-perles-rondes-10-11-a-b-fermoir-or\/","og_site_name":"Les Merveilles du Pacifique","article_modified_time":"2025-01-21T13:29:21+00:00","og_image":[{"width":1497,"height":1599,"url":"https:\/\/www.lesmerveillesdupacifique.com\/wp-content\/uploads\/2025\/01\/edf62022-e926-4b52-99f9-826eaa5f2918.jpg","type":"image\/jpeg"}],"twitter_card":"summary_large_image","schema":{"@context":"https:\/\/schema.org","@graph":[{"@type":"WebSite","@id":"https:\/\/www.lesmerveillesdupacifique.com\/fr\/#website","url":"https:\/\/www.lesmerveillesdupacifique.com\/fr\/","name":"Les Merveilles du Pacifique","description":"Perles de culture de Tahiti","potentialAction":[{"@type":"SearchAction","target":{"@type":"EntryPoint","urlTemplate":"https:\/\/www.lesmerveillesdupacifique.com\/fr\/?s={search_term_string}"},"query-input":"required name=search_term_string"}],"inLanguage":"fr-FR"},{"@type":"ImageObject","@id":"https:\/\/www.lesmerveillesdupacifique.com\/produit\/collier-de-perles-rondes-10-11-a-b-fermoir-or\/#primaryimage","inLanguage":"fr-FR","url":"https:\/\/www.lesmerveillesdupacifique.com\/wp-content\/uploads\/2025\/01\/edf62022-e926-4b52-99f9-826eaa5f2918.jpg","contentUrl":"https:\/\/www.lesmerveillesdupacifique.com\/wp-content\/uploads\/2025\/01\/edf62022-e926-4b52-99f9-826eaa5f2918.jpg","width":1497,"height":1599},{"@type":"WebPage","@id":"https:\/\/www.lesmerveillesdupacifique.com\/produit\/collier-de-perles-rondes-10-11-a-b-fermoir-or\/#webpage","url":"https:\/\/www.lesmerveillesdupacifique.com\/produit\/collier-de-perles-rondes-10-11-a-b-fermoir-or\/","name":"Collier rainbow de perles rondes 10-11 A\/B fermoir or - Les Merveilles du Pacifique","isPartOf":{"@id":"https:\/\/www.lesmerveillesdupacifique.com\/fr\/#website"},"primaryImageOfPage":{"@id":"https:\/\/www.lesmerveillesdupacifique.com\/produit\/collier-de-perles-rondes-10-11-a-b-fermoir-or\/#primaryimage"},"datePublished":"2025-01-08T16:23:13+00:00","dateModified":"2025-01-21T13:29:21+00:00","breadcrumb":{"@id":"https:\/\/www.lesmerveillesdupacifique.com\/produit\/collier-de-perles-rondes-10-11-a-b-fermoir-or\/#breadcrumb"},"inLanguage":"fr-FR","potentialAction":[{"@type":"ReadAction","target":["https:\/\/www.lesmerveillesdupacifique.com\/produit\/collier-de-perles-rondes-10-11-a-b-fermoir-or\/"]}]},{"@type":"BreadcrumbList","@id":"https:\/\/www.lesmerveillesdupacifique.com\/produit\/collier-de-perles-rondes-10-11-a-b-fermoir-or\/#breadcrumb","itemListElement":[{"@type":"ListItem","position":1,"name":"Accueil","item":"https:\/\/www.lesmerveillesdupacifique.com\/"},{"@type":"ListItem","position":2,"name":"Collection","item":"https:\/\/www.lesmerveillesdupacifique.com\/fr\/shop\/"},{"@type":"ListItem","position":3,"name":"Collier rainbow de perles rondes 10-11 A\/B fermoir or"}]}]}},"acf":[],"_links":{"self":[{"href":"https:\/\/www.lesmerveillesdupacifique.com\/fr\/wp-json\/wp\/v2\/product\/4284"}],"collection":[{"href":"https:\/\/www.lesmerveillesdupacifique.com\/fr\/wp-json\/wp\/v2\/product"}],"about":[{"href":"https:\/\/www.lesmerveillesdupacifique.com\/fr\/wp-json\/wp\/v2\/types\/product"}],"wp:featuredmedia":[{"embeddable":true,"href":"https:\/\/www.lesmerveillesdupacifique.com\/fr\/wp-json\/wp\/v2\/media\/4285"}],"wp:attachment":[{"href":"https:\/\/www.lesmerveillesdupacifique.com\/fr\/wp-json\/wp\/v2\/media?parent=4284"}],"wp:term":[{"taxonomy":"product_cat","embeddable":true,"href":"https:\/\/www.lesmerveillesdupacifique.com\/fr\/wp-json\/wp\/v2\/product_cat?post=4284"},{"taxonomy":"product_tag","embeddable":true,"href":"https:\/\/www.lesmerveillesdupacifique.com\/fr\/wp-json\/wp\/v2\/product_tag?post=4284"}],"curies":[{"name":"wp","href":"https:\/\/api.w.org\/{rel}","templated":true}]}}