{"id":3667,"date":"2022-11-02T10:32:10","date_gmt":"2022-11-02T09:32:10","guid":{"rendered":"https:\/\/www.lesmerveillesdupacifique.com\/?post_type=product&#038;p=3667"},"modified":"2026-04-01T15:19:08","modified_gmt":"2026-04-01T13:19:08","slug":"boucles-doreilles-or-avec-perles-rondes-boo10-oj","status":"publish","type":"product","link":"https:\/\/www.lesmerveillesdupacifique.com\/fr\/produit\/boucles-doreilles-or-avec-perles-rondes-boo10-oj\/","title":{"rendered":"Boucles d&rsquo;oreilles or avec perles rondes &#8211; BOO10 OJ"},"content":{"rendered":"","protected":false},"excerpt":{"rendered":"<p><strong>2 Perles de culture de Tahiti<\/strong><\/p>\n<p><strong>forme: <\/strong>rondes<br \/>\n<strong>diam\u00e8tre<\/strong>: 8,5 mm<br \/>\n<strong>qualit\u00e9:<\/strong> A<br \/>\n<strong>or jaune 750<\/strong> (18 carats) 1,35 grammes<\/p>\n<p>(Disponible \u00e9galement en or blanc)<\/p>\n","protected":false},"featured_media":4087,"template":"","meta":{"_mi_skip_tracking":false},"product_cat":[18],"product_tag":[],"yoast_head":"<!-- This site is optimized with the Yoast SEO plugin v18.3 - https:\/\/yoast.com\/wordpress\/plugins\/seo\/ -->\n<title>Boucles d&#039;oreilles or avec perles rondes - BOO10 OJ - Les Merveilles du Pacifique<\/title>\n<meta name=\"robots\" content=\"index, follow, max-snippet:-1, max-image-preview:large, max-video-preview:-1\" \/>\n<link rel=\"canonical\" href=\"https:\/\/www.lesmerveillesdupacifique.com\/fr\/produit\/boucles-doreilles-or-avec-perles-rondes-boo10-oj\/\" \/>\n<meta property=\"og:locale\" content=\"fr_FR\" \/>\n<meta property=\"og:type\" content=\"article\" \/>\n<meta property=\"og:title\" content=\"Boucles d&#039;oreilles or avec perles rondes - BOO10 OJ - Les Merveilles du Pacifique\" \/>\n<meta property=\"og:description\" content=\"2 Perles de culture de Tahiti  forme: rondes diam\u00e8tre: 8,5 mm qualit\u00e9: A or jaune 750 (18 carats) 1,35 grammes  (Disponible \u00e9galement en or blanc)\" \/>\n<meta property=\"og:url\" content=\"https:\/\/www.lesmerveillesdupacifique.com\/produit\/boucles-doreilles-or-avec-perles-rondes-boo10-oj\/\" \/>\n<meta property=\"og:site_name\" content=\"Les Merveilles du Pacifique\" \/>\n<meta property=\"article:modified_time\" content=\"2026-04-01T13:19:08+00:00\" \/>\n<meta property=\"og:image\" content=\"https:\/\/www.lesmerveillesdupacifique.com\/wp-content\/uploads\/2022\/11\/BOO10-OJ.jpg\" \/>\n\t<meta property=\"og:image:width\" content=\"2000\" \/>\n\t<meta property=\"og:image:height\" content=\"1334\" \/>\n\t<meta property=\"og:image:type\" content=\"image\/jpeg\" \/>\n<meta name=\"twitter:card\" content=\"summary_large_image\" \/>\n<script type=\"application\/ld+json\" class=\"yoast-schema-graph\">{\"@context\":\"https:\/\/schema.org\",\"@graph\":[{\"@type\":\"WebSite\",\"@id\":\"https:\/\/www.lesmerveillesdupacifique.com\/fr\/#website\",\"url\":\"https:\/\/www.lesmerveillesdupacifique.com\/fr\/\",\"name\":\"Les Merveilles du Pacifique\",\"description\":\"Perles de culture de Tahiti\",\"potentialAction\":[{\"@type\":\"SearchAction\",\"target\":{\"@type\":\"EntryPoint\",\"urlTemplate\":\"https:\/\/www.lesmerveillesdupacifique.com\/fr\/?s={search_term_string}\"},\"query-input\":\"required name=search_term_string\"}],\"inLanguage\":\"fr-FR\"},{\"@type\":\"ImageObject\",\"@id\":\"https:\/\/www.lesmerveillesdupacifique.com\/produit\/boucles-doreilles-or-avec-perles-rondes-boo10-oj\/#primaryimage\",\"inLanguage\":\"fr-FR\",\"url\":\"https:\/\/www.lesmerveillesdupacifique.com\/wp-content\/uploads\/2022\/11\/BOO10-OJ.jpg\",\"contentUrl\":\"https:\/\/www.lesmerveillesdupacifique.com\/wp-content\/uploads\/2022\/11\/BOO10-OJ.jpg\",\"width\":2000,\"height\":1334,\"caption\":\"www.photographe-book-paris.com\"},{\"@type\":\"WebPage\",\"@id\":\"https:\/\/www.lesmerveillesdupacifique.com\/produit\/boucles-doreilles-or-avec-perles-rondes-boo10-oj\/#webpage\",\"url\":\"https:\/\/www.lesmerveillesdupacifique.com\/produit\/boucles-doreilles-or-avec-perles-rondes-boo10-oj\/\",\"name\":\"Boucles d'oreilles or avec perles rondes - BOO10 OJ - Les Merveilles du Pacifique\",\"isPartOf\":{\"@id\":\"https:\/\/www.lesmerveillesdupacifique.com\/fr\/#website\"},\"primaryImageOfPage\":{\"@id\":\"https:\/\/www.lesmerveillesdupacifique.com\/produit\/boucles-doreilles-or-avec-perles-rondes-boo10-oj\/#primaryimage\"},\"datePublished\":\"2022-11-02T09:32:10+00:00\",\"dateModified\":\"2026-04-01T13:19:08+00:00\",\"breadcrumb\":{\"@id\":\"https:\/\/www.lesmerveillesdupacifique.com\/produit\/boucles-doreilles-or-avec-perles-rondes-boo10-oj\/#breadcrumb\"},\"inLanguage\":\"fr-FR\",\"potentialAction\":[{\"@type\":\"ReadAction\",\"target\":[\"https:\/\/www.lesmerveillesdupacifique.com\/produit\/boucles-doreilles-or-avec-perles-rondes-boo10-oj\/\"]}]},{\"@type\":\"BreadcrumbList\",\"@id\":\"https:\/\/www.lesmerveillesdupacifique.com\/produit\/boucles-doreilles-or-avec-perles-rondes-boo10-oj\/#breadcrumb\",\"itemListElement\":[{\"@type\":\"ListItem\",\"position\":1,\"name\":\"Accueil\",\"item\":\"https:\/\/www.lesmerveillesdupacifique.com\/\"},{\"@type\":\"ListItem\",\"position\":2,\"name\":\"Collection\",\"item\":\"https:\/\/www.lesmerveillesdupacifique.com\/fr\/shop\/\"},{\"@type\":\"ListItem\",\"position\":3,\"name\":\"Boucles d&rsquo;oreilles or avec perles rondes &#8211; BOO10 OJ\"}]}]}<\/script>\n<!-- \/ Yoast SEO plugin. -->","yoast_head_json":{"title":"Boucles d'oreilles or avec perles rondes - BOO10 OJ - Les Merveilles du Pacifique","robots":{"index":"index","follow":"follow","max-snippet":"max-snippet:-1","max-image-preview":"max-image-preview:large","max-video-preview":"max-video-preview:-1"},"canonical":"https:\/\/www.lesmerveillesdupacifique.com\/fr\/produit\/boucles-doreilles-or-avec-perles-rondes-boo10-oj\/","og_locale":"fr_FR","og_type":"article","og_title":"Boucles d'oreilles or avec perles rondes - BOO10 OJ - Les Merveilles du Pacifique","og_description":"2 Perles de culture de Tahiti  forme: rondes diam\u00e8tre: 8,5 mm qualit\u00e9: A or jaune 750 (18 carats) 1,35 grammes  (Disponible \u00e9galement en or blanc)","og_url":"https:\/\/www.lesmerveillesdupacifique.com\/produit\/boucles-doreilles-or-avec-perles-rondes-boo10-oj\/","og_site_name":"Les Merveilles du Pacifique","article_modified_time":"2026-04-01T13:19:08+00:00","og_image":[{"width":2000,"height":1334,"url":"https:\/\/www.lesmerveillesdupacifique.com\/wp-content\/uploads\/2022\/11\/BOO10-OJ.jpg","type":"image\/jpeg"}],"twitter_card":"summary_large_image","schema":{"@context":"https:\/\/schema.org","@graph":[{"@type":"WebSite","@id":"https:\/\/www.lesmerveillesdupacifique.com\/fr\/#website","url":"https:\/\/www.lesmerveillesdupacifique.com\/fr\/","name":"Les Merveilles du Pacifique","description":"Perles de culture de Tahiti","potentialAction":[{"@type":"SearchAction","target":{"@type":"EntryPoint","urlTemplate":"https:\/\/www.lesmerveillesdupacifique.com\/fr\/?s={search_term_string}"},"query-input":"required name=search_term_string"}],"inLanguage":"fr-FR"},{"@type":"ImageObject","@id":"https:\/\/www.lesmerveillesdupacifique.com\/produit\/boucles-doreilles-or-avec-perles-rondes-boo10-oj\/#primaryimage","inLanguage":"fr-FR","url":"https:\/\/www.lesmerveillesdupacifique.com\/wp-content\/uploads\/2022\/11\/BOO10-OJ.jpg","contentUrl":"https:\/\/www.lesmerveillesdupacifique.com\/wp-content\/uploads\/2022\/11\/BOO10-OJ.jpg","width":2000,"height":1334,"caption":"www.photographe-book-paris.com"},{"@type":"WebPage","@id":"https:\/\/www.lesmerveillesdupacifique.com\/produit\/boucles-doreilles-or-avec-perles-rondes-boo10-oj\/#webpage","url":"https:\/\/www.lesmerveillesdupacifique.com\/produit\/boucles-doreilles-or-avec-perles-rondes-boo10-oj\/","name":"Boucles d'oreilles or avec perles rondes - BOO10 OJ - Les Merveilles du Pacifique","isPartOf":{"@id":"https:\/\/www.lesmerveillesdupacifique.com\/fr\/#website"},"primaryImageOfPage":{"@id":"https:\/\/www.lesmerveillesdupacifique.com\/produit\/boucles-doreilles-or-avec-perles-rondes-boo10-oj\/#primaryimage"},"datePublished":"2022-11-02T09:32:10+00:00","dateModified":"2026-04-01T13:19:08+00:00","breadcrumb":{"@id":"https:\/\/www.lesmerveillesdupacifique.com\/produit\/boucles-doreilles-or-avec-perles-rondes-boo10-oj\/#breadcrumb"},"inLanguage":"fr-FR","potentialAction":[{"@type":"ReadAction","target":["https:\/\/www.lesmerveillesdupacifique.com\/produit\/boucles-doreilles-or-avec-perles-rondes-boo10-oj\/"]}]},{"@type":"BreadcrumbList","@id":"https:\/\/www.lesmerveillesdupacifique.com\/produit\/boucles-doreilles-or-avec-perles-rondes-boo10-oj\/#breadcrumb","itemListElement":[{"@type":"ListItem","position":1,"name":"Accueil","item":"https:\/\/www.lesmerveillesdupacifique.com\/"},{"@type":"ListItem","position":2,"name":"Collection","item":"https:\/\/www.lesmerveillesdupacifique.com\/fr\/shop\/"},{"@type":"ListItem","position":3,"name":"Boucles d&rsquo;oreilles or avec perles rondes &#8211; BOO10 OJ"}]}]}},"acf":[],"_links":{"self":[{"href":"https:\/\/www.lesmerveillesdupacifique.com\/fr\/wp-json\/wp\/v2\/product\/3667"}],"collection":[{"href":"https:\/\/www.lesmerveillesdupacifique.com\/fr\/wp-json\/wp\/v2\/product"}],"about":[{"href":"https:\/\/www.lesmerveillesdupacifique.com\/fr\/wp-json\/wp\/v2\/types\/product"}],"wp:featuredmedia":[{"embeddable":true,"href":"https:\/\/www.lesmerveillesdupacifique.com\/fr\/wp-json\/wp\/v2\/media\/4087"}],"wp:attachment":[{"href":"https:\/\/www.lesmerveillesdupacifique.com\/fr\/wp-json\/wp\/v2\/media?parent=3667"}],"wp:term":[{"taxonomy":"product_cat","embeddable":true,"href":"https:\/\/www.lesmerveillesdupacifique.com\/fr\/wp-json\/wp\/v2\/product_cat?post=3667"},{"taxonomy":"product_tag","embeddable":true,"href":"https:\/\/www.lesmerveillesdupacifique.com\/fr\/wp-json\/wp\/v2\/product_tag?post=3667"}],"curies":[{"name":"wp","href":"https:\/\/api.w.org\/{rel}","templated":true}]}}