{"id":3659,"date":"2022-10-31T17:21:07","date_gmt":"2022-10-31T16:21:07","guid":{"rendered":"https:\/\/www.lesmerveillesdupacifique.com\/?post_type=product&#038;p=3659"},"modified":"2026-04-01T15:19:24","modified_gmt":"2026-04-01T13:19:24","slug":"bague-en-or-avec-perle-et-diamants-bgod-04-oj-ob","status":"publish","type":"product","link":"https:\/\/www.lesmerveillesdupacifique.com\/fr\/produit\/bague-en-or-avec-perle-et-diamants-bgod-04-oj-ob\/","title":{"rendered":"Bague en or avec perle et diamants &#8211; BGOD 04 OJ"},"content":{"rendered":"","protected":false},"excerpt":{"rendered":"<p><strong>Perle de culture de Tahiti<\/strong><br \/>\n<strong>forme:<\/strong> ronde<br \/>\n<strong>diam\u00e8tre:<\/strong> 10,7 mm<br \/>\n<strong>qualit\u00e9:<\/strong> A<br \/>\n<strong>or jaune<\/strong> <strong>750<\/strong> (18 carats) 6,6 grammes<br \/>\n<strong>diamants<\/strong> 0,14 carat, puret\u00e9: SI3-I1, couleur: G-H<br \/>\n<strong>tours de doigt disponibles:<\/strong> 52, 54, 56 et 58<\/p>\n","protected":false},"featured_media":4000,"template":"","meta":{"_mi_skip_tracking":false},"product_cat":[17],"product_tag":[],"yoast_head":"<!-- This site is optimized with the Yoast SEO plugin v18.3 - https:\/\/yoast.com\/wordpress\/plugins\/seo\/ -->\n<title>Bague en or avec perle et diamants - BGOD 04 OJ - Les Merveilles du Pacifique<\/title>\n<meta name=\"robots\" content=\"index, follow, max-snippet:-1, max-image-preview:large, max-video-preview:-1\" \/>\n<link rel=\"canonical\" href=\"https:\/\/www.lesmerveillesdupacifique.com\/fr\/produit\/bague-en-or-avec-perle-et-diamants-bgod-04-oj-ob\/\" \/>\n<meta property=\"og:locale\" content=\"fr_FR\" \/>\n<meta property=\"og:type\" content=\"article\" \/>\n<meta property=\"og:title\" content=\"Bague en or avec perle et diamants - BGOD 04 OJ - Les Merveilles du Pacifique\" \/>\n<meta property=\"og:description\" content=\"Perle de culture de Tahiti forme: ronde diam\u00e8tre: 10,7 mm qualit\u00e9: A or jaune 750 (18 carats) 6,6 grammes diamants 0,14 carat, puret\u00e9: SI3-I1, couleur: G-H tours de doigt disponibles: 52, 54, 56 et 58\" \/>\n<meta property=\"og:url\" content=\"https:\/\/www.lesmerveillesdupacifique.com\/produit\/bague-en-or-avec-perle-et-diamants-bgod-04-oj-ob\/\" \/>\n<meta property=\"og:site_name\" content=\"Les Merveilles du Pacifique\" \/>\n<meta property=\"article:modified_time\" content=\"2026-04-01T13:19:24+00:00\" \/>\n<meta property=\"og:image\" content=\"https:\/\/www.lesmerveillesdupacifique.com\/wp-content\/uploads\/2023\/10\/BGOD04-OJ.jpg\" \/>\n\t<meta property=\"og:image:width\" content=\"1090\" \/>\n\t<meta property=\"og:image:height\" content=\"727\" \/>\n\t<meta property=\"og:image:type\" content=\"image\/jpeg\" \/>\n<meta name=\"twitter:card\" content=\"summary_large_image\" \/>\n<script type=\"application\/ld+json\" class=\"yoast-schema-graph\">{\"@context\":\"https:\/\/schema.org\",\"@graph\":[{\"@type\":\"WebSite\",\"@id\":\"https:\/\/www.lesmerveillesdupacifique.com\/fr\/#website\",\"url\":\"https:\/\/www.lesmerveillesdupacifique.com\/fr\/\",\"name\":\"Les Merveilles du Pacifique\",\"description\":\"Perles de culture de Tahiti\",\"potentialAction\":[{\"@type\":\"SearchAction\",\"target\":{\"@type\":\"EntryPoint\",\"urlTemplate\":\"https:\/\/www.lesmerveillesdupacifique.com\/fr\/?s={search_term_string}\"},\"query-input\":\"required name=search_term_string\"}],\"inLanguage\":\"fr-FR\"},{\"@type\":\"ImageObject\",\"@id\":\"https:\/\/www.lesmerveillesdupacifique.com\/produit\/bague-en-or-avec-perle-et-diamants-bgod-04-oj-ob\/#primaryimage\",\"inLanguage\":\"fr-FR\",\"url\":\"https:\/\/www.lesmerveillesdupacifique.com\/wp-content\/uploads\/2023\/10\/BGOD04-OJ.jpg\",\"contentUrl\":\"https:\/\/www.lesmerveillesdupacifique.com\/wp-content\/uploads\/2023\/10\/BGOD04-OJ.jpg\",\"width\":1090,\"height\":727,\"caption\":\"www.photographe-book-paris.com\"},{\"@type\":\"WebPage\",\"@id\":\"https:\/\/www.lesmerveillesdupacifique.com\/produit\/bague-en-or-avec-perle-et-diamants-bgod-04-oj-ob\/#webpage\",\"url\":\"https:\/\/www.lesmerveillesdupacifique.com\/produit\/bague-en-or-avec-perle-et-diamants-bgod-04-oj-ob\/\",\"name\":\"Bague en or avec perle et diamants - BGOD 04 OJ - Les Merveilles du Pacifique\",\"isPartOf\":{\"@id\":\"https:\/\/www.lesmerveillesdupacifique.com\/fr\/#website\"},\"primaryImageOfPage\":{\"@id\":\"https:\/\/www.lesmerveillesdupacifique.com\/produit\/bague-en-or-avec-perle-et-diamants-bgod-04-oj-ob\/#primaryimage\"},\"datePublished\":\"2022-10-31T16:21:07+00:00\",\"dateModified\":\"2026-04-01T13:19:24+00:00\",\"breadcrumb\":{\"@id\":\"https:\/\/www.lesmerveillesdupacifique.com\/produit\/bague-en-or-avec-perle-et-diamants-bgod-04-oj-ob\/#breadcrumb\"},\"inLanguage\":\"fr-FR\",\"potentialAction\":[{\"@type\":\"ReadAction\",\"target\":[\"https:\/\/www.lesmerveillesdupacifique.com\/produit\/bague-en-or-avec-perle-et-diamants-bgod-04-oj-ob\/\"]}]},{\"@type\":\"BreadcrumbList\",\"@id\":\"https:\/\/www.lesmerveillesdupacifique.com\/produit\/bague-en-or-avec-perle-et-diamants-bgod-04-oj-ob\/#breadcrumb\",\"itemListElement\":[{\"@type\":\"ListItem\",\"position\":1,\"name\":\"Accueil\",\"item\":\"https:\/\/www.lesmerveillesdupacifique.com\/\"},{\"@type\":\"ListItem\",\"position\":2,\"name\":\"Collection\",\"item\":\"https:\/\/www.lesmerveillesdupacifique.com\/fr\/shop\/\"},{\"@type\":\"ListItem\",\"position\":3,\"name\":\"Bague en or avec perle et diamants &#8211; BGOD 04 OJ\"}]}]}<\/script>\n<!-- \/ Yoast SEO plugin. -->","yoast_head_json":{"title":"Bague en or avec perle et diamants - BGOD 04 OJ - Les Merveilles du Pacifique","robots":{"index":"index","follow":"follow","max-snippet":"max-snippet:-1","max-image-preview":"max-image-preview:large","max-video-preview":"max-video-preview:-1"},"canonical":"https:\/\/www.lesmerveillesdupacifique.com\/fr\/produit\/bague-en-or-avec-perle-et-diamants-bgod-04-oj-ob\/","og_locale":"fr_FR","og_type":"article","og_title":"Bague en or avec perle et diamants - BGOD 04 OJ - Les Merveilles du Pacifique","og_description":"Perle de culture de Tahiti forme: ronde diam\u00e8tre: 10,7 mm qualit\u00e9: A or jaune 750 (18 carats) 6,6 grammes diamants 0,14 carat, puret\u00e9: SI3-I1, couleur: G-H tours de doigt disponibles: 52, 54, 56 et 58","og_url":"https:\/\/www.lesmerveillesdupacifique.com\/produit\/bague-en-or-avec-perle-et-diamants-bgod-04-oj-ob\/","og_site_name":"Les Merveilles du Pacifique","article_modified_time":"2026-04-01T13:19:24+00:00","og_image":[{"width":1090,"height":727,"url":"https:\/\/www.lesmerveillesdupacifique.com\/wp-content\/uploads\/2023\/10\/BGOD04-OJ.jpg","type":"image\/jpeg"}],"twitter_card":"summary_large_image","schema":{"@context":"https:\/\/schema.org","@graph":[{"@type":"WebSite","@id":"https:\/\/www.lesmerveillesdupacifique.com\/fr\/#website","url":"https:\/\/www.lesmerveillesdupacifique.com\/fr\/","name":"Les Merveilles du Pacifique","description":"Perles de culture de Tahiti","potentialAction":[{"@type":"SearchAction","target":{"@type":"EntryPoint","urlTemplate":"https:\/\/www.lesmerveillesdupacifique.com\/fr\/?s={search_term_string}"},"query-input":"required name=search_term_string"}],"inLanguage":"fr-FR"},{"@type":"ImageObject","@id":"https:\/\/www.lesmerveillesdupacifique.com\/produit\/bague-en-or-avec-perle-et-diamants-bgod-04-oj-ob\/#primaryimage","inLanguage":"fr-FR","url":"https:\/\/www.lesmerveillesdupacifique.com\/wp-content\/uploads\/2023\/10\/BGOD04-OJ.jpg","contentUrl":"https:\/\/www.lesmerveillesdupacifique.com\/wp-content\/uploads\/2023\/10\/BGOD04-OJ.jpg","width":1090,"height":727,"caption":"www.photographe-book-paris.com"},{"@type":"WebPage","@id":"https:\/\/www.lesmerveillesdupacifique.com\/produit\/bague-en-or-avec-perle-et-diamants-bgod-04-oj-ob\/#webpage","url":"https:\/\/www.lesmerveillesdupacifique.com\/produit\/bague-en-or-avec-perle-et-diamants-bgod-04-oj-ob\/","name":"Bague en or avec perle et diamants - BGOD 04 OJ - Les Merveilles du Pacifique","isPartOf":{"@id":"https:\/\/www.lesmerveillesdupacifique.com\/fr\/#website"},"primaryImageOfPage":{"@id":"https:\/\/www.lesmerveillesdupacifique.com\/produit\/bague-en-or-avec-perle-et-diamants-bgod-04-oj-ob\/#primaryimage"},"datePublished":"2022-10-31T16:21:07+00:00","dateModified":"2026-04-01T13:19:24+00:00","breadcrumb":{"@id":"https:\/\/www.lesmerveillesdupacifique.com\/produit\/bague-en-or-avec-perle-et-diamants-bgod-04-oj-ob\/#breadcrumb"},"inLanguage":"fr-FR","potentialAction":[{"@type":"ReadAction","target":["https:\/\/www.lesmerveillesdupacifique.com\/produit\/bague-en-or-avec-perle-et-diamants-bgod-04-oj-ob\/"]}]},{"@type":"BreadcrumbList","@id":"https:\/\/www.lesmerveillesdupacifique.com\/produit\/bague-en-or-avec-perle-et-diamants-bgod-04-oj-ob\/#breadcrumb","itemListElement":[{"@type":"ListItem","position":1,"name":"Accueil","item":"https:\/\/www.lesmerveillesdupacifique.com\/"},{"@type":"ListItem","position":2,"name":"Collection","item":"https:\/\/www.lesmerveillesdupacifique.com\/fr\/shop\/"},{"@type":"ListItem","position":3,"name":"Bague en or avec perle et diamants &#8211; BGOD 04 OJ"}]}]}},"acf":[],"_links":{"self":[{"href":"https:\/\/www.lesmerveillesdupacifique.com\/fr\/wp-json\/wp\/v2\/product\/3659"}],"collection":[{"href":"https:\/\/www.lesmerveillesdupacifique.com\/fr\/wp-json\/wp\/v2\/product"}],"about":[{"href":"https:\/\/www.lesmerveillesdupacifique.com\/fr\/wp-json\/wp\/v2\/types\/product"}],"wp:featuredmedia":[{"embeddable":true,"href":"https:\/\/www.lesmerveillesdupacifique.com\/fr\/wp-json\/wp\/v2\/media\/4000"}],"wp:attachment":[{"href":"https:\/\/www.lesmerveillesdupacifique.com\/fr\/wp-json\/wp\/v2\/media?parent=3659"}],"wp:term":[{"taxonomy":"product_cat","embeddable":true,"href":"https:\/\/www.lesmerveillesdupacifique.com\/fr\/wp-json\/wp\/v2\/product_cat?post=3659"},{"taxonomy":"product_tag","embeddable":true,"href":"https:\/\/www.lesmerveillesdupacifique.com\/fr\/wp-json\/wp\/v2\/product_tag?post=3659"}],"curies":[{"name":"wp","href":"https:\/\/api.w.org\/{rel}","templated":true}]}}