{"id":3567,"date":"2022-03-08T12:37:05","date_gmt":"2022-03-08T11:37:05","guid":{"rendered":"https:\/\/www.lesmerveillesdupacifique.com\/?post_type=product&#038;p=3567"},"modified":"2026-04-01T15:23:36","modified_gmt":"2026-04-01T13:23:36","slug":"bague-en-or-avec-perle-et-diamants-bgod-02-oj-ob","status":"publish","type":"product","link":"https:\/\/www.lesmerveillesdupacifique.com\/fr\/produit\/bague-en-or-avec-perle-et-diamants-bgod-02-oj-ob\/","title":{"rendered":"Bague en or avec perle et diamants &#8211; BGOD 02 OJ"},"content":{"rendered":"","protected":false},"excerpt":{"rendered":"<p><strong>Perle de culture de Tahiti<\/strong><br \/>\n<strong>forme:<\/strong> ronde<br \/>\n<strong>diam\u00e8tre:<\/strong> 9-10 mm<br \/>\n<strong>qualit\u00e9:<\/strong> A<br \/>\n<strong>or jaune<\/strong> <strong>750<\/strong> (18 carats) 2,68 grammes<br \/>\n<strong>diamants<\/strong> 0,04 carat, puret\u00e9: SI3-I1, couleur: G-H<\/p>\n<p><strong>tours de doigt disponibles:<\/strong> 52, 54, 56 et 58<\/p>\n<ul>\n<li>Pr\u00e9cisez lors de la commande si or jaune ou blanc<\/li>\n<\/ul>\n","protected":false},"featured_media":3996,"template":"","meta":{"_mi_skip_tracking":false},"product_cat":[17],"product_tag":[],"yoast_head":"<!-- This site is optimized with the Yoast SEO plugin v18.3 - https:\/\/yoast.com\/wordpress\/plugins\/seo\/ -->\n<title>Bague en or avec perle de Tahiti et diamants - BGOD 02 OJ<\/title>\n<meta name=\"description\" content=\"D\u00e9couvrez notre bague en or et diamants confectionn\u00e9e \u00e0 partir d&#039;une perle de Tahiti dans les ateliers Les Merveilles du Pacifique, importateur de perles de Tahiti depuis 2009.\" \/>\n<meta name=\"robots\" content=\"index, follow, max-snippet:-1, max-image-preview:large, max-video-preview:-1\" \/>\n<link rel=\"canonical\" href=\"https:\/\/www.lesmerveillesdupacifique.com\/fr\/produit\/bague-en-or-avec-perle-et-diamants-bgod-02-oj-ob\/\" \/>\n<meta property=\"og:locale\" content=\"fr_FR\" \/>\n<meta property=\"og:type\" content=\"article\" \/>\n<meta property=\"og:title\" content=\"Bague en or avec perle de Tahiti et diamants - BGOD 02 OJ\" \/>\n<meta property=\"og:description\" content=\"D\u00e9couvrez notre bague en or et diamants confectionn\u00e9e \u00e0 partir d&#039;une perle de Tahiti dans les ateliers Les Merveilles du Pacifique, importateur de perles de Tahiti depuis 2009.\" \/>\n<meta property=\"og:url\" content=\"https:\/\/www.lesmerveillesdupacifique.com\/produit\/bague-en-or-avec-perle-et-diamants-bgod-02-oj-ob\/\" \/>\n<meta property=\"og:site_name\" content=\"Les Merveilles du Pacifique\" \/>\n<meta property=\"article:modified_time\" content=\"2026-04-01T13:23:36+00:00\" \/>\n<meta property=\"og:image\" content=\"https:\/\/www.lesmerveillesdupacifique.com\/wp-content\/uploads\/2023\/10\/BGOD02-OJ.jpg\" \/>\n\t<meta property=\"og:image:width\" content=\"1090\" \/>\n\t<meta property=\"og:image:height\" content=\"727\" \/>\n\t<meta property=\"og:image:type\" content=\"image\/jpeg\" \/>\n<meta name=\"twitter:card\" content=\"summary_large_image\" \/>\n<script type=\"application\/ld+json\" class=\"yoast-schema-graph\">{\"@context\":\"https:\/\/schema.org\",\"@graph\":[{\"@type\":\"WebSite\",\"@id\":\"https:\/\/www.lesmerveillesdupacifique.com\/fr\/#website\",\"url\":\"https:\/\/www.lesmerveillesdupacifique.com\/fr\/\",\"name\":\"Les Merveilles du Pacifique\",\"description\":\"Perles de culture de Tahiti\",\"potentialAction\":[{\"@type\":\"SearchAction\",\"target\":{\"@type\":\"EntryPoint\",\"urlTemplate\":\"https:\/\/www.lesmerveillesdupacifique.com\/fr\/?s={search_term_string}\"},\"query-input\":\"required name=search_term_string\"}],\"inLanguage\":\"fr-FR\"},{\"@type\":\"ImageObject\",\"@id\":\"https:\/\/www.lesmerveillesdupacifique.com\/produit\/bague-en-or-avec-perle-et-diamants-bgod-02-oj-ob\/#primaryimage\",\"inLanguage\":\"fr-FR\",\"url\":\"https:\/\/www.lesmerveillesdupacifique.com\/wp-content\/uploads\/2023\/10\/BGOD02-OJ.jpg\",\"contentUrl\":\"https:\/\/www.lesmerveillesdupacifique.com\/wp-content\/uploads\/2023\/10\/BGOD02-OJ.jpg\",\"width\":1090,\"height\":727,\"caption\":\"www.photographe-book-paris.com\"},{\"@type\":\"WebPage\",\"@id\":\"https:\/\/www.lesmerveillesdupacifique.com\/produit\/bague-en-or-avec-perle-et-diamants-bgod-02-oj-ob\/#webpage\",\"url\":\"https:\/\/www.lesmerveillesdupacifique.com\/produit\/bague-en-or-avec-perle-et-diamants-bgod-02-oj-ob\/\",\"name\":\"Bague en or avec perle de Tahiti et diamants - BGOD 02 OJ\",\"isPartOf\":{\"@id\":\"https:\/\/www.lesmerveillesdupacifique.com\/fr\/#website\"},\"primaryImageOfPage\":{\"@id\":\"https:\/\/www.lesmerveillesdupacifique.com\/produit\/bague-en-or-avec-perle-et-diamants-bgod-02-oj-ob\/#primaryimage\"},\"datePublished\":\"2022-03-08T11:37:05+00:00\",\"dateModified\":\"2026-04-01T13:23:36+00:00\",\"description\":\"D\u00e9couvrez notre bague en or et diamants confectionn\u00e9e \u00e0 partir d'une perle de Tahiti dans les ateliers Les Merveilles du Pacifique, importateur de perles de Tahiti depuis 2009.\",\"breadcrumb\":{\"@id\":\"https:\/\/www.lesmerveillesdupacifique.com\/produit\/bague-en-or-avec-perle-et-diamants-bgod-02-oj-ob\/#breadcrumb\"},\"inLanguage\":\"fr-FR\",\"potentialAction\":[{\"@type\":\"ReadAction\",\"target\":[\"https:\/\/www.lesmerveillesdupacifique.com\/produit\/bague-en-or-avec-perle-et-diamants-bgod-02-oj-ob\/\"]}]},{\"@type\":\"BreadcrumbList\",\"@id\":\"https:\/\/www.lesmerveillesdupacifique.com\/produit\/bague-en-or-avec-perle-et-diamants-bgod-02-oj-ob\/#breadcrumb\",\"itemListElement\":[{\"@type\":\"ListItem\",\"position\":1,\"name\":\"Accueil\",\"item\":\"https:\/\/www.lesmerveillesdupacifique.com\/\"},{\"@type\":\"ListItem\",\"position\":2,\"name\":\"Collection\",\"item\":\"https:\/\/www.lesmerveillesdupacifique.com\/fr\/shop\/\"},{\"@type\":\"ListItem\",\"position\":3,\"name\":\"Bague en or avec perle et diamants &#8211; BGOD 02 OJ\"}]}]}<\/script>\n<!-- \/ Yoast SEO plugin. -->","yoast_head_json":{"title":"Bague en or avec perle de Tahiti et diamants - BGOD 02 OJ","description":"D\u00e9couvrez notre bague en or et diamants confectionn\u00e9e \u00e0 partir d'une perle de Tahiti dans les ateliers Les Merveilles du Pacifique, importateur de perles de Tahiti depuis 2009.","robots":{"index":"index","follow":"follow","max-snippet":"max-snippet:-1","max-image-preview":"max-image-preview:large","max-video-preview":"max-video-preview:-1"},"canonical":"https:\/\/www.lesmerveillesdupacifique.com\/fr\/produit\/bague-en-or-avec-perle-et-diamants-bgod-02-oj-ob\/","og_locale":"fr_FR","og_type":"article","og_title":"Bague en or avec perle de Tahiti et diamants - BGOD 02 OJ","og_description":"D\u00e9couvrez notre bague en or et diamants confectionn\u00e9e \u00e0 partir d'une perle de Tahiti dans les ateliers Les Merveilles du Pacifique, importateur de perles de Tahiti depuis 2009.","og_url":"https:\/\/www.lesmerveillesdupacifique.com\/produit\/bague-en-or-avec-perle-et-diamants-bgod-02-oj-ob\/","og_site_name":"Les Merveilles du Pacifique","article_modified_time":"2026-04-01T13:23:36+00:00","og_image":[{"width":1090,"height":727,"url":"https:\/\/www.lesmerveillesdupacifique.com\/wp-content\/uploads\/2023\/10\/BGOD02-OJ.jpg","type":"image\/jpeg"}],"twitter_card":"summary_large_image","schema":{"@context":"https:\/\/schema.org","@graph":[{"@type":"WebSite","@id":"https:\/\/www.lesmerveillesdupacifique.com\/fr\/#website","url":"https:\/\/www.lesmerveillesdupacifique.com\/fr\/","name":"Les Merveilles du Pacifique","description":"Perles de culture de Tahiti","potentialAction":[{"@type":"SearchAction","target":{"@type":"EntryPoint","urlTemplate":"https:\/\/www.lesmerveillesdupacifique.com\/fr\/?s={search_term_string}"},"query-input":"required name=search_term_string"}],"inLanguage":"fr-FR"},{"@type":"ImageObject","@id":"https:\/\/www.lesmerveillesdupacifique.com\/produit\/bague-en-or-avec-perle-et-diamants-bgod-02-oj-ob\/#primaryimage","inLanguage":"fr-FR","url":"https:\/\/www.lesmerveillesdupacifique.com\/wp-content\/uploads\/2023\/10\/BGOD02-OJ.jpg","contentUrl":"https:\/\/www.lesmerveillesdupacifique.com\/wp-content\/uploads\/2023\/10\/BGOD02-OJ.jpg","width":1090,"height":727,"caption":"www.photographe-book-paris.com"},{"@type":"WebPage","@id":"https:\/\/www.lesmerveillesdupacifique.com\/produit\/bague-en-or-avec-perle-et-diamants-bgod-02-oj-ob\/#webpage","url":"https:\/\/www.lesmerveillesdupacifique.com\/produit\/bague-en-or-avec-perle-et-diamants-bgod-02-oj-ob\/","name":"Bague en or avec perle de Tahiti et diamants - BGOD 02 OJ","isPartOf":{"@id":"https:\/\/www.lesmerveillesdupacifique.com\/fr\/#website"},"primaryImageOfPage":{"@id":"https:\/\/www.lesmerveillesdupacifique.com\/produit\/bague-en-or-avec-perle-et-diamants-bgod-02-oj-ob\/#primaryimage"},"datePublished":"2022-03-08T11:37:05+00:00","dateModified":"2026-04-01T13:23:36+00:00","description":"D\u00e9couvrez notre bague en or et diamants confectionn\u00e9e \u00e0 partir d'une perle de Tahiti dans les ateliers Les Merveilles du Pacifique, importateur de perles de Tahiti depuis 2009.","breadcrumb":{"@id":"https:\/\/www.lesmerveillesdupacifique.com\/produit\/bague-en-or-avec-perle-et-diamants-bgod-02-oj-ob\/#breadcrumb"},"inLanguage":"fr-FR","potentialAction":[{"@type":"ReadAction","target":["https:\/\/www.lesmerveillesdupacifique.com\/produit\/bague-en-or-avec-perle-et-diamants-bgod-02-oj-ob\/"]}]},{"@type":"BreadcrumbList","@id":"https:\/\/www.lesmerveillesdupacifique.com\/produit\/bague-en-or-avec-perle-et-diamants-bgod-02-oj-ob\/#breadcrumb","itemListElement":[{"@type":"ListItem","position":1,"name":"Accueil","item":"https:\/\/www.lesmerveillesdupacifique.com\/"},{"@type":"ListItem","position":2,"name":"Collection","item":"https:\/\/www.lesmerveillesdupacifique.com\/fr\/shop\/"},{"@type":"ListItem","position":3,"name":"Bague en or avec perle et diamants &#8211; BGOD 02 OJ"}]}]}},"acf":[],"_links":{"self":[{"href":"https:\/\/www.lesmerveillesdupacifique.com\/fr\/wp-json\/wp\/v2\/product\/3567"}],"collection":[{"href":"https:\/\/www.lesmerveillesdupacifique.com\/fr\/wp-json\/wp\/v2\/product"}],"about":[{"href":"https:\/\/www.lesmerveillesdupacifique.com\/fr\/wp-json\/wp\/v2\/types\/product"}],"wp:featuredmedia":[{"embeddable":true,"href":"https:\/\/www.lesmerveillesdupacifique.com\/fr\/wp-json\/wp\/v2\/media\/3996"}],"wp:attachment":[{"href":"https:\/\/www.lesmerveillesdupacifique.com\/fr\/wp-json\/wp\/v2\/media?parent=3567"}],"wp:term":[{"taxonomy":"product_cat","embeddable":true,"href":"https:\/\/www.lesmerveillesdupacifique.com\/fr\/wp-json\/wp\/v2\/product_cat?post=3567"},{"taxonomy":"product_tag","embeddable":true,"href":"https:\/\/www.lesmerveillesdupacifique.com\/fr\/wp-json\/wp\/v2\/product_tag?post=3567"}],"curies":[{"name":"wp","href":"https:\/\/api.w.org\/{rel}","templated":true}]}}