{"id":2504,"date":"2020-06-30T14:36:36","date_gmt":"2020-06-30T12:36:36","guid":{"rendered":"http:\/\/www.lesmerveillesdupacifique.com\/?post_type=product&#038;p=2504"},"modified":"2022-06-28T16:21:20","modified_gmt":"2022-06-28T14:21:20","slug":"opercule-grave-tortue","status":"publish","type":"product","link":"https:\/\/www.lesmerveillesdupacifique.com\/fr\/produit\/opercule-grave-tortue\/","title":{"rendered":"Opercule grav\u00e9 Tortue"},"content":{"rendered":"","protected":false},"excerpt":{"rendered":"<p>Opercule de Burgo de Tahiti<\/p>\n<p>Opercule grav\u00e9 et poli \u00e0 la main en Polyn\u00e9sie, motif tortue.<br \/>\nLe coquillage mesure environ 8 cm de diam\u00e8tre.<br \/>\nIl peut servir de presse papier ou \u00e9l\u00e9ment d\u00e9coratif.<\/p>\n","protected":false},"featured_media":3365,"template":"","meta":{"_mi_skip_tracking":false},"product_cat":[58],"product_tag":[],"yoast_head":"<!-- This site is optimized with the Yoast SEO plugin v18.3 - https:\/\/yoast.com\/wordpress\/plugins\/seo\/ -->\n<title>Opercule grav\u00e9 Tortue - Les Merveilles du Pacifique<\/title>\n<meta name=\"robots\" content=\"index, follow, max-snippet:-1, max-image-preview:large, max-video-preview:-1\" \/>\n<link rel=\"canonical\" href=\"https:\/\/www.lesmerveillesdupacifique.com\/fr\/produit\/opercule-grave-tortue\/\" \/>\n<meta property=\"og:locale\" content=\"fr_FR\" \/>\n<meta property=\"og:type\" content=\"article\" \/>\n<meta property=\"og:title\" content=\"Opercule grav\u00e9 Tortue - Les Merveilles du Pacifique\" \/>\n<meta property=\"og:description\" content=\"Opercule de Burgo de Tahiti  Opercule grav\u00e9 et poli \u00e0 la main en Polyn\u00e9sie, motif tortue. Le coquillage mesure environ 8 cm de diam\u00e8tre. Il peut servir de presse papier ou \u00e9l\u00e9ment d\u00e9coratif.\" \/>\n<meta property=\"og:url\" content=\"https:\/\/www.lesmerveillesdupacifique.com\/produit\/opercule-grave-tortue\/\" \/>\n<meta property=\"og:site_name\" content=\"Les Merveilles du Pacifique\" \/>\n<meta property=\"article:modified_time\" content=\"2022-06-28T14:21:20+00:00\" \/>\n<meta property=\"og:image\" content=\"https:\/\/www.lesmerveillesdupacifique.com\/wp-content\/uploads\/2020\/06\/Capture-de\u0301cran-2021-06-24-a\u0300-17.37.20.png\" \/>\n\t<meta property=\"og:image:width\" content=\"706\" \/>\n\t<meta property=\"og:image:height\" content=\"584\" \/>\n\t<meta property=\"og:image:type\" content=\"image\/png\" \/>\n<meta name=\"twitter:card\" content=\"summary_large_image\" \/>\n<script type=\"application\/ld+json\" class=\"yoast-schema-graph\">{\"@context\":\"https:\/\/schema.org\",\"@graph\":[{\"@type\":\"WebSite\",\"@id\":\"https:\/\/www.lesmerveillesdupacifique.com\/fr\/#website\",\"url\":\"https:\/\/www.lesmerveillesdupacifique.com\/fr\/\",\"name\":\"Les Merveilles du Pacifique\",\"description\":\"Perles de culture de Tahiti\",\"potentialAction\":[{\"@type\":\"SearchAction\",\"target\":{\"@type\":\"EntryPoint\",\"urlTemplate\":\"https:\/\/www.lesmerveillesdupacifique.com\/fr\/?s={search_term_string}\"},\"query-input\":\"required name=search_term_string\"}],\"inLanguage\":\"fr-FR\"},{\"@type\":\"ImageObject\",\"@id\":\"https:\/\/www.lesmerveillesdupacifique.com\/produit\/opercule-grave-tortue\/#primaryimage\",\"inLanguage\":\"fr-FR\",\"url\":\"https:\/\/www.lesmerveillesdupacifique.com\/wp-content\/uploads\/2020\/06\/Capture-de\u0301cran-2021-06-24-a\u0300-17.37.20.png\",\"contentUrl\":\"https:\/\/www.lesmerveillesdupacifique.com\/wp-content\/uploads\/2020\/06\/Capture-de\u0301cran-2021-06-24-a\u0300-17.37.20.png\",\"width\":706,\"height\":584,\"caption\":\"Opercule tortue d\u00e9cor\"},{\"@type\":\"WebPage\",\"@id\":\"https:\/\/www.lesmerveillesdupacifique.com\/produit\/opercule-grave-tortue\/#webpage\",\"url\":\"https:\/\/www.lesmerveillesdupacifique.com\/produit\/opercule-grave-tortue\/\",\"name\":\"Opercule grav\u00e9 Tortue - Les Merveilles du Pacifique\",\"isPartOf\":{\"@id\":\"https:\/\/www.lesmerveillesdupacifique.com\/fr\/#website\"},\"primaryImageOfPage\":{\"@id\":\"https:\/\/www.lesmerveillesdupacifique.com\/produit\/opercule-grave-tortue\/#primaryimage\"},\"datePublished\":\"2020-06-30T12:36:36+00:00\",\"dateModified\":\"2022-06-28T14:21:20+00:00\",\"breadcrumb\":{\"@id\":\"https:\/\/www.lesmerveillesdupacifique.com\/produit\/opercule-grave-tortue\/#breadcrumb\"},\"inLanguage\":\"fr-FR\",\"potentialAction\":[{\"@type\":\"ReadAction\",\"target\":[\"https:\/\/www.lesmerveillesdupacifique.com\/produit\/opercule-grave-tortue\/\"]}]},{\"@type\":\"BreadcrumbList\",\"@id\":\"https:\/\/www.lesmerveillesdupacifique.com\/produit\/opercule-grave-tortue\/#breadcrumb\",\"itemListElement\":[{\"@type\":\"ListItem\",\"position\":1,\"name\":\"Accueil\",\"item\":\"https:\/\/www.lesmerveillesdupacifique.com\/\"},{\"@type\":\"ListItem\",\"position\":2,\"name\":\"Collection\",\"item\":\"https:\/\/www.lesmerveillesdupacifique.com\/fr\/shop\/\"},{\"@type\":\"ListItem\",\"position\":3,\"name\":\"Opercule grav\u00e9 Tortue\"}]}]}<\/script>\n<!-- \/ Yoast SEO plugin. -->","yoast_head_json":{"title":"Opercule grav\u00e9 Tortue - Les Merveilles du Pacifique","robots":{"index":"index","follow":"follow","max-snippet":"max-snippet:-1","max-image-preview":"max-image-preview:large","max-video-preview":"max-video-preview:-1"},"canonical":"https:\/\/www.lesmerveillesdupacifique.com\/fr\/produit\/opercule-grave-tortue\/","og_locale":"fr_FR","og_type":"article","og_title":"Opercule grav\u00e9 Tortue - Les Merveilles du Pacifique","og_description":"Opercule de Burgo de Tahiti  Opercule grav\u00e9 et poli \u00e0 la main en Polyn\u00e9sie, motif tortue. Le coquillage mesure environ 8 cm de diam\u00e8tre. Il peut servir de presse papier ou \u00e9l\u00e9ment d\u00e9coratif.","og_url":"https:\/\/www.lesmerveillesdupacifique.com\/produit\/opercule-grave-tortue\/","og_site_name":"Les Merveilles du Pacifique","article_modified_time":"2022-06-28T14:21:20+00:00","og_image":[{"width":706,"height":584,"url":"https:\/\/www.lesmerveillesdupacifique.com\/wp-content\/uploads\/2020\/06\/Capture-de\u0301cran-2021-06-24-a\u0300-17.37.20.png","type":"image\/png"}],"twitter_card":"summary_large_image","schema":{"@context":"https:\/\/schema.org","@graph":[{"@type":"WebSite","@id":"https:\/\/www.lesmerveillesdupacifique.com\/fr\/#website","url":"https:\/\/www.lesmerveillesdupacifique.com\/fr\/","name":"Les Merveilles du Pacifique","description":"Perles de culture de Tahiti","potentialAction":[{"@type":"SearchAction","target":{"@type":"EntryPoint","urlTemplate":"https:\/\/www.lesmerveillesdupacifique.com\/fr\/?s={search_term_string}"},"query-input":"required name=search_term_string"}],"inLanguage":"fr-FR"},{"@type":"ImageObject","@id":"https:\/\/www.lesmerveillesdupacifique.com\/produit\/opercule-grave-tortue\/#primaryimage","inLanguage":"fr-FR","url":"https:\/\/www.lesmerveillesdupacifique.com\/wp-content\/uploads\/2020\/06\/Capture-de\u0301cran-2021-06-24-a\u0300-17.37.20.png","contentUrl":"https:\/\/www.lesmerveillesdupacifique.com\/wp-content\/uploads\/2020\/06\/Capture-de\u0301cran-2021-06-24-a\u0300-17.37.20.png","width":706,"height":584,"caption":"Opercule tortue d\u00e9cor"},{"@type":"WebPage","@id":"https:\/\/www.lesmerveillesdupacifique.com\/produit\/opercule-grave-tortue\/#webpage","url":"https:\/\/www.lesmerveillesdupacifique.com\/produit\/opercule-grave-tortue\/","name":"Opercule grav\u00e9 Tortue - Les Merveilles du Pacifique","isPartOf":{"@id":"https:\/\/www.lesmerveillesdupacifique.com\/fr\/#website"},"primaryImageOfPage":{"@id":"https:\/\/www.lesmerveillesdupacifique.com\/produit\/opercule-grave-tortue\/#primaryimage"},"datePublished":"2020-06-30T12:36:36+00:00","dateModified":"2022-06-28T14:21:20+00:00","breadcrumb":{"@id":"https:\/\/www.lesmerveillesdupacifique.com\/produit\/opercule-grave-tortue\/#breadcrumb"},"inLanguage":"fr-FR","potentialAction":[{"@type":"ReadAction","target":["https:\/\/www.lesmerveillesdupacifique.com\/produit\/opercule-grave-tortue\/"]}]},{"@type":"BreadcrumbList","@id":"https:\/\/www.lesmerveillesdupacifique.com\/produit\/opercule-grave-tortue\/#breadcrumb","itemListElement":[{"@type":"ListItem","position":1,"name":"Accueil","item":"https:\/\/www.lesmerveillesdupacifique.com\/"},{"@type":"ListItem","position":2,"name":"Collection","item":"https:\/\/www.lesmerveillesdupacifique.com\/fr\/shop\/"},{"@type":"ListItem","position":3,"name":"Opercule grav\u00e9 Tortue"}]}]}},"acf":[],"_links":{"self":[{"href":"https:\/\/www.lesmerveillesdupacifique.com\/fr\/wp-json\/wp\/v2\/product\/2504"}],"collection":[{"href":"https:\/\/www.lesmerveillesdupacifique.com\/fr\/wp-json\/wp\/v2\/product"}],"about":[{"href":"https:\/\/www.lesmerveillesdupacifique.com\/fr\/wp-json\/wp\/v2\/types\/product"}],"wp:featuredmedia":[{"embeddable":true,"href":"https:\/\/www.lesmerveillesdupacifique.com\/fr\/wp-json\/wp\/v2\/media\/3365"}],"wp:attachment":[{"href":"https:\/\/www.lesmerveillesdupacifique.com\/fr\/wp-json\/wp\/v2\/media?parent=2504"}],"wp:term":[{"taxonomy":"product_cat","embeddable":true,"href":"https:\/\/www.lesmerveillesdupacifique.com\/fr\/wp-json\/wp\/v2\/product_cat?post=2504"},{"taxonomy":"product_tag","embeddable":true,"href":"https:\/\/www.lesmerveillesdupacifique.com\/fr\/wp-json\/wp\/v2\/product_tag?post=2504"}],"curies":[{"name":"wp","href":"https:\/\/api.w.org\/{rel}","templated":true}]}}