{"id":2496,"date":"2020-06-29T18:42:59","date_gmt":"2020-06-29T16:42:59","guid":{"rendered":"http:\/\/www.lesmerveillesdupacifique.com\/?post_type=product&#038;p=2496"},"modified":"2023-12-08T10:29:06","modified_gmt":"2023-12-08T09:29:06","slug":"huitre-gravure-pourtour-tiare","status":"publish","type":"product","link":"https:\/\/www.lesmerveillesdupacifique.com\/fr\/produit\/huitre-gravure-pourtour-tiare\/","title":{"rendered":"Hu\u00eetre gravure pourtour Tiare"},"content":{"rendered":"","protected":false},"excerpt":{"rendered":"<p>Hu\u00eetre perli\u00e8re Pinctada Margaritifera (\u00e0 l\u00e8vres noires)<\/p>\n<p>Esp\u00e8ce dans laquelle la perle de Tahiti est cultiv\u00e9e.<br \/>\nLe coquillage mesure environ 11 cm de diam\u00e8tre.<br \/>\nLe pourtour int\u00e9rieur est grav\u00e9 \u00e0 la main \u00e0 Tahiti et est orn\u00e9e d&rsquo;une fleur de Tiare.<br \/>\nCette nacre pr\u00e9sente un v\u00e9ritable arc-en-ciel de couleurs que l&rsquo;on retrouve dans les perles de Tahiti qu&rsquo;elle fabrique.<\/p>\n","protected":false},"featured_media":3355,"template":"","meta":{"_mi_skip_tracking":false},"product_cat":[58],"product_tag":[],"yoast_head":"<!-- This site is optimized with the Yoast SEO plugin v18.3 - https:\/\/yoast.com\/wordpress\/plugins\/seo\/ -->\n<title>Hu\u00eetre gravure pourtour Tiare - Les Merveilles du Pacifique<\/title>\n<meta name=\"robots\" content=\"index, follow, max-snippet:-1, max-image-preview:large, max-video-preview:-1\" \/>\n<link rel=\"canonical\" href=\"https:\/\/www.lesmerveillesdupacifique.com\/fr\/produit\/huitre-gravure-pourtour-tiare\/\" \/>\n<meta property=\"og:locale\" content=\"fr_FR\" \/>\n<meta property=\"og:type\" content=\"article\" \/>\n<meta property=\"og:title\" content=\"Hu\u00eetre gravure pourtour Tiare - Les Merveilles du Pacifique\" \/>\n<meta property=\"og:description\" content=\"Hu\u00eetre perli\u00e8re Pinctada Margaritifera (\u00e0 l\u00e8vres noires)  Esp\u00e8ce dans laquelle la perle de Tahiti est cultiv\u00e9e. Le coquillage mesure environ 11 cm de diam\u00e8tre. Le pourtour int\u00e9rieur est grav\u00e9 \u00e0 la main \u00e0 Tahiti et est orn\u00e9e d&#039;une fleur de Tiare. Cette nacre pr\u00e9sente un v\u00e9ritable arc-en-ciel de couleurs que l&#039;on retrouve dans les perles de Tahiti qu&#039;elle fabrique.\" \/>\n<meta property=\"og:url\" content=\"https:\/\/www.lesmerveillesdupacifique.com\/produit\/huitre-gravure-pourtour-tiare\/\" \/>\n<meta property=\"og:site_name\" content=\"Les Merveilles du Pacifique\" \/>\n<meta property=\"article:modified_time\" content=\"2023-12-08T09:29:06+00:00\" \/>\n<meta property=\"og:image\" content=\"https:\/\/www.lesmerveillesdupacifique.com\/wp-content\/uploads\/2020\/06\/Hui\u0302tre-gravure-pourtour-Tiare.jpg\" \/>\n\t<meta property=\"og:image:width\" content=\"982\" \/>\n\t<meta property=\"og:image:height\" content=\"804\" \/>\n\t<meta property=\"og:image:type\" content=\"image\/jpeg\" \/>\n<meta name=\"twitter:card\" content=\"summary_large_image\" \/>\n<script type=\"application\/ld+json\" class=\"yoast-schema-graph\">{\"@context\":\"https:\/\/schema.org\",\"@graph\":[{\"@type\":\"WebSite\",\"@id\":\"https:\/\/www.lesmerveillesdupacifique.com\/fr\/#website\",\"url\":\"https:\/\/www.lesmerveillesdupacifique.com\/fr\/\",\"name\":\"Les Merveilles du Pacifique\",\"description\":\"Perles de culture de Tahiti\",\"potentialAction\":[{\"@type\":\"SearchAction\",\"target\":{\"@type\":\"EntryPoint\",\"urlTemplate\":\"https:\/\/www.lesmerveillesdupacifique.com\/fr\/?s={search_term_string}\"},\"query-input\":\"required name=search_term_string\"}],\"inLanguage\":\"fr-FR\"},{\"@type\":\"ImageObject\",\"@id\":\"https:\/\/www.lesmerveillesdupacifique.com\/produit\/huitre-gravure-pourtour-tiare\/#primaryimage\",\"inLanguage\":\"fr-FR\",\"url\":\"https:\/\/www.lesmerveillesdupacifique.com\/wp-content\/uploads\/2020\/06\/Hui\u0302tre-gravure-pourtour-Tiare.jpg\",\"contentUrl\":\"https:\/\/www.lesmerveillesdupacifique.com\/wp-content\/uploads\/2020\/06\/Hui\u0302tre-gravure-pourtour-Tiare.jpg\",\"width\":982,\"height\":804,\"caption\":\"Nacre grav\u00e9e avec motif fleur de tiar\u00e9 et maori\"},{\"@type\":\"WebPage\",\"@id\":\"https:\/\/www.lesmerveillesdupacifique.com\/produit\/huitre-gravure-pourtour-tiare\/#webpage\",\"url\":\"https:\/\/www.lesmerveillesdupacifique.com\/produit\/huitre-gravure-pourtour-tiare\/\",\"name\":\"Hu\u00eetre gravure pourtour Tiare - Les Merveilles du Pacifique\",\"isPartOf\":{\"@id\":\"https:\/\/www.lesmerveillesdupacifique.com\/fr\/#website\"},\"primaryImageOfPage\":{\"@id\":\"https:\/\/www.lesmerveillesdupacifique.com\/produit\/huitre-gravure-pourtour-tiare\/#primaryimage\"},\"datePublished\":\"2020-06-29T16:42:59+00:00\",\"dateModified\":\"2023-12-08T09:29:06+00:00\",\"breadcrumb\":{\"@id\":\"https:\/\/www.lesmerveillesdupacifique.com\/produit\/huitre-gravure-pourtour-tiare\/#breadcrumb\"},\"inLanguage\":\"fr-FR\",\"potentialAction\":[{\"@type\":\"ReadAction\",\"target\":[\"https:\/\/www.lesmerveillesdupacifique.com\/produit\/huitre-gravure-pourtour-tiare\/\"]}]},{\"@type\":\"BreadcrumbList\",\"@id\":\"https:\/\/www.lesmerveillesdupacifique.com\/produit\/huitre-gravure-pourtour-tiare\/#breadcrumb\",\"itemListElement\":[{\"@type\":\"ListItem\",\"position\":1,\"name\":\"Accueil\",\"item\":\"https:\/\/www.lesmerveillesdupacifique.com\/\"},{\"@type\":\"ListItem\",\"position\":2,\"name\":\"Collection\",\"item\":\"https:\/\/www.lesmerveillesdupacifique.com\/fr\/shop\/\"},{\"@type\":\"ListItem\",\"position\":3,\"name\":\"Hu\u00eetre gravure pourtour Tiare\"}]}]}<\/script>\n<!-- \/ Yoast SEO plugin. -->","yoast_head_json":{"title":"Hu\u00eetre gravure pourtour Tiare - Les Merveilles du Pacifique","robots":{"index":"index","follow":"follow","max-snippet":"max-snippet:-1","max-image-preview":"max-image-preview:large","max-video-preview":"max-video-preview:-1"},"canonical":"https:\/\/www.lesmerveillesdupacifique.com\/fr\/produit\/huitre-gravure-pourtour-tiare\/","og_locale":"fr_FR","og_type":"article","og_title":"Hu\u00eetre gravure pourtour Tiare - Les Merveilles du Pacifique","og_description":"Hu\u00eetre perli\u00e8re Pinctada Margaritifera (\u00e0 l\u00e8vres noires)  Esp\u00e8ce dans laquelle la perle de Tahiti est cultiv\u00e9e. Le coquillage mesure environ 11 cm de diam\u00e8tre. Le pourtour int\u00e9rieur est grav\u00e9 \u00e0 la main \u00e0 Tahiti et est orn\u00e9e d'une fleur de Tiare. Cette nacre pr\u00e9sente un v\u00e9ritable arc-en-ciel de couleurs que l'on retrouve dans les perles de Tahiti qu'elle fabrique.","og_url":"https:\/\/www.lesmerveillesdupacifique.com\/produit\/huitre-gravure-pourtour-tiare\/","og_site_name":"Les Merveilles du Pacifique","article_modified_time":"2023-12-08T09:29:06+00:00","og_image":[{"width":982,"height":804,"url":"https:\/\/www.lesmerveillesdupacifique.com\/wp-content\/uploads\/2020\/06\/Hui\u0302tre-gravure-pourtour-Tiare.jpg","type":"image\/jpeg"}],"twitter_card":"summary_large_image","schema":{"@context":"https:\/\/schema.org","@graph":[{"@type":"WebSite","@id":"https:\/\/www.lesmerveillesdupacifique.com\/fr\/#website","url":"https:\/\/www.lesmerveillesdupacifique.com\/fr\/","name":"Les Merveilles du Pacifique","description":"Perles de culture de Tahiti","potentialAction":[{"@type":"SearchAction","target":{"@type":"EntryPoint","urlTemplate":"https:\/\/www.lesmerveillesdupacifique.com\/fr\/?s={search_term_string}"},"query-input":"required name=search_term_string"}],"inLanguage":"fr-FR"},{"@type":"ImageObject","@id":"https:\/\/www.lesmerveillesdupacifique.com\/produit\/huitre-gravure-pourtour-tiare\/#primaryimage","inLanguage":"fr-FR","url":"https:\/\/www.lesmerveillesdupacifique.com\/wp-content\/uploads\/2020\/06\/Hui\u0302tre-gravure-pourtour-Tiare.jpg","contentUrl":"https:\/\/www.lesmerveillesdupacifique.com\/wp-content\/uploads\/2020\/06\/Hui\u0302tre-gravure-pourtour-Tiare.jpg","width":982,"height":804,"caption":"Nacre grav\u00e9e avec motif fleur de tiar\u00e9 et maori"},{"@type":"WebPage","@id":"https:\/\/www.lesmerveillesdupacifique.com\/produit\/huitre-gravure-pourtour-tiare\/#webpage","url":"https:\/\/www.lesmerveillesdupacifique.com\/produit\/huitre-gravure-pourtour-tiare\/","name":"Hu\u00eetre gravure pourtour Tiare - Les Merveilles du Pacifique","isPartOf":{"@id":"https:\/\/www.lesmerveillesdupacifique.com\/fr\/#website"},"primaryImageOfPage":{"@id":"https:\/\/www.lesmerveillesdupacifique.com\/produit\/huitre-gravure-pourtour-tiare\/#primaryimage"},"datePublished":"2020-06-29T16:42:59+00:00","dateModified":"2023-12-08T09:29:06+00:00","breadcrumb":{"@id":"https:\/\/www.lesmerveillesdupacifique.com\/produit\/huitre-gravure-pourtour-tiare\/#breadcrumb"},"inLanguage":"fr-FR","potentialAction":[{"@type":"ReadAction","target":["https:\/\/www.lesmerveillesdupacifique.com\/produit\/huitre-gravure-pourtour-tiare\/"]}]},{"@type":"BreadcrumbList","@id":"https:\/\/www.lesmerveillesdupacifique.com\/produit\/huitre-gravure-pourtour-tiare\/#breadcrumb","itemListElement":[{"@type":"ListItem","position":1,"name":"Accueil","item":"https:\/\/www.lesmerveillesdupacifique.com\/"},{"@type":"ListItem","position":2,"name":"Collection","item":"https:\/\/www.lesmerveillesdupacifique.com\/fr\/shop\/"},{"@type":"ListItem","position":3,"name":"Hu\u00eetre gravure pourtour Tiare"}]}]}},"acf":[],"_links":{"self":[{"href":"https:\/\/www.lesmerveillesdupacifique.com\/fr\/wp-json\/wp\/v2\/product\/2496"}],"collection":[{"href":"https:\/\/www.lesmerveillesdupacifique.com\/fr\/wp-json\/wp\/v2\/product"}],"about":[{"href":"https:\/\/www.lesmerveillesdupacifique.com\/fr\/wp-json\/wp\/v2\/types\/product"}],"wp:featuredmedia":[{"embeddable":true,"href":"https:\/\/www.lesmerveillesdupacifique.com\/fr\/wp-json\/wp\/v2\/media\/3355"}],"wp:attachment":[{"href":"https:\/\/www.lesmerveillesdupacifique.com\/fr\/wp-json\/wp\/v2\/media?parent=2496"}],"wp:term":[{"taxonomy":"product_cat","embeddable":true,"href":"https:\/\/www.lesmerveillesdupacifique.com\/fr\/wp-json\/wp\/v2\/product_cat?post=2496"},{"taxonomy":"product_tag","embeddable":true,"href":"https:\/\/www.lesmerveillesdupacifique.com\/fr\/wp-json\/wp\/v2\/product_tag?post=2496"}],"curies":[{"name":"wp","href":"https:\/\/api.w.org\/{rel}","templated":true}]}}