{"id":2377,"date":"2019-06-05T18:46:50","date_gmt":"2019-06-05T16:46:50","guid":{"rendered":"http:\/\/www.lesmerveillesdupacifique.com\/prod\/?post_type=product&#038;p=2377"},"modified":"2025-10-31T16:21:40","modified_gmt":"2025-10-31T15:21:40","slug":"collier-de-keshis-longs-fermoir-or","status":"publish","type":"product","link":"https:\/\/www.lesmerveillesdupacifique.com\/fr\/produit\/collier-de-keshis-longs-fermoir-or\/","title":{"rendered":"Collier de keshis longs fermoir or"},"content":{"rendered":"","protected":false},"excerpt":{"rendered":"<p><strong>Collier de keshis de culture de Tahiti <\/strong><br \/>\n<strong>Forme des keshis:<\/strong> longs<br \/>\n<strong>Diam\u00e8tre:<\/strong> petits keshis inf\u00e9rieurs \u00e0 8 mm<\/p>\n<p>Longueur standard : 45 cm. Possibilit\u00e9 de les rallonger ou raccourcir.<\/p>\n<p>Les colliers sont enfil\u00e9s sur fil de soie avec des n\u0153uds entre chaque keshi.<br \/>\nFermoir anneau ressort marin en or 18 karats (disponible en or jaune et or blanc, \u00e0 pr\u00e9ciser lors de la commande)<\/p>\n","protected":false},"featured_media":4469,"template":"","meta":{"_mi_skip_tracking":false},"product_cat":[60],"product_tag":[],"yoast_head":"<!-- This site is optimized with the Yoast SEO plugin v18.3 - https:\/\/yoast.com\/wordpress\/plugins\/seo\/ -->\n<title>Collier de keshis longs fermoir or - Les Merveilles du Pacifique<\/title>\n<meta name=\"robots\" content=\"index, follow, max-snippet:-1, max-image-preview:large, max-video-preview:-1\" \/>\n<link rel=\"canonical\" href=\"https:\/\/www.lesmerveillesdupacifique.com\/fr\/produit\/collier-de-keshis-longs-fermoir-or\/\" \/>\n<meta property=\"og:locale\" content=\"fr_FR\" \/>\n<meta property=\"og:type\" content=\"article\" \/>\n<meta property=\"og:title\" content=\"Collier de keshis longs fermoir or - Les Merveilles du Pacifique\" \/>\n<meta property=\"og:description\" content=\"Collier de keshis de culture de Tahiti  Forme des keshis: longs Diam\u00e8tre: petits keshis inf\u00e9rieurs \u00e0 8 mm  Longueur standard : 45 cm. Possibilit\u00e9 de les rallonger ou raccourcir.  Les colliers sont enfil\u00e9s sur fil de soie avec des n\u0153uds entre chaque keshi. Fermoir anneau ressort marin en or 18 karats (disponible en or jaune et or blanc, \u00e0 pr\u00e9ciser lors de la commande)\" \/>\n<meta property=\"og:url\" content=\"https:\/\/www.lesmerveillesdupacifique.com\/produit\/collier-de-keshis-longs-fermoir-or\/\" \/>\n<meta property=\"og:site_name\" content=\"Les Merveilles du Pacifique\" \/>\n<meta property=\"article:modified_time\" content=\"2025-10-31T15:21:40+00:00\" \/>\n<meta property=\"og:image\" content=\"https:\/\/www.lesmerveillesdupacifique.com\/wp-content\/uploads\/2019\/06\/Collier-Keshi-or-blanc-scaled.jpg\" \/>\n\t<meta property=\"og:image:width\" content=\"2560\" \/>\n\t<meta property=\"og:image:height\" content=\"1702\" \/>\n\t<meta property=\"og:image:type\" content=\"image\/jpeg\" \/>\n<meta name=\"twitter:card\" content=\"summary_large_image\" \/>\n<script type=\"application\/ld+json\" class=\"yoast-schema-graph\">{\"@context\":\"https:\/\/schema.org\",\"@graph\":[{\"@type\":\"WebSite\",\"@id\":\"https:\/\/www.lesmerveillesdupacifique.com\/fr\/#website\",\"url\":\"https:\/\/www.lesmerveillesdupacifique.com\/fr\/\",\"name\":\"Les Merveilles du Pacifique\",\"description\":\"Perles de culture de Tahiti\",\"potentialAction\":[{\"@type\":\"SearchAction\",\"target\":{\"@type\":\"EntryPoint\",\"urlTemplate\":\"https:\/\/www.lesmerveillesdupacifique.com\/fr\/?s={search_term_string}\"},\"query-input\":\"required name=search_term_string\"}],\"inLanguage\":\"fr-FR\"},{\"@type\":\"ImageObject\",\"@id\":\"https:\/\/www.lesmerveillesdupacifique.com\/produit\/collier-de-keshis-longs-fermoir-or\/#primaryimage\",\"inLanguage\":\"fr-FR\",\"url\":\"https:\/\/www.lesmerveillesdupacifique.com\/wp-content\/uploads\/2019\/06\/Collier-Keshi-or-blanc-scaled.jpg\",\"contentUrl\":\"https:\/\/www.lesmerveillesdupacifique.com\/wp-content\/uploads\/2019\/06\/Collier-Keshi-or-blanc-scaled.jpg\",\"width\":2560,\"height\":1702},{\"@type\":\"WebPage\",\"@id\":\"https:\/\/www.lesmerveillesdupacifique.com\/produit\/collier-de-keshis-longs-fermoir-or\/#webpage\",\"url\":\"https:\/\/www.lesmerveillesdupacifique.com\/produit\/collier-de-keshis-longs-fermoir-or\/\",\"name\":\"Collier de keshis longs fermoir or - Les Merveilles du Pacifique\",\"isPartOf\":{\"@id\":\"https:\/\/www.lesmerveillesdupacifique.com\/fr\/#website\"},\"primaryImageOfPage\":{\"@id\":\"https:\/\/www.lesmerveillesdupacifique.com\/produit\/collier-de-keshis-longs-fermoir-or\/#primaryimage\"},\"datePublished\":\"2019-06-05T16:46:50+00:00\",\"dateModified\":\"2025-10-31T15:21:40+00:00\",\"breadcrumb\":{\"@id\":\"https:\/\/www.lesmerveillesdupacifique.com\/produit\/collier-de-keshis-longs-fermoir-or\/#breadcrumb\"},\"inLanguage\":\"fr-FR\",\"potentialAction\":[{\"@type\":\"ReadAction\",\"target\":[\"https:\/\/www.lesmerveillesdupacifique.com\/produit\/collier-de-keshis-longs-fermoir-or\/\"]}]},{\"@type\":\"BreadcrumbList\",\"@id\":\"https:\/\/www.lesmerveillesdupacifique.com\/produit\/collier-de-keshis-longs-fermoir-or\/#breadcrumb\",\"itemListElement\":[{\"@type\":\"ListItem\",\"position\":1,\"name\":\"Accueil\",\"item\":\"https:\/\/www.lesmerveillesdupacifique.com\/\"},{\"@type\":\"ListItem\",\"position\":2,\"name\":\"Collection\",\"item\":\"https:\/\/www.lesmerveillesdupacifique.com\/fr\/shop\/\"},{\"@type\":\"ListItem\",\"position\":3,\"name\":\"Collier de keshis longs fermoir or\"}]}]}<\/script>\n<!-- \/ Yoast SEO plugin. -->","yoast_head_json":{"title":"Collier de keshis longs fermoir or - Les Merveilles du Pacifique","robots":{"index":"index","follow":"follow","max-snippet":"max-snippet:-1","max-image-preview":"max-image-preview:large","max-video-preview":"max-video-preview:-1"},"canonical":"https:\/\/www.lesmerveillesdupacifique.com\/fr\/produit\/collier-de-keshis-longs-fermoir-or\/","og_locale":"fr_FR","og_type":"article","og_title":"Collier de keshis longs fermoir or - Les Merveilles du Pacifique","og_description":"Collier de keshis de culture de Tahiti  Forme des keshis: longs Diam\u00e8tre: petits keshis inf\u00e9rieurs \u00e0 8 mm  Longueur standard : 45 cm. Possibilit\u00e9 de les rallonger ou raccourcir.  Les colliers sont enfil\u00e9s sur fil de soie avec des n\u0153uds entre chaque keshi. Fermoir anneau ressort marin en or 18 karats (disponible en or jaune et or blanc, \u00e0 pr\u00e9ciser lors de la commande)","og_url":"https:\/\/www.lesmerveillesdupacifique.com\/produit\/collier-de-keshis-longs-fermoir-or\/","og_site_name":"Les Merveilles du Pacifique","article_modified_time":"2025-10-31T15:21:40+00:00","og_image":[{"width":2560,"height":1702,"url":"https:\/\/www.lesmerveillesdupacifique.com\/wp-content\/uploads\/2019\/06\/Collier-Keshi-or-blanc-scaled.jpg","type":"image\/jpeg"}],"twitter_card":"summary_large_image","schema":{"@context":"https:\/\/schema.org","@graph":[{"@type":"WebSite","@id":"https:\/\/www.lesmerveillesdupacifique.com\/fr\/#website","url":"https:\/\/www.lesmerveillesdupacifique.com\/fr\/","name":"Les Merveilles du Pacifique","description":"Perles de culture de Tahiti","potentialAction":[{"@type":"SearchAction","target":{"@type":"EntryPoint","urlTemplate":"https:\/\/www.lesmerveillesdupacifique.com\/fr\/?s={search_term_string}"},"query-input":"required name=search_term_string"}],"inLanguage":"fr-FR"},{"@type":"ImageObject","@id":"https:\/\/www.lesmerveillesdupacifique.com\/produit\/collier-de-keshis-longs-fermoir-or\/#primaryimage","inLanguage":"fr-FR","url":"https:\/\/www.lesmerveillesdupacifique.com\/wp-content\/uploads\/2019\/06\/Collier-Keshi-or-blanc-scaled.jpg","contentUrl":"https:\/\/www.lesmerveillesdupacifique.com\/wp-content\/uploads\/2019\/06\/Collier-Keshi-or-blanc-scaled.jpg","width":2560,"height":1702},{"@type":"WebPage","@id":"https:\/\/www.lesmerveillesdupacifique.com\/produit\/collier-de-keshis-longs-fermoir-or\/#webpage","url":"https:\/\/www.lesmerveillesdupacifique.com\/produit\/collier-de-keshis-longs-fermoir-or\/","name":"Collier de keshis longs fermoir or - Les Merveilles du Pacifique","isPartOf":{"@id":"https:\/\/www.lesmerveillesdupacifique.com\/fr\/#website"},"primaryImageOfPage":{"@id":"https:\/\/www.lesmerveillesdupacifique.com\/produit\/collier-de-keshis-longs-fermoir-or\/#primaryimage"},"datePublished":"2019-06-05T16:46:50+00:00","dateModified":"2025-10-31T15:21:40+00:00","breadcrumb":{"@id":"https:\/\/www.lesmerveillesdupacifique.com\/produit\/collier-de-keshis-longs-fermoir-or\/#breadcrumb"},"inLanguage":"fr-FR","potentialAction":[{"@type":"ReadAction","target":["https:\/\/www.lesmerveillesdupacifique.com\/produit\/collier-de-keshis-longs-fermoir-or\/"]}]},{"@type":"BreadcrumbList","@id":"https:\/\/www.lesmerveillesdupacifique.com\/produit\/collier-de-keshis-longs-fermoir-or\/#breadcrumb","itemListElement":[{"@type":"ListItem","position":1,"name":"Accueil","item":"https:\/\/www.lesmerveillesdupacifique.com\/"},{"@type":"ListItem","position":2,"name":"Collection","item":"https:\/\/www.lesmerveillesdupacifique.com\/fr\/shop\/"},{"@type":"ListItem","position":3,"name":"Collier de keshis longs fermoir or"}]}]}},"acf":[],"_links":{"self":[{"href":"https:\/\/www.lesmerveillesdupacifique.com\/fr\/wp-json\/wp\/v2\/product\/2377"}],"collection":[{"href":"https:\/\/www.lesmerveillesdupacifique.com\/fr\/wp-json\/wp\/v2\/product"}],"about":[{"href":"https:\/\/www.lesmerveillesdupacifique.com\/fr\/wp-json\/wp\/v2\/types\/product"}],"wp:featuredmedia":[{"embeddable":true,"href":"https:\/\/www.lesmerveillesdupacifique.com\/fr\/wp-json\/wp\/v2\/media\/4469"}],"wp:attachment":[{"href":"https:\/\/www.lesmerveillesdupacifique.com\/fr\/wp-json\/wp\/v2\/media?parent=2377"}],"wp:term":[{"taxonomy":"product_cat","embeddable":true,"href":"https:\/\/www.lesmerveillesdupacifique.com\/fr\/wp-json\/wp\/v2\/product_cat?post=2377"},{"taxonomy":"product_tag","embeddable":true,"href":"https:\/\/www.lesmerveillesdupacifique.com\/fr\/wp-json\/wp\/v2\/product_tag?post=2377"}],"curies":[{"name":"wp","href":"https:\/\/api.w.org\/{rel}","templated":true}]}}