{"id":1963,"date":"2020-02-26T12:16:27","date_gmt":"2020-02-26T11:16:27","guid":{"rendered":"http:\/\/www.lesmerveillesdupacifique.com\/prod\/?post_type=product&#038;p=1963"},"modified":"2023-12-08T11:37:46","modified_gmt":"2023-12-08T10:37:46","slug":"huitre-gravure-interieure-margouillat","status":"publish","type":"product","link":"https:\/\/www.lesmerveillesdupacifique.com\/fr\/produit\/huitre-gravure-interieure-margouillat\/","title":{"rendered":"Hu\u00eetre gravure int\u00e9rieure Margouillat"},"content":{"rendered":"","protected":false},"excerpt":{"rendered":"<p>Hu\u00eetre perli\u00e8re Pinctada Margaritifera (\u00e0 l\u00e8vres noires)<\/p>\n<p>Esp\u00e8ce dans laquelle la perle de Tahiti est cultiv\u00e9e.<br \/>\nLe coquillage mesure environ 13 cm de diam\u00e8tre.<br \/>\nGravure \u00e0 la main d&rsquo;un m<span class=\"st\">argouillat <\/span>(l\u00e9zard polyn\u00e9sien)<br \/>\nCette nacre pr\u00e9sente un v\u00e9ritable arc-en-ciel de couleurs que l&rsquo;on retrouve dans les perles de Tahiti qu&rsquo;elle fabrique.<\/p>\n","protected":false},"featured_media":3360,"template":"","meta":{"_mi_skip_tracking":false},"product_cat":[58],"product_tag":[],"yoast_head":"<!-- This site is optimized with the Yoast SEO plugin v18.3 - https:\/\/yoast.com\/wordpress\/plugins\/seo\/ -->\n<title>Hu\u00eetre gravure int\u00e9rieure Margouillat - Les Merveilles du Pacifique<\/title>\n<meta name=\"robots\" content=\"index, follow, max-snippet:-1, max-image-preview:large, max-video-preview:-1\" \/>\n<link rel=\"canonical\" href=\"https:\/\/www.lesmerveillesdupacifique.com\/fr\/produit\/huitre-gravure-interieure-margouillat\/\" \/>\n<meta property=\"og:locale\" content=\"fr_FR\" \/>\n<meta property=\"og:type\" content=\"article\" \/>\n<meta property=\"og:title\" content=\"Hu\u00eetre gravure int\u00e9rieure Margouillat - Les Merveilles du Pacifique\" \/>\n<meta property=\"og:description\" content=\"Hu\u00eetre perli\u00e8re Pinctada Margaritifera (\u00e0 l\u00e8vres noires)  Esp\u00e8ce dans laquelle la perle de Tahiti est cultiv\u00e9e. Le coquillage mesure environ 13 cm de diam\u00e8tre. Gravure \u00e0 la main d&#039;un margouillat (l\u00e9zard polyn\u00e9sien) Cette nacre pr\u00e9sente un v\u00e9ritable arc-en-ciel de couleurs que l&#039;on retrouve dans les perles de Tahiti qu&#039;elle fabrique.\" \/>\n<meta property=\"og:url\" content=\"https:\/\/www.lesmerveillesdupacifique.com\/produit\/huitre-gravure-interieure-margouillat\/\" \/>\n<meta property=\"og:site_name\" content=\"Les Merveilles du Pacifique\" \/>\n<meta property=\"article:modified_time\" content=\"2023-12-08T10:37:46+00:00\" \/>\n<meta property=\"og:image\" content=\"https:\/\/www.lesmerveillesdupacifique.com\/wp-content\/uploads\/2020\/02\/Hui\u0302tre-gravure-inte\u0301rieure-Margouillat--e1625223688893.png\" \/>\n\t<meta property=\"og:image:width\" content=\"1286\" \/>\n\t<meta property=\"og:image:height\" content=\"1248\" \/>\n\t<meta property=\"og:image:type\" content=\"image\/png\" \/>\n<meta name=\"twitter:card\" content=\"summary_large_image\" \/>\n<script type=\"application\/ld+json\" class=\"yoast-schema-graph\">{\"@context\":\"https:\/\/schema.org\",\"@graph\":[{\"@type\":\"WebSite\",\"@id\":\"https:\/\/www.lesmerveillesdupacifique.com\/fr\/#website\",\"url\":\"https:\/\/www.lesmerveillesdupacifique.com\/fr\/\",\"name\":\"Les Merveilles du Pacifique\",\"description\":\"Perles de culture de Tahiti\",\"potentialAction\":[{\"@type\":\"SearchAction\",\"target\":{\"@type\":\"EntryPoint\",\"urlTemplate\":\"https:\/\/www.lesmerveillesdupacifique.com\/fr\/?s={search_term_string}\"},\"query-input\":\"required name=search_term_string\"}],\"inLanguage\":\"fr-FR\"},{\"@type\":\"ImageObject\",\"@id\":\"https:\/\/www.lesmerveillesdupacifique.com\/produit\/huitre-gravure-interieure-margouillat\/#primaryimage\",\"inLanguage\":\"fr-FR\",\"url\":\"https:\/\/www.lesmerveillesdupacifique.com\/wp-content\/uploads\/2020\/02\/Hui\u0302tre-gravure-inte\u0301rieure-Margouillat--e1625223688893.png\",\"contentUrl\":\"https:\/\/www.lesmerveillesdupacifique.com\/wp-content\/uploads\/2020\/02\/Hui\u0302tre-gravure-inte\u0301rieure-Margouillat--e1625223688893.png\",\"width\":1286,\"height\":1248,\"caption\":\"Nacre grav\u00e9e avec motif margouillat\"},{\"@type\":\"WebPage\",\"@id\":\"https:\/\/www.lesmerveillesdupacifique.com\/produit\/huitre-gravure-interieure-margouillat\/#webpage\",\"url\":\"https:\/\/www.lesmerveillesdupacifique.com\/produit\/huitre-gravure-interieure-margouillat\/\",\"name\":\"Hu\u00eetre gravure int\u00e9rieure Margouillat - Les Merveilles du Pacifique\",\"isPartOf\":{\"@id\":\"https:\/\/www.lesmerveillesdupacifique.com\/fr\/#website\"},\"primaryImageOfPage\":{\"@id\":\"https:\/\/www.lesmerveillesdupacifique.com\/produit\/huitre-gravure-interieure-margouillat\/#primaryimage\"},\"datePublished\":\"2020-02-26T11:16:27+00:00\",\"dateModified\":\"2023-12-08T10:37:46+00:00\",\"breadcrumb\":{\"@id\":\"https:\/\/www.lesmerveillesdupacifique.com\/produit\/huitre-gravure-interieure-margouillat\/#breadcrumb\"},\"inLanguage\":\"fr-FR\",\"potentialAction\":[{\"@type\":\"ReadAction\",\"target\":[\"https:\/\/www.lesmerveillesdupacifique.com\/produit\/huitre-gravure-interieure-margouillat\/\"]}]},{\"@type\":\"BreadcrumbList\",\"@id\":\"https:\/\/www.lesmerveillesdupacifique.com\/produit\/huitre-gravure-interieure-margouillat\/#breadcrumb\",\"itemListElement\":[{\"@type\":\"ListItem\",\"position\":1,\"name\":\"Accueil\",\"item\":\"https:\/\/www.lesmerveillesdupacifique.com\/\"},{\"@type\":\"ListItem\",\"position\":2,\"name\":\"Collection\",\"item\":\"https:\/\/www.lesmerveillesdupacifique.com\/fr\/shop\/\"},{\"@type\":\"ListItem\",\"position\":3,\"name\":\"Hu\u00eetre gravure int\u00e9rieure Margouillat\"}]}]}<\/script>\n<!-- \/ Yoast SEO plugin. -->","yoast_head_json":{"title":"Hu\u00eetre gravure int\u00e9rieure Margouillat - Les Merveilles du Pacifique","robots":{"index":"index","follow":"follow","max-snippet":"max-snippet:-1","max-image-preview":"max-image-preview:large","max-video-preview":"max-video-preview:-1"},"canonical":"https:\/\/www.lesmerveillesdupacifique.com\/fr\/produit\/huitre-gravure-interieure-margouillat\/","og_locale":"fr_FR","og_type":"article","og_title":"Hu\u00eetre gravure int\u00e9rieure Margouillat - Les Merveilles du Pacifique","og_description":"Hu\u00eetre perli\u00e8re Pinctada Margaritifera (\u00e0 l\u00e8vres noires)  Esp\u00e8ce dans laquelle la perle de Tahiti est cultiv\u00e9e. Le coquillage mesure environ 13 cm de diam\u00e8tre. Gravure \u00e0 la main d'un margouillat (l\u00e9zard polyn\u00e9sien) Cette nacre pr\u00e9sente un v\u00e9ritable arc-en-ciel de couleurs que l'on retrouve dans les perles de Tahiti qu'elle fabrique.","og_url":"https:\/\/www.lesmerveillesdupacifique.com\/produit\/huitre-gravure-interieure-margouillat\/","og_site_name":"Les Merveilles du Pacifique","article_modified_time":"2023-12-08T10:37:46+00:00","og_image":[{"width":1286,"height":1248,"url":"https:\/\/www.lesmerveillesdupacifique.com\/wp-content\/uploads\/2020\/02\/Hui\u0302tre-gravure-inte\u0301rieure-Margouillat--e1625223688893.png","type":"image\/png"}],"twitter_card":"summary_large_image","schema":{"@context":"https:\/\/schema.org","@graph":[{"@type":"WebSite","@id":"https:\/\/www.lesmerveillesdupacifique.com\/fr\/#website","url":"https:\/\/www.lesmerveillesdupacifique.com\/fr\/","name":"Les Merveilles du Pacifique","description":"Perles de culture de Tahiti","potentialAction":[{"@type":"SearchAction","target":{"@type":"EntryPoint","urlTemplate":"https:\/\/www.lesmerveillesdupacifique.com\/fr\/?s={search_term_string}"},"query-input":"required name=search_term_string"}],"inLanguage":"fr-FR"},{"@type":"ImageObject","@id":"https:\/\/www.lesmerveillesdupacifique.com\/produit\/huitre-gravure-interieure-margouillat\/#primaryimage","inLanguage":"fr-FR","url":"https:\/\/www.lesmerveillesdupacifique.com\/wp-content\/uploads\/2020\/02\/Hui\u0302tre-gravure-inte\u0301rieure-Margouillat--e1625223688893.png","contentUrl":"https:\/\/www.lesmerveillesdupacifique.com\/wp-content\/uploads\/2020\/02\/Hui\u0302tre-gravure-inte\u0301rieure-Margouillat--e1625223688893.png","width":1286,"height":1248,"caption":"Nacre grav\u00e9e avec motif margouillat"},{"@type":"WebPage","@id":"https:\/\/www.lesmerveillesdupacifique.com\/produit\/huitre-gravure-interieure-margouillat\/#webpage","url":"https:\/\/www.lesmerveillesdupacifique.com\/produit\/huitre-gravure-interieure-margouillat\/","name":"Hu\u00eetre gravure int\u00e9rieure Margouillat - Les Merveilles du Pacifique","isPartOf":{"@id":"https:\/\/www.lesmerveillesdupacifique.com\/fr\/#website"},"primaryImageOfPage":{"@id":"https:\/\/www.lesmerveillesdupacifique.com\/produit\/huitre-gravure-interieure-margouillat\/#primaryimage"},"datePublished":"2020-02-26T11:16:27+00:00","dateModified":"2023-12-08T10:37:46+00:00","breadcrumb":{"@id":"https:\/\/www.lesmerveillesdupacifique.com\/produit\/huitre-gravure-interieure-margouillat\/#breadcrumb"},"inLanguage":"fr-FR","potentialAction":[{"@type":"ReadAction","target":["https:\/\/www.lesmerveillesdupacifique.com\/produit\/huitre-gravure-interieure-margouillat\/"]}]},{"@type":"BreadcrumbList","@id":"https:\/\/www.lesmerveillesdupacifique.com\/produit\/huitre-gravure-interieure-margouillat\/#breadcrumb","itemListElement":[{"@type":"ListItem","position":1,"name":"Accueil","item":"https:\/\/www.lesmerveillesdupacifique.com\/"},{"@type":"ListItem","position":2,"name":"Collection","item":"https:\/\/www.lesmerveillesdupacifique.com\/fr\/shop\/"},{"@type":"ListItem","position":3,"name":"Hu\u00eetre gravure int\u00e9rieure Margouillat"}]}]}},"acf":[],"_links":{"self":[{"href":"https:\/\/www.lesmerveillesdupacifique.com\/fr\/wp-json\/wp\/v2\/product\/1963"}],"collection":[{"href":"https:\/\/www.lesmerveillesdupacifique.com\/fr\/wp-json\/wp\/v2\/product"}],"about":[{"href":"https:\/\/www.lesmerveillesdupacifique.com\/fr\/wp-json\/wp\/v2\/types\/product"}],"wp:featuredmedia":[{"embeddable":true,"href":"https:\/\/www.lesmerveillesdupacifique.com\/fr\/wp-json\/wp\/v2\/media\/3360"}],"wp:attachment":[{"href":"https:\/\/www.lesmerveillesdupacifique.com\/fr\/wp-json\/wp\/v2\/media?parent=1963"}],"wp:term":[{"taxonomy":"product_cat","embeddable":true,"href":"https:\/\/www.lesmerveillesdupacifique.com\/fr\/wp-json\/wp\/v2\/product_cat?post=1963"},{"taxonomy":"product_tag","embeddable":true,"href":"https:\/\/www.lesmerveillesdupacifique.com\/fr\/wp-json\/wp\/v2\/product_tag?post=1963"}],"curies":[{"name":"wp","href":"https:\/\/api.w.org\/{rel}","templated":true}]}}