{"id":1825,"date":"2019-12-10T17:47:24","date_gmt":"2019-12-10T16:47:24","guid":{"rendered":"http:\/\/www.lesmerveillesdupacifique.com\/prod\/?post_type=product&#038;p=1825"},"modified":"2023-03-30T12:47:08","modified_gmt":"2023-03-30T10:47:08","slug":"rang-cerclees-8-9-a","status":"publish","type":"product","link":"https:\/\/www.lesmerveillesdupacifique.com\/fr\/produit\/rang-cerclees-8-9-a\/","title":{"rendered":"Rang de perles cercl\u00e9es 9-10 A\/B"},"content":{"rendered":"","protected":false},"excerpt":{"rendered":"<p><strong>Rang de perles de culture de Tahiti<\/strong><br \/>\n<strong>formes:<\/strong> cercl\u00e9es<br \/>\n<strong>diam\u00e8tres:<\/strong> 8-9 mm<br \/>\n<strong>qualit\u00e9s:<\/strong> A<\/p>\n<p>Les rangs sur c\u00e2ble ont une longueur standard de 40 cm non enfil\u00e9s et sans fermoir (soit 42 cm enfil\u00e9s avec fermoir). Nous faisons enfiler nos rangs sur fil de soie.<\/p>\n<p>Possibilit\u00e9 de les rallonger et\/ou faire enfiler avec fermoir sur mesure.<\/p>\n<p>\u2013 Disponible dans tous les diam\u00e8tres de 8 \u00e0 14 mm<br \/>\n\u2013 Disponible en qualit\u00e9 A\/B, qualit\u00e9 B, qualit\u00e9 B\/C et qualit\u00e9 C<\/p>\n","protected":false},"featured_media":631,"template":"","meta":{"_mi_skip_tracking":false},"product_cat":[27],"product_tag":[],"yoast_head":"<!-- This site is optimized with the Yoast SEO plugin v18.3 - https:\/\/yoast.com\/wordpress\/plugins\/seo\/ -->\n<title>Rang de perles cercl\u00e9es 9-10 A\/B - Les Merveilles du Pacifique<\/title>\n<meta name=\"robots\" content=\"index, follow, max-snippet:-1, max-image-preview:large, max-video-preview:-1\" \/>\n<link rel=\"canonical\" href=\"https:\/\/www.lesmerveillesdupacifique.com\/fr\/produit\/rang-cerclees-8-9-a\/\" \/>\n<meta property=\"og:locale\" content=\"fr_FR\" \/>\n<meta property=\"og:type\" content=\"article\" \/>\n<meta property=\"og:title\" content=\"Rang de perles cercl\u00e9es 9-10 A\/B - Les Merveilles du Pacifique\" \/>\n<meta property=\"og:description\" content=\"Rang de perles de culture de Tahiti formes: cercl\u00e9es diam\u00e8tres: 8-9 mm qualit\u00e9s: A  Les rangs sur c\u00e2ble ont une longueur standard de 40 cm non enfil\u00e9s et sans fermoir (soit 42 cm enfil\u00e9s avec fermoir). Nous faisons enfiler nos rangs sur fil de soie.  Possibilit\u00e9 de les rallonger et\/ou faire enfiler avec fermoir sur mesure.  \u2013 Disponible dans tous les diam\u00e8tres de 8 \u00e0 14 mm \u2013 Disponible en qualit\u00e9 A\/B, qualit\u00e9 B, qualit\u00e9 B\/C et qualit\u00e9 C\" \/>\n<meta property=\"og:url\" content=\"https:\/\/www.lesmerveillesdupacifique.com\/produit\/rang-cerclees-8-9-a\/\" \/>\n<meta property=\"og:site_name\" content=\"Les Merveilles du Pacifique\" \/>\n<meta property=\"article:modified_time\" content=\"2023-03-30T10:47:08+00:00\" \/>\n<meta property=\"og:image\" content=\"https:\/\/www.lesmerveillesdupacifique.com\/wp-content\/uploads\/2018\/06\/RANG-CERCLEES-scaled.jpg\" \/>\n\t<meta property=\"og:image:width\" content=\"2592\" \/>\n\t<meta property=\"og:image:height\" content=\"2592\" \/>\n\t<meta property=\"og:image:type\" content=\"image\/jpeg\" \/>\n<meta name=\"twitter:card\" content=\"summary_large_image\" \/>\n<script type=\"application\/ld+json\" class=\"yoast-schema-graph\">{\"@context\":\"https:\/\/schema.org\",\"@graph\":[{\"@type\":\"WebSite\",\"@id\":\"https:\/\/www.lesmerveillesdupacifique.com\/fr\/#website\",\"url\":\"https:\/\/www.lesmerveillesdupacifique.com\/fr\/\",\"name\":\"Les Merveilles du Pacifique\",\"description\":\"Perles de culture de Tahiti\",\"potentialAction\":[{\"@type\":\"SearchAction\",\"target\":{\"@type\":\"EntryPoint\",\"urlTemplate\":\"https:\/\/www.lesmerveillesdupacifique.com\/fr\/?s={search_term_string}\"},\"query-input\":\"required name=search_term_string\"}],\"inLanguage\":\"fr-FR\"},{\"@type\":\"ImageObject\",\"@id\":\"https:\/\/www.lesmerveillesdupacifique.com\/produit\/rang-cerclees-8-9-a\/#primaryimage\",\"inLanguage\":\"fr-FR\",\"url\":\"https:\/\/www.lesmerveillesdupacifique.com\/wp-content\/uploads\/2018\/06\/RANG-CERCLEES-scaled.jpg\",\"contentUrl\":\"https:\/\/www.lesmerveillesdupacifique.com\/wp-content\/uploads\/2018\/06\/RANG-CERCLEES-scaled.jpg\",\"width\":2592,\"height\":2592,\"caption\":\"Perles de Tahiti\"},{\"@type\":\"WebPage\",\"@id\":\"https:\/\/www.lesmerveillesdupacifique.com\/produit\/rang-cerclees-8-9-a\/#webpage\",\"url\":\"https:\/\/www.lesmerveillesdupacifique.com\/produit\/rang-cerclees-8-9-a\/\",\"name\":\"Rang de perles cercl\u00e9es 9-10 A\/B - Les Merveilles du Pacifique\",\"isPartOf\":{\"@id\":\"https:\/\/www.lesmerveillesdupacifique.com\/fr\/#website\"},\"primaryImageOfPage\":{\"@id\":\"https:\/\/www.lesmerveillesdupacifique.com\/produit\/rang-cerclees-8-9-a\/#primaryimage\"},\"datePublished\":\"2019-12-10T16:47:24+00:00\",\"dateModified\":\"2023-03-30T10:47:08+00:00\",\"breadcrumb\":{\"@id\":\"https:\/\/www.lesmerveillesdupacifique.com\/produit\/rang-cerclees-8-9-a\/#breadcrumb\"},\"inLanguage\":\"fr-FR\",\"potentialAction\":[{\"@type\":\"ReadAction\",\"target\":[\"https:\/\/www.lesmerveillesdupacifique.com\/produit\/rang-cerclees-8-9-a\/\"]}]},{\"@type\":\"BreadcrumbList\",\"@id\":\"https:\/\/www.lesmerveillesdupacifique.com\/produit\/rang-cerclees-8-9-a\/#breadcrumb\",\"itemListElement\":[{\"@type\":\"ListItem\",\"position\":1,\"name\":\"Accueil\",\"item\":\"https:\/\/www.lesmerveillesdupacifique.com\/\"},{\"@type\":\"ListItem\",\"position\":2,\"name\":\"Collection\",\"item\":\"https:\/\/www.lesmerveillesdupacifique.com\/fr\/shop\/\"},{\"@type\":\"ListItem\",\"position\":3,\"name\":\"Rang de perles cercl\u00e9es 9-10 A\/B\"}]}]}<\/script>\n<!-- \/ Yoast SEO plugin. -->","yoast_head_json":{"title":"Rang de perles cercl\u00e9es 9-10 A\/B - Les Merveilles du Pacifique","robots":{"index":"index","follow":"follow","max-snippet":"max-snippet:-1","max-image-preview":"max-image-preview:large","max-video-preview":"max-video-preview:-1"},"canonical":"https:\/\/www.lesmerveillesdupacifique.com\/fr\/produit\/rang-cerclees-8-9-a\/","og_locale":"fr_FR","og_type":"article","og_title":"Rang de perles cercl\u00e9es 9-10 A\/B - Les Merveilles du Pacifique","og_description":"Rang de perles de culture de Tahiti formes: cercl\u00e9es diam\u00e8tres: 8-9 mm qualit\u00e9s: A  Les rangs sur c\u00e2ble ont une longueur standard de 40 cm non enfil\u00e9s et sans fermoir (soit 42 cm enfil\u00e9s avec fermoir). Nous faisons enfiler nos rangs sur fil de soie.  Possibilit\u00e9 de les rallonger et\/ou faire enfiler avec fermoir sur mesure.  \u2013 Disponible dans tous les diam\u00e8tres de 8 \u00e0 14 mm \u2013 Disponible en qualit\u00e9 A\/B, qualit\u00e9 B, qualit\u00e9 B\/C et qualit\u00e9 C","og_url":"https:\/\/www.lesmerveillesdupacifique.com\/produit\/rang-cerclees-8-9-a\/","og_site_name":"Les Merveilles du Pacifique","article_modified_time":"2023-03-30T10:47:08+00:00","og_image":[{"width":2592,"height":2592,"url":"https:\/\/www.lesmerveillesdupacifique.com\/wp-content\/uploads\/2018\/06\/RANG-CERCLEES-scaled.jpg","type":"image\/jpeg"}],"twitter_card":"summary_large_image","schema":{"@context":"https:\/\/schema.org","@graph":[{"@type":"WebSite","@id":"https:\/\/www.lesmerveillesdupacifique.com\/fr\/#website","url":"https:\/\/www.lesmerveillesdupacifique.com\/fr\/","name":"Les Merveilles du Pacifique","description":"Perles de culture de Tahiti","potentialAction":[{"@type":"SearchAction","target":{"@type":"EntryPoint","urlTemplate":"https:\/\/www.lesmerveillesdupacifique.com\/fr\/?s={search_term_string}"},"query-input":"required name=search_term_string"}],"inLanguage":"fr-FR"},{"@type":"ImageObject","@id":"https:\/\/www.lesmerveillesdupacifique.com\/produit\/rang-cerclees-8-9-a\/#primaryimage","inLanguage":"fr-FR","url":"https:\/\/www.lesmerveillesdupacifique.com\/wp-content\/uploads\/2018\/06\/RANG-CERCLEES-scaled.jpg","contentUrl":"https:\/\/www.lesmerveillesdupacifique.com\/wp-content\/uploads\/2018\/06\/RANG-CERCLEES-scaled.jpg","width":2592,"height":2592,"caption":"Perles de Tahiti"},{"@type":"WebPage","@id":"https:\/\/www.lesmerveillesdupacifique.com\/produit\/rang-cerclees-8-9-a\/#webpage","url":"https:\/\/www.lesmerveillesdupacifique.com\/produit\/rang-cerclees-8-9-a\/","name":"Rang de perles cercl\u00e9es 9-10 A\/B - Les Merveilles du Pacifique","isPartOf":{"@id":"https:\/\/www.lesmerveillesdupacifique.com\/fr\/#website"},"primaryImageOfPage":{"@id":"https:\/\/www.lesmerveillesdupacifique.com\/produit\/rang-cerclees-8-9-a\/#primaryimage"},"datePublished":"2019-12-10T16:47:24+00:00","dateModified":"2023-03-30T10:47:08+00:00","breadcrumb":{"@id":"https:\/\/www.lesmerveillesdupacifique.com\/produit\/rang-cerclees-8-9-a\/#breadcrumb"},"inLanguage":"fr-FR","potentialAction":[{"@type":"ReadAction","target":["https:\/\/www.lesmerveillesdupacifique.com\/produit\/rang-cerclees-8-9-a\/"]}]},{"@type":"BreadcrumbList","@id":"https:\/\/www.lesmerveillesdupacifique.com\/produit\/rang-cerclees-8-9-a\/#breadcrumb","itemListElement":[{"@type":"ListItem","position":1,"name":"Accueil","item":"https:\/\/www.lesmerveillesdupacifique.com\/"},{"@type":"ListItem","position":2,"name":"Collection","item":"https:\/\/www.lesmerveillesdupacifique.com\/fr\/shop\/"},{"@type":"ListItem","position":3,"name":"Rang de perles cercl\u00e9es 9-10 A\/B"}]}]}},"acf":[],"_links":{"self":[{"href":"https:\/\/www.lesmerveillesdupacifique.com\/fr\/wp-json\/wp\/v2\/product\/1825"}],"collection":[{"href":"https:\/\/www.lesmerveillesdupacifique.com\/fr\/wp-json\/wp\/v2\/product"}],"about":[{"href":"https:\/\/www.lesmerveillesdupacifique.com\/fr\/wp-json\/wp\/v2\/types\/product"}],"wp:featuredmedia":[{"embeddable":true,"href":"https:\/\/www.lesmerveillesdupacifique.com\/fr\/wp-json\/wp\/v2\/media\/631"}],"wp:attachment":[{"href":"https:\/\/www.lesmerveillesdupacifique.com\/fr\/wp-json\/wp\/v2\/media?parent=1825"}],"wp:term":[{"taxonomy":"product_cat","embeddable":true,"href":"https:\/\/www.lesmerveillesdupacifique.com\/fr\/wp-json\/wp\/v2\/product_cat?post=1825"},{"taxonomy":"product_tag","embeddable":true,"href":"https:\/\/www.lesmerveillesdupacifique.com\/fr\/wp-json\/wp\/v2\/product_tag?post=1825"}],"curies":[{"name":"wp","href":"https:\/\/api.w.org\/{rel}","templated":true}]}}