{"id":1811,"date":"2019-12-03T12:02:10","date_gmt":"2019-12-03T11:02:10","guid":{"rendered":"http:\/\/www.lesmerveillesdupacifique.com\/prod\/?post_type=product&#038;p=1811"},"modified":"2025-04-14T12:27:05","modified_gmt":"2025-04-14T10:27:05","slug":"colc01-rose","status":"publish","type":"product","link":"https:\/\/www.lesmerveillesdupacifique.com\/fr\/produit\/colc01-rose\/","title":{"rendered":"Collier perle cercl\u00e9e sur cordon &#8211; COLC01 Rose"},"content":{"rendered":"","protected":false},"excerpt":{"rendered":"<p><strong>Perle de culture de Tahiti<br \/>\n<\/strong><strong>forme:<\/strong> cercl\u00e9e<br \/>\n<strong>diam\u00e8tre:<\/strong> 10-11 mm<br \/>\n<strong>qualit\u00e9:<\/strong> A\/B<br \/>\ncordon polyester n\u0153uds marins coulissants<\/p>\n<p><strong>couleurs disponibles :<\/strong> rouge, beige, marron, vert, rose, noir, gris<br \/>\n<strong>bracelet assorti<\/strong><\/p>\n","protected":false},"featured_media":2436,"template":"","meta":{"_mi_skip_tracking":false},"product_cat":[25],"product_tag":[],"yoast_head":"<!-- This site is optimized with the Yoast SEO plugin v18.3 - https:\/\/yoast.com\/wordpress\/plugins\/seo\/ -->\n<title>Collier perle cercl\u00e9e sur cordon - COLC01 Rose - Les Merveilles du Pacifique<\/title>\n<meta name=\"robots\" content=\"index, follow, max-snippet:-1, max-image-preview:large, max-video-preview:-1\" \/>\n<link rel=\"canonical\" href=\"https:\/\/www.lesmerveillesdupacifique.com\/fr\/produit\/colc01-rose\/\" \/>\n<meta property=\"og:locale\" content=\"fr_FR\" \/>\n<meta property=\"og:type\" content=\"article\" \/>\n<meta property=\"og:title\" content=\"Collier perle cercl\u00e9e sur cordon - COLC01 Rose - Les Merveilles du Pacifique\" \/>\n<meta property=\"og:description\" content=\"Perle de culture de Tahiti forme: cercl\u00e9e diam\u00e8tre: 10-11 mm qualit\u00e9: A\/B cordon polyester n\u0153uds marins coulissants  couleurs disponibles : rouge, beige, marron, vert, rose, noir, gris bracelet assorti\" \/>\n<meta property=\"og:url\" content=\"https:\/\/www.lesmerveillesdupacifique.com\/produit\/colc01-rose\/\" \/>\n<meta property=\"og:site_name\" content=\"Les Merveilles du Pacifique\" \/>\n<meta property=\"article:modified_time\" content=\"2025-04-14T10:27:05+00:00\" \/>\n<meta property=\"og:image\" content=\"https:\/\/www.lesmerveillesdupacifique.com\/wp-content\/uploads\/2019\/12\/COLC01-rose-scaled.jpg\" \/>\n\t<meta property=\"og:image:width\" content=\"1920\" \/>\n\t<meta property=\"og:image:height\" content=\"2560\" \/>\n\t<meta property=\"og:image:type\" content=\"image\/jpeg\" \/>\n<meta name=\"twitter:card\" content=\"summary_large_image\" \/>\n<script type=\"application\/ld+json\" class=\"yoast-schema-graph\">{\"@context\":\"https:\/\/schema.org\",\"@graph\":[{\"@type\":\"WebSite\",\"@id\":\"https:\/\/www.lesmerveillesdupacifique.com\/fr\/#website\",\"url\":\"https:\/\/www.lesmerveillesdupacifique.com\/fr\/\",\"name\":\"Les Merveilles du Pacifique\",\"description\":\"Perles de culture de Tahiti\",\"potentialAction\":[{\"@type\":\"SearchAction\",\"target\":{\"@type\":\"EntryPoint\",\"urlTemplate\":\"https:\/\/www.lesmerveillesdupacifique.com\/fr\/?s={search_term_string}\"},\"query-input\":\"required name=search_term_string\"}],\"inLanguage\":\"fr-FR\"},{\"@type\":\"ImageObject\",\"@id\":\"https:\/\/www.lesmerveillesdupacifique.com\/produit\/colc01-rose\/#primaryimage\",\"inLanguage\":\"fr-FR\",\"url\":\"https:\/\/www.lesmerveillesdupacifique.com\/wp-content\/uploads\/2019\/12\/COLC01-rose-scaled.jpg\",\"contentUrl\":\"https:\/\/www.lesmerveillesdupacifique.com\/wp-content\/uploads\/2019\/12\/COLC01-rose-scaled.jpg\",\"width\":1920,\"height\":2560,\"caption\":\"perle de Tahiti\"},{\"@type\":\"WebPage\",\"@id\":\"https:\/\/www.lesmerveillesdupacifique.com\/produit\/colc01-rose\/#webpage\",\"url\":\"https:\/\/www.lesmerveillesdupacifique.com\/produit\/colc01-rose\/\",\"name\":\"Collier perle cercl\u00e9e sur cordon - COLC01 Rose - Les Merveilles du Pacifique\",\"isPartOf\":{\"@id\":\"https:\/\/www.lesmerveillesdupacifique.com\/fr\/#website\"},\"primaryImageOfPage\":{\"@id\":\"https:\/\/www.lesmerveillesdupacifique.com\/produit\/colc01-rose\/#primaryimage\"},\"datePublished\":\"2019-12-03T11:02:10+00:00\",\"dateModified\":\"2025-04-14T10:27:05+00:00\",\"breadcrumb\":{\"@id\":\"https:\/\/www.lesmerveillesdupacifique.com\/produit\/colc01-rose\/#breadcrumb\"},\"inLanguage\":\"fr-FR\",\"potentialAction\":[{\"@type\":\"ReadAction\",\"target\":[\"https:\/\/www.lesmerveillesdupacifique.com\/produit\/colc01-rose\/\"]}]},{\"@type\":\"BreadcrumbList\",\"@id\":\"https:\/\/www.lesmerveillesdupacifique.com\/produit\/colc01-rose\/#breadcrumb\",\"itemListElement\":[{\"@type\":\"ListItem\",\"position\":1,\"name\":\"Accueil\",\"item\":\"https:\/\/www.lesmerveillesdupacifique.com\/\"},{\"@type\":\"ListItem\",\"position\":2,\"name\":\"Collection\",\"item\":\"https:\/\/www.lesmerveillesdupacifique.com\/fr\/shop\/\"},{\"@type\":\"ListItem\",\"position\":3,\"name\":\"Collier perle cercl\u00e9e sur cordon &#8211; COLC01 Rose\"}]}]}<\/script>\n<!-- \/ Yoast SEO plugin. -->","yoast_head_json":{"title":"Collier perle cercl\u00e9e sur cordon - COLC01 Rose - Les Merveilles du Pacifique","robots":{"index":"index","follow":"follow","max-snippet":"max-snippet:-1","max-image-preview":"max-image-preview:large","max-video-preview":"max-video-preview:-1"},"canonical":"https:\/\/www.lesmerveillesdupacifique.com\/fr\/produit\/colc01-rose\/","og_locale":"fr_FR","og_type":"article","og_title":"Collier perle cercl\u00e9e sur cordon - COLC01 Rose - Les Merveilles du Pacifique","og_description":"Perle de culture de Tahiti forme: cercl\u00e9e diam\u00e8tre: 10-11 mm qualit\u00e9: A\/B cordon polyester n\u0153uds marins coulissants  couleurs disponibles : rouge, beige, marron, vert, rose, noir, gris bracelet assorti","og_url":"https:\/\/www.lesmerveillesdupacifique.com\/produit\/colc01-rose\/","og_site_name":"Les Merveilles du Pacifique","article_modified_time":"2025-04-14T10:27:05+00:00","og_image":[{"width":1920,"height":2560,"url":"https:\/\/www.lesmerveillesdupacifique.com\/wp-content\/uploads\/2019\/12\/COLC01-rose-scaled.jpg","type":"image\/jpeg"}],"twitter_card":"summary_large_image","schema":{"@context":"https:\/\/schema.org","@graph":[{"@type":"WebSite","@id":"https:\/\/www.lesmerveillesdupacifique.com\/fr\/#website","url":"https:\/\/www.lesmerveillesdupacifique.com\/fr\/","name":"Les Merveilles du Pacifique","description":"Perles de culture de Tahiti","potentialAction":[{"@type":"SearchAction","target":{"@type":"EntryPoint","urlTemplate":"https:\/\/www.lesmerveillesdupacifique.com\/fr\/?s={search_term_string}"},"query-input":"required name=search_term_string"}],"inLanguage":"fr-FR"},{"@type":"ImageObject","@id":"https:\/\/www.lesmerveillesdupacifique.com\/produit\/colc01-rose\/#primaryimage","inLanguage":"fr-FR","url":"https:\/\/www.lesmerveillesdupacifique.com\/wp-content\/uploads\/2019\/12\/COLC01-rose-scaled.jpg","contentUrl":"https:\/\/www.lesmerveillesdupacifique.com\/wp-content\/uploads\/2019\/12\/COLC01-rose-scaled.jpg","width":1920,"height":2560,"caption":"perle de Tahiti"},{"@type":"WebPage","@id":"https:\/\/www.lesmerveillesdupacifique.com\/produit\/colc01-rose\/#webpage","url":"https:\/\/www.lesmerveillesdupacifique.com\/produit\/colc01-rose\/","name":"Collier perle cercl\u00e9e sur cordon - COLC01 Rose - Les Merveilles du Pacifique","isPartOf":{"@id":"https:\/\/www.lesmerveillesdupacifique.com\/fr\/#website"},"primaryImageOfPage":{"@id":"https:\/\/www.lesmerveillesdupacifique.com\/produit\/colc01-rose\/#primaryimage"},"datePublished":"2019-12-03T11:02:10+00:00","dateModified":"2025-04-14T10:27:05+00:00","breadcrumb":{"@id":"https:\/\/www.lesmerveillesdupacifique.com\/produit\/colc01-rose\/#breadcrumb"},"inLanguage":"fr-FR","potentialAction":[{"@type":"ReadAction","target":["https:\/\/www.lesmerveillesdupacifique.com\/produit\/colc01-rose\/"]}]},{"@type":"BreadcrumbList","@id":"https:\/\/www.lesmerveillesdupacifique.com\/produit\/colc01-rose\/#breadcrumb","itemListElement":[{"@type":"ListItem","position":1,"name":"Accueil","item":"https:\/\/www.lesmerveillesdupacifique.com\/"},{"@type":"ListItem","position":2,"name":"Collection","item":"https:\/\/www.lesmerveillesdupacifique.com\/fr\/shop\/"},{"@type":"ListItem","position":3,"name":"Collier perle cercl\u00e9e sur cordon &#8211; COLC01 Rose"}]}]}},"acf":[],"_links":{"self":[{"href":"https:\/\/www.lesmerveillesdupacifique.com\/fr\/wp-json\/wp\/v2\/product\/1811"}],"collection":[{"href":"https:\/\/www.lesmerveillesdupacifique.com\/fr\/wp-json\/wp\/v2\/product"}],"about":[{"href":"https:\/\/www.lesmerveillesdupacifique.com\/fr\/wp-json\/wp\/v2\/types\/product"}],"wp:featuredmedia":[{"embeddable":true,"href":"https:\/\/www.lesmerveillesdupacifique.com\/fr\/wp-json\/wp\/v2\/media\/2436"}],"wp:attachment":[{"href":"https:\/\/www.lesmerveillesdupacifique.com\/fr\/wp-json\/wp\/v2\/media?parent=1811"}],"wp:term":[{"taxonomy":"product_cat","embeddable":true,"href":"https:\/\/www.lesmerveillesdupacifique.com\/fr\/wp-json\/wp\/v2\/product_cat?post=1811"},{"taxonomy":"product_tag","embeddable":true,"href":"https:\/\/www.lesmerveillesdupacifique.com\/fr\/wp-json\/wp\/v2\/product_tag?post=1811"}],"curies":[{"name":"wp","href":"https:\/\/api.w.org\/{rel}","templated":true}]}}