{"id":1372,"date":"2019-02-15T14:15:51","date_gmt":"2019-02-15T13:15:51","guid":{"rendered":"http:\/\/www.lesmerveillesdupacifique.com\/prod\/?post_type=product&#038;p=1372"},"modified":"2026-04-01T15:40:54","modified_gmt":"2026-04-01T13:40:54","slug":"rang-perles-et-keshis","status":"publish","type":"product","link":"https:\/\/www.lesmerveillesdupacifique.com\/fr\/produit\/rang-perles-et-keshis\/","title":{"rendered":"Rang de perles et keshis"},"content":{"rendered":"","protected":false},"excerpt":{"rendered":"<p><strong>Rang de perles et keshis de culture de Tahiti<br \/>\n<\/strong>11 perles<br \/>\n<strong>formes:<\/strong> ovales<br \/>\n<strong>diam\u00e8tres:<\/strong> 8-9 mm<br \/>\n<strong>qualit\u00e9:<\/strong> B\/C<\/p>\n<p>keshis<br \/>\nformes: longs<br \/>\ndiam\u00e8tres: petits keshis inf\u00e9rieurs \u00e0 8 mm<\/p>\n<p>Les rangs sur c\u00e2ble ont une longueur standard de 40 cm non enfil\u00e9s et sans fermoir (soit 42 cm enfil\u00e9s avec fermoir). Nous faisons enfiler nos rangs sur fil de soie.<\/p>\n<p>Possibilit\u00e9 de les rallonger et\/ou faire enfiler avec fermoir sur mesure.<\/p>\n<p>\u2013 Disponible dans tous les diam\u00e8tres de keshis de 3 \u00e0 13 mm<br \/>\n\u2013 Disponible avec toute forme de perles et toute qualit\u00e9 A\/B, C et D<\/p>\n","protected":false},"featured_media":1373,"template":"","meta":{"_mi_skip_tracking":false},"product_cat":[27],"product_tag":[],"yoast_head":"<!-- This site is optimized with the Yoast SEO plugin v18.3 - https:\/\/yoast.com\/wordpress\/plugins\/seo\/ -->\n<title>Rang de perles et keshis - Les Merveilles du Pacifique<\/title>\n<meta name=\"robots\" content=\"index, follow, max-snippet:-1, max-image-preview:large, max-video-preview:-1\" \/>\n<link rel=\"canonical\" href=\"https:\/\/www.lesmerveillesdupacifique.com\/fr\/produit\/rang-perles-et-keshis\/\" \/>\n<meta property=\"og:locale\" content=\"fr_FR\" \/>\n<meta property=\"og:type\" content=\"article\" \/>\n<meta property=\"og:title\" content=\"Rang de perles et keshis - Les Merveilles du Pacifique\" \/>\n<meta property=\"og:description\" content=\"Rang de perles et keshis de culture de Tahiti 11 perles formes: ovales diam\u00e8tres: 8-9 mm qualit\u00e9: B\/C  keshis formes: longs diam\u00e8tres: petits keshis inf\u00e9rieurs \u00e0 8 mm  Les rangs sur c\u00e2ble ont une longueur standard de 40 cm non enfil\u00e9s et sans fermoir (soit 42 cm enfil\u00e9s avec fermoir). Nous faisons enfiler nos rangs sur fil de soie.  Possibilit\u00e9 de les rallonger et\/ou faire enfiler avec fermoir sur mesure.  \u2013 Disponible dans tous les diam\u00e8tres de keshis de 3 \u00e0 13 mm \u2013 Disponible avec toute forme de perles et toute qualit\u00e9 A\/B, C et D\" \/>\n<meta property=\"og:url\" content=\"https:\/\/www.lesmerveillesdupacifique.com\/produit\/rang-perles-et-keshis\/\" \/>\n<meta property=\"og:site_name\" content=\"Les Merveilles du Pacifique\" \/>\n<meta property=\"article:modified_time\" content=\"2026-04-01T13:40:54+00:00\" \/>\n<meta property=\"og:image\" content=\"https:\/\/www.lesmerveillesdupacifique.com\/wp-content\/uploads\/2019\/02\/Retouches-photos-collection-2019.jpg\" \/>\n\t<meta property=\"og:image:width\" content=\"2249\" \/>\n\t<meta property=\"og:image:height\" content=\"2249\" \/>\n\t<meta property=\"og:image:type\" content=\"image\/jpeg\" \/>\n<meta name=\"twitter:card\" content=\"summary_large_image\" \/>\n<script type=\"application\/ld+json\" class=\"yoast-schema-graph\">{\"@context\":\"https:\/\/schema.org\",\"@graph\":[{\"@type\":\"WebSite\",\"@id\":\"https:\/\/www.lesmerveillesdupacifique.com\/fr\/#website\",\"url\":\"https:\/\/www.lesmerveillesdupacifique.com\/fr\/\",\"name\":\"Les Merveilles du Pacifique\",\"description\":\"Perles de culture de Tahiti\",\"potentialAction\":[{\"@type\":\"SearchAction\",\"target\":{\"@type\":\"EntryPoint\",\"urlTemplate\":\"https:\/\/www.lesmerveillesdupacifique.com\/fr\/?s={search_term_string}\"},\"query-input\":\"required name=search_term_string\"}],\"inLanguage\":\"fr-FR\"},{\"@type\":\"ImageObject\",\"@id\":\"https:\/\/www.lesmerveillesdupacifique.com\/produit\/rang-perles-et-keshis\/#primaryimage\",\"inLanguage\":\"fr-FR\",\"url\":\"https:\/\/www.lesmerveillesdupacifique.com\/wp-content\/uploads\/2019\/02\/Retouches-photos-collection-2019.jpg\",\"contentUrl\":\"https:\/\/www.lesmerveillesdupacifique.com\/wp-content\/uploads\/2019\/02\/Retouches-photos-collection-2019.jpg\",\"width\":2249,\"height\":2249},{\"@type\":\"WebPage\",\"@id\":\"https:\/\/www.lesmerveillesdupacifique.com\/produit\/rang-perles-et-keshis\/#webpage\",\"url\":\"https:\/\/www.lesmerveillesdupacifique.com\/produit\/rang-perles-et-keshis\/\",\"name\":\"Rang de perles et keshis - Les Merveilles du Pacifique\",\"isPartOf\":{\"@id\":\"https:\/\/www.lesmerveillesdupacifique.com\/fr\/#website\"},\"primaryImageOfPage\":{\"@id\":\"https:\/\/www.lesmerveillesdupacifique.com\/produit\/rang-perles-et-keshis\/#primaryimage\"},\"datePublished\":\"2019-02-15T13:15:51+00:00\",\"dateModified\":\"2026-04-01T13:40:54+00:00\",\"breadcrumb\":{\"@id\":\"https:\/\/www.lesmerveillesdupacifique.com\/produit\/rang-perles-et-keshis\/#breadcrumb\"},\"inLanguage\":\"fr-FR\",\"potentialAction\":[{\"@type\":\"ReadAction\",\"target\":[\"https:\/\/www.lesmerveillesdupacifique.com\/produit\/rang-perles-et-keshis\/\"]}]},{\"@type\":\"BreadcrumbList\",\"@id\":\"https:\/\/www.lesmerveillesdupacifique.com\/produit\/rang-perles-et-keshis\/#breadcrumb\",\"itemListElement\":[{\"@type\":\"ListItem\",\"position\":1,\"name\":\"Accueil\",\"item\":\"https:\/\/www.lesmerveillesdupacifique.com\/\"},{\"@type\":\"ListItem\",\"position\":2,\"name\":\"Collection\",\"item\":\"https:\/\/www.lesmerveillesdupacifique.com\/fr\/shop\/\"},{\"@type\":\"ListItem\",\"position\":3,\"name\":\"Rang de perles et keshis\"}]}]}<\/script>\n<!-- \/ Yoast SEO plugin. -->","yoast_head_json":{"title":"Rang de perles et keshis - Les Merveilles du Pacifique","robots":{"index":"index","follow":"follow","max-snippet":"max-snippet:-1","max-image-preview":"max-image-preview:large","max-video-preview":"max-video-preview:-1"},"canonical":"https:\/\/www.lesmerveillesdupacifique.com\/fr\/produit\/rang-perles-et-keshis\/","og_locale":"fr_FR","og_type":"article","og_title":"Rang de perles et keshis - Les Merveilles du Pacifique","og_description":"Rang de perles et keshis de culture de Tahiti 11 perles formes: ovales diam\u00e8tres: 8-9 mm qualit\u00e9: B\/C  keshis formes: longs diam\u00e8tres: petits keshis inf\u00e9rieurs \u00e0 8 mm  Les rangs sur c\u00e2ble ont une longueur standard de 40 cm non enfil\u00e9s et sans fermoir (soit 42 cm enfil\u00e9s avec fermoir). Nous faisons enfiler nos rangs sur fil de soie.  Possibilit\u00e9 de les rallonger et\/ou faire enfiler avec fermoir sur mesure.  \u2013 Disponible dans tous les diam\u00e8tres de keshis de 3 \u00e0 13 mm \u2013 Disponible avec toute forme de perles et toute qualit\u00e9 A\/B, C et D","og_url":"https:\/\/www.lesmerveillesdupacifique.com\/produit\/rang-perles-et-keshis\/","og_site_name":"Les Merveilles du Pacifique","article_modified_time":"2026-04-01T13:40:54+00:00","og_image":[{"width":2249,"height":2249,"url":"https:\/\/www.lesmerveillesdupacifique.com\/wp-content\/uploads\/2019\/02\/Retouches-photos-collection-2019.jpg","type":"image\/jpeg"}],"twitter_card":"summary_large_image","schema":{"@context":"https:\/\/schema.org","@graph":[{"@type":"WebSite","@id":"https:\/\/www.lesmerveillesdupacifique.com\/fr\/#website","url":"https:\/\/www.lesmerveillesdupacifique.com\/fr\/","name":"Les Merveilles du Pacifique","description":"Perles de culture de Tahiti","potentialAction":[{"@type":"SearchAction","target":{"@type":"EntryPoint","urlTemplate":"https:\/\/www.lesmerveillesdupacifique.com\/fr\/?s={search_term_string}"},"query-input":"required name=search_term_string"}],"inLanguage":"fr-FR"},{"@type":"ImageObject","@id":"https:\/\/www.lesmerveillesdupacifique.com\/produit\/rang-perles-et-keshis\/#primaryimage","inLanguage":"fr-FR","url":"https:\/\/www.lesmerveillesdupacifique.com\/wp-content\/uploads\/2019\/02\/Retouches-photos-collection-2019.jpg","contentUrl":"https:\/\/www.lesmerveillesdupacifique.com\/wp-content\/uploads\/2019\/02\/Retouches-photos-collection-2019.jpg","width":2249,"height":2249},{"@type":"WebPage","@id":"https:\/\/www.lesmerveillesdupacifique.com\/produit\/rang-perles-et-keshis\/#webpage","url":"https:\/\/www.lesmerveillesdupacifique.com\/produit\/rang-perles-et-keshis\/","name":"Rang de perles et keshis - Les Merveilles du Pacifique","isPartOf":{"@id":"https:\/\/www.lesmerveillesdupacifique.com\/fr\/#website"},"primaryImageOfPage":{"@id":"https:\/\/www.lesmerveillesdupacifique.com\/produit\/rang-perles-et-keshis\/#primaryimage"},"datePublished":"2019-02-15T13:15:51+00:00","dateModified":"2026-04-01T13:40:54+00:00","breadcrumb":{"@id":"https:\/\/www.lesmerveillesdupacifique.com\/produit\/rang-perles-et-keshis\/#breadcrumb"},"inLanguage":"fr-FR","potentialAction":[{"@type":"ReadAction","target":["https:\/\/www.lesmerveillesdupacifique.com\/produit\/rang-perles-et-keshis\/"]}]},{"@type":"BreadcrumbList","@id":"https:\/\/www.lesmerveillesdupacifique.com\/produit\/rang-perles-et-keshis\/#breadcrumb","itemListElement":[{"@type":"ListItem","position":1,"name":"Accueil","item":"https:\/\/www.lesmerveillesdupacifique.com\/"},{"@type":"ListItem","position":2,"name":"Collection","item":"https:\/\/www.lesmerveillesdupacifique.com\/fr\/shop\/"},{"@type":"ListItem","position":3,"name":"Rang de perles et keshis"}]}]}},"acf":[],"_links":{"self":[{"href":"https:\/\/www.lesmerveillesdupacifique.com\/fr\/wp-json\/wp\/v2\/product\/1372"}],"collection":[{"href":"https:\/\/www.lesmerveillesdupacifique.com\/fr\/wp-json\/wp\/v2\/product"}],"about":[{"href":"https:\/\/www.lesmerveillesdupacifique.com\/fr\/wp-json\/wp\/v2\/types\/product"}],"wp:featuredmedia":[{"embeddable":true,"href":"https:\/\/www.lesmerveillesdupacifique.com\/fr\/wp-json\/wp\/v2\/media\/1373"}],"wp:attachment":[{"href":"https:\/\/www.lesmerveillesdupacifique.com\/fr\/wp-json\/wp\/v2\/media?parent=1372"}],"wp:term":[{"taxonomy":"product_cat","embeddable":true,"href":"https:\/\/www.lesmerveillesdupacifique.com\/fr\/wp-json\/wp\/v2\/product_cat?post=1372"},{"taxonomy":"product_tag","embeddable":true,"href":"https:\/\/www.lesmerveillesdupacifique.com\/fr\/wp-json\/wp\/v2\/product_tag?post=1372"}],"curies":[{"name":"wp","href":"https:\/\/api.w.org\/{rel}","templated":true}]}}