{"id":9,"date":"2018-03-30T09:21:06","date_gmt":"2018-03-30T07:21:06","guid":{"rendered":"http:\/\/www.lesmerveillesdupacifique.com\/prod\/?page_id=9"},"modified":"2025-12-30T15:28:01","modified_gmt":"2025-12-30T14:28:01","slug":"actualite","status":"publish","type":"page","link":"https:\/\/www.lesmerveillesdupacifique.com\/fr\/actualite\/","title":{"rendered":"Les salons"},"content":{"rendered":"<p>[vc_section full_width=\u00a0\u00bbstretch_row\u00a0\u00bb full_height=\u00a0\u00bbyes\u00a0\u00bb content_placement=\u00a0\u00bbmiddle\u00a0\u00bb css=\u00a0\u00bb.vc_custom_1548319867273{background-image: url(http:\/\/www.lesmerveillesdupacifique.com\/wp-content\/uploads\/2018\/09\/intro-news.jpg?id=778) !important;background-position: center !important;background-repeat: no-repeat !important;background-size: cover !important;}\u00a0\u00bb el_class=\u00a0\u00bbripple-it\u00a0\u00bb][vc_row][vc_column][vc_column_text]<\/p>\n<h1 style=\"text-align: center;\"><span style=\"color: #ffffff;\">Retrouvez-nous<br \/>\nsur les prochains salons.<\/span><\/h1>\n<p>[\/vc_column_text][\/vc_column][\/vc_row][\/vc_section][vc_section full_width=\u00a0\u00bbstretch_row\u00a0\u00bb css=\u00a0\u00bb.vc_custom_1550230785692{padding-top: 60px !important;padding-bottom: 70px !important;background-color: #f5f5f5 !important;}\u00a0\u00bb][vc_row][vc_column][vc_column_text css=\u00a0\u00bb.vc_custom_1767104878958{padding-bottom: 30px !important;}\u00a0\u00bb]<\/p>\n<h2 style=\"text-align: center;\">Nos salons en 2025-2026<\/h2>\n<p>[\/vc_column_text][vc_basic_grid post_type=\u00a0\u00bbportfolio\u00a0\u00bb max_items=\u00a0\u00bb100&Prime; element_width=\u00a0\u00bb3&Prime; order=\u00a0\u00bbASC\u00a0\u00bb item=\u00a0\u00bb1308&Prime; grid_id=\u00a0\u00bbvc_gid:1767104869140-880d089f-e56b-2&Prime;][\/vc_column][\/vc_row][\/vc_section][vc_section full_width=\u00a0\u00bbstretch_row\u00a0\u00bb css=\u00a0\u00bb.vc_custom_1550235607624{padding-top: 20px !important;padding-bottom: 40px !important;}\u00a0\u00bb][vc_row][vc_column][vc_row_inner css=\u00a0\u00bb.vc_custom_1550235638843{padding-top: 70px !important;padding-bottom: 30px !important;}\u00a0\u00bb][vc_column_inner width=\u00a0\u00bb1\/3&Prime;][vc_column_text]<\/p>\n<h2 style=\"text-align: left;\">Nos 10 ans<br \/>\nsur les salons<\/h2>\n<p>[\/vc_column_text][\/vc_column_inner][vc_column_inner width=\u00a0\u00bb2\/3&Prime;][vc_column_text]<\/p>\n<div class=\"\" style=\"text-align: left;\">\n<p>2019 a \u00e9t\u00e9 une ann\u00e9e tr\u00e8s sp\u00e9ciale pour notre Maison, car <strong>nous avons f\u00eat\u00e9 nos 10 ans<\/strong>.<\/p>\n<p>\u00c0 l\u2019occasion, <strong>nous avons fait venir les danseuses de la troupe O Tahiti Nui pour des shows de danse tahitienne sur nos stands<\/strong> au salon \u00c9clad\u2019Or de Lyon, puis au salon Inhorgenta de Munich en f\u00e9vrier et au salon Bijorhca \u00e0 Paris en septembre. Les c\u00e9l\u00e9brations ont continu\u00e9 autour de cocktails et de jeu concours.<\/p>\n<p><strong>9 clients ont eu la chance de remporter de beaux lots<\/strong>, trois rangs de perles de culture de Tahiti, trois parures en argent rhodi\u00e9 et perles de culture de Tahiti et trois bracelets avec une perle de culture de Tahiti mont\u00e9e sur cordon.<\/p>\n<p>Nous sommes ravis que ces festivit\u00e9s aient tant plus \u00e0 nos clients et aux visiteurs.<\/p>\n<\/div>\n<p>[\/vc_column_text][\/vc_column_inner][\/vc_row_inner][vc_row_inner css=\u00a0\u00bb.vc_custom_1550230381887{padding-top: 50px !important;padding-bottom: 50px !important;}\u00a0\u00bb][vc_column_inner][vc_images_carousel images=\u00a0\u00bb1375,1327,1363,1325,1326,1362,1364,1379,1359&Prime; img_size=\u00a0\u00bbfull\u00a0\u00bb onclick=\u00a0\u00bblink_no\u00a0\u00bb speed=\u00a0\u00bb3000&Prime; autoplay=\u00a0\u00bbyes\u00a0\u00bb wrap=\u00a0\u00bbyes\u00a0\u00bb title=\u00a0\u00bbNos 10 ans \u00e0 \u00c9clad&rsquo;Or Lyon 2019&Prime;][\/vc_column_inner][\/vc_row_inner][vc_row_inner css=\u00a0\u00bb.vc_custom_1550230381887{padding-top: 50px !important;padding-bottom: 50px !important;}\u00a0\u00bb][vc_column_inner][vc_images_carousel images=\u00a0\u00bb1502,1515,1514,1516,1507,1508,1509,1510,1512,1513,1511,1506&Prime; img_size=\u00a0\u00bbfull\u00a0\u00bb onclick=\u00a0\u00bblink_no\u00a0\u00bb speed=\u00a0\u00bb3000&Prime; autoplay=\u00a0\u00bbyes\u00a0\u00bb wrap=\u00a0\u00bbyes\u00a0\u00bb title=\u00a0\u00bbNos 10 ans \u00e0 Inhorgenta 2019&Prime;][\/vc_column_inner][\/vc_row_inner][vc_row_inner css=\u00a0\u00bb.vc_custom_1550230381887{padding-top: 50px !important;padding-bottom: 50px !important;}\u00a0\u00bb][vc_column_inner][vc_images_carousel images=\u00a0\u00bb1773,1774,1776,1777,1778,1779,1780,1781,1782,1783,1784,1787,1788,1789&Prime; img_size=\u00a0\u00bbfull\u00a0\u00bb onclick=\u00a0\u00bblink_no\u00a0\u00bb speed=\u00a0\u00bb3000&Prime; autoplay=\u00a0\u00bbyes\u00a0\u00bb wrap=\u00a0\u00bbyes\u00a0\u00bb title=\u00a0\u00bbNos 10 ans \u00e0 Bijorhca 2019&Prime;][\/vc_column_inner][\/vc_row_inner][\/vc_column][\/vc_row][\/vc_section][vc_row][vc_column][vc_raw_js]JTNDc2NyaXB0JTNFJTBBJTI0JTI4ZG9jdW1lbnQlMjkucmVhZHklMjhmdW5jdGlvbiUyOCUyOSUyMCU3QiUwQSUyMCUyMCUyMCUyNCUyOCUyNy5yaXBwbGUtaXQlMjclMjkucmlwcGxlcyUyOCU3QiUwQSUwOWltYWdlVXJsJTNBJTIwbnVsbCUyQyUwQSUwOXJlc29sdXRpb24lM0ElMjAyNTYlMkMlMEElMDlkcm9wUmFkaXVzJTNBJTIwMTQlMkMlMEElMDlwZXJ0dXJiYW5jZSUzQSUyMDAuMDIlMkMlMEElMDlpbnRlcmFjdGl2ZSUzQSUyMHRydWUlMkMlMEElMjAlMjAlMjAlMjAlN0QlMjklM0IlMEElN0QlMjklM0IlMEElM0MlMkZzY3JpcHQlM0U=[\/vc_raw_js][\/vc_column][\/vc_row]<\/p>","protected":false},"excerpt":{"rendered":"<p>[vc_section full_width=\u00a0\u00bbstretch_row\u00a0\u00bb full_height=\u00a0\u00bbyes\u00a0\u00bb content_placement=\u00a0\u00bbmiddle\u00a0\u00bb css=\u00a0\u00bb.vc_custom_1548319867273{background-image: url(http:\/\/www.lesmerveillesdupacifique.com\/wp-content\/uploads\/2018\/09\/intro-news.jpg?id=778) !important;background-position: center !important;background-repeat: no-repeat !important;background-size: cover !important;}\u00a0\u00bb el_class=\u00a0\u00bbripple-it\u00a0\u00bb][vc_row][vc_column][vc_column_text] Retrouvez-nous sur les prochains salons. [\/vc_column_text][\/vc_column][\/vc_row][\/vc_section][vc_section full_width=\u00a0\u00bbstretch_row\u00a0\u00bb css=\u00a0\u00bb.vc_custom_1550230785692{padding-top: 60px !important;padding-bottom: 70px !important;background-color: #f5f5f5 !important;}\u00a0\u00bb][vc_row][vc_column][vc_column_text css=\u00a0\u00bb.vc_custom_1767104878958{padding-bottom: 30px&hellip;<\/p>\n","protected":false},"author":1,"featured_media":0,"parent":0,"menu_order":7,"comment_status":"closed","ping_status":"closed","template":"","meta":{"_mi_skip_tracking":false},"yoast_head":"<!-- This site is optimized with the Yoast SEO plugin v18.3 - https:\/\/yoast.com\/wordpress\/plugins\/seo\/ -->\n<title>Les salons - Les Merveilles du Pacifique<\/title>\n<meta name=\"robots\" content=\"index, follow, max-snippet:-1, max-image-preview:large, max-video-preview:-1\" \/>\n<link rel=\"canonical\" href=\"https:\/\/www.lesmerveillesdupacifique.com\/fr\/actualite\/\" \/>\n<meta property=\"og:locale\" content=\"fr_FR\" \/>\n<meta property=\"og:type\" content=\"article\" \/>\n<meta property=\"og:title\" content=\"Les salons - Les Merveilles du Pacifique\" \/>\n<meta property=\"og:description\" content=\"[vc_section full_width=\u00a0\u00bbstretch_row\u00a0\u00bb full_height=\u00a0\u00bbyes\u00a0\u00bb content_placement=\u00a0\u00bbmiddle\u00a0\u00bb css=\u00a0\u00bb.vc_custom_1548319867273{background-image: url(http:\/\/www.lesmerveillesdupacifique.com\/wp-content\/uploads\/2018\/09\/intro-news.jpg?id=778) !important;background-position: center !important;background-repeat: no-repeat !important;background-size: cover !important;}\u00a0\u00bb el_class=\u00a0\u00bbripple-it\u00a0\u00bb][vc_row][vc_column][vc_column_text] Retrouvez-nous sur les prochains salons. [\/vc_column_text][\/vc_column][\/vc_row][\/vc_section][vc_section full_width=\u00a0\u00bbstretch_row\u00a0\u00bb css=\u00a0\u00bb.vc_custom_1550230785692{padding-top: 60px !important;padding-bottom: 70px !important;background-color: #f5f5f5 !important;}\u00a0\u00bb][vc_row][vc_column][vc_column_text css=\u00a0\u00bb.vc_custom_1767104878958{padding-bottom: 30px&hellip;\" \/>\n<meta property=\"og:url\" content=\"https:\/\/www.lesmerveillesdupacifique.com\/actualite\/\" \/>\n<meta property=\"og:site_name\" content=\"Les Merveilles du Pacifique\" \/>\n<meta property=\"article:modified_time\" content=\"2025-12-30T14:28:01+00:00\" \/>\n<meta name=\"twitter:card\" content=\"summary_large_image\" \/>\n<meta name=\"twitter:label1\" content=\"Dur\u00e9e de lecture estim\u00e9e\" \/>\n\t<meta name=\"twitter:data1\" content=\"2 minutes\" \/>\n<script type=\"application\/ld+json\" class=\"yoast-schema-graph\">{\"@context\":\"https:\/\/schema.org\",\"@graph\":[{\"@type\":\"WebSite\",\"@id\":\"https:\/\/www.lesmerveillesdupacifique.com\/fr\/#website\",\"url\":\"https:\/\/www.lesmerveillesdupacifique.com\/fr\/\",\"name\":\"Les Merveilles du Pacifique\",\"description\":\"Perles de culture de Tahiti\",\"potentialAction\":[{\"@type\":\"SearchAction\",\"target\":{\"@type\":\"EntryPoint\",\"urlTemplate\":\"https:\/\/www.lesmerveillesdupacifique.com\/fr\/?s={search_term_string}\"},\"query-input\":\"required name=search_term_string\"}],\"inLanguage\":\"fr-FR\"},{\"@type\":\"WebPage\",\"@id\":\"https:\/\/www.lesmerveillesdupacifique.com\/actualite\/#webpage\",\"url\":\"https:\/\/www.lesmerveillesdupacifique.com\/actualite\/\",\"name\":\"Les salons - Les Merveilles du Pacifique\",\"isPartOf\":{\"@id\":\"https:\/\/www.lesmerveillesdupacifique.com\/fr\/#website\"},\"datePublished\":\"2018-03-30T07:21:06+00:00\",\"dateModified\":\"2025-12-30T14:28:01+00:00\",\"breadcrumb\":{\"@id\":\"https:\/\/www.lesmerveillesdupacifique.com\/actualite\/#breadcrumb\"},\"inLanguage\":\"fr-FR\",\"potentialAction\":[{\"@type\":\"ReadAction\",\"target\":[\"https:\/\/www.lesmerveillesdupacifique.com\/actualite\/\"]}]},{\"@type\":\"BreadcrumbList\",\"@id\":\"https:\/\/www.lesmerveillesdupacifique.com\/actualite\/#breadcrumb\",\"itemListElement\":[{\"@type\":\"ListItem\",\"position\":1,\"name\":\"Accueil\",\"item\":\"https:\/\/www.lesmerveillesdupacifique.com\/\"},{\"@type\":\"ListItem\",\"position\":2,\"name\":\"Les salons\"}]}]}<\/script>\n<!-- \/ Yoast SEO plugin. -->","yoast_head_json":{"title":"Les salons - Les Merveilles du Pacifique","robots":{"index":"index","follow":"follow","max-snippet":"max-snippet:-1","max-image-preview":"max-image-preview:large","max-video-preview":"max-video-preview:-1"},"canonical":"https:\/\/www.lesmerveillesdupacifique.com\/fr\/actualite\/","og_locale":"fr_FR","og_type":"article","og_title":"Les salons - Les Merveilles du Pacifique","og_description":"[vc_section full_width=\u00a0\u00bbstretch_row\u00a0\u00bb full_height=\u00a0\u00bbyes\u00a0\u00bb content_placement=\u00a0\u00bbmiddle\u00a0\u00bb css=\u00a0\u00bb.vc_custom_1548319867273{background-image: url(http:\/\/www.lesmerveillesdupacifique.com\/wp-content\/uploads\/2018\/09\/intro-news.jpg?id=778) !important;background-position: center !important;background-repeat: no-repeat !important;background-size: cover !important;}\u00a0\u00bb el_class=\u00a0\u00bbripple-it\u00a0\u00bb][vc_row][vc_column][vc_column_text] Retrouvez-nous sur les prochains salons. [\/vc_column_text][\/vc_column][\/vc_row][\/vc_section][vc_section full_width=\u00a0\u00bbstretch_row\u00a0\u00bb css=\u00a0\u00bb.vc_custom_1550230785692{padding-top: 60px !important;padding-bottom: 70px !important;background-color: #f5f5f5 !important;}\u00a0\u00bb][vc_row][vc_column][vc_column_text css=\u00a0\u00bb.vc_custom_1767104878958{padding-bottom: 30px&hellip;","og_url":"https:\/\/www.lesmerveillesdupacifique.com\/actualite\/","og_site_name":"Les Merveilles du Pacifique","article_modified_time":"2025-12-30T14:28:01+00:00","twitter_card":"summary_large_image","twitter_misc":{"Dur\u00e9e de lecture estim\u00e9e":"2 minutes"},"schema":{"@context":"https:\/\/schema.org","@graph":[{"@type":"WebSite","@id":"https:\/\/www.lesmerveillesdupacifique.com\/fr\/#website","url":"https:\/\/www.lesmerveillesdupacifique.com\/fr\/","name":"Les Merveilles du Pacifique","description":"Perles de culture de Tahiti","potentialAction":[{"@type":"SearchAction","target":{"@type":"EntryPoint","urlTemplate":"https:\/\/www.lesmerveillesdupacifique.com\/fr\/?s={search_term_string}"},"query-input":"required name=search_term_string"}],"inLanguage":"fr-FR"},{"@type":"WebPage","@id":"https:\/\/www.lesmerveillesdupacifique.com\/actualite\/#webpage","url":"https:\/\/www.lesmerveillesdupacifique.com\/actualite\/","name":"Les salons - Les Merveilles du Pacifique","isPartOf":{"@id":"https:\/\/www.lesmerveillesdupacifique.com\/fr\/#website"},"datePublished":"2018-03-30T07:21:06+00:00","dateModified":"2025-12-30T14:28:01+00:00","breadcrumb":{"@id":"https:\/\/www.lesmerveillesdupacifique.com\/actualite\/#breadcrumb"},"inLanguage":"fr-FR","potentialAction":[{"@type":"ReadAction","target":["https:\/\/www.lesmerveillesdupacifique.com\/actualite\/"]}]},{"@type":"BreadcrumbList","@id":"https:\/\/www.lesmerveillesdupacifique.com\/actualite\/#breadcrumb","itemListElement":[{"@type":"ListItem","position":1,"name":"Accueil","item":"https:\/\/www.lesmerveillesdupacifique.com\/"},{"@type":"ListItem","position":2,"name":"Les salons"}]}]}},"acf":[],"_links":{"self":[{"href":"https:\/\/www.lesmerveillesdupacifique.com\/fr\/wp-json\/wp\/v2\/pages\/9"}],"collection":[{"href":"https:\/\/www.lesmerveillesdupacifique.com\/fr\/wp-json\/wp\/v2\/pages"}],"about":[{"href":"https:\/\/www.lesmerveillesdupacifique.com\/fr\/wp-json\/wp\/v2\/types\/page"}],"author":[{"embeddable":true,"href":"https:\/\/www.lesmerveillesdupacifique.com\/fr\/wp-json\/wp\/v2\/users\/1"}],"replies":[{"embeddable":true,"href":"https:\/\/www.lesmerveillesdupacifique.com\/fr\/wp-json\/wp\/v2\/comments?post=9"}],"version-history":[{"count":1,"href":"https:\/\/www.lesmerveillesdupacifique.com\/fr\/wp-json\/wp\/v2\/pages\/9\/revisions"}],"predecessor-version":[{"id":4562,"href":"https:\/\/www.lesmerveillesdupacifique.com\/fr\/wp-json\/wp\/v2\/pages\/9\/revisions\/4562"}],"wp:attachment":[{"href":"https:\/\/www.lesmerveillesdupacifique.com\/fr\/wp-json\/wp\/v2\/media?parent=9"}],"curies":[{"name":"wp","href":"https:\/\/api.w.org\/{rel}","templated":true}]}}