{"id":7,"date":"2018-03-30T09:20:53","date_gmt":"2018-03-30T07:20:53","guid":{"rendered":"http:\/\/www.lesmerveillesdupacifique.com\/prod\/?page_id=7"},"modified":"2025-04-14T11:58:56","modified_gmt":"2025-04-14T09:58:56","slug":"qui-nous-sommes","status":"publish","type":"page","link":"https:\/\/www.lesmerveillesdupacifique.com\/fr\/qui-nous-sommes\/","title":{"rendered":"La marque"},"content":{"rendered":"<p>[vc_section full_width=\u00a0\u00bbstretch_row\u00a0\u00bb full_height=\u00a0\u00bbyes\u00a0\u00bb content_placement=\u00a0\u00bbmiddle\u00a0\u00bb css=\u00a0\u00bb.vc_custom_1638978597339{background-image: url(https:\/\/www.lesmerveillesdupacifique.com\/wp-content\/uploads\/2021\/12\/Sans-titre-1.png?id=3456) !important;background-position: center !important;background-repeat: no-repeat !important;background-size: cover !important;}\u00a0\u00bb el_class=\u00a0\u00bbripple-it\u00a0\u00bb][vc_row][vc_column][vc_column_text]<\/p>\n<h1 style=\"text-align: center;\"><span style=\"color: #ffffff;\">Importateur de perles de Tahiti depuis 2009<\/span><\/h1>\n<p>[\/vc_column_text][\/vc_column][\/vc_row][\/vc_section][vc_section css=\u00a0\u00bb.vc_custom_1589900685345{margin-top: 65px !important;}\u00a0\u00bb][vc_row][vc_column width=\u00a0\u00bb1\/4&Prime;][\/vc_column][vc_column width=\u00a0\u00bb1\/2&Prime;][vc_column_text]<\/p>\n<h2 class=\"p1\">Alliant simplicit\u00e9 et \u00e9l\u00e9gance, la perle de Tahiti est color\u00e9e, min\u00e9rale et naturelle. Cette perle unique en son genre fera voyager celui qui la porte dans les contr\u00e9es lointaines des \u00eeles du Pacifique.<\/h2>\n<p>[\/vc_column_text][vc_column_text]<\/p>\n<p class=\"p1\">Notre histoire a commenc\u00e9 au c\u0153ur m\u00eame de voyages dans des fermes perli\u00e8res polyn\u00e9siennes.<\/p>\n<p class=\"p1\">Au d\u00e9but des ann\u00e9es 2000, Mehdi Abdellaoui part \u00e0 l\u2019aventure sur l\u2019\u00eele de Tahiti et dans les atolls paradisiaques des Tuamotu \u2013 Gambier pour apprendre le m\u00e9tier de n\u00e9gociant en perles.<\/p>\n<p class=\"p1\">Apr\u00e8s plusieurs ann\u00e9es d\u2019apprentissage, il revient en m\u00e9tropole avec l\u2019id\u00e9e de cr\u00e9er une soci\u00e9t\u00e9 importatrice en perles de Tahiti pour promouvoir la beaut\u00e9 de ces perles \u00e0 travers le monde.<\/p>\n<p class=\"p1\">En 2009 n\u00e9e la soci\u00e9t\u00e9 parisienne Les Merveilles du Pacifique, fournisseur exclusif de perles de Tahiti pour les professionnels du secteur joaillier.<\/p>\n<p class=\"p1\">Directement r\u00e9colt\u00e9es dans les fermes perli\u00e8res des Tuamotu \u2013 Gambier en Polyn\u00e9sie Fran\u00e7aise, les perles de notre soci\u00e9t\u00e9 Les Merveilles du Pacifique se distinguent par la singularit\u00e9 de leurs couleurs naturelles et de leurs reflets. Petit tr\u00e9sor des eaux du Pacifique, les couleurs de ces perles sont d\u2019une rare profondeur, v\u00e9ritablement hypnotiques.<\/p>\n<p class=\"p1\">Apporter de la couleur sur le march\u00e9 de la perle est notre priorit\u00e9 afin que la perle de Tahiti perde ses appellations \u00ab perle noire \u00bb et \u00ab perle grise \u00bb.<\/p>\n<p class=\"p1\">Nos perles ont d\u2019abord voyag\u00e9 sur le march\u00e9 fran\u00e7ais \u00e0 travers les salons parisiens et lyonnais. Puis, en 2015, nous avons poursuivi notre d\u00e9veloppement \u00e0 travers l\u2019Europe gr\u00e2ce aux salons internationaux (Angleterre, Allemagne, Italie).<\/p>\n<p class=\"p1\">Depuis 2016, nous sommes pr\u00e9sents sur la plateforme mondiale de la perle, \u00e0 Hong Kong.<\/p>\n<p>[\/vc_column_text][\/vc_column][vc_column width=\u00a0\u00bb1\/4&Prime;][\/vc_column][\/vc_row][vc_row][vc_column][vc_single_image image=\u00a0\u00bb1502&Prime; img_size=\u00a0\u00bblarge\u00a0\u00bb alignment=\u00a0\u00bbcenter\u00a0\u00bb css=\u00a0\u00bb.vc_custom_1561025450291{padding-top: 40px !important;padding-bottom: 40px !important;}\u00a0\u00bb][\/vc_column][\/vc_row][vc_row][vc_column width=\u00a0\u00bb1\/4&Prime;][\/vc_column][vc_column width=\u00a0\u00bb1\/2&Prime;][vc_column_text]<\/p>\n<h2>Apr\u00e8s avoir propos\u00e9 des perles nues aux joailliers cr\u00e9ateurs, nous avons lanc\u00e9 une collection de bijoux en perles de toutes formes mont\u00e9es sur or et argent rhodi\u00e9.<\/h2>\n<p>[\/vc_column_text][vc_column_text]<\/p>\n<p class=\"p1\">\u00c0 travers des bijoux intemporels et raffin\u00e9s, notre marque modernise l\u2019image de la perle tout en faisant d\u00e9couvrir la culture polyn\u00e9sienne.<\/p>\n<p class=\"p1\">Chaque mod\u00e8le de notre collection se d\u00e9cline en un large panel de couleurs et de nuances nacr\u00e9es.<\/p>\n<p class=\"p1\">Les bijoux Les Merveilles du Pacifique sont dot\u00e9s d\u2019un gage de qualit\u00e9 et d\u2019une s\u00e9rieuse expertise de la perle de culture de Tahiti. Nous voulons transmettre l\u2019histoire et l\u2019art de la perle \u00e0 travers des cr\u00e9ations uniques.<\/p>\n<p>[\/vc_column_text][\/vc_column][vc_column width=\u00a0\u00bb1\/4&Prime;][\/vc_column][\/vc_row][vc_row][vc_column][\/vc_column][\/vc_row][vc_row][vc_column][vc_separator color=\u00a0\u00bbcustom\u00a0\u00bb accent_color=\u00a0\u00bb#61cbb7&Prime;][\/vc_column][\/vc_row][vc_row][vc_column][\/vc_column][\/vc_row][vc_row][vc_column][vc_column_text]<\/p>\n<h1 style=\"text-align: center;\">Nos ambassadrices<\/h1>\n<p>[\/vc_column_text][\/vc_column][\/vc_row][vc_row equal_height=\u00a0\u00bbyes\u00a0\u00bb][vc_column parallax=\u00a0\u00bbcontent-moving-fade\u00a0\u00bb width=\u00a0\u00bb1\/2&Prime;][vc_single_image image=\u00a0\u00bb3457&Prime; alignment=\u00a0\u00bbcenter\u00a0\u00bb style=\u00a0\u00bbvc_box_shadow\u00a0\u00bb onclick=\u00a0\u00bbcustom_link\u00a0\u00bb link=\u00a0\u00bbhttps:\/\/www.instagram.com\/alaiaz\/\u00a0\u00bb][vc_column_text]<\/p>\n<h2 style=\"text-align: center;\">Ala\u00efa Nazaire<\/h2>\n<p style=\"text-align: center;\"><a class=\"notranslate\" tabindex=\"0\" href=\"https:\/\/www.instagram.com\/alaiaz\/\">@alaiaz<\/a><\/p>\n<p>[\/vc_column_text][\/vc_column][vc_column width=\u00a0\u00bb1\/2&Prime;][vc_single_image image=\u00a0\u00bb2389&Prime; alignment=\u00a0\u00bbcenter\u00a0\u00bb style=\u00a0\u00bbvc_box_shadow\u00a0\u00bb onclick=\u00a0\u00bbcustom_link\u00a0\u00bb link=\u00a0\u00bbhttps:\/\/www.instagram.com\/nakuellis\/?hl=fr\u00a0\u00bb][vc_column_text]<\/p>\n<h2 style=\"text-align: center;\">Onaku Ellis<\/h2>\n<p style=\"text-align: center;\">@nakuellis<\/p>\n<p>[\/vc_column_text][\/vc_column][\/vc_row][\/vc_section]<\/p>","protected":false},"excerpt":{"rendered":"<p>[vc_section full_width=\u00a0\u00bbstretch_row\u00a0\u00bb full_height=\u00a0\u00bbyes\u00a0\u00bb content_placement=\u00a0\u00bbmiddle\u00a0\u00bb css=\u00a0\u00bb.vc_custom_1638978597339{background-image: url(https:\/\/www.lesmerveillesdupacifique.com\/wp-content\/uploads\/2021\/12\/Sans-titre-1.png?id=3456) !important;background-position: center !important;background-repeat: no-repeat !important;background-size: cover !important;}\u00a0\u00bb el_class=\u00a0\u00bbripple-it\u00a0\u00bb][vc_row][vc_column][vc_column_text] Importateur de perles de Tahiti depuis 2009 [\/vc_column_text][\/vc_column][\/vc_row][\/vc_section][vc_section css=\u00a0\u00bb.vc_custom_1589900685345{margin-top: 65px !important;}\u00a0\u00bb][vc_row][vc_column width=\u00a0\u00bb1\/4&Prime;][\/vc_column][vc_column width=\u00a0\u00bb1\/2&Prime;][vc_column_text] Alliant simplicit\u00e9 et&hellip;<\/p>\n","protected":false},"author":1,"featured_media":0,"parent":0,"menu_order":6,"comment_status":"closed","ping_status":"closed","template":"templates\/large-container.php","meta":{"_mi_skip_tracking":false},"yoast_head":"<!-- This site is optimized with the Yoast SEO plugin v18.3 - https:\/\/yoast.com\/wordpress\/plugins\/seo\/ -->\n<title>La marque - Les Merveilles du Pacifique - Grossiste en perles de culture<\/title>\n<meta name=\"description\" content=\"Les Merveilles du Pacifique, grossiste en perles de Tahiti, s\u00e9lectionne des perles d\u2019exception directement issues des lagons polyn\u00e9siens. Qualit\u00e9 et authenticit\u00e9 pour les professionnels.\" \/>\n<meta name=\"robots\" content=\"index, follow, max-snippet:-1, max-image-preview:large, max-video-preview:-1\" \/>\n<link rel=\"canonical\" href=\"https:\/\/www.lesmerveillesdupacifique.com\/fr\/qui-nous-sommes\/\" \/>\n<meta property=\"og:locale\" content=\"fr_FR\" \/>\n<meta property=\"og:type\" content=\"article\" \/>\n<meta property=\"og:title\" content=\"La marque - Les Merveilles du Pacifique - Grossiste en perles de culture\" \/>\n<meta property=\"og:description\" content=\"Les Merveilles du Pacifique, grossiste en perles de Tahiti, s\u00e9lectionne des perles d\u2019exception directement issues des lagons polyn\u00e9siens. Qualit\u00e9 et authenticit\u00e9 pour les professionnels.\" \/>\n<meta property=\"og:url\" content=\"https:\/\/www.lesmerveillesdupacifique.com\/qui-nous-sommes\/\" \/>\n<meta property=\"og:site_name\" content=\"Les Merveilles du Pacifique\" \/>\n<meta property=\"article:modified_time\" content=\"2025-04-14T09:58:56+00:00\" \/>\n<meta name=\"twitter:card\" content=\"summary_large_image\" \/>\n<meta name=\"twitter:label1\" content=\"Dur\u00e9e de lecture estim\u00e9e\" \/>\n\t<meta name=\"twitter:data1\" content=\"2 minutes\" \/>\n<script type=\"application\/ld+json\" class=\"yoast-schema-graph\">{\"@context\":\"https:\/\/schema.org\",\"@graph\":[{\"@type\":\"WebSite\",\"@id\":\"https:\/\/www.lesmerveillesdupacifique.com\/fr\/#website\",\"url\":\"https:\/\/www.lesmerveillesdupacifique.com\/fr\/\",\"name\":\"Les Merveilles du Pacifique\",\"description\":\"Perles de culture de Tahiti\",\"potentialAction\":[{\"@type\":\"SearchAction\",\"target\":{\"@type\":\"EntryPoint\",\"urlTemplate\":\"https:\/\/www.lesmerveillesdupacifique.com\/fr\/?s={search_term_string}\"},\"query-input\":\"required name=search_term_string\"}],\"inLanguage\":\"fr-FR\"},{\"@type\":\"WebPage\",\"@id\":\"https:\/\/www.lesmerveillesdupacifique.com\/qui-nous-sommes\/#webpage\",\"url\":\"https:\/\/www.lesmerveillesdupacifique.com\/qui-nous-sommes\/\",\"name\":\"La marque - Les Merveilles du Pacifique - Grossiste en perles de culture\",\"isPartOf\":{\"@id\":\"https:\/\/www.lesmerveillesdupacifique.com\/fr\/#website\"},\"datePublished\":\"2018-03-30T07:20:53+00:00\",\"dateModified\":\"2025-04-14T09:58:56+00:00\",\"description\":\"Les Merveilles du Pacifique, grossiste en perles de Tahiti, s\u00e9lectionne des perles d\u2019exception directement issues des lagons polyn\u00e9siens. Qualit\u00e9 et authenticit\u00e9 pour les professionnels.\",\"breadcrumb\":{\"@id\":\"https:\/\/www.lesmerveillesdupacifique.com\/qui-nous-sommes\/#breadcrumb\"},\"inLanguage\":\"fr-FR\",\"potentialAction\":[{\"@type\":\"ReadAction\",\"target\":[\"https:\/\/www.lesmerveillesdupacifique.com\/qui-nous-sommes\/\"]}]},{\"@type\":\"BreadcrumbList\",\"@id\":\"https:\/\/www.lesmerveillesdupacifique.com\/qui-nous-sommes\/#breadcrumb\",\"itemListElement\":[{\"@type\":\"ListItem\",\"position\":1,\"name\":\"Accueil\",\"item\":\"https:\/\/www.lesmerveillesdupacifique.com\/\"},{\"@type\":\"ListItem\",\"position\":2,\"name\":\"La marque\"}]}]}<\/script>\n<!-- \/ Yoast SEO plugin. -->","yoast_head_json":{"title":"La marque - Les Merveilles du Pacifique - Grossiste en perles de culture","description":"Les Merveilles du Pacifique, grossiste en perles de Tahiti, s\u00e9lectionne des perles d\u2019exception directement issues des lagons polyn\u00e9siens. Qualit\u00e9 et authenticit\u00e9 pour les professionnels.","robots":{"index":"index","follow":"follow","max-snippet":"max-snippet:-1","max-image-preview":"max-image-preview:large","max-video-preview":"max-video-preview:-1"},"canonical":"https:\/\/www.lesmerveillesdupacifique.com\/fr\/qui-nous-sommes\/","og_locale":"fr_FR","og_type":"article","og_title":"La marque - Les Merveilles du Pacifique - Grossiste en perles de culture","og_description":"Les Merveilles du Pacifique, grossiste en perles de Tahiti, s\u00e9lectionne des perles d\u2019exception directement issues des lagons polyn\u00e9siens. Qualit\u00e9 et authenticit\u00e9 pour les professionnels.","og_url":"https:\/\/www.lesmerveillesdupacifique.com\/qui-nous-sommes\/","og_site_name":"Les Merveilles du Pacifique","article_modified_time":"2025-04-14T09:58:56+00:00","twitter_card":"summary_large_image","twitter_misc":{"Dur\u00e9e de lecture estim\u00e9e":"2 minutes"},"schema":{"@context":"https:\/\/schema.org","@graph":[{"@type":"WebSite","@id":"https:\/\/www.lesmerveillesdupacifique.com\/fr\/#website","url":"https:\/\/www.lesmerveillesdupacifique.com\/fr\/","name":"Les Merveilles du Pacifique","description":"Perles de culture de Tahiti","potentialAction":[{"@type":"SearchAction","target":{"@type":"EntryPoint","urlTemplate":"https:\/\/www.lesmerveillesdupacifique.com\/fr\/?s={search_term_string}"},"query-input":"required name=search_term_string"}],"inLanguage":"fr-FR"},{"@type":"WebPage","@id":"https:\/\/www.lesmerveillesdupacifique.com\/qui-nous-sommes\/#webpage","url":"https:\/\/www.lesmerveillesdupacifique.com\/qui-nous-sommes\/","name":"La marque - Les Merveilles du Pacifique - Grossiste en perles de culture","isPartOf":{"@id":"https:\/\/www.lesmerveillesdupacifique.com\/fr\/#website"},"datePublished":"2018-03-30T07:20:53+00:00","dateModified":"2025-04-14T09:58:56+00:00","description":"Les Merveilles du Pacifique, grossiste en perles de Tahiti, s\u00e9lectionne des perles d\u2019exception directement issues des lagons polyn\u00e9siens. Qualit\u00e9 et authenticit\u00e9 pour les professionnels.","breadcrumb":{"@id":"https:\/\/www.lesmerveillesdupacifique.com\/qui-nous-sommes\/#breadcrumb"},"inLanguage":"fr-FR","potentialAction":[{"@type":"ReadAction","target":["https:\/\/www.lesmerveillesdupacifique.com\/qui-nous-sommes\/"]}]},{"@type":"BreadcrumbList","@id":"https:\/\/www.lesmerveillesdupacifique.com\/qui-nous-sommes\/#breadcrumb","itemListElement":[{"@type":"ListItem","position":1,"name":"Accueil","item":"https:\/\/www.lesmerveillesdupacifique.com\/"},{"@type":"ListItem","position":2,"name":"La marque"}]}]}},"acf":[],"_links":{"self":[{"href":"https:\/\/www.lesmerveillesdupacifique.com\/fr\/wp-json\/wp\/v2\/pages\/7"}],"collection":[{"href":"https:\/\/www.lesmerveillesdupacifique.com\/fr\/wp-json\/wp\/v2\/pages"}],"about":[{"href":"https:\/\/www.lesmerveillesdupacifique.com\/fr\/wp-json\/wp\/v2\/types\/page"}],"author":[{"embeddable":true,"href":"https:\/\/www.lesmerveillesdupacifique.com\/fr\/wp-json\/wp\/v2\/users\/1"}],"replies":[{"embeddable":true,"href":"https:\/\/www.lesmerveillesdupacifique.com\/fr\/wp-json\/wp\/v2\/comments?post=7"}],"version-history":[{"count":1,"href":"https:\/\/www.lesmerveillesdupacifique.com\/fr\/wp-json\/wp\/v2\/pages\/7\/revisions"}],"predecessor-version":[{"id":4310,"href":"https:\/\/www.lesmerveillesdupacifique.com\/fr\/wp-json\/wp\/v2\/pages\/7\/revisions\/4310"}],"wp:attachment":[{"href":"https:\/\/www.lesmerveillesdupacifique.com\/fr\/wp-json\/wp\/v2\/media?parent=7"}],"curies":[{"name":"wp","href":"https:\/\/api.w.org\/{rel}","templated":true}]}}