{"id":58,"date":"2018-05-14T09:17:20","date_gmt":"2018-05-14T07:17:20","guid":{"rendered":"http:\/\/www.lesmerveillesdupacifique.com\/prod\/?page_id=58"},"modified":"2025-04-14T11:40:31","modified_gmt":"2025-04-14T09:40:31","slug":"le-keshi-de-tahiti","status":"publish","type":"page","link":"https:\/\/www.lesmerveillesdupacifique.com\/fr\/le-keshi-de-tahiti\/","title":{"rendered":"Le keshi de Tahiti"},"content":{"rendered":"<p>[vc_section full_width=\u00a0\u00bbstretch_row\u00a0\u00bb full_height=\u00a0\u00bbyes\u00a0\u00bb content_placement=\u00a0\u00bbmiddle\u00a0\u00bb css=\u00a0\u00bb.vc_custom_1698677583474{background-image: url(https:\/\/www.lesmerveillesdupacifique.com\/wp-content\/uploads\/2023\/10\/23-03-MER-1016.jpg?id=4076) !important;background-position: center !important;background-repeat: no-repeat !important;background-size: cover !important;}\u00a0\u00bb el_class=\u00a0\u00bbripple-it\u00a0\u00bb][vc_row][vc_column][vc_column_text]<\/p>\n<div>\n<h1><span style=\"color: #ffffff;\">Qu\u2019est-ce que<br \/>\nle keshi ?<\/span><\/h1>\n<p>&nbsp;<\/p>\n<\/div>\n<p>[\/vc_column_text][\/vc_column][\/vc_row][\/vc_section][vc_section css=\u00a0\u00bb.vc_custom_1548247583740{padding-top: 90px !important;padding-bottom: 70px !important;}\u00a0\u00bb][vc_row][vc_column width=\u00a0\u00bb1\/4&Prime;][vc_raw_js]JTNDc2NyaXB0JTNFJTBBJTI0JTI4ZG9jdW1lbnQlMjkucmVhZHklMjhmdW5jdGlvbiUyOCUyOSUyMCU3QiUwQSUyMCUyMCUyMCUyNCUyOCUyNy5yaXBwbGUtaXQlMjclMjkucmlwcGxlcyUyOCU3QiUwQSUwOWltYWdlVXJsJTNBJTIwbnVsbCUyQyUwQSUwOXJlc29sdXRpb24lM0ElMjAyNTYlMkMlMEElMDlkcm9wUmFkaXVzJTNBJTIwMTQlMkMlMEElMDlwZXJ0dXJiYW5jZSUzQSUyMDAuMDElMkMlMEElMDlpbnRlcmFjdGl2ZSUzQSUyMHRydWUlMkMlMEElMjAlMjAlMjAlMjAlN0QlMjklM0IlMEElN0QlMjklM0IlMEElM0MlMkZzY3JpcHQlM0U=[\/vc_raw_js][\/vc_column][vc_column width=\u00a0\u00bb1\/2&Prime;][vc_column_text]<\/p>\n<h2>Le keshi ou \u00ab\u00a0graine de pavot\u00a0\u00bb en japonais<\/h2>\n<p style=\"text-align: left;\">Le keshi n\u2019est pas consid\u00e9r\u00e9 comme une perle \u00e0 proprement parl\u00e9, mais plut\u00f4t comme un produit d\u00e9riv\u00e9 ou un cousin de la perle. En effet sa formation est diff\u00e9rente de celle de la perle de culture.<\/p>\n<h2>Formation du keshi<\/h2>\n<div>Le keshi se cr\u00e9\u00e9 lorsque l&rsquo;hu\u00eetre rejette le nucl\u00e9us (le noyau sph\u00e9rique) et ne se forme qu\u2019avec le petit morceau de greffon (morceau du manteau d\u2019une hu\u00eetre perli\u00e8re) au sein d\u2019une hu\u00eetre perli\u00e8re porteuse. Ils peuvent \u00e9galement \u00eatre cultiv\u00e9s intentionnellement, c\u2019est-\u00e0-dire que seul le greffon est ins\u00e9r\u00e9 lors de la greffe. Le r\u00e9sultat est donc compos\u00e9 \u00e0 100 % de nacre. Les keshis sont tr\u00e8s appr\u00e9ci\u00e9s en joaillerie pour leur originalit\u00e9 et ceux de Tahiti sont consid\u00e9r\u00e9s comme des pi\u00e8ces exceptionnelles.<\/div>\n<h2>Taille et forme<\/h2>\n<div>Ils ont un diam\u00e8tre compris entre 1 et 15 mm et peuvent de toutes formes mais sont essentiellement baroques.<\/div>\n<p>[\/vc_column_text][\/vc_column][vc_column width=\u00a0\u00bb1\/4&Prime;][\/vc_column][\/vc_row][\/vc_section][vc_section][vc_row][vc_column][vc_images_carousel images=\u00a0\u00bb1114,1115&Prime; img_size=\u00a0\u00bbfull\u00a0\u00bb onclick=\u00a0\u00bblink_no\u00a0\u00bb speed=\u00a0\u00bb3000&Prime; autoplay=\u00a0\u00bbyes\u00a0\u00bb wrap=\u00a0\u00bbyes\u00a0\u00bb][\/vc_column][\/vc_row][\/vc_section]<\/p>","protected":false},"excerpt":{"rendered":"<p>[vc_section full_width=\u00a0\u00bbstretch_row\u00a0\u00bb full_height=\u00a0\u00bbyes\u00a0\u00bb content_placement=\u00a0\u00bbmiddle\u00a0\u00bb css=\u00a0\u00bb.vc_custom_1698677583474{background-image: url(https:\/\/www.lesmerveillesdupacifique.com\/wp-content\/uploads\/2023\/10\/23-03-MER-1016.jpg?id=4076) !important;background-position: center !important;background-repeat: no-repeat !important;background-size: cover !important;}\u00a0\u00bb el_class=\u00a0\u00bbripple-it\u00a0\u00bb][vc_row][vc_column][vc_column_text] Qu\u2019est-ce que le keshi ? &nbsp; [\/vc_column_text][\/vc_column][\/vc_row][\/vc_section][vc_section css=\u00a0\u00bb.vc_custom_1548247583740{padding-top: 90px !important;padding-bottom: 70px !important;}\u00a0\u00bb][vc_row][vc_column width=\u00a0\u00bb1\/4&Prime;][vc_raw_js]JTNDc2NyaXB0JTNFJTBBJTI0JTI4ZG9jdW1lbnQlMjkucmVhZHklMjhmdW5jdGlvbiUyOCUyOSUyMCU3QiUwQSUyMCUyMCUyMCUyNCUyOCUyNy5yaXBwbGUtaXQlMjclMjkucmlwcGxlcyUyOCU3QiUwQSUwOWltYWdlVXJsJTNBJTIwbnVsbCUyQyUwQSUwOXJlc29sdXRpb24lM0ElMjAyNTYlMkMlMEElMDlkcm9wUmFkaXVzJTNBJTIwMTQlMkMlMEElMDlwZXJ0dXJiYW5jZSUzQSUyMDAuMDElMkMlMEElMDlpbnRlcmFjdGl2ZSUzQSUyMHRydWUlMkMlMEElMjAlMjAlMjAlMjAlN0QlMjklM0IlMEElN0QlMjklM0IlMEElM0MlMkZzY3JpcHQlM0U=[\/vc_raw_js][\/vc_column][vc_column width=\u00a0\u00bb1\/2&Prime;][vc_column_text] Le keshi&hellip;<\/p>\n","protected":false},"author":1,"featured_media":0,"parent":0,"menu_order":2,"comment_status":"closed","ping_status":"closed","template":"","meta":{"_mi_skip_tracking":false},"yoast_head":"<!-- This site is optimized with the Yoast SEO plugin v18.3 - https:\/\/yoast.com\/wordpress\/plugins\/seo\/ -->\n<title>Le keshi de Tahiti : tout savoir sur ce cousin de la perle de Tahiti<\/title>\n<meta name=\"description\" content=\"Tout ce que vous devez savoir sur le keshi, d\u00e9riv\u00e9 ou cousin de la perle de culture compos\u00e9 \u00e0 100% de nacre et tr\u00e8s appr\u00e9ci\u00e9 des joailliers.\" \/>\n<meta name=\"robots\" content=\"index, follow, max-snippet:-1, max-image-preview:large, max-video-preview:-1\" \/>\n<link rel=\"canonical\" href=\"https:\/\/www.lesmerveillesdupacifique.com\/fr\/le-keshi-de-tahiti\/\" \/>\n<meta property=\"og:locale\" content=\"fr_FR\" \/>\n<meta property=\"og:type\" content=\"article\" \/>\n<meta property=\"og:title\" content=\"Le keshi de Tahiti : tout savoir sur ce cousin de la perle de Tahiti\" \/>\n<meta property=\"og:description\" content=\"Tout ce que vous devez savoir sur le keshi, d\u00e9riv\u00e9 ou cousin de la perle de culture compos\u00e9 \u00e0 100% de nacre et tr\u00e8s appr\u00e9ci\u00e9 des joailliers.\" \/>\n<meta property=\"og:url\" content=\"https:\/\/www.lesmerveillesdupacifique.com\/le-keshi-de-tahiti\/\" \/>\n<meta property=\"og:site_name\" content=\"Les Merveilles du Pacifique\" \/>\n<meta property=\"article:modified_time\" content=\"2025-04-14T09:40:31+00:00\" \/>\n<meta name=\"twitter:card\" content=\"summary_large_image\" \/>\n<meta name=\"twitter:label1\" content=\"Dur\u00e9e de lecture estim\u00e9e\" \/>\n\t<meta name=\"twitter:data1\" content=\"9 minutes\" \/>\n<script type=\"application\/ld+json\" class=\"yoast-schema-graph\">{\"@context\":\"https:\/\/schema.org\",\"@graph\":[{\"@type\":\"WebSite\",\"@id\":\"https:\/\/www.lesmerveillesdupacifique.com\/fr\/#website\",\"url\":\"https:\/\/www.lesmerveillesdupacifique.com\/fr\/\",\"name\":\"Les Merveilles du Pacifique\",\"description\":\"Perles de culture de Tahiti\",\"potentialAction\":[{\"@type\":\"SearchAction\",\"target\":{\"@type\":\"EntryPoint\",\"urlTemplate\":\"https:\/\/www.lesmerveillesdupacifique.com\/fr\/?s={search_term_string}\"},\"query-input\":\"required name=search_term_string\"}],\"inLanguage\":\"fr-FR\"},{\"@type\":\"WebPage\",\"@id\":\"https:\/\/www.lesmerveillesdupacifique.com\/le-keshi-de-tahiti\/#webpage\",\"url\":\"https:\/\/www.lesmerveillesdupacifique.com\/le-keshi-de-tahiti\/\",\"name\":\"Le keshi de Tahiti : tout savoir sur ce cousin de la perle de Tahiti\",\"isPartOf\":{\"@id\":\"https:\/\/www.lesmerveillesdupacifique.com\/fr\/#website\"},\"datePublished\":\"2018-05-14T07:17:20+00:00\",\"dateModified\":\"2025-04-14T09:40:31+00:00\",\"description\":\"Tout ce que vous devez savoir sur le keshi, d\u00e9riv\u00e9 ou cousin de la perle de culture compos\u00e9 \u00e0 100% de nacre et tr\u00e8s appr\u00e9ci\u00e9 des joailliers.\",\"breadcrumb\":{\"@id\":\"https:\/\/www.lesmerveillesdupacifique.com\/le-keshi-de-tahiti\/#breadcrumb\"},\"inLanguage\":\"fr-FR\",\"potentialAction\":[{\"@type\":\"ReadAction\",\"target\":[\"https:\/\/www.lesmerveillesdupacifique.com\/le-keshi-de-tahiti\/\"]}]},{\"@type\":\"BreadcrumbList\",\"@id\":\"https:\/\/www.lesmerveillesdupacifique.com\/le-keshi-de-tahiti\/#breadcrumb\",\"itemListElement\":[{\"@type\":\"ListItem\",\"position\":1,\"name\":\"Accueil\",\"item\":\"https:\/\/www.lesmerveillesdupacifique.com\/\"},{\"@type\":\"ListItem\",\"position\":2,\"name\":\"Le keshi de Tahiti\"}]}]}<\/script>\n<!-- \/ Yoast SEO plugin. -->","yoast_head_json":{"title":"Le keshi de Tahiti : tout savoir sur ce cousin de la perle de Tahiti","description":"Tout ce que vous devez savoir sur le keshi, d\u00e9riv\u00e9 ou cousin de la perle de culture compos\u00e9 \u00e0 100% de nacre et tr\u00e8s appr\u00e9ci\u00e9 des joailliers.","robots":{"index":"index","follow":"follow","max-snippet":"max-snippet:-1","max-image-preview":"max-image-preview:large","max-video-preview":"max-video-preview:-1"},"canonical":"https:\/\/www.lesmerveillesdupacifique.com\/fr\/le-keshi-de-tahiti\/","og_locale":"fr_FR","og_type":"article","og_title":"Le keshi de Tahiti : tout savoir sur ce cousin de la perle de Tahiti","og_description":"Tout ce que vous devez savoir sur le keshi, d\u00e9riv\u00e9 ou cousin de la perle de culture compos\u00e9 \u00e0 100% de nacre et tr\u00e8s appr\u00e9ci\u00e9 des joailliers.","og_url":"https:\/\/www.lesmerveillesdupacifique.com\/le-keshi-de-tahiti\/","og_site_name":"Les Merveilles du Pacifique","article_modified_time":"2025-04-14T09:40:31+00:00","twitter_card":"summary_large_image","twitter_misc":{"Dur\u00e9e de lecture estim\u00e9e":"9 minutes"},"schema":{"@context":"https:\/\/schema.org","@graph":[{"@type":"WebSite","@id":"https:\/\/www.lesmerveillesdupacifique.com\/fr\/#website","url":"https:\/\/www.lesmerveillesdupacifique.com\/fr\/","name":"Les Merveilles du Pacifique","description":"Perles de culture de Tahiti","potentialAction":[{"@type":"SearchAction","target":{"@type":"EntryPoint","urlTemplate":"https:\/\/www.lesmerveillesdupacifique.com\/fr\/?s={search_term_string}"},"query-input":"required name=search_term_string"}],"inLanguage":"fr-FR"},{"@type":"WebPage","@id":"https:\/\/www.lesmerveillesdupacifique.com\/le-keshi-de-tahiti\/#webpage","url":"https:\/\/www.lesmerveillesdupacifique.com\/le-keshi-de-tahiti\/","name":"Le keshi de Tahiti : tout savoir sur ce cousin de la perle de Tahiti","isPartOf":{"@id":"https:\/\/www.lesmerveillesdupacifique.com\/fr\/#website"},"datePublished":"2018-05-14T07:17:20+00:00","dateModified":"2025-04-14T09:40:31+00:00","description":"Tout ce que vous devez savoir sur le keshi, d\u00e9riv\u00e9 ou cousin de la perle de culture compos\u00e9 \u00e0 100% de nacre et tr\u00e8s appr\u00e9ci\u00e9 des joailliers.","breadcrumb":{"@id":"https:\/\/www.lesmerveillesdupacifique.com\/le-keshi-de-tahiti\/#breadcrumb"},"inLanguage":"fr-FR","potentialAction":[{"@type":"ReadAction","target":["https:\/\/www.lesmerveillesdupacifique.com\/le-keshi-de-tahiti\/"]}]},{"@type":"BreadcrumbList","@id":"https:\/\/www.lesmerveillesdupacifique.com\/le-keshi-de-tahiti\/#breadcrumb","itemListElement":[{"@type":"ListItem","position":1,"name":"Accueil","item":"https:\/\/www.lesmerveillesdupacifique.com\/"},{"@type":"ListItem","position":2,"name":"Le keshi de Tahiti"}]}]}},"acf":[],"_links":{"self":[{"href":"https:\/\/www.lesmerveillesdupacifique.com\/fr\/wp-json\/wp\/v2\/pages\/58"}],"collection":[{"href":"https:\/\/www.lesmerveillesdupacifique.com\/fr\/wp-json\/wp\/v2\/pages"}],"about":[{"href":"https:\/\/www.lesmerveillesdupacifique.com\/fr\/wp-json\/wp\/v2\/types\/page"}],"author":[{"embeddable":true,"href":"https:\/\/www.lesmerveillesdupacifique.com\/fr\/wp-json\/wp\/v2\/users\/1"}],"replies":[{"embeddable":true,"href":"https:\/\/www.lesmerveillesdupacifique.com\/fr\/wp-json\/wp\/v2\/comments?post=58"}],"version-history":[{"count":1,"href":"https:\/\/www.lesmerveillesdupacifique.com\/fr\/wp-json\/wp\/v2\/pages\/58\/revisions"}],"predecessor-version":[{"id":4303,"href":"https:\/\/www.lesmerveillesdupacifique.com\/fr\/wp-json\/wp\/v2\/pages\/58\/revisions\/4303"}],"wp:attachment":[{"href":"https:\/\/www.lesmerveillesdupacifique.com\/fr\/wp-json\/wp\/v2\/media?parent=58"}],"curies":[{"name":"wp","href":"https:\/\/api.w.org\/{rel}","templated":true}]}}