{"id":5,"date":"2018-03-30T09:20:42","date_gmt":"2018-03-30T07:20:42","guid":{"rendered":"http:\/\/www.lesmerveillesdupacifique.com\/prod\/?page_id=5"},"modified":"2025-04-14T11:30:37","modified_gmt":"2025-04-14T09:30:37","slug":"la-perle-de-culture-de-tahiti","status":"publish","type":"page","link":"https:\/\/www.lesmerveillesdupacifique.com\/fr\/la-perle-de-culture-de-tahiti\/","title":{"rendered":"La perle de culture de Tahiti"},"content":{"rendered":"<p>[vc_section full_width=\u00a0\u00bbstretch_row\u00a0\u00bb full_height=\u00a0\u00bbyes\u00a0\u00bb content_placement=\u00a0\u00bbmiddle\u00a0\u00bb css=\u00a0\u00bb.vc_custom_1714991768417{background-image: url(https:\/\/www.lesmerveillesdupacifique.com\/wp-content\/uploads\/2024\/05\/23-03-MER-066-scaled.jpg?id=4210) !important;background-position: center !important;background-repeat: no-repeat !important;background-size: cover !important;}\u00a0\u00bb el_class=\u00a0\u00bbripple-it\u00a0\u00bb][vc_row][vc_column width=\u00a0\u00bb1\/4&Prime;][\/vc_column][vc_column width=\u00a0\u00bb1\/2&Prime;][vc_column_text el_class=\u00a0\u00bbwhite-box-hero\u00a0\u00bb]<\/p>\n<h1 style=\"text-align: center;\"><span style=\"color: #000;\">La perle de culture de Tahiti<\/span><\/h1>\n<p style=\"text-align: center;\">La beaut\u00e9 de la perle de Tahiti d\u00e9coule de ce que la nature a de plus beau \u00e0 nous offrir mais aussi gr\u00e2ce \u00e0 une main d\u2019\u0153uvre qualifi\u00e9e pour le travail complexe et d\u00e9licat de la perliculture.<\/p>\n<p>[\/vc_column_text][\/vc_column][vc_column width=\u00a0\u00bb1\/4&Prime;][\/vc_column][\/vc_row][\/vc_section][vc_section full_width=\u00a0\u00bbstretch_row_content\u00a0\u00bb css=\u00a0\u00bb.vc_custom_1526544188055{margin: 0px !important;border-width: 0px !important;padding: 0px !important;background-color: #f9f9f9 !important;}\u00a0\u00bb][vc_row full_width=\u00a0\u00bbstretch_row_content_no_spaces\u00a0\u00bb content_placement=\u00a0\u00bbmiddle\u00a0\u00bb][vc_column width=\u00a0\u00bb1\/2&Prime; css=\u00a0\u00bb.vc_custom_1526542990478{padding-right: 13% !important;padding-left: 13% !important;}\u00a0\u00bb][vc_column_text]<\/p>\n<h2 style=\"text-align: center;\">Qu\u2019est-ce que<br \/>\nla perle de Tahiti\u00a0?<\/h2>\n<p style=\"text-align: center;\">La perle de Tahiti est une perle de culture qui est cultiv\u00e9e exclusivement dans les lagons polyn\u00e9siens, dans l\u2019hu\u00eetre \u00e0 l\u00e8vres noires, autrement appel\u00e9e Pinctada Margaritifera.<br \/>\nSa formation n\u00e9cessite la main de l\u2019homme, lors de la greffe, d\u2019o\u00f9 son nom perle de culture. En revanche suite \u00e0 cette \u00e9tape, le processus du d\u00e9veloppement de la perle est naturel.<br \/>\nParmi toutes les perles qui existent, la perle de Tahiti poss\u00e8de le plus grand panel de couleurs. Elle peut \u00eatre verte, bleue, grise, noire, aubergine, bronze, chocolat, rose etc.<\/p>\n<p style=\"text-align: center;\">Afin de pr\u00e9server l\u2019image et la qualit\u00e9 de la Perle de culture de Tahiti, le gouvernement polyn\u00e9sien interdit de traiter la couleur ou de retailler les perles.<br \/>\nCes r\u00e8glementations ont permis \u00e0 la perle de Tahiti de devenir une des perles les plus prot\u00e9g\u00e9es et par cons\u00e9quent une des perles les plus recherch\u00e9es au monde.[\/vc_column_text][\/vc_column][vc_column width=\u00a0\u00bb1\/2&Prime;][vc_single_image image=\u00a0\u00bb4212&Prime; img_size=\u00a0\u00bbfull\u00a0\u00bb css=\u00a0\u00bb.vc_custom_1714991860230{margin-bottom: 0px !important;}\u00a0\u00bb][\/vc_column][\/vc_row][\/vc_section][vc_section full_width=\u00a0\u00bbstretch_row_content\u00a0\u00bb css=\u00a0\u00bb.vc_custom_1526544230546{margin: 0px !important;border-width: 0px !important;padding: 0px !important;background-color: #f9f9f9 !important;}\u00a0\u00bb][vc_row full_width=\u00a0\u00bbstretch_row_content_no_spaces\u00a0\u00bb content_placement=\u00a0\u00bbmiddle\u00a0\u00bb][vc_column width=\u00a0\u00bb1\/2&Prime;][vc_column_text css=\u00a0\u00bb.vc_custom_1715873718858{margin-bottom: 0px !important;}\u00a0\u00bb]https:\/\/youtu.be\/8pqRGXTzdFE[\/vc_column_text][\/vc_column][vc_column width=\u00a0\u00bb1\/2&Prime; css=\u00a0\u00bb.vc_custom_1526543139723{padding-right: 13% !important;padding-left: 13% !important;}\u00a0\u00bb][vc_column_text]<\/p>\n<h2 style=\"text-align: center;\">La perliculture<\/h2>\n<p style=\"text-align: center;\">Autrefois, les perles \u00e9taient obtenues uniquement par pur hasard. Il s\u2019agissait de perles fines aussi appel\u00e9es perles naturelles.<br \/>\nLa perle de culture est n\u00e9e au d\u00e9but du 20\u00e8me si\u00e8cle au Japon, avant de s\u2019\u00e9tendre dans tous les archipels de l\u2019Oc\u00e9an Pacifique.<\/p>\n<p style=\"text-align: center;\">La perliculture pour la perle de Tahiti a \u00e9t\u00e9 mise au point dans les ann\u00e9es 1960 dans les lagons polyn\u00e9siens.<\/p>\n<p style=\"text-align: center;\">Les perles naturelles existent toujours mais sont moins recherch\u00e9es malgr\u00e9 leur raret\u00e9 car elles sont souvent irr\u00e9guli\u00e8res et tr\u00e8s on\u00e9reuses.<\/p>\n<p>[\/vc_column_text][\/vc_column][\/vc_row][\/vc_section][vc_section full_width=\u00a0\u00bbstretch_row_content\u00a0\u00bb css=\u00a0\u00bb.vc_custom_1526556748513{margin-top: 0px !important;margin-right: 0px !important;margin-bottom: 0px !important;margin-left: 0px !important;border-top-width: 0px !important;border-right-width: 0px !important;border-bottom-width: 0px !important;border-left-width: 0px !important;padding-top: 0px !important;padding-right: 0px !important;padding-bottom: 0px !important;padding-left: 0px !important;background-color: #f9f9f9 !important;}\u00a0\u00bb][vc_row full_width=\u00a0\u00bbstretch_row_content_no_spaces\u00a0\u00bb content_placement=\u00a0\u00bbmiddle\u00a0\u00bb][vc_column width=\u00a0\u00bb1\/2&Prime; css=\u00a0\u00bb.vc_custom_1526543311111{padding-right: 13% !important;padding-left: 13% !important;}\u00a0\u00bb][vc_column_text]<\/p>\n<h2 style=\"text-align: center;\">La vie dans<br \/>\nles fermes perli\u00e8res<\/h2>\n<p style=\"text-align: center;\">La culture de la Perle de Tahiti n\u00e9cessite une excellente qualit\u00e9 de vie des hu\u00eetres et un entretien assidu des nacres. \u2028Le m\u00e9tier de perliculteur est un dur m\u00e9tier qui commence tr\u00e8s t\u00f4t le matin et n\u00e9cessite beaucoup d\u2019\u00e9nergie.\u2028 Les greffeurs qui se trouvent au d\u00e9but de la cha\u00eene r\u00e9alisent un v\u00e9ritable travail de chirurgien. C\u2019est seulement apr\u00e8s de nombreuses ann\u00e9es d\u2019exercice qu\u2019ils r\u00e9ussissent la majorit\u00e9 de leurs greffes.<\/p>\n<p style=\"text-align: center;\">Les p\u00eacheurs soul\u00e8vent de lourds chapelets et filets de nacres, qu\u2019ils nettoient r\u00e9guli\u00e8rement afin que l\u2019hu\u00eetre s\u2019alimente au mieux. Tout ce travail se fait sous la chaleur des Tuamotu Gambier.<\/p>\n<p>[\/vc_column_text][\/vc_column][vc_column width=\u00a0\u00bb1\/2&Prime;][vc_single_image image=\u00a0\u00bb4215&Prime; img_size=\u00a0\u00bbfull\u00a0\u00bb css=\u00a0\u00bb.vc_custom_1714992028530{margin-bottom: 0px !important;}\u00a0\u00bb][\/vc_column][\/vc_row][\/vc_section][vc_section full_width=\u00a0\u00bbstretch_row_content\u00a0\u00bb css=\u00a0\u00bb.vc_custom_1526556754206{margin-top: 0px !important;margin-right: 0px !important;margin-bottom: 0px !important;margin-left: 0px !important;border-top-width: 0px !important;border-right-width: 0px !important;border-bottom-width: 0px !important;border-left-width: 0px !important;padding-top: 0px !important;padding-right: 0px !important;padding-bottom: 0px !important;padding-left: 0px !important;background-color: #f9f9f9 !important;}\u00a0\u00bb][vc_row full_width=\u00a0\u00bbstretch_row_content_no_spaces\u00a0\u00bb content_placement=\u00a0\u00bbmiddle\u00a0\u00bb][vc_column width=\u00a0\u00bb1\/2&Prime;][vc_single_image image=\u00a0\u00bb4220&Prime; img_size=\u00a0\u00bbfull\u00a0\u00bb css=\u00a0\u00bb.vc_custom_1715873016977{margin-bottom: 0px !important;}\u00a0\u00bb][\/vc_column][vc_column width=\u00a0\u00bb1\/2&Prime; css=\u00a0\u00bb.vc_custom_1526554875205{padding-right: 13% !important;padding-left: 13% !important;}\u00a0\u00bb][vc_column_text]<\/p>\n<h2 style=\"text-align: center;\">La perle grav\u00e9e<\/h2>\n<p style=\"text-align: center;\">Nous faisons graver des perles rondes et baroques \u00e0 Tahiti par des tatoueurs de renom. \u2028Cet art de la gravure est un savoir-faire local. La culture tahitienne est au c\u0153ur de ces perles dont les motifs font allusion aux tatouages maoris.<br \/>\nGraver la nacre requiert une maitrise parfaite de cette technique artisanale car la mati\u00e8re est tr\u00e8s molle et le tatoueur n\u2019est pas \u00e0 l\u2019abri du moindre d\u00e9rapage.[\/vc_column_text][\/vc_column][\/vc_row][\/vc_section][vc_section full_width=\u00a0\u00bbstretch_row_content\u00a0\u00bb css=\u00a0\u00bb.vc_custom_1526556754206{margin-top: 0px !important;margin-right: 0px !important;margin-bottom: 0px !important;margin-left: 0px !important;border-top-width: 0px !important;border-right-width: 0px !important;border-bottom-width: 0px !important;border-left-width: 0px !important;padding-top: 0px !important;padding-right: 0px !important;padding-bottom: 0px !important;padding-left: 0px !important;background-color: #f9f9f9 !important;}\u00a0\u00bb][vc_row full_width=\u00a0\u00bbstretch_row_content_no_spaces\u00a0\u00bb content_placement=\u00a0\u00bbmiddle\u00a0\u00bb][vc_column width=\u00a0\u00bb1\/2&Prime; css=\u00a0\u00bb.vc_custom_1526558579025{padding-right: 13% !important;padding-left: 13% !important;}\u00a0\u00bb][vc_column_text]<\/p>\n<h2 style=\"text-align: center;\">Le per\u00e7age des perles<\/h2>\n<p style=\"text-align: center;\">Le per\u00e7age des perles n\u00e9cessite une machine qui permet de percer celles-ci en les maintenant parfaitement dans leur axe de sym\u00e9trie de moiti\u00e9 ou de part en part.<\/p>\n<p style=\"text-align: center;\">\u2028\u2028Nous offrons \u00e0 nos clients la possibilit\u00e9 de percer les perles achet\u00e9es dans le diam\u00e8tre qu\u2019ils souhaitent.[\/vc_column_text][\/vc_column][vc_column width=\u00a0\u00bb1\/2&Prime;][vc_single_image image=\u00a0\u00bb210&Prime; img_size=\u00a0\u00bbfull\u00a0\u00bb css=\u00a0\u00bb.vc_custom_1589904988213{margin-bottom: 0px !important;}\u00a0\u00bb][\/vc_column][\/vc_row][\/vc_section]<\/p>","protected":false},"excerpt":{"rendered":"<p>[vc_section full_width=\u00a0\u00bbstretch_row\u00a0\u00bb full_height=\u00a0\u00bbyes\u00a0\u00bb content_placement=\u00a0\u00bbmiddle\u00a0\u00bb css=\u00a0\u00bb.vc_custom_1714991768417{background-image: url(https:\/\/www.lesmerveillesdupacifique.com\/wp-content\/uploads\/2024\/05\/23-03-MER-066-scaled.jpg?id=4210) !important;background-position: center !important;background-repeat: no-repeat !important;background-size: cover !important;}\u00a0\u00bb el_class=\u00a0\u00bbripple-it\u00a0\u00bb][vc_row][vc_column width=\u00a0\u00bb1\/4&Prime;][\/vc_column][vc_column width=\u00a0\u00bb1\/2&Prime;][vc_column_text el_class=\u00a0\u00bbwhite-box-hero\u00a0\u00bb] La perle de culture de Tahiti La beaut\u00e9 de la perle de Tahiti&hellip;<\/p>\n","protected":false},"author":1,"featured_media":0,"parent":0,"menu_order":1,"comment_status":"closed","ping_status":"closed","template":"","meta":{"_mi_skip_tracking":false},"yoast_head":"<!-- This site is optimized with the Yoast SEO plugin v18.3 - https:\/\/yoast.com\/wordpress\/plugins\/seo\/ -->\n<title>La perle de culture de Tahiti - Les Merveilles du Pacifique<\/title>\n<meta name=\"description\" content=\"Qu&#039;est-ce que la perle de culture de Tahiti et comment se forme-t-elle dans les fermes perli\u00e8res sp\u00e9cialis\u00e9es en perliculture ? Tout savoir avec Les Merveilles du Pacifique.\" \/>\n<meta name=\"robots\" content=\"index, follow, max-snippet:-1, max-image-preview:large, max-video-preview:-1\" \/>\n<link rel=\"canonical\" href=\"https:\/\/www.lesmerveillesdupacifique.com\/fr\/la-perle-de-culture-de-tahiti\/\" \/>\n<meta property=\"og:locale\" content=\"fr_FR\" \/>\n<meta property=\"og:type\" content=\"article\" \/>\n<meta property=\"og:title\" content=\"La perle de culture de Tahiti - Les Merveilles du Pacifique\" \/>\n<meta property=\"og:description\" content=\"Qu&#039;est-ce que la perle de culture de Tahiti et comment se forme-t-elle dans les fermes perli\u00e8res sp\u00e9cialis\u00e9es en perliculture ? Tout savoir avec Les Merveilles du Pacifique.\" \/>\n<meta property=\"og:url\" content=\"https:\/\/www.lesmerveillesdupacifique.com\/la-perle-de-culture-de-tahiti\/\" \/>\n<meta property=\"og:site_name\" content=\"Les Merveilles du Pacifique\" \/>\n<meta property=\"article:modified_time\" content=\"2025-04-14T09:30:37+00:00\" \/>\n<meta name=\"twitter:card\" content=\"summary_large_image\" \/>\n<meta name=\"twitter:label1\" content=\"Dur\u00e9e de lecture estim\u00e9e\" \/>\n\t<meta name=\"twitter:data1\" content=\"5 minutes\" \/>\n<script type=\"application\/ld+json\" class=\"yoast-schema-graph\">{\"@context\":\"https:\/\/schema.org\",\"@graph\":[{\"@type\":\"WebSite\",\"@id\":\"https:\/\/www.lesmerveillesdupacifique.com\/fr\/#website\",\"url\":\"https:\/\/www.lesmerveillesdupacifique.com\/fr\/\",\"name\":\"Les Merveilles du Pacifique\",\"description\":\"Perles de culture de Tahiti\",\"potentialAction\":[{\"@type\":\"SearchAction\",\"target\":{\"@type\":\"EntryPoint\",\"urlTemplate\":\"https:\/\/www.lesmerveillesdupacifique.com\/fr\/?s={search_term_string}\"},\"query-input\":\"required name=search_term_string\"}],\"inLanguage\":\"fr-FR\"},{\"@type\":\"WebPage\",\"@id\":\"https:\/\/www.lesmerveillesdupacifique.com\/la-perle-de-culture-de-tahiti\/#webpage\",\"url\":\"https:\/\/www.lesmerveillesdupacifique.com\/la-perle-de-culture-de-tahiti\/\",\"name\":\"La perle de culture de Tahiti - Les Merveilles du Pacifique\",\"isPartOf\":{\"@id\":\"https:\/\/www.lesmerveillesdupacifique.com\/fr\/#website\"},\"datePublished\":\"2018-03-30T07:20:42+00:00\",\"dateModified\":\"2025-04-14T09:30:37+00:00\",\"description\":\"Qu'est-ce que la perle de culture de Tahiti et comment se forme-t-elle dans les fermes perli\u00e8res sp\u00e9cialis\u00e9es en perliculture ? Tout savoir avec Les Merveilles du Pacifique.\",\"breadcrumb\":{\"@id\":\"https:\/\/www.lesmerveillesdupacifique.com\/la-perle-de-culture-de-tahiti\/#breadcrumb\"},\"inLanguage\":\"fr-FR\",\"potentialAction\":[{\"@type\":\"ReadAction\",\"target\":[\"https:\/\/www.lesmerveillesdupacifique.com\/la-perle-de-culture-de-tahiti\/\"]}]},{\"@type\":\"BreadcrumbList\",\"@id\":\"https:\/\/www.lesmerveillesdupacifique.com\/la-perle-de-culture-de-tahiti\/#breadcrumb\",\"itemListElement\":[{\"@type\":\"ListItem\",\"position\":1,\"name\":\"Accueil\",\"item\":\"https:\/\/www.lesmerveillesdupacifique.com\/\"},{\"@type\":\"ListItem\",\"position\":2,\"name\":\"La perle de culture de Tahiti\"}]}]}<\/script>\n<!-- \/ Yoast SEO plugin. -->","yoast_head_json":{"title":"La perle de culture de Tahiti - Les Merveilles du Pacifique","description":"Qu'est-ce que la perle de culture de Tahiti et comment se forme-t-elle dans les fermes perli\u00e8res sp\u00e9cialis\u00e9es en perliculture ? Tout savoir avec Les Merveilles du Pacifique.","robots":{"index":"index","follow":"follow","max-snippet":"max-snippet:-1","max-image-preview":"max-image-preview:large","max-video-preview":"max-video-preview:-1"},"canonical":"https:\/\/www.lesmerveillesdupacifique.com\/fr\/la-perle-de-culture-de-tahiti\/","og_locale":"fr_FR","og_type":"article","og_title":"La perle de culture de Tahiti - Les Merveilles du Pacifique","og_description":"Qu'est-ce que la perle de culture de Tahiti et comment se forme-t-elle dans les fermes perli\u00e8res sp\u00e9cialis\u00e9es en perliculture ? Tout savoir avec Les Merveilles du Pacifique.","og_url":"https:\/\/www.lesmerveillesdupacifique.com\/la-perle-de-culture-de-tahiti\/","og_site_name":"Les Merveilles du Pacifique","article_modified_time":"2025-04-14T09:30:37+00:00","twitter_card":"summary_large_image","twitter_misc":{"Dur\u00e9e de lecture estim\u00e9e":"5 minutes"},"schema":{"@context":"https:\/\/schema.org","@graph":[{"@type":"WebSite","@id":"https:\/\/www.lesmerveillesdupacifique.com\/fr\/#website","url":"https:\/\/www.lesmerveillesdupacifique.com\/fr\/","name":"Les Merveilles du Pacifique","description":"Perles de culture de Tahiti","potentialAction":[{"@type":"SearchAction","target":{"@type":"EntryPoint","urlTemplate":"https:\/\/www.lesmerveillesdupacifique.com\/fr\/?s={search_term_string}"},"query-input":"required name=search_term_string"}],"inLanguage":"fr-FR"},{"@type":"WebPage","@id":"https:\/\/www.lesmerveillesdupacifique.com\/la-perle-de-culture-de-tahiti\/#webpage","url":"https:\/\/www.lesmerveillesdupacifique.com\/la-perle-de-culture-de-tahiti\/","name":"La perle de culture de Tahiti - Les Merveilles du Pacifique","isPartOf":{"@id":"https:\/\/www.lesmerveillesdupacifique.com\/fr\/#website"},"datePublished":"2018-03-30T07:20:42+00:00","dateModified":"2025-04-14T09:30:37+00:00","description":"Qu'est-ce que la perle de culture de Tahiti et comment se forme-t-elle dans les fermes perli\u00e8res sp\u00e9cialis\u00e9es en perliculture ? Tout savoir avec Les Merveilles du Pacifique.","breadcrumb":{"@id":"https:\/\/www.lesmerveillesdupacifique.com\/la-perle-de-culture-de-tahiti\/#breadcrumb"},"inLanguage":"fr-FR","potentialAction":[{"@type":"ReadAction","target":["https:\/\/www.lesmerveillesdupacifique.com\/la-perle-de-culture-de-tahiti\/"]}]},{"@type":"BreadcrumbList","@id":"https:\/\/www.lesmerveillesdupacifique.com\/la-perle-de-culture-de-tahiti\/#breadcrumb","itemListElement":[{"@type":"ListItem","position":1,"name":"Accueil","item":"https:\/\/www.lesmerveillesdupacifique.com\/"},{"@type":"ListItem","position":2,"name":"La perle de culture de Tahiti"}]}]}},"acf":[],"_links":{"self":[{"href":"https:\/\/www.lesmerveillesdupacifique.com\/fr\/wp-json\/wp\/v2\/pages\/5"}],"collection":[{"href":"https:\/\/www.lesmerveillesdupacifique.com\/fr\/wp-json\/wp\/v2\/pages"}],"about":[{"href":"https:\/\/www.lesmerveillesdupacifique.com\/fr\/wp-json\/wp\/v2\/types\/page"}],"author":[{"embeddable":true,"href":"https:\/\/www.lesmerveillesdupacifique.com\/fr\/wp-json\/wp\/v2\/users\/1"}],"replies":[{"embeddable":true,"href":"https:\/\/www.lesmerveillesdupacifique.com\/fr\/wp-json\/wp\/v2\/comments?post=5"}],"version-history":[{"count":1,"href":"https:\/\/www.lesmerveillesdupacifique.com\/fr\/wp-json\/wp\/v2\/pages\/5\/revisions"}],"predecessor-version":[{"id":4302,"href":"https:\/\/www.lesmerveillesdupacifique.com\/fr\/wp-json\/wp\/v2\/pages\/5\/revisions\/4302"}],"wp:attachment":[{"href":"https:\/\/www.lesmerveillesdupacifique.com\/fr\/wp-json\/wp\/v2\/media?parent=5"}],"curies":[{"name":"wp","href":"https:\/\/api.w.org\/{rel}","templated":true}]}}