{"id":3830,"date":"2023-02-23T10:15:21","date_gmt":"2023-02-23T09:15:21","guid":{"rendered":"https:\/\/www.lesmerveillesdupacifique.com\/?page_id=3830"},"modified":"2023-03-09T15:09:29","modified_gmt":"2023-03-09T14:09:29","slug":"livraison-et-retour","status":"publish","type":"page","link":"https:\/\/www.lesmerveillesdupacifique.com\/fr\/livraison-et-retour\/","title":{"rendered":"Livraison et retour"},"content":{"rendered":"<p><strong>Modalit\u00e9s de livraison :\u00a0<\/strong><\/p>\n<p>Livraison standard offerte en France m\u00e9tropolitaine. Livraison \u00e0 l&rsquo;internationale disponible, frais applicables selon transporteur. Nous garantissons une exp\u00e9dition sous 1 \u00e0 3 jours ouvrables et le Click &amp; Collect disponible en 2h au showroom.<\/p>\n<p>Tous les bijoux seront livr\u00e9s dans un \u00e9crin avec sac et certificat d&rsquo;authenticit\u00e9 unique sign\u00e9 Les Merveilles du Pacifique.<\/p>\n<p><strong>Retour et \u00e9changes :\u00a0<\/strong><\/p>\n<p>Possibilit\u00e9 d&rsquo;\u00e9changer ou de retourner le produit sous 14 jours \u00e0 compter de la r\u00e9ception du colis, soigneusement emball\u00e9 comme re\u00e7u, avec les documents de retour.<\/p>","protected":false},"excerpt":{"rendered":"<p>Modalit\u00e9s de livraison :\u00a0 Livraison standard offerte en France m\u00e9tropolitaine. Livraison \u00e0 l&rsquo;internationale disponible, frais applicables selon transporteur. Nous garantissons une exp\u00e9dition sous 1 \u00e0 3 jours ouvrables et le&hellip;<\/p>\n","protected":false},"author":6,"featured_media":0,"parent":0,"menu_order":0,"comment_status":"closed","ping_status":"closed","template":"","meta":{"_mi_skip_tracking":false},"yoast_head":"<!-- This site is optimized with the Yoast SEO plugin v18.3 - https:\/\/yoast.com\/wordpress\/plugins\/seo\/ -->\n<title>Livraison et retour - Les Merveilles du Pacifique<\/title>\n<meta name=\"robots\" content=\"index, follow, max-snippet:-1, max-image-preview:large, max-video-preview:-1\" \/>\n<link rel=\"canonical\" href=\"https:\/\/www.lesmerveillesdupacifique.com\/fr\/livraison-et-retour\/\" \/>\n<meta property=\"og:locale\" content=\"fr_FR\" \/>\n<meta property=\"og:type\" content=\"article\" \/>\n<meta property=\"og:title\" content=\"Livraison et retour - Les Merveilles du Pacifique\" \/>\n<meta property=\"og:description\" content=\"Modalit\u00e9s de livraison :\u00a0 Livraison standard offerte en France m\u00e9tropolitaine. Livraison \u00e0 l&rsquo;internationale disponible, frais applicables selon transporteur. Nous garantissons une exp\u00e9dition sous 1 \u00e0 3 jours ouvrables et le&hellip;\" \/>\n<meta property=\"og:url\" content=\"https:\/\/www.lesmerveillesdupacifique.com\/livraison-et-retour\/\" \/>\n<meta property=\"og:site_name\" content=\"Les Merveilles du Pacifique\" \/>\n<meta property=\"article:modified_time\" content=\"2023-03-09T14:09:29+00:00\" \/>\n<meta name=\"twitter:card\" content=\"summary_large_image\" \/>\n<meta name=\"twitter:label1\" content=\"Dur\u00e9e de lecture estim\u00e9e\" \/>\n\t<meta name=\"twitter:data1\" content=\"1 minute\" \/>\n<script type=\"application\/ld+json\" class=\"yoast-schema-graph\">{\"@context\":\"https:\/\/schema.org\",\"@graph\":[{\"@type\":\"WebSite\",\"@id\":\"https:\/\/www.lesmerveillesdupacifique.com\/fr\/#website\",\"url\":\"https:\/\/www.lesmerveillesdupacifique.com\/fr\/\",\"name\":\"Les Merveilles du Pacifique\",\"description\":\"Perles de culture de Tahiti\",\"potentialAction\":[{\"@type\":\"SearchAction\",\"target\":{\"@type\":\"EntryPoint\",\"urlTemplate\":\"https:\/\/www.lesmerveillesdupacifique.com\/fr\/?s={search_term_string}\"},\"query-input\":\"required name=search_term_string\"}],\"inLanguage\":\"fr-FR\"},{\"@type\":\"WebPage\",\"@id\":\"https:\/\/www.lesmerveillesdupacifique.com\/livraison-et-retour\/#webpage\",\"url\":\"https:\/\/www.lesmerveillesdupacifique.com\/livraison-et-retour\/\",\"name\":\"Livraison et retour - Les Merveilles du Pacifique\",\"isPartOf\":{\"@id\":\"https:\/\/www.lesmerveillesdupacifique.com\/fr\/#website\"},\"datePublished\":\"2023-02-23T09:15:21+00:00\",\"dateModified\":\"2023-03-09T14:09:29+00:00\",\"breadcrumb\":{\"@id\":\"https:\/\/www.lesmerveillesdupacifique.com\/livraison-et-retour\/#breadcrumb\"},\"inLanguage\":\"fr-FR\",\"potentialAction\":[{\"@type\":\"ReadAction\",\"target\":[\"https:\/\/www.lesmerveillesdupacifique.com\/livraison-et-retour\/\"]}]},{\"@type\":\"BreadcrumbList\",\"@id\":\"https:\/\/www.lesmerveillesdupacifique.com\/livraison-et-retour\/#breadcrumb\",\"itemListElement\":[{\"@type\":\"ListItem\",\"position\":1,\"name\":\"Accueil\",\"item\":\"https:\/\/www.lesmerveillesdupacifique.com\/\"},{\"@type\":\"ListItem\",\"position\":2,\"name\":\"Livraison et retour\"}]}]}<\/script>\n<!-- \/ Yoast SEO plugin. -->","yoast_head_json":{"title":"Livraison et retour - Les Merveilles du Pacifique","robots":{"index":"index","follow":"follow","max-snippet":"max-snippet:-1","max-image-preview":"max-image-preview:large","max-video-preview":"max-video-preview:-1"},"canonical":"https:\/\/www.lesmerveillesdupacifique.com\/fr\/livraison-et-retour\/","og_locale":"fr_FR","og_type":"article","og_title":"Livraison et retour - Les Merveilles du Pacifique","og_description":"Modalit\u00e9s de livraison :\u00a0 Livraison standard offerte en France m\u00e9tropolitaine. Livraison \u00e0 l&rsquo;internationale disponible, frais applicables selon transporteur. Nous garantissons une exp\u00e9dition sous 1 \u00e0 3 jours ouvrables et le&hellip;","og_url":"https:\/\/www.lesmerveillesdupacifique.com\/livraison-et-retour\/","og_site_name":"Les Merveilles du Pacifique","article_modified_time":"2023-03-09T14:09:29+00:00","twitter_card":"summary_large_image","twitter_misc":{"Dur\u00e9e de lecture estim\u00e9e":"1 minute"},"schema":{"@context":"https:\/\/schema.org","@graph":[{"@type":"WebSite","@id":"https:\/\/www.lesmerveillesdupacifique.com\/fr\/#website","url":"https:\/\/www.lesmerveillesdupacifique.com\/fr\/","name":"Les Merveilles du Pacifique","description":"Perles de culture de Tahiti","potentialAction":[{"@type":"SearchAction","target":{"@type":"EntryPoint","urlTemplate":"https:\/\/www.lesmerveillesdupacifique.com\/fr\/?s={search_term_string}"},"query-input":"required name=search_term_string"}],"inLanguage":"fr-FR"},{"@type":"WebPage","@id":"https:\/\/www.lesmerveillesdupacifique.com\/livraison-et-retour\/#webpage","url":"https:\/\/www.lesmerveillesdupacifique.com\/livraison-et-retour\/","name":"Livraison et retour - Les Merveilles du Pacifique","isPartOf":{"@id":"https:\/\/www.lesmerveillesdupacifique.com\/fr\/#website"},"datePublished":"2023-02-23T09:15:21+00:00","dateModified":"2023-03-09T14:09:29+00:00","breadcrumb":{"@id":"https:\/\/www.lesmerveillesdupacifique.com\/livraison-et-retour\/#breadcrumb"},"inLanguage":"fr-FR","potentialAction":[{"@type":"ReadAction","target":["https:\/\/www.lesmerveillesdupacifique.com\/livraison-et-retour\/"]}]},{"@type":"BreadcrumbList","@id":"https:\/\/www.lesmerveillesdupacifique.com\/livraison-et-retour\/#breadcrumb","itemListElement":[{"@type":"ListItem","position":1,"name":"Accueil","item":"https:\/\/www.lesmerveillesdupacifique.com\/"},{"@type":"ListItem","position":2,"name":"Livraison et retour"}]}]}},"acf":[],"_links":{"self":[{"href":"https:\/\/www.lesmerveillesdupacifique.com\/fr\/wp-json\/wp\/v2\/pages\/3830"}],"collection":[{"href":"https:\/\/www.lesmerveillesdupacifique.com\/fr\/wp-json\/wp\/v2\/pages"}],"about":[{"href":"https:\/\/www.lesmerveillesdupacifique.com\/fr\/wp-json\/wp\/v2\/types\/page"}],"author":[{"embeddable":true,"href":"https:\/\/www.lesmerveillesdupacifique.com\/fr\/wp-json\/wp\/v2\/users\/6"}],"replies":[{"embeddable":true,"href":"https:\/\/www.lesmerveillesdupacifique.com\/fr\/wp-json\/wp\/v2\/comments?post=3830"}],"version-history":[{"count":0,"href":"https:\/\/www.lesmerveillesdupacifique.com\/fr\/wp-json\/wp\/v2\/pages\/3830\/revisions"}],"wp:attachment":[{"href":"https:\/\/www.lesmerveillesdupacifique.com\/fr\/wp-json\/wp\/v2\/media?parent=3830"}],"curies":[{"name":"wp","href":"https:\/\/api.w.org\/{rel}","templated":true}]}}