{"id":226,"date":"2018-05-18T12:08:18","date_gmt":"2018-05-18T10:08:18","guid":{"rendered":"http:\/\/www.lesmerveillesdupacifique.com\/prod\/?page_id=226"},"modified":"2025-04-14T11:40:47","modified_gmt":"2025-04-14T09:40:47","slug":"bien-entretenir-ses-perles","status":"publish","type":"page","link":"https:\/\/www.lesmerveillesdupacifique.com\/fr\/bien-entretenir-ses-perles\/","title":{"rendered":"Bien entretenir ses perles"},"content":{"rendered":"<p>[vc_row][vc_column][vc_column_text][\/vc_column_text][\/vc_column][\/vc_row][vc_section][vc_row][vc_column][vc_single_image image=\u00a0\u00bb478&Prime; img_size=\u00a0\u00bbfull\u00a0\u00bb alignment=\u00a0\u00bbcenter\u00a0\u00bb][\/vc_column][\/vc_row][\/vc_section][vc_section css=\u00a0\u00bb.vc_custom_1528795113992{padding-bottom: 70px !important;}\u00a0\u00bb][vc_row][vc_column width=\u00a0\u00bb1\/2&Prime;][vc_column_text]<\/p>\n<h2>Bon entretien\u00a0:<\/h2>\n<ul>\n<li>Bien les hydrater car elles sont compos\u00e9es de 2% d\u2019eau.<\/li>\n<li>Les porter r\u00e9guli\u00e8rement.<\/li>\n<li>Si les perles sont stock\u00e9es dans un coffre ou un endroit sec, prendre la pr\u00e9caution d\u2019ajouter un verre d\u2019eau \u00e0 c\u00f4t\u00e9 et les sortir de temps en temps.<\/li>\n<li>Vous pouvez les nettoyer avec un chiffon doux ou une serviette \u00e9ponge l\u00e9g\u00e8rement humect\u00e9 d\u2019eau <span class=\"st\">(un chiffon microfibre pour lunettes fait \u00e9galement parfaitement l&rsquo;affaire).<\/span><\/li>\n<\/ul>\n<p>[\/vc_column_text][\/vc_column][vc_column width=\u00a0\u00bb1\/2&Prime;][vc_column_text]<\/p>\n<h2>A \u00e9viter\u00a0:<span class=\"Apple-converted-space\">\u00a0<\/span><\/h2>\n<ul>\n<li>Le contact avec les acides et les produits chimiques (parfums, produits cosm\u00e9tiques, sueur, eau chlor\u00e9e\u2026).<\/li>\n<li>Ne pas les laisser dans un placard, les perles ont besoin d\u2019\u00eatre expos\u00e9es un minimum \u00e0 la lumi\u00e8re.<\/li>\n<li>\u00c9vitez de les stocker pr\u00e8s d\u2019une source de chaleur ou en plein soleil.<\/li>\n<li>Les mettre dans un coffret ou les porter avec d\u2019autres bijoux plus durs (pierres, m\u00e9tal etc.) qui seraient susceptibles de les rayer.<\/li>\n<li>Il ne faut pas les nettoyer avec des produits con\u00e7us pour l&rsquo;or ou l&rsquo;argent.<\/li>\n<li>Ce n&rsquo;est pas n\u00e9cessaire d&rsquo;utiliser des huiles pour les hydrater.<\/li>\n<\/ul>\n<p>[\/vc_column_text][\/vc_column][\/vc_row][\/vc_section][vc_row][vc_column][vc_column_text][\/vc_column_text][\/vc_column][\/vc_row]<\/p>","protected":false},"excerpt":{"rendered":"<p>[vc_row][vc_column][vc_column_text][\/vc_column_text][\/vc_column][\/vc_row][vc_section][vc_row][vc_column][vc_single_image image=\u00a0\u00bb478&Prime; img_size=\u00a0\u00bbfull\u00a0\u00bb alignment=\u00a0\u00bbcenter\u00a0\u00bb][\/vc_column][\/vc_row][\/vc_section][vc_section css=\u00a0\u00bb.vc_custom_1528795113992{padding-bottom: 70px !important;}\u00a0\u00bb][vc_row][vc_column width=\u00a0\u00bb1\/2&Prime;][vc_column_text] Bon entretien\u00a0: Bien les hydrater car elles sont compos\u00e9es de 2% d\u2019eau. Les porter r\u00e9guli\u00e8rement. Si les perles sont stock\u00e9es dans un&hellip;<\/p>\n","protected":false},"author":1,"featured_media":0,"parent":0,"menu_order":4,"comment_status":"closed","ping_status":"closed","template":"","meta":{"_mi_skip_tracking":false},"yoast_head":"<!-- This site is optimized with the Yoast SEO plugin v18.3 - https:\/\/yoast.com\/wordpress\/plugins\/seo\/ -->\n<title>Comment nettoyer et bien entretenir ses perles de culture ?<\/title>\n<meta name=\"description\" content=\"D\u00e9couvrez comment nettoyer et entretenir les perles de culture pour pr\u00e9server leur \u00e9clat naturel. Conseils d&#039;experts pour conserver la beaut\u00e9 de vos perles de Tahiti au fil du temps.\" \/>\n<meta name=\"robots\" content=\"index, follow, max-snippet:-1, max-image-preview:large, max-video-preview:-1\" \/>\n<link rel=\"canonical\" href=\"https:\/\/www.lesmerveillesdupacifique.com\/fr\/bien-entretenir-ses-perles\/\" \/>\n<meta property=\"og:locale\" content=\"fr_FR\" \/>\n<meta property=\"og:type\" content=\"article\" \/>\n<meta property=\"og:title\" content=\"Comment nettoyer et bien entretenir ses perles de culture ?\" \/>\n<meta property=\"og:description\" content=\"D\u00e9couvrez comment nettoyer et entretenir les perles de culture pour pr\u00e9server leur \u00e9clat naturel. Conseils d&#039;experts pour conserver la beaut\u00e9 de vos perles de Tahiti au fil du temps.\" \/>\n<meta property=\"og:url\" content=\"https:\/\/www.lesmerveillesdupacifique.com\/bien-entretenir-ses-perles\/\" \/>\n<meta property=\"og:site_name\" content=\"Les Merveilles du Pacifique\" \/>\n<meta property=\"article:modified_time\" content=\"2025-04-14T09:40:47+00:00\" \/>\n<meta name=\"twitter:card\" content=\"summary_large_image\" \/>\n<meta name=\"twitter:label1\" content=\"Dur\u00e9e de lecture estim\u00e9e\" \/>\n\t<meta name=\"twitter:data1\" content=\"7 minutes\" \/>\n<script type=\"application\/ld+json\" class=\"yoast-schema-graph\">{\"@context\":\"https:\/\/schema.org\",\"@graph\":[{\"@type\":\"WebSite\",\"@id\":\"https:\/\/www.lesmerveillesdupacifique.com\/fr\/#website\",\"url\":\"https:\/\/www.lesmerveillesdupacifique.com\/fr\/\",\"name\":\"Les Merveilles du Pacifique\",\"description\":\"Perles de culture de Tahiti\",\"potentialAction\":[{\"@type\":\"SearchAction\",\"target\":{\"@type\":\"EntryPoint\",\"urlTemplate\":\"https:\/\/www.lesmerveillesdupacifique.com\/fr\/?s={search_term_string}\"},\"query-input\":\"required name=search_term_string\"}],\"inLanguage\":\"fr-FR\"},{\"@type\":\"WebPage\",\"@id\":\"https:\/\/www.lesmerveillesdupacifique.com\/bien-entretenir-ses-perles\/#webpage\",\"url\":\"https:\/\/www.lesmerveillesdupacifique.com\/bien-entretenir-ses-perles\/\",\"name\":\"Comment nettoyer et bien entretenir ses perles de culture ?\",\"isPartOf\":{\"@id\":\"https:\/\/www.lesmerveillesdupacifique.com\/fr\/#website\"},\"datePublished\":\"2018-05-18T10:08:18+00:00\",\"dateModified\":\"2025-04-14T09:40:47+00:00\",\"description\":\"D\u00e9couvrez comment nettoyer et entretenir les perles de culture pour pr\u00e9server leur \u00e9clat naturel. Conseils d'experts pour conserver la beaut\u00e9 de vos perles de Tahiti au fil du temps.\",\"breadcrumb\":{\"@id\":\"https:\/\/www.lesmerveillesdupacifique.com\/bien-entretenir-ses-perles\/#breadcrumb\"},\"inLanguage\":\"fr-FR\",\"potentialAction\":[{\"@type\":\"ReadAction\",\"target\":[\"https:\/\/www.lesmerveillesdupacifique.com\/bien-entretenir-ses-perles\/\"]}]},{\"@type\":\"BreadcrumbList\",\"@id\":\"https:\/\/www.lesmerveillesdupacifique.com\/bien-entretenir-ses-perles\/#breadcrumb\",\"itemListElement\":[{\"@type\":\"ListItem\",\"position\":1,\"name\":\"Accueil\",\"item\":\"https:\/\/www.lesmerveillesdupacifique.com\/\"},{\"@type\":\"ListItem\",\"position\":2,\"name\":\"Bien entretenir ses perles\"}]}]}<\/script>\n<!-- \/ Yoast SEO plugin. -->","yoast_head_json":{"title":"Comment nettoyer et bien entretenir ses perles de culture ?","description":"D\u00e9couvrez comment nettoyer et entretenir les perles de culture pour pr\u00e9server leur \u00e9clat naturel. Conseils d'experts pour conserver la beaut\u00e9 de vos perles de Tahiti au fil du temps.","robots":{"index":"index","follow":"follow","max-snippet":"max-snippet:-1","max-image-preview":"max-image-preview:large","max-video-preview":"max-video-preview:-1"},"canonical":"https:\/\/www.lesmerveillesdupacifique.com\/fr\/bien-entretenir-ses-perles\/","og_locale":"fr_FR","og_type":"article","og_title":"Comment nettoyer et bien entretenir ses perles de culture ?","og_description":"D\u00e9couvrez comment nettoyer et entretenir les perles de culture pour pr\u00e9server leur \u00e9clat naturel. Conseils d'experts pour conserver la beaut\u00e9 de vos perles de Tahiti au fil du temps.","og_url":"https:\/\/www.lesmerveillesdupacifique.com\/bien-entretenir-ses-perles\/","og_site_name":"Les Merveilles du Pacifique","article_modified_time":"2025-04-14T09:40:47+00:00","twitter_card":"summary_large_image","twitter_misc":{"Dur\u00e9e de lecture estim\u00e9e":"7 minutes"},"schema":{"@context":"https:\/\/schema.org","@graph":[{"@type":"WebSite","@id":"https:\/\/www.lesmerveillesdupacifique.com\/fr\/#website","url":"https:\/\/www.lesmerveillesdupacifique.com\/fr\/","name":"Les Merveilles du Pacifique","description":"Perles de culture de Tahiti","potentialAction":[{"@type":"SearchAction","target":{"@type":"EntryPoint","urlTemplate":"https:\/\/www.lesmerveillesdupacifique.com\/fr\/?s={search_term_string}"},"query-input":"required name=search_term_string"}],"inLanguage":"fr-FR"},{"@type":"WebPage","@id":"https:\/\/www.lesmerveillesdupacifique.com\/bien-entretenir-ses-perles\/#webpage","url":"https:\/\/www.lesmerveillesdupacifique.com\/bien-entretenir-ses-perles\/","name":"Comment nettoyer et bien entretenir ses perles de culture ?","isPartOf":{"@id":"https:\/\/www.lesmerveillesdupacifique.com\/fr\/#website"},"datePublished":"2018-05-18T10:08:18+00:00","dateModified":"2025-04-14T09:40:47+00:00","description":"D\u00e9couvrez comment nettoyer et entretenir les perles de culture pour pr\u00e9server leur \u00e9clat naturel. Conseils d'experts pour conserver la beaut\u00e9 de vos perles de Tahiti au fil du temps.","breadcrumb":{"@id":"https:\/\/www.lesmerveillesdupacifique.com\/bien-entretenir-ses-perles\/#breadcrumb"},"inLanguage":"fr-FR","potentialAction":[{"@type":"ReadAction","target":["https:\/\/www.lesmerveillesdupacifique.com\/bien-entretenir-ses-perles\/"]}]},{"@type":"BreadcrumbList","@id":"https:\/\/www.lesmerveillesdupacifique.com\/bien-entretenir-ses-perles\/#breadcrumb","itemListElement":[{"@type":"ListItem","position":1,"name":"Accueil","item":"https:\/\/www.lesmerveillesdupacifique.com\/"},{"@type":"ListItem","position":2,"name":"Bien entretenir ses perles"}]}]}},"acf":[],"_links":{"self":[{"href":"https:\/\/www.lesmerveillesdupacifique.com\/fr\/wp-json\/wp\/v2\/pages\/226"}],"collection":[{"href":"https:\/\/www.lesmerveillesdupacifique.com\/fr\/wp-json\/wp\/v2\/pages"}],"about":[{"href":"https:\/\/www.lesmerveillesdupacifique.com\/fr\/wp-json\/wp\/v2\/types\/page"}],"author":[{"embeddable":true,"href":"https:\/\/www.lesmerveillesdupacifique.com\/fr\/wp-json\/wp\/v2\/users\/1"}],"replies":[{"embeddable":true,"href":"https:\/\/www.lesmerveillesdupacifique.com\/fr\/wp-json\/wp\/v2\/comments?post=226"}],"version-history":[{"count":1,"href":"https:\/\/www.lesmerveillesdupacifique.com\/fr\/wp-json\/wp\/v2\/pages\/226\/revisions"}],"predecessor-version":[{"id":4304,"href":"https:\/\/www.lesmerveillesdupacifique.com\/fr\/wp-json\/wp\/v2\/pages\/226\/revisions\/4304"}],"wp:attachment":[{"href":"https:\/\/www.lesmerveillesdupacifique.com\/fr\/wp-json\/wp\/v2\/media?parent=226"}],"curies":[{"name":"wp","href":"https:\/\/api.w.org\/{rel}","templated":true}]}}