{"id":224,"date":"2018-05-18T12:08:00","date_gmt":"2018-05-18T10:08:00","guid":{"rendered":"http:\/\/www.lesmerveillesdupacifique.com\/prod\/?page_id=224"},"modified":"2021-04-21T12:56:43","modified_gmt":"2021-04-21T10:56:43","slug":"criteres-de-qualite","status":"publish","type":"page","link":"https:\/\/www.lesmerveillesdupacifique.com\/fr\/criteres-de-qualite\/","title":{"rendered":"Crit\u00e8res de qualit\u00e9"},"content":{"rendered":"<p>[vc_section full_width=\u00a0\u00bbstretch_row_content\u00a0\u00bb css=\u00a0\u00bb.vc_custom_1526638628649{margin-top: 0px !important;margin-right: 0px !important;margin-bottom: 0px !important;margin-left: 0px !important;border-top-width: 0px !important;border-right-width: 0px !important;border-bottom-width: 0px !important;border-left-width: 0px !important;padding-top: 0px !important;padding-right: 0px !important;padding-bottom: 0px !important;padding-left: 0px !important;}\u00a0\u00bb][vc_row][vc_column][vc_column_text]<\/p>\n<h1 style=\"text-align: center;\">Crit\u00e8res de la perle<\/h1>\n<p style=\"text-align: center;\">Comme pour le diamant avec les 5C, la perle a ses crit\u00e8res de qualit\u00e9 qui s\u2019appellent les 5S.<br \/>\nLes 5S signifient Shape (forme), Size (taille), Shine (lustre), Surface (qualit\u00e9 de surface), Shade (nuance).<span class=\"Apple-converted-space\"><br \/>\n<\/span>Ces crit\u00e8res sont tous d\u00e9terminant pour fixer la valeur d\u2019une perle.<\/p>\n<p>[\/vc_column_text][vc_single_image image=\u00a0\u00bb243&Prime; img_size=\u00a0\u00bbfull\u00a0\u00bb alignment=\u00a0\u00bbcenter\u00a0\u00bb][\/vc_column][\/vc_row][\/vc_section][vc_section full_width=\u00a0\u00bbstretch_row_content\u00a0\u00bb css=\u00a0\u00bb.vc_custom_1539074493027{margin-top: 0px !important;margin-right: 0px !important;margin-bottom: 0px !important;margin-left: 0px !important;border-top-width: 0px !important;border-right-width: 0px !important;border-bottom-width: 0px !important;border-left-width: 0px !important;padding-top: 0px !important;padding-right: 0px !important;padding-bottom: 0px !important;padding-left: 0px !important;background-color: #f9f9f9 !important;}\u00a0\u00bb][vc_row full_width=\u00a0\u00bbstretch_row_content_no_spaces\u00a0\u00bb content_placement=\u00a0\u00bbmiddle\u00a0\u00bb][vc_column width=\u00a0\u00bb1\/2&Prime; css=\u00a0\u00bb.vc_custom_1526542990478{padding-right: 13% !important;padding-left: 13% !important;}\u00a0\u00bb][vc_column_text]<\/p>\n<h2 style=\"text-align: center;\">S comme Shape<br \/>\n(Forme)<\/h2>\n<p style=\"text-align: center;\">La perle de Tahiti peut \u00eatre de 7 formes diff\u00e9rentes\u00a0:<\/p>\n<p style=\"text-align: center;\"><strong>ronde<\/strong> (sph\u00e8re parfaite), <strong>bouton<\/strong> (sph\u00e8re aplatie d\u2019un c\u00f4t\u00e9 ou sph\u00e8re allong\u00e9e dans la largeur), <strong>ovale<\/strong> (sph\u00e8re allong\u00e9e dans la longueur), <strong>goutte<\/strong> (perle allong\u00e9e et parfaitement sym\u00e9trique, son nom d\u00e9crit bien sa forme), <strong>baroque<\/strong> (forme irr\u00e9guli\u00e8re et non sym\u00e9trique), <strong>semi baroque<\/strong> (pr\u00e9sente un axe de sym\u00e9trie mais poss\u00e8de une irr\u00e9gularit\u00e9 au sommet de la perle, cerclage ou autre), <strong>cercl\u00e9e<\/strong> (un ou plusieurs cercles concentriques marqu\u00e9s soit en relief soit par une variation de couleur).<\/p>\n<p style=\"text-align: center;\">A savoir, les perles rondes sont les perles les plus recherch\u00e9es et les plus ch\u00e8res des perles de Tahiti.<\/p>\n<p>[\/vc_column_text][\/vc_column][vc_column width=\u00a0\u00bb1\/2&Prime;][vc_single_image image=\u00a0\u00bb1388&Prime; img_size=\u00a0\u00bbfull\u00a0\u00bb][\/vc_column][\/vc_row][\/vc_section][vc_section full_width=\u00a0\u00bbstretch_row_content\u00a0\u00bb css=\u00a0\u00bb.vc_custom_1526556748513{margin-top: 0px !important;margin-right: 0px !important;margin-bottom: 0px !important;margin-left: 0px !important;border-top-width: 0px !important;border-right-width: 0px !important;border-bottom-width: 0px !important;border-left-width: 0px !important;padding-top: 0px !important;padding-right: 0px !important;padding-bottom: 0px !important;padding-left: 0px !important;background-color: #f9f9f9 !important;}\u00a0\u00bb][vc_row full_width=\u00a0\u00bbstretch_row_content_no_spaces\u00a0\u00bb content_placement=\u00a0\u00bbmiddle\u00a0\u00bb][vc_column width=\u00a0\u00bb1\/2&Prime;][vc_single_image image=\u00a0\u00bb3272&Prime; img_size=\u00a0\u00bbfull\u00a0\u00bb][\/vc_column][vc_column width=\u00a0\u00bb1\/2&Prime; css=\u00a0\u00bb.vc_custom_1526543311111{padding-right: 13% !important;padding-left: 13% !important;}\u00a0\u00bb][vc_column_text]<\/p>\n<h2 style=\"text-align: center;\">S comme Size<br \/>\n(Taille)<span class=\"Apple-converted-space\">\u00a0<\/span><\/h2>\n<p style=\"text-align: center;\">La taille d\u2019une perle de Tahiti varie g\u00e9n\u00e9ralement entre 8 mm et 15 mm. Les plus petites seront comprises entre 7 et 8 mm et celles-ci sont rares. Les plus grosses peuvent mesurer jusqu\u2019\u00e0 20 mm. Une perle d\u00e9passant 20 mm a un caract\u00e8re exceptionnel. Le record est pour l\u2019instant d\u00e9tenue par une perle de Tahiti atteignant les 22,5 mm.<span class=\"Apple-converted-space\">\u00a0<\/span><\/p>\n<p>[\/vc_column_text][\/vc_column][\/vc_row][\/vc_section][vc_section full_width=\u00a0\u00bbstretch_row_content\u00a0\u00bb css=\u00a0\u00bb.vc_custom_1526556754206{margin-top: 0px !important;margin-right: 0px !important;margin-bottom: 0px !important;margin-left: 0px !important;border-top-width: 0px !important;border-right-width: 0px !important;border-bottom-width: 0px !important;border-left-width: 0px !important;padding-top: 0px !important;padding-right: 0px !important;padding-bottom: 0px !important;padding-left: 0px !important;background-color: #f9f9f9 !important;}\u00a0\u00bb][vc_row full_width=\u00a0\u00bbstretch_row_content_no_spaces\u00a0\u00bb content_placement=\u00a0\u00bbmiddle\u00a0\u00bb][vc_column width=\u00a0\u00bb1\/2&Prime; css=\u00a0\u00bb.vc_custom_1526554875205{padding-right: 13% !important;padding-left: 13% !important;}\u00a0\u00bb][vc_column_text]<\/p>\n<h2 style=\"text-align: center;\">S comme Shine<br \/>\n(Lustre et Orient)<\/h2>\n<p style=\"text-align: center;\">Le lustre est la r\u00e9flexion de la lumi\u00e8re sur la surface de la perle. C\u2019est la brillance de la perle.\u00a0Il peut \u00eatre excellent, bon (soit tr\u00e8s brillant ou brillant),\u00a0p\u00e2le ou terne \/ pauvre (la perle sera mate).<\/p>\n<p style=\"text-align: center;\">L\u2019orient est la r\u00e9flexion de la lumi\u00e8re \u00e0 travers les diff\u00e9rentes couches de nacres appel\u00e9 cristaux d\u2019aragonite. Plus les couches sont fines et nombreuses, plus la perle aura d\u2019orient.\u00a0Il peut \u00eatre excellent, tr\u00e8s bon, bon, moyen ou faible.<\/p>\n<p>[\/vc_column_text][\/vc_column][vc_column width=\u00a0\u00bb1\/2&Prime;][vc_images_carousel images=\u00a0\u00bb3200,3201,3199&Prime; img_size=\u00a0\u00bbfull\u00a0\u00bb onclick=\u00a0\u00bblink_no\u00a0\u00bb speed=\u00a0\u00bb3000&Prime; autoplay=\u00a0\u00bbyes\u00a0\u00bb wrap=\u00a0\u00bbyes\u00a0\u00bb][\/vc_column][\/vc_row][\/vc_section][vc_section full_width=\u00a0\u00bbstretch_row_content\u00a0\u00bb css=\u00a0\u00bb.vc_custom_1526556754206{margin-top: 0px !important;margin-right: 0px !important;margin-bottom: 0px !important;margin-left: 0px !important;border-top-width: 0px !important;border-right-width: 0px !important;border-bottom-width: 0px !important;border-left-width: 0px !important;padding-top: 0px !important;padding-right: 0px !important;padding-bottom: 0px !important;padding-left: 0px !important;background-color: #f9f9f9 !important;}\u00a0\u00bb][vc_row full_width=\u00a0\u00bbstretch_row_content_no_spaces\u00a0\u00bb content_placement=\u00a0\u00bbmiddle\u00a0\u00bb][vc_column width=\u00a0\u00bb1\/2&Prime;][vc_images_carousel images=\u00a0\u00bb3186,3291,3183,3184,3185&Prime; img_size=\u00a0\u00bbfull\u00a0\u00bb onclick=\u00a0\u00bblink_no\u00a0\u00bb speed=\u00a0\u00bb3000&Prime; autoplay=\u00a0\u00bbyes\u00a0\u00bb wrap=\u00a0\u00bbyes\u00a0\u00bb css=\u00a0\u00bb.vc_custom_1619002600172{margin-bottom: 0px !important;}\u00a0\u00bb][\/vc_column][vc_column width=\u00a0\u00bb1\/2&Prime; css=\u00a0\u00bb.vc_custom_1526558579025{padding-right: 13% !important;padding-left: 13% !important;}\u00a0\u00bb][vc_column_text]<\/p>\n<h2 style=\"text-align: center;\">S comme Surface<br \/>\n(Qualit\u00e9 de surface)<\/h2>\n<p style=\"text-align: center;\">Nous utilisons le syst\u00e8me d\u2019\u00e9valuation A-B-C-D pratiqu\u00e9 par les perliculteurs de Polyn\u00e9sie<\/p>\n<p style=\"text-align: center;\">La combinaison du lustre et de l\u2019\u00e9tat de surface permet la classification des perles de Tahiti en 5 cat\u00e9gories.<\/p>\n<p style=\"text-align: center;\"><img loading=\"lazy\" class=\"aligncenter wp-image-3208 size-full\" src=\"https:\/\/www.lesmerveillesdupacifique.com\/wp-content\/uploads\/2021\/04\/Capture-de\u0301cran-2021-04-13-a\u0300-16.18.29.png\" alt=\"\" width=\"932\" height=\"742\" srcset=\"https:\/\/www.lesmerveillesdupacifique.com\/wp-content\/uploads\/2021\/04\/Capture-de\u0301cran-2021-04-13-a\u0300-16.18.29.png 932w, https:\/\/www.lesmerveillesdupacifique.com\/wp-content\/uploads\/2021\/04\/Capture-de\u0301cran-2021-04-13-a\u0300-16.18.29-300x239.png 300w, https:\/\/www.lesmerveillesdupacifique.com\/wp-content\/uploads\/2021\/04\/Capture-de\u0301cran-2021-04-13-a\u0300-16.18.29-768x611.png 768w, https:\/\/www.lesmerveillesdupacifique.com\/wp-content\/uploads\/2021\/04\/Capture-de\u0301cran-2021-04-13-a\u0300-16.18.29-660x525.png 660w, https:\/\/www.lesmerveillesdupacifique.com\/wp-content\/uploads\/2021\/04\/Capture-de\u0301cran-2021-04-13-a\u0300-16.18.29-840x669.png 840w\" sizes=\"(max-width: 932px) 100vw, 932px\" \/><\/p>\n<p>[\/vc_column_text][\/vc_column][\/vc_row][\/vc_section][vc_section full_width=\u00a0\u00bbstretch_row_content\u00a0\u00bb css=\u00a0\u00bb.vc_custom_1526556754206{margin-top: 0px !important;margin-right: 0px !important;margin-bottom: 0px !important;margin-left: 0px !important;border-top-width: 0px !important;border-right-width: 0px !important;border-bottom-width: 0px !important;border-left-width: 0px !important;padding-top: 0px !important;padding-right: 0px !important;padding-bottom: 0px !important;padding-left: 0px !important;background-color: #f9f9f9 !important;}\u00a0\u00bb][vc_row full_width=\u00a0\u00bbstretch_row_content_no_spaces\u00a0\u00bb content_placement=\u00a0\u00bbmiddle\u00a0\u00bb][vc_column width=\u00a0\u00bb1\/2&Prime; css=\u00a0\u00bb.vc_custom_1526554875205{padding-right: 13% !important;padding-left: 13% !important;}\u00a0\u00bb][vc_column_text]<\/p>\n<h2 style=\"text-align: center;\">S comme Shade<br \/>\n(Nuance \/ Couleur)<\/h2>\n<p style=\"text-align: center;\">Les perles de culture de Tahiti poss\u00e8dent la plus diversifi\u00e9e des palettes de couleurs naturelles parmi toutes les perles du monde. Celles-ci font la grande force et la diff\u00e9rence de ces perles. Sur ce point, la Polyn\u00e9sie Fran\u00e7aise est tr\u00e8s stricte, le traitement de la couleur d\u2019une perle de Tahiti est strictement interdit (contrairement \u00e0 d\u2019autres perles). La couleur d\u2019une perle est multifactorielle et d\u00e9pend de nombreux al\u00e9as.<\/p>\n<p style=\"text-align: center;\">La plupart des couleurs ont des noms g\u00e9n\u00e9riques, il n\u2019existe pas d\u2019appellation officielle. Les couleurs qui existent le plus couramment sont aubergine, gris, noir, vert sapin, bleu nuit, bleu azur, rose. Les couleurs plus rares sont peacock ou plume de paon (une combinaison de nuances telles que bleu, vert, aubergine et ros\u00e9), vert pistache, vert tilleul, bronze, chocolat, dor\u00e9, jaune et blanc.<span class=\"Apple-converted-space\"><br \/>\n<\/span>Toutes ces teintes existent en claires, medium ou fonc\u00e9es.<br \/>\nLes perles de Tahiti poss\u00e8dent souvent une deuxi\u00e8me teinte dans une m\u00eame perle.<\/p>\n<p style=\"text-align: center;\">Elles font l\u2019objet de pr\u00e9f\u00e9rence selon la zone g\u00e9ographique dans laquelle elles sont vendues.<\/p>\n<p>[\/vc_column_text][\/vc_column][vc_column width=\u00a0\u00bb1\/2&Prime;][vc_single_image image=\u00a0\u00bb986&Prime; img_size=\u00a0\u00bbfull\u00a0\u00bb][\/vc_column][\/vc_row][\/vc_section]<\/p>","protected":false},"excerpt":{"rendered":"<p>[vc_section full_width=\u00a0\u00bbstretch_row_content\u00a0\u00bb css=\u00a0\u00bb.vc_custom_1526638628649{margin-top: 0px !important;margin-right: 0px !important;margin-bottom: 0px !important;margin-left: 0px !important;border-top-width: 0px !important;border-right-width: 0px !important;border-bottom-width: 0px !important;border-left-width: 0px !important;padding-top: 0px !important;padding-right: 0px !important;padding-bottom: 0px !important;padding-left: 0px !important;}\u00a0\u00bb][vc_row][vc_column][vc_column_text] Crit\u00e8res de la&hellip;<\/p>\n","protected":false},"author":1,"featured_media":0,"parent":0,"menu_order":3,"comment_status":"closed","ping_status":"closed","template":"","meta":{"_mi_skip_tracking":false},"yoast_head":"<!-- This site is optimized with the Yoast SEO plugin v18.3 - https:\/\/yoast.com\/wordpress\/plugins\/seo\/ -->\n<title>Crit\u00e8res de qualit\u00e9 - Les Merveilles du Pacifique<\/title>\n<meta name=\"robots\" content=\"index, follow, max-snippet:-1, max-image-preview:large, max-video-preview:-1\" \/>\n<link rel=\"canonical\" href=\"https:\/\/www.lesmerveillesdupacifique.com\/fr\/criteres-de-qualite\/\" \/>\n<meta property=\"og:locale\" content=\"fr_FR\" \/>\n<meta property=\"og:type\" content=\"article\" \/>\n<meta property=\"og:title\" content=\"Crit\u00e8res de qualit\u00e9 - Les Merveilles du Pacifique\" \/>\n<meta property=\"og:description\" content=\"[vc_section full_width=\u00a0\u00bbstretch_row_content\u00a0\u00bb css=\u00a0\u00bb.vc_custom_1526638628649{margin-top: 0px !important;margin-right: 0px !important;margin-bottom: 0px !important;margin-left: 0px !important;border-top-width: 0px !important;border-right-width: 0px !important;border-bottom-width: 0px !important;border-left-width: 0px !important;padding-top: 0px !important;padding-right: 0px !important;padding-bottom: 0px !important;padding-left: 0px !important;}\u00a0\u00bb][vc_row][vc_column][vc_column_text] Crit\u00e8res de la&hellip;\" \/>\n<meta property=\"og:url\" content=\"https:\/\/www.lesmerveillesdupacifique.com\/fr\/criteres-de-qualite\/\" \/>\n<meta property=\"og:site_name\" content=\"Les Merveilles du Pacifique\" \/>\n<meta property=\"article:modified_time\" content=\"2021-04-21T10:56:43+00:00\" \/>\n<meta property=\"og:image\" content=\"https:\/\/www.lesmerveillesdupacifique.com\/wp-content\/uploads\/2021\/04\/Capture-de\u0301cran-2021-04-13-a\u0300-16.18.29.png\" \/>\n<meta name=\"twitter:card\" content=\"summary_large_image\" \/>\n<meta name=\"twitter:label1\" content=\"Dur\u00e9e de lecture estim\u00e9e\" \/>\n\t<meta name=\"twitter:data1\" content=\"33 minutes\" \/>\n<script type=\"application\/ld+json\" class=\"yoast-schema-graph\">{\"@context\":\"https:\/\/schema.org\",\"@graph\":[{\"@type\":\"WebSite\",\"@id\":\"https:\/\/www.lesmerveillesdupacifique.com\/fr\/#website\",\"url\":\"https:\/\/www.lesmerveillesdupacifique.com\/fr\/\",\"name\":\"Les Merveilles du Pacifique\",\"description\":\"Perles de culture de Tahiti\",\"potentialAction\":[{\"@type\":\"SearchAction\",\"target\":{\"@type\":\"EntryPoint\",\"urlTemplate\":\"https:\/\/www.lesmerveillesdupacifique.com\/fr\/?s={search_term_string}\"},\"query-input\":\"required name=search_term_string\"}],\"inLanguage\":\"fr-FR\"},{\"@type\":\"ImageObject\",\"@id\":\"https:\/\/www.lesmerveillesdupacifique.com\/fr\/criteres-de-qualite\/#primaryimage\",\"inLanguage\":\"fr-FR\",\"url\":\"https:\/\/www.lesmerveillesdupacifique.com\/wp-content\/uploads\/2021\/04\/Capture-de\u0301cran-2021-04-13-a\u0300-16.18.29.png\",\"contentUrl\":\"https:\/\/www.lesmerveillesdupacifique.com\/wp-content\/uploads\/2021\/04\/Capture-de\u0301cran-2021-04-13-a\u0300-16.18.29.png\",\"width\":932,\"height\":742,\"caption\":\"perles de tahiti\"},{\"@type\":\"WebPage\",\"@id\":\"https:\/\/www.lesmerveillesdupacifique.com\/fr\/criteres-de-qualite\/#webpage\",\"url\":\"https:\/\/www.lesmerveillesdupacifique.com\/fr\/criteres-de-qualite\/\",\"name\":\"Crit\u00e8res de qualit\u00e9 - Les Merveilles du Pacifique\",\"isPartOf\":{\"@id\":\"https:\/\/www.lesmerveillesdupacifique.com\/fr\/#website\"},\"primaryImageOfPage\":{\"@id\":\"https:\/\/www.lesmerveillesdupacifique.com\/fr\/criteres-de-qualite\/#primaryimage\"},\"datePublished\":\"2018-05-18T10:08:00+00:00\",\"dateModified\":\"2021-04-21T10:56:43+00:00\",\"breadcrumb\":{\"@id\":\"https:\/\/www.lesmerveillesdupacifique.com\/fr\/criteres-de-qualite\/#breadcrumb\"},\"inLanguage\":\"fr-FR\",\"potentialAction\":[{\"@type\":\"ReadAction\",\"target\":[\"https:\/\/www.lesmerveillesdupacifique.com\/fr\/criteres-de-qualite\/\"]}]},{\"@type\":\"BreadcrumbList\",\"@id\":\"https:\/\/www.lesmerveillesdupacifique.com\/fr\/criteres-de-qualite\/#breadcrumb\",\"itemListElement\":[{\"@type\":\"ListItem\",\"position\":1,\"name\":\"Accueil\",\"item\":\"https:\/\/www.lesmerveillesdupacifique.com\/\"},{\"@type\":\"ListItem\",\"position\":2,\"name\":\"Crit\u00e8res de qualit\u00e9\"}]}]}<\/script>\n<!-- \/ Yoast SEO plugin. -->","yoast_head_json":{"title":"Crit\u00e8res de qualit\u00e9 - Les Merveilles du Pacifique","robots":{"index":"index","follow":"follow","max-snippet":"max-snippet:-1","max-image-preview":"max-image-preview:large","max-video-preview":"max-video-preview:-1"},"canonical":"https:\/\/www.lesmerveillesdupacifique.com\/fr\/criteres-de-qualite\/","og_locale":"fr_FR","og_type":"article","og_title":"Crit\u00e8res de qualit\u00e9 - Les Merveilles du Pacifique","og_description":"[vc_section full_width=\u00a0\u00bbstretch_row_content\u00a0\u00bb css=\u00a0\u00bb.vc_custom_1526638628649{margin-top: 0px !important;margin-right: 0px !important;margin-bottom: 0px !important;margin-left: 0px !important;border-top-width: 0px !important;border-right-width: 0px !important;border-bottom-width: 0px !important;border-left-width: 0px !important;padding-top: 0px !important;padding-right: 0px !important;padding-bottom: 0px !important;padding-left: 0px !important;}\u00a0\u00bb][vc_row][vc_column][vc_column_text] Crit\u00e8res de la&hellip;","og_url":"https:\/\/www.lesmerveillesdupacifique.com\/fr\/criteres-de-qualite\/","og_site_name":"Les Merveilles du Pacifique","article_modified_time":"2021-04-21T10:56:43+00:00","og_image":[{"url":"https:\/\/www.lesmerveillesdupacifique.com\/wp-content\/uploads\/2021\/04\/Capture-de\u0301cran-2021-04-13-a\u0300-16.18.29.png"}],"twitter_card":"summary_large_image","twitter_misc":{"Dur\u00e9e de lecture estim\u00e9e":"33 minutes"},"schema":{"@context":"https:\/\/schema.org","@graph":[{"@type":"WebSite","@id":"https:\/\/www.lesmerveillesdupacifique.com\/fr\/#website","url":"https:\/\/www.lesmerveillesdupacifique.com\/fr\/","name":"Les Merveilles du Pacifique","description":"Perles de culture de Tahiti","potentialAction":[{"@type":"SearchAction","target":{"@type":"EntryPoint","urlTemplate":"https:\/\/www.lesmerveillesdupacifique.com\/fr\/?s={search_term_string}"},"query-input":"required name=search_term_string"}],"inLanguage":"fr-FR"},{"@type":"ImageObject","@id":"https:\/\/www.lesmerveillesdupacifique.com\/fr\/criteres-de-qualite\/#primaryimage","inLanguage":"fr-FR","url":"https:\/\/www.lesmerveillesdupacifique.com\/wp-content\/uploads\/2021\/04\/Capture-de\u0301cran-2021-04-13-a\u0300-16.18.29.png","contentUrl":"https:\/\/www.lesmerveillesdupacifique.com\/wp-content\/uploads\/2021\/04\/Capture-de\u0301cran-2021-04-13-a\u0300-16.18.29.png","width":932,"height":742,"caption":"perles de tahiti"},{"@type":"WebPage","@id":"https:\/\/www.lesmerveillesdupacifique.com\/fr\/criteres-de-qualite\/#webpage","url":"https:\/\/www.lesmerveillesdupacifique.com\/fr\/criteres-de-qualite\/","name":"Crit\u00e8res de qualit\u00e9 - Les Merveilles du Pacifique","isPartOf":{"@id":"https:\/\/www.lesmerveillesdupacifique.com\/fr\/#website"},"primaryImageOfPage":{"@id":"https:\/\/www.lesmerveillesdupacifique.com\/fr\/criteres-de-qualite\/#primaryimage"},"datePublished":"2018-05-18T10:08:00+00:00","dateModified":"2021-04-21T10:56:43+00:00","breadcrumb":{"@id":"https:\/\/www.lesmerveillesdupacifique.com\/fr\/criteres-de-qualite\/#breadcrumb"},"inLanguage":"fr-FR","potentialAction":[{"@type":"ReadAction","target":["https:\/\/www.lesmerveillesdupacifique.com\/fr\/criteres-de-qualite\/"]}]},{"@type":"BreadcrumbList","@id":"https:\/\/www.lesmerveillesdupacifique.com\/fr\/criteres-de-qualite\/#breadcrumb","itemListElement":[{"@type":"ListItem","position":1,"name":"Accueil","item":"https:\/\/www.lesmerveillesdupacifique.com\/"},{"@type":"ListItem","position":2,"name":"Crit\u00e8res de qualit\u00e9"}]}]}},"acf":[],"_links":{"self":[{"href":"https:\/\/www.lesmerveillesdupacifique.com\/fr\/wp-json\/wp\/v2\/pages\/224"}],"collection":[{"href":"https:\/\/www.lesmerveillesdupacifique.com\/fr\/wp-json\/wp\/v2\/pages"}],"about":[{"href":"https:\/\/www.lesmerveillesdupacifique.com\/fr\/wp-json\/wp\/v2\/types\/page"}],"author":[{"embeddable":true,"href":"https:\/\/www.lesmerveillesdupacifique.com\/fr\/wp-json\/wp\/v2\/users\/1"}],"replies":[{"embeddable":true,"href":"https:\/\/www.lesmerveillesdupacifique.com\/fr\/wp-json\/wp\/v2\/comments?post=224"}],"version-history":[{"count":0,"href":"https:\/\/www.lesmerveillesdupacifique.com\/fr\/wp-json\/wp\/v2\/pages\/224\/revisions"}],"wp:attachment":[{"href":"https:\/\/www.lesmerveillesdupacifique.com\/fr\/wp-json\/wp\/v2\/media?parent=224"}],"curies":[{"name":"wp","href":"https:\/\/api.w.org\/{rel}","templated":true}]}}