{"id":2220,"date":"2020-05-19T17:44:11","date_gmt":"2020-05-19T15:44:11","guid":{"rendered":"http:\/\/www.lesmerveillesdupacifique.com\/prod\/?page_id=2220"},"modified":"2021-05-03T10:21:21","modified_gmt":"2021-05-03T08:21:21","slug":"questions-frequentes","status":"publish","type":"page","link":"https:\/\/www.lesmerveillesdupacifique.com\/fr\/questions-frequentes\/","title":{"rendered":"Questions fr\u00e9quentes"},"content":{"rendered":"<p>[vc_section][vc_row][vc_column][vc_column_text]<\/p>\n<h2>A propos de votre commande<\/h2>\n<p>[\/vc_column_text][vc_tta_accordion style=\u00a0\u00bbflat\u00a0\u00bb shape=\u00a0\u00bbsquare\u00a0\u00bb color=\u00a0\u00bbwhite\u00a0\u00bb c_icon=\u00a0\u00bbchevron\u00a0\u00bb active_section=\u00a0\u00bb0&Prime; collapsible_all=\u00a0\u00bbtrue\u00a0\u00bb][vc_tta_section title=\u00a0\u00bbQuel est le d\u00e9lai de livraison ?\u00a0\u00bb tab_id=\u00a0\u00bb1589973333231-6a65e122-810a\u00a0\u00bb][vc_column_text]<strong>Pour les envois Colissimo \u00e0 destination de la France M\u00e9tropolitaine, Monaco et \u00e0 l&rsquo;int\u00e9rieur des DOM<\/strong>(1)<strong>\u00a0et collectivit\u00e9s territoriales d&rsquo;Outre-mer,\u00a0<\/strong>le d\u00e9lai de livraison est de 48h (2 jours ouvrables).<\/p>\n<p><strong>Pour les envois Colissimo\u00a0vers l&rsquo;Outre-mer,<\/strong>\u00a0le d\u00e9lai de livraison indicatif est de 5 \u00e0 7 jours selon la destination.<\/p>\n<p><strong>Pour les envois Colissimo vers l&rsquo;international<\/strong>, le d\u00e9lai de livraison indicatif est de 4 \u00e0 8 jours selon la destination.<\/p>\n<p>(1) DOM : Guadeloupe, Guyane, Martinique, R\u00e9union et Mayotte. Collectivit\u00e9s territoriales d\u2019Outre-mer : Saint-Barth\u00e9lemy, Saint-Martin et Saint Pierre et Miquelon.[\/vc_column_text][\/vc_tta_section][vc_tta_section title=\u00a0\u00bbCombien co\u00fbtent les frais de port ?\u00a0\u00bb tab_id=\u00a0\u00bb1589973333242-07dfcb7b-dae7&Prime;][vc_column_text]Vers la <strong>France<\/strong> : 6,67 \u20ac HT<br \/>\nVers les <strong>Dom-Tom<\/strong> : 12,63 \u20ac HT<br \/>\nVers l&rsquo;<strong>Europe<\/strong> hors France : 8,37 \u20ac HT<br \/>\nVers le <strong>Royaume-Uni<\/strong> : 9,61 \u20ac HT<br \/>\nVers la <strong>Suisse<\/strong> : 10,71 \u20ac HT<br \/>\nVers le <strong>Monde<\/strong> hors Europe et Dom-Tom : 22,08 \u20ac HT[\/vc_column_text][\/vc_tta_section][vc_tta_section title=\u00a0\u00bbO\u00f9 puis-je suivre ma commande ?\u00a0\u00bb tab_id=\u00a0\u00bb1589973595798-fab57ebe-156d\u00a0\u00bb][vc_column_text]Vous pouvez suivre votre colis via le num\u00e9ro de suivi que nous vous aurons fourni en le renseignant ici :\u00a0<a href=\"https:\/\/www.laposte.fr\/outils\/suivre-vos-envois\">www.laposte.fr\/outils\/suivre-vos-envois<\/a>[\/vc_column_text][\/vc_tta_section][vc_tta_section title=\u00a0\u00bbPuis-je retourner mon colis ?\u00a0\u00bb tab_id=\u00a0\u00bb1589974094214-1b2ff796-f8d8&Prime;][vc_column_text]Si le bijou ou la perle ne vous convient pas, vous pouvez retourner ou \u00e9changer le produit <strong>dans un d\u00e9lai de 2 semaines<\/strong> apr\u00e8s r\u00e9ception du colis.[\/vc_column_text][\/vc_tta_section][\/vc_tta_accordion][\/vc_column][\/vc_row][\/vc_section]<\/p>","protected":false},"excerpt":{"rendered":"<p>[vc_section][vc_row][vc_column][vc_column_text] A propos de votre commande [\/vc_column_text][vc_tta_accordion style=\u00a0\u00bbflat\u00a0\u00bb shape=\u00a0\u00bbsquare\u00a0\u00bb color=\u00a0\u00bbwhite\u00a0\u00bb c_icon=\u00a0\u00bbchevron\u00a0\u00bb active_section=\u00a0\u00bb0&Prime; collapsible_all=\u00a0\u00bbtrue\u00a0\u00bb][vc_tta_section title=\u00a0\u00bbQuel est le d\u00e9lai de livraison ?\u00a0\u00bb tab_id=\u00a0\u00bb1589973333231-6a65e122-810a\u00a0\u00bb][vc_column_text]Pour les envois Colissimo \u00e0 destination de la France M\u00e9tropolitaine,&hellip;<\/p>\n","protected":false},"author":1,"featured_media":0,"parent":0,"menu_order":20,"comment_status":"closed","ping_status":"closed","template":"","meta":{"_mi_skip_tracking":false},"yoast_head":"<!-- This site is optimized with the Yoast SEO plugin v18.3 - https:\/\/yoast.com\/wordpress\/plugins\/seo\/ -->\n<title>Questions fr\u00e9quentes - Les Merveilles du Pacifique<\/title>\n<meta name=\"robots\" content=\"index, follow, max-snippet:-1, max-image-preview:large, max-video-preview:-1\" \/>\n<link rel=\"canonical\" href=\"https:\/\/www.lesmerveillesdupacifique.com\/fr\/questions-frequentes\/\" \/>\n<meta property=\"og:locale\" content=\"fr_FR\" \/>\n<meta property=\"og:type\" content=\"article\" \/>\n<meta property=\"og:title\" content=\"Questions fr\u00e9quentes - Les Merveilles du Pacifique\" \/>\n<meta property=\"og:description\" content=\"[vc_section][vc_row][vc_column][vc_column_text] A propos de votre commande [\/vc_column_text][vc_tta_accordion style=\u00a0\u00bbflat\u00a0\u00bb shape=\u00a0\u00bbsquare\u00a0\u00bb color=\u00a0\u00bbwhite\u00a0\u00bb c_icon=\u00a0\u00bbchevron\u00a0\u00bb active_section=\u00a0\u00bb0&Prime; collapsible_all=\u00a0\u00bbtrue\u00a0\u00bb][vc_tta_section title=\u00a0\u00bbQuel est le d\u00e9lai de livraison ?\u00a0\u00bb tab_id=\u00a0\u00bb1589973333231-6a65e122-810a\u00a0\u00bb][vc_column_text]Pour les envois Colissimo \u00e0 destination de la France M\u00e9tropolitaine,&hellip;\" \/>\n<meta property=\"og:url\" content=\"https:\/\/www.lesmerveillesdupacifique.com\/en\/questions-frequentes\/\" \/>\n<meta property=\"og:site_name\" content=\"Les Merveilles du Pacifique\" \/>\n<meta property=\"article:modified_time\" content=\"2021-05-03T08:21:21+00:00\" \/>\n<meta name=\"twitter:card\" content=\"summary_large_image\" \/>\n<meta name=\"twitter:label1\" content=\"Dur\u00e9e de lecture estim\u00e9e\" \/>\n\t<meta name=\"twitter:data1\" content=\"9 minutes\" \/>\n<script type=\"application\/ld+json\" class=\"yoast-schema-graph\">{\"@context\":\"https:\/\/schema.org\",\"@graph\":[{\"@type\":\"WebSite\",\"@id\":\"https:\/\/www.lesmerveillesdupacifique.com\/fr\/#website\",\"url\":\"https:\/\/www.lesmerveillesdupacifique.com\/fr\/\",\"name\":\"Les Merveilles du Pacifique\",\"description\":\"Perles de culture de Tahiti\",\"potentialAction\":[{\"@type\":\"SearchAction\",\"target\":{\"@type\":\"EntryPoint\",\"urlTemplate\":\"https:\/\/www.lesmerveillesdupacifique.com\/fr\/?s={search_term_string}\"},\"query-input\":\"required name=search_term_string\"}],\"inLanguage\":\"fr-FR\"},{\"@type\":\"WebPage\",\"@id\":\"https:\/\/www.lesmerveillesdupacifique.com\/en\/questions-frequentes\/#webpage\",\"url\":\"https:\/\/www.lesmerveillesdupacifique.com\/en\/questions-frequentes\/\",\"name\":\"Questions fr\u00e9quentes - Les Merveilles du Pacifique\",\"isPartOf\":{\"@id\":\"https:\/\/www.lesmerveillesdupacifique.com\/fr\/#website\"},\"datePublished\":\"2020-05-19T15:44:11+00:00\",\"dateModified\":\"2021-05-03T08:21:21+00:00\",\"breadcrumb\":{\"@id\":\"https:\/\/www.lesmerveillesdupacifique.com\/en\/questions-frequentes\/#breadcrumb\"},\"inLanguage\":\"fr-FR\",\"potentialAction\":[{\"@type\":\"ReadAction\",\"target\":[\"https:\/\/www.lesmerveillesdupacifique.com\/en\/questions-frequentes\/\"]}]},{\"@type\":\"BreadcrumbList\",\"@id\":\"https:\/\/www.lesmerveillesdupacifique.com\/en\/questions-frequentes\/#breadcrumb\",\"itemListElement\":[{\"@type\":\"ListItem\",\"position\":1,\"name\":\"Accueil\",\"item\":\"https:\/\/www.lesmerveillesdupacifique.com\/\"},{\"@type\":\"ListItem\",\"position\":2,\"name\":\"FAQ\"}]}]}<\/script>\n<!-- \/ Yoast SEO plugin. -->","yoast_head_json":{"title":"Questions fr\u00e9quentes - Les Merveilles du Pacifique","robots":{"index":"index","follow":"follow","max-snippet":"max-snippet:-1","max-image-preview":"max-image-preview:large","max-video-preview":"max-video-preview:-1"},"canonical":"https:\/\/www.lesmerveillesdupacifique.com\/fr\/questions-frequentes\/","og_locale":"fr_FR","og_type":"article","og_title":"Questions fr\u00e9quentes - Les Merveilles du Pacifique","og_description":"[vc_section][vc_row][vc_column][vc_column_text] A propos de votre commande [\/vc_column_text][vc_tta_accordion style=\u00a0\u00bbflat\u00a0\u00bb shape=\u00a0\u00bbsquare\u00a0\u00bb color=\u00a0\u00bbwhite\u00a0\u00bb c_icon=\u00a0\u00bbchevron\u00a0\u00bb active_section=\u00a0\u00bb0&Prime; collapsible_all=\u00a0\u00bbtrue\u00a0\u00bb][vc_tta_section title=\u00a0\u00bbQuel est le d\u00e9lai de livraison ?\u00a0\u00bb tab_id=\u00a0\u00bb1589973333231-6a65e122-810a\u00a0\u00bb][vc_column_text]Pour les envois Colissimo \u00e0 destination de la France M\u00e9tropolitaine,&hellip;","og_url":"https:\/\/www.lesmerveillesdupacifique.com\/en\/questions-frequentes\/","og_site_name":"Les Merveilles du Pacifique","article_modified_time":"2021-05-03T08:21:21+00:00","twitter_card":"summary_large_image","twitter_misc":{"Dur\u00e9e de lecture estim\u00e9e":"9 minutes"},"schema":{"@context":"https:\/\/schema.org","@graph":[{"@type":"WebSite","@id":"https:\/\/www.lesmerveillesdupacifique.com\/fr\/#website","url":"https:\/\/www.lesmerveillesdupacifique.com\/fr\/","name":"Les Merveilles du Pacifique","description":"Perles de culture de Tahiti","potentialAction":[{"@type":"SearchAction","target":{"@type":"EntryPoint","urlTemplate":"https:\/\/www.lesmerveillesdupacifique.com\/fr\/?s={search_term_string}"},"query-input":"required name=search_term_string"}],"inLanguage":"fr-FR"},{"@type":"WebPage","@id":"https:\/\/www.lesmerveillesdupacifique.com\/en\/questions-frequentes\/#webpage","url":"https:\/\/www.lesmerveillesdupacifique.com\/en\/questions-frequentes\/","name":"Questions fr\u00e9quentes - Les Merveilles du Pacifique","isPartOf":{"@id":"https:\/\/www.lesmerveillesdupacifique.com\/fr\/#website"},"datePublished":"2020-05-19T15:44:11+00:00","dateModified":"2021-05-03T08:21:21+00:00","breadcrumb":{"@id":"https:\/\/www.lesmerveillesdupacifique.com\/en\/questions-frequentes\/#breadcrumb"},"inLanguage":"fr-FR","potentialAction":[{"@type":"ReadAction","target":["https:\/\/www.lesmerveillesdupacifique.com\/en\/questions-frequentes\/"]}]},{"@type":"BreadcrumbList","@id":"https:\/\/www.lesmerveillesdupacifique.com\/en\/questions-frequentes\/#breadcrumb","itemListElement":[{"@type":"ListItem","position":1,"name":"Accueil","item":"https:\/\/www.lesmerveillesdupacifique.com\/"},{"@type":"ListItem","position":2,"name":"FAQ"}]}]}},"acf":[],"_links":{"self":[{"href":"https:\/\/www.lesmerveillesdupacifique.com\/fr\/wp-json\/wp\/v2\/pages\/2220"}],"collection":[{"href":"https:\/\/www.lesmerveillesdupacifique.com\/fr\/wp-json\/wp\/v2\/pages"}],"about":[{"href":"https:\/\/www.lesmerveillesdupacifique.com\/fr\/wp-json\/wp\/v2\/types\/page"}],"author":[{"embeddable":true,"href":"https:\/\/www.lesmerveillesdupacifique.com\/fr\/wp-json\/wp\/v2\/users\/1"}],"replies":[{"embeddable":true,"href":"https:\/\/www.lesmerveillesdupacifique.com\/fr\/wp-json\/wp\/v2\/comments?post=2220"}],"version-history":[{"count":0,"href":"https:\/\/www.lesmerveillesdupacifique.com\/fr\/wp-json\/wp\/v2\/pages\/2220\/revisions"}],"wp:attachment":[{"href":"https:\/\/www.lesmerveillesdupacifique.com\/fr\/wp-json\/wp\/v2\/media?parent=2220"}],"curies":[{"name":"wp","href":"https:\/\/api.w.org\/{rel}","templated":true}]}}