{"id":1461,"date":"2019-03-12T16:43:14","date_gmt":"2019-03-12T15:43:14","guid":{"rendered":"http:\/\/www.lesmerveillesdupacifique.com\/prod\/?page_id=1461"},"modified":"2025-04-14T11:56:21","modified_gmt":"2025-04-14T09:56:21","slug":"perles-a-lunite","status":"publish","type":"page","link":"https:\/\/www.lesmerveillesdupacifique.com\/fr\/perles-a-lunite\/","title":{"rendered":"Perle nue"},"content":{"rendered":"<p>[vc_section][vc_row][vc_column][vc_single_image image=\u00a0\u00bb3261&Prime; img_size=\u00a0\u00bbmedium\u00a0\u00bb alignment=\u00a0\u00bbcenter\u00a0\u00bb][\/vc_column][\/vc_row][vc_row css=\u00a0\u00bb.vc_custom_1589889415582{background-color: #f5f5f5 !important;}\u00a0\u00bb el_class=\u00a0\u00bbint-box\u00a0\u00bb][vc_column][vc_column_text]<\/p>\n<h1 style=\"text-align: center;\">Perle nue<\/h1>\n<p>[\/vc_column_text][vc_column_text]<\/p>\n<p style=\"text-align: center;\">Nous vendons tous types de perles et keshis de culture de Tahiti \u00e0 l\u2019unit\u00e9.<br \/>\n&#8211; Formes de perles: ronde, goutte, ovale, semi baroque, baroque, cercl\u00e9e, keshi<br \/>\n&#8211; Tailles: 8 \u00e0 16 mm pour les perles et 1 \u00e0 13 mm pour les keshis<br \/>\n&#8211; Toutes les couleurs<br \/>\n&#8211; Qualit\u00e9s: A \/ B \/ C<\/p>\n<p style=\"text-align: center;\">Merci de nous contacter via le formulaire de contact sur notre site ou \u00e0 contact@lesmerveillesdupacifique.com pour toute demande.<\/p>\n<p>[\/vc_column_text][\/vc_column][\/vc_row][\/vc_section]<\/p>","protected":false},"excerpt":{"rendered":"<p>[vc_section][vc_row][vc_column][vc_single_image image=\u00a0\u00bb3261&Prime; img_size=\u00a0\u00bbmedium\u00a0\u00bb alignment=\u00a0\u00bbcenter\u00a0\u00bb][\/vc_column][\/vc_row][vc_row css=\u00a0\u00bb.vc_custom_1589889415582{background-color: #f5f5f5 !important;}\u00a0\u00bb el_class=\u00a0\u00bbint-box\u00a0\u00bb][vc_column][vc_column_text] Perle nue [\/vc_column_text][vc_column_text] Nous vendons tous types de perles et keshis de culture de Tahiti \u00e0 l\u2019unit\u00e9. &#8211; Formes de perles: ronde,&hellip;<\/p>\n","protected":false},"author":1,"featured_media":0,"parent":0,"menu_order":4,"comment_status":"closed","ping_status":"closed","template":"","meta":{"_mi_skip_tracking":false},"yoast_head":"<!-- This site is optimized with the Yoast SEO plugin v18.3 - https:\/\/yoast.com\/wordpress\/plugins\/seo\/ -->\n<title>Perle de Tahiti nue et \u00e0 l&#039;unit\u00e9 - Les Merveilles du Pacifique<\/title>\n<meta name=\"description\" content=\"Choisissez une perle de culture de Tahiti \u00e0 l&#039;unit\u00e9 pour cr\u00e9er un bijou unique. Des perles naturelles aux reflets sublimes, directement issues des lagons polyn\u00e9siens.\" \/>\n<meta name=\"robots\" content=\"index, follow, max-snippet:-1, max-image-preview:large, max-video-preview:-1\" \/>\n<link rel=\"canonical\" href=\"https:\/\/www.lesmerveillesdupacifique.com\/fr\/perles-a-lunite\/\" \/>\n<meta property=\"og:locale\" content=\"fr_FR\" \/>\n<meta property=\"og:type\" content=\"article\" \/>\n<meta property=\"og:title\" content=\"Perle de Tahiti nue et \u00e0 l&#039;unit\u00e9 - Les Merveilles du Pacifique\" \/>\n<meta property=\"og:description\" content=\"Choisissez une perle de culture de Tahiti \u00e0 l&#039;unit\u00e9 pour cr\u00e9er un bijou unique. Des perles naturelles aux reflets sublimes, directement issues des lagons polyn\u00e9siens.\" \/>\n<meta property=\"og:url\" content=\"https:\/\/www.lesmerveillesdupacifique.com\/perles-a-lunite\/\" \/>\n<meta property=\"og:site_name\" content=\"Les Merveilles du Pacifique\" \/>\n<meta property=\"article:modified_time\" content=\"2025-04-14T09:56:21+00:00\" \/>\n<meta name=\"twitter:card\" content=\"summary_large_image\" \/>\n<meta name=\"twitter:label1\" content=\"Dur\u00e9e de lecture estim\u00e9e\" \/>\n\t<meta name=\"twitter:data1\" content=\"3 minutes\" \/>\n<script type=\"application\/ld+json\" class=\"yoast-schema-graph\">{\"@context\":\"https:\/\/schema.org\",\"@graph\":[{\"@type\":\"WebSite\",\"@id\":\"https:\/\/www.lesmerveillesdupacifique.com\/fr\/#website\",\"url\":\"https:\/\/www.lesmerveillesdupacifique.com\/fr\/\",\"name\":\"Les Merveilles du Pacifique\",\"description\":\"Perles de culture de Tahiti\",\"potentialAction\":[{\"@type\":\"SearchAction\",\"target\":{\"@type\":\"EntryPoint\",\"urlTemplate\":\"https:\/\/www.lesmerveillesdupacifique.com\/fr\/?s={search_term_string}\"},\"query-input\":\"required name=search_term_string\"}],\"inLanguage\":\"fr-FR\"},{\"@type\":\"WebPage\",\"@id\":\"https:\/\/www.lesmerveillesdupacifique.com\/perles-a-lunite\/#webpage\",\"url\":\"https:\/\/www.lesmerveillesdupacifique.com\/perles-a-lunite\/\",\"name\":\"Perle de Tahiti nue et \u00e0 l'unit\u00e9 - Les Merveilles du Pacifique\",\"isPartOf\":{\"@id\":\"https:\/\/www.lesmerveillesdupacifique.com\/fr\/#website\"},\"datePublished\":\"2019-03-12T15:43:14+00:00\",\"dateModified\":\"2025-04-14T09:56:21+00:00\",\"description\":\"Choisissez une perle de culture de Tahiti \u00e0 l'unit\u00e9 pour cr\u00e9er un bijou unique. Des perles naturelles aux reflets sublimes, directement issues des lagons polyn\u00e9siens.\",\"breadcrumb\":{\"@id\":\"https:\/\/www.lesmerveillesdupacifique.com\/perles-a-lunite\/#breadcrumb\"},\"inLanguage\":\"fr-FR\",\"potentialAction\":[{\"@type\":\"ReadAction\",\"target\":[\"https:\/\/www.lesmerveillesdupacifique.com\/perles-a-lunite\/\"]}]},{\"@type\":\"BreadcrumbList\",\"@id\":\"https:\/\/www.lesmerveillesdupacifique.com\/perles-a-lunite\/#breadcrumb\",\"itemListElement\":[{\"@type\":\"ListItem\",\"position\":1,\"name\":\"Accueil\",\"item\":\"https:\/\/www.lesmerveillesdupacifique.com\/\"},{\"@type\":\"ListItem\",\"position\":2,\"name\":\"Perle nue\"}]}]}<\/script>\n<!-- \/ Yoast SEO plugin. -->","yoast_head_json":{"title":"Perle de Tahiti nue et \u00e0 l'unit\u00e9 - Les Merveilles du Pacifique","description":"Choisissez une perle de culture de Tahiti \u00e0 l'unit\u00e9 pour cr\u00e9er un bijou unique. Des perles naturelles aux reflets sublimes, directement issues des lagons polyn\u00e9siens.","robots":{"index":"index","follow":"follow","max-snippet":"max-snippet:-1","max-image-preview":"max-image-preview:large","max-video-preview":"max-video-preview:-1"},"canonical":"https:\/\/www.lesmerveillesdupacifique.com\/fr\/perles-a-lunite\/","og_locale":"fr_FR","og_type":"article","og_title":"Perle de Tahiti nue et \u00e0 l'unit\u00e9 - Les Merveilles du Pacifique","og_description":"Choisissez une perle de culture de Tahiti \u00e0 l'unit\u00e9 pour cr\u00e9er un bijou unique. Des perles naturelles aux reflets sublimes, directement issues des lagons polyn\u00e9siens.","og_url":"https:\/\/www.lesmerveillesdupacifique.com\/perles-a-lunite\/","og_site_name":"Les Merveilles du Pacifique","article_modified_time":"2025-04-14T09:56:21+00:00","twitter_card":"summary_large_image","twitter_misc":{"Dur\u00e9e de lecture estim\u00e9e":"3 minutes"},"schema":{"@context":"https:\/\/schema.org","@graph":[{"@type":"WebSite","@id":"https:\/\/www.lesmerveillesdupacifique.com\/fr\/#website","url":"https:\/\/www.lesmerveillesdupacifique.com\/fr\/","name":"Les Merveilles du Pacifique","description":"Perles de culture de Tahiti","potentialAction":[{"@type":"SearchAction","target":{"@type":"EntryPoint","urlTemplate":"https:\/\/www.lesmerveillesdupacifique.com\/fr\/?s={search_term_string}"},"query-input":"required name=search_term_string"}],"inLanguage":"fr-FR"},{"@type":"WebPage","@id":"https:\/\/www.lesmerveillesdupacifique.com\/perles-a-lunite\/#webpage","url":"https:\/\/www.lesmerveillesdupacifique.com\/perles-a-lunite\/","name":"Perle de Tahiti nue et \u00e0 l'unit\u00e9 - Les Merveilles du Pacifique","isPartOf":{"@id":"https:\/\/www.lesmerveillesdupacifique.com\/fr\/#website"},"datePublished":"2019-03-12T15:43:14+00:00","dateModified":"2025-04-14T09:56:21+00:00","description":"Choisissez une perle de culture de Tahiti \u00e0 l'unit\u00e9 pour cr\u00e9er un bijou unique. Des perles naturelles aux reflets sublimes, directement issues des lagons polyn\u00e9siens.","breadcrumb":{"@id":"https:\/\/www.lesmerveillesdupacifique.com\/perles-a-lunite\/#breadcrumb"},"inLanguage":"fr-FR","potentialAction":[{"@type":"ReadAction","target":["https:\/\/www.lesmerveillesdupacifique.com\/perles-a-lunite\/"]}]},{"@type":"BreadcrumbList","@id":"https:\/\/www.lesmerveillesdupacifique.com\/perles-a-lunite\/#breadcrumb","itemListElement":[{"@type":"ListItem","position":1,"name":"Accueil","item":"https:\/\/www.lesmerveillesdupacifique.com\/"},{"@type":"ListItem","position":2,"name":"Perle nue"}]}]}},"acf":[],"_links":{"self":[{"href":"https:\/\/www.lesmerveillesdupacifique.com\/fr\/wp-json\/wp\/v2\/pages\/1461"}],"collection":[{"href":"https:\/\/www.lesmerveillesdupacifique.com\/fr\/wp-json\/wp\/v2\/pages"}],"about":[{"href":"https:\/\/www.lesmerveillesdupacifique.com\/fr\/wp-json\/wp\/v2\/types\/page"}],"author":[{"embeddable":true,"href":"https:\/\/www.lesmerveillesdupacifique.com\/fr\/wp-json\/wp\/v2\/users\/1"}],"replies":[{"embeddable":true,"href":"https:\/\/www.lesmerveillesdupacifique.com\/fr\/wp-json\/wp\/v2\/comments?post=1461"}],"version-history":[{"count":1,"href":"https:\/\/www.lesmerveillesdupacifique.com\/fr\/wp-json\/wp\/v2\/pages\/1461\/revisions"}],"predecessor-version":[{"id":4308,"href":"https:\/\/www.lesmerveillesdupacifique.com\/fr\/wp-json\/wp\/v2\/pages\/1461\/revisions\/4308"}],"wp:attachment":[{"href":"https:\/\/www.lesmerveillesdupacifique.com\/fr\/wp-json\/wp\/v2\/media?parent=1461"}],"curies":[{"name":"wp","href":"https:\/\/api.w.org\/{rel}","templated":true}]}}