{"id":598,"date":"2018-06-12T13:31:38","date_gmt":"2018-06-12T11:31:38","guid":{"rendered":"http:\/\/www.lesmerveillesdupacifique.com\/prod\/?post_type=product&#038;p=598"},"modified":"2025-04-22T15:22:25","modified_gmt":"2025-04-22T13:22:25","slug":"bra10-femme","status":"publish","type":"product","link":"https:\/\/www.lesmerveillesdupacifique.com\/es\/produit\/bra10-femme\/","title":{"rendered":"Pulsera Mujer perla grabada con cord\u00f3n \u2013 BRA10"},"content":{"rendered":"","protected":false},"excerpt":{"rendered":"<p><b>Perla cultivada de Tahit\u00ed<br \/>\n<\/b><strong>formar:<\/strong> redonda grabada<br \/>\n<strong><b>tama\u00f1os<\/b>:<\/strong> 10-11 mm<br \/>\n<strong><b>cualidades<\/b>:<\/strong> A\/B<br \/>\n<b>plata rodiada\u00a0<\/b><strong>925<\/strong> 0,24 gramo<br \/>\nnudo de navegaci\u00f3n corredizo<\/p>\n<p><span id=\"s2_1\"><strong>colores disponibles<\/strong>: amarillo fluo, rosa fluo, verde fluo, rojo, gris, negro, rosa p\u00e1lido, verde claro, marr\u00f3n, beige<\/span><br \/>\n<strong><span id=\"s2_2\">collar a juego disponible<\/span><\/strong><\/p>\n","protected":false},"featured_media":4055,"template":"","meta":{"_mi_skip_tracking":false},"product_cat":[24],"product_tag":[],"yoast_head":"<!-- This site is optimized with the Yoast SEO plugin v18.3 - https:\/\/yoast.com\/wordpress\/plugins\/seo\/ -->\n<title>Pulsera Mujer perla grabada con cord\u00f3n \u2013 BRA10 - Les Merveilles du Pacifique<\/title>\n<meta name=\"robots\" content=\"index, follow, max-snippet:-1, max-image-preview:large, max-video-preview:-1\" \/>\n<link rel=\"canonical\" href=\"https:\/\/www.lesmerveillesdupacifique.com\/es\/produit\/bra10-femme\/\" \/>\n<meta property=\"og:locale\" content=\"es_ES\" \/>\n<meta property=\"og:type\" content=\"article\" \/>\n<meta property=\"og:title\" content=\"Pulsera Mujer perla grabada con cord\u00f3n \u2013 BRA10 - Les Merveilles du Pacifique\" \/>\n<meta property=\"og:description\" content=\"Perla cultivada de Tahit\u00ed formar: redonda grabada tama\u00f1os: 10-11 mm cualidades: A\/B plata rodiada\u00a0925 0,24 gramo nudo de navegaci\u00f3n corredizo  colores disponibles: amarillo fluo, rosa fluo, verde fluo, rojo, gris, negro, rosa p\u00e1lido, verde claro, marr\u00f3n, beige collar a juego disponible\" \/>\n<meta property=\"og:url\" content=\"https:\/\/www.lesmerveillesdupacifique.com\/produit\/bra10-femme\/\" \/>\n<meta property=\"og:site_name\" content=\"Les Merveilles du Pacifique\" \/>\n<meta property=\"article:modified_time\" content=\"2025-04-22T13:22:25+00:00\" \/>\n<meta property=\"og:image\" content=\"https:\/\/www.lesmerveillesdupacifique.com\/wp-content\/uploads\/2020\/02\/BRA10.jpg\" \/>\n\t<meta property=\"og:image:width\" content=\"1090\" \/>\n\t<meta property=\"og:image:height\" content=\"727\" \/>\n\t<meta property=\"og:image:type\" content=\"image\/jpeg\" \/>\n<meta name=\"twitter:card\" content=\"summary_large_image\" \/>\n<script type=\"application\/ld+json\" class=\"yoast-schema-graph\">{\"@context\":\"https:\/\/schema.org\",\"@graph\":[{\"@type\":\"WebSite\",\"@id\":\"https:\/\/www.lesmerveillesdupacifique.com\/fr\/#website\",\"url\":\"https:\/\/www.lesmerveillesdupacifique.com\/fr\/\",\"name\":\"Les Merveilles du Pacifique\",\"description\":\"Perles de culture de Tahiti\",\"potentialAction\":[{\"@type\":\"SearchAction\",\"target\":{\"@type\":\"EntryPoint\",\"urlTemplate\":\"https:\/\/www.lesmerveillesdupacifique.com\/fr\/?s={search_term_string}\"},\"query-input\":\"required name=search_term_string\"}],\"inLanguage\":\"es\"},{\"@type\":\"ImageObject\",\"@id\":\"https:\/\/www.lesmerveillesdupacifique.com\/produit\/bra10-femme\/#primaryimage\",\"inLanguage\":\"es\",\"url\":\"https:\/\/www.lesmerveillesdupacifique.com\/wp-content\/uploads\/2020\/02\/BRA10.jpg\",\"contentUrl\":\"https:\/\/www.lesmerveillesdupacifique.com\/wp-content\/uploads\/2020\/02\/BRA10.jpg\",\"width\":1090,\"height\":727,\"caption\":\"www.photographe-book-paris.com\"},{\"@type\":\"WebPage\",\"@id\":\"https:\/\/www.lesmerveillesdupacifique.com\/produit\/bra10-femme\/#webpage\",\"url\":\"https:\/\/www.lesmerveillesdupacifique.com\/produit\/bra10-femme\/\",\"name\":\"Pulsera Mujer perla grabada con cord\u00f3n \u2013 BRA10 - Les Merveilles du Pacifique\",\"isPartOf\":{\"@id\":\"https:\/\/www.lesmerveillesdupacifique.com\/fr\/#website\"},\"primaryImageOfPage\":{\"@id\":\"https:\/\/www.lesmerveillesdupacifique.com\/produit\/bra10-femme\/#primaryimage\"},\"datePublished\":\"2018-06-12T11:31:38+00:00\",\"dateModified\":\"2025-04-22T13:22:25+00:00\",\"breadcrumb\":{\"@id\":\"https:\/\/www.lesmerveillesdupacifique.com\/produit\/bra10-femme\/#breadcrumb\"},\"inLanguage\":\"es\",\"potentialAction\":[{\"@type\":\"ReadAction\",\"target\":[\"https:\/\/www.lesmerveillesdupacifique.com\/produit\/bra10-femme\/\"]}]},{\"@type\":\"BreadcrumbList\",\"@id\":\"https:\/\/www.lesmerveillesdupacifique.com\/produit\/bra10-femme\/#breadcrumb\",\"itemListElement\":[{\"@type\":\"ListItem\",\"position\":1,\"name\":\"Accueil\",\"item\":\"https:\/\/www.lesmerveillesdupacifique.com\/\"},{\"@type\":\"ListItem\",\"position\":2,\"name\":\"Collection\",\"item\":\"https:\/\/www.lesmerveillesdupacifique.com\/fr\/shop\/\"},{\"@type\":\"ListItem\",\"position\":3,\"name\":\"Bracelet Femme perle grav\u00e9e sur cordon \u2013 BRA10\"}]}]}<\/script>\n<!-- \/ Yoast SEO plugin. -->","yoast_head_json":{"title":"Pulsera Mujer perla grabada con cord\u00f3n \u2013 BRA10 - Les Merveilles du Pacifique","robots":{"index":"index","follow":"follow","max-snippet":"max-snippet:-1","max-image-preview":"max-image-preview:large","max-video-preview":"max-video-preview:-1"},"canonical":"https:\/\/www.lesmerveillesdupacifique.com\/es\/produit\/bra10-femme\/","og_locale":"es_ES","og_type":"article","og_title":"Pulsera Mujer perla grabada con cord\u00f3n \u2013 BRA10 - Les Merveilles du Pacifique","og_description":"Perla cultivada de Tahit\u00ed formar: redonda grabada tama\u00f1os: 10-11 mm cualidades: A\/B plata rodiada\u00a0925 0,24 gramo nudo de navegaci\u00f3n corredizo  colores disponibles: amarillo fluo, rosa fluo, verde fluo, rojo, gris, negro, rosa p\u00e1lido, verde claro, marr\u00f3n, beige collar a juego disponible","og_url":"https:\/\/www.lesmerveillesdupacifique.com\/produit\/bra10-femme\/","og_site_name":"Les Merveilles du Pacifique","article_modified_time":"2025-04-22T13:22:25+00:00","og_image":[{"width":1090,"height":727,"url":"https:\/\/www.lesmerveillesdupacifique.com\/wp-content\/uploads\/2020\/02\/BRA10.jpg","type":"image\/jpeg"}],"twitter_card":"summary_large_image","schema":{"@context":"https:\/\/schema.org","@graph":[{"@type":"WebSite","@id":"https:\/\/www.lesmerveillesdupacifique.com\/fr\/#website","url":"https:\/\/www.lesmerveillesdupacifique.com\/fr\/","name":"Les Merveilles du Pacifique","description":"Perles de culture de Tahiti","potentialAction":[{"@type":"SearchAction","target":{"@type":"EntryPoint","urlTemplate":"https:\/\/www.lesmerveillesdupacifique.com\/fr\/?s={search_term_string}"},"query-input":"required name=search_term_string"}],"inLanguage":"es"},{"@type":"ImageObject","@id":"https:\/\/www.lesmerveillesdupacifique.com\/produit\/bra10-femme\/#primaryimage","inLanguage":"es","url":"https:\/\/www.lesmerveillesdupacifique.com\/wp-content\/uploads\/2020\/02\/BRA10.jpg","contentUrl":"https:\/\/www.lesmerveillesdupacifique.com\/wp-content\/uploads\/2020\/02\/BRA10.jpg","width":1090,"height":727,"caption":"www.photographe-book-paris.com"},{"@type":"WebPage","@id":"https:\/\/www.lesmerveillesdupacifique.com\/produit\/bra10-femme\/#webpage","url":"https:\/\/www.lesmerveillesdupacifique.com\/produit\/bra10-femme\/","name":"Pulsera Mujer perla grabada con cord\u00f3n \u2013 BRA10 - Les Merveilles du Pacifique","isPartOf":{"@id":"https:\/\/www.lesmerveillesdupacifique.com\/fr\/#website"},"primaryImageOfPage":{"@id":"https:\/\/www.lesmerveillesdupacifique.com\/produit\/bra10-femme\/#primaryimage"},"datePublished":"2018-06-12T11:31:38+00:00","dateModified":"2025-04-22T13:22:25+00:00","breadcrumb":{"@id":"https:\/\/www.lesmerveillesdupacifique.com\/produit\/bra10-femme\/#breadcrumb"},"inLanguage":"es","potentialAction":[{"@type":"ReadAction","target":["https:\/\/www.lesmerveillesdupacifique.com\/produit\/bra10-femme\/"]}]},{"@type":"BreadcrumbList","@id":"https:\/\/www.lesmerveillesdupacifique.com\/produit\/bra10-femme\/#breadcrumb","itemListElement":[{"@type":"ListItem","position":1,"name":"Accueil","item":"https:\/\/www.lesmerveillesdupacifique.com\/"},{"@type":"ListItem","position":2,"name":"Collection","item":"https:\/\/www.lesmerveillesdupacifique.com\/fr\/shop\/"},{"@type":"ListItem","position":3,"name":"Bracelet Femme perle grav\u00e9e sur cordon \u2013 BRA10"}]}]}},"acf":[],"_links":{"self":[{"href":"https:\/\/www.lesmerveillesdupacifique.com\/es\/wp-json\/wp\/v2\/product\/598"}],"collection":[{"href":"https:\/\/www.lesmerveillesdupacifique.com\/es\/wp-json\/wp\/v2\/product"}],"about":[{"href":"https:\/\/www.lesmerveillesdupacifique.com\/es\/wp-json\/wp\/v2\/types\/product"}],"wp:featuredmedia":[{"embeddable":true,"href":"https:\/\/www.lesmerveillesdupacifique.com\/es\/wp-json\/wp\/v2\/media\/4055"}],"wp:attachment":[{"href":"https:\/\/www.lesmerveillesdupacifique.com\/es\/wp-json\/wp\/v2\/media?parent=598"}],"wp:term":[{"taxonomy":"product_cat","embeddable":true,"href":"https:\/\/www.lesmerveillesdupacifique.com\/es\/wp-json\/wp\/v2\/product_cat?post=598"},{"taxonomy":"product_tag","embeddable":true,"href":"https:\/\/www.lesmerveillesdupacifique.com\/es\/wp-json\/wp\/v2\/product_tag?post=598"}],"curies":[{"name":"wp","href":"https:\/\/api.w.org\/{rel}","templated":true}]}}