{"id":582,"date":"2018-06-12T13:28:26","date_gmt":"2018-06-12T11:28:26","guid":{"rendered":"http:\/\/www.lesmerveillesdupacifique.com\/prod\/?post_type=product&#038;p=582"},"modified":"2025-09-24T10:58:48","modified_gmt":"2025-09-24T08:58:48","slug":"bra04","status":"publish","type":"product","link":"https:\/\/www.lesmerveillesdupacifique.com\/es\/produit\/bra04\/","title":{"rendered":"Pulsera toi &#038; moi plata y perlas circulares \u2013 BRA04"},"content":{"rendered":"","protected":false},"excerpt":{"rendered":"<p style=\"text-align: left;\"><strong>Pulsera plata r\u00edgida desmontable y perlas<\/strong><br \/>\n2 perlas cultivadas de Tahit\u00ed<\/p>\n<p><strong>formas:\u00a0<\/strong>circulares<br \/>\n<b>tama\u00f1os<\/b><strong>:<\/strong> 9-10 mm<br \/>\n<b>cualidad<\/b><strong>:<\/strong> A\/B<br \/>\n<b>plata rodiada<\/b><strong> 925<\/strong> 3,6 gramos<br \/>\n<strong>tallas:<\/strong> disponible en 3 tama\u00f1os<\/p>\n","protected":false},"featured_media":4049,"template":"","meta":{"_mi_skip_tracking":false},"product_cat":[24],"product_tag":[],"yoast_head":"<!-- This site is optimized with the Yoast SEO plugin v18.3 - https:\/\/yoast.com\/wordpress\/plugins\/seo\/ -->\n<title>Bracelet jonc toi &amp; moi argent et perles de Tahiti cercl\u00e9es \u2013 BRA04<\/title>\n<meta name=\"description\" content=\"\u00c9l\u00e9gance et raffinement avec notre bracelet jonc &quot;Toi &amp; Moi&quot; en argent et perles de Tahiti cercl\u00e9es. Un bijou unique inspir\u00e9 par la beaut\u00e9 des lagons polyn\u00e9siens.\" \/>\n<meta name=\"robots\" content=\"index, follow, max-snippet:-1, max-image-preview:large, max-video-preview:-1\" \/>\n<link rel=\"canonical\" href=\"https:\/\/www.lesmerveillesdupacifique.com\/es\/produit\/bra04\/\" \/>\n<meta property=\"og:locale\" content=\"es_ES\" \/>\n<meta property=\"og:type\" content=\"article\" \/>\n<meta property=\"og:title\" content=\"Bracelet jonc toi &amp; moi argent et perles de Tahiti cercl\u00e9es \u2013 BRA04\" \/>\n<meta property=\"og:description\" content=\"\u00c9l\u00e9gance et raffinement avec notre bracelet jonc &quot;Toi &amp; Moi&quot; en argent et perles de Tahiti cercl\u00e9es. Un bijou unique inspir\u00e9 par la beaut\u00e9 des lagons polyn\u00e9siens.\" \/>\n<meta property=\"og:url\" content=\"https:\/\/www.lesmerveillesdupacifique.com\/produit\/bra04\/\" \/>\n<meta property=\"og:site_name\" content=\"Les Merveilles du Pacifique\" \/>\n<meta property=\"article:modified_time\" content=\"2025-09-24T08:58:48+00:00\" \/>\n<meta property=\"og:image\" content=\"https:\/\/www.lesmerveillesdupacifique.com\/wp-content\/uploads\/2020\/02\/BRA04.jpg\" \/>\n\t<meta property=\"og:image:width\" content=\"1090\" \/>\n\t<meta property=\"og:image:height\" content=\"727\" \/>\n\t<meta property=\"og:image:type\" content=\"image\/jpeg\" \/>\n<meta name=\"twitter:card\" content=\"summary_large_image\" \/>\n<script type=\"application\/ld+json\" class=\"yoast-schema-graph\">{\"@context\":\"https:\/\/schema.org\",\"@graph\":[{\"@type\":\"WebSite\",\"@id\":\"https:\/\/www.lesmerveillesdupacifique.com\/fr\/#website\",\"url\":\"https:\/\/www.lesmerveillesdupacifique.com\/fr\/\",\"name\":\"Les Merveilles du Pacifique\",\"description\":\"Perles de culture de Tahiti\",\"potentialAction\":[{\"@type\":\"SearchAction\",\"target\":{\"@type\":\"EntryPoint\",\"urlTemplate\":\"https:\/\/www.lesmerveillesdupacifique.com\/fr\/?s={search_term_string}\"},\"query-input\":\"required name=search_term_string\"}],\"inLanguage\":\"es\"},{\"@type\":\"ImageObject\",\"@id\":\"https:\/\/www.lesmerveillesdupacifique.com\/produit\/bra04\/#primaryimage\",\"inLanguage\":\"es\",\"url\":\"https:\/\/www.lesmerveillesdupacifique.com\/wp-content\/uploads\/2020\/02\/BRA04.jpg\",\"contentUrl\":\"https:\/\/www.lesmerveillesdupacifique.com\/wp-content\/uploads\/2020\/02\/BRA04.jpg\",\"width\":1090,\"height\":727,\"caption\":\"www.photographe-book-paris.com\"},{\"@type\":\"WebPage\",\"@id\":\"https:\/\/www.lesmerveillesdupacifique.com\/produit\/bra04\/#webpage\",\"url\":\"https:\/\/www.lesmerveillesdupacifique.com\/produit\/bra04\/\",\"name\":\"Bracelet jonc toi & moi argent et perles de Tahiti cercl\u00e9es \u2013 BRA04\",\"isPartOf\":{\"@id\":\"https:\/\/www.lesmerveillesdupacifique.com\/fr\/#website\"},\"primaryImageOfPage\":{\"@id\":\"https:\/\/www.lesmerveillesdupacifique.com\/produit\/bra04\/#primaryimage\"},\"datePublished\":\"2018-06-12T11:28:26+00:00\",\"dateModified\":\"2025-09-24T08:58:48+00:00\",\"description\":\"\u00c9l\u00e9gance et raffinement avec notre bracelet jonc \\\"Toi & Moi\\\" en argent et perles de Tahiti cercl\u00e9es. Un bijou unique inspir\u00e9 par la beaut\u00e9 des lagons polyn\u00e9siens.\",\"breadcrumb\":{\"@id\":\"https:\/\/www.lesmerveillesdupacifique.com\/produit\/bra04\/#breadcrumb\"},\"inLanguage\":\"es\",\"potentialAction\":[{\"@type\":\"ReadAction\",\"target\":[\"https:\/\/www.lesmerveillesdupacifique.com\/produit\/bra04\/\"]}]},{\"@type\":\"BreadcrumbList\",\"@id\":\"https:\/\/www.lesmerveillesdupacifique.com\/produit\/bra04\/#breadcrumb\",\"itemListElement\":[{\"@type\":\"ListItem\",\"position\":1,\"name\":\"Accueil\",\"item\":\"https:\/\/www.lesmerveillesdupacifique.com\/\"},{\"@type\":\"ListItem\",\"position\":2,\"name\":\"Collection\",\"item\":\"https:\/\/www.lesmerveillesdupacifique.com\/fr\/shop\/\"},{\"@type\":\"ListItem\",\"position\":3,\"name\":\"Bracelet toi &#038; moi argent et perles cercl\u00e9es \u2013 BRA04\"}]}]}<\/script>\n<!-- \/ Yoast SEO plugin. -->","yoast_head_json":{"title":"Bracelet jonc toi & moi argent et perles de Tahiti cercl\u00e9es \u2013 BRA04","description":"\u00c9l\u00e9gance et raffinement avec notre bracelet jonc \"Toi & Moi\" en argent et perles de Tahiti cercl\u00e9es. Un bijou unique inspir\u00e9 par la beaut\u00e9 des lagons polyn\u00e9siens.","robots":{"index":"index","follow":"follow","max-snippet":"max-snippet:-1","max-image-preview":"max-image-preview:large","max-video-preview":"max-video-preview:-1"},"canonical":"https:\/\/www.lesmerveillesdupacifique.com\/es\/produit\/bra04\/","og_locale":"es_ES","og_type":"article","og_title":"Bracelet jonc toi & moi argent et perles de Tahiti cercl\u00e9es \u2013 BRA04","og_description":"\u00c9l\u00e9gance et raffinement avec notre bracelet jonc \"Toi & Moi\" en argent et perles de Tahiti cercl\u00e9es. Un bijou unique inspir\u00e9 par la beaut\u00e9 des lagons polyn\u00e9siens.","og_url":"https:\/\/www.lesmerveillesdupacifique.com\/produit\/bra04\/","og_site_name":"Les Merveilles du Pacifique","article_modified_time":"2025-09-24T08:58:48+00:00","og_image":[{"width":1090,"height":727,"url":"https:\/\/www.lesmerveillesdupacifique.com\/wp-content\/uploads\/2020\/02\/BRA04.jpg","type":"image\/jpeg"}],"twitter_card":"summary_large_image","schema":{"@context":"https:\/\/schema.org","@graph":[{"@type":"WebSite","@id":"https:\/\/www.lesmerveillesdupacifique.com\/fr\/#website","url":"https:\/\/www.lesmerveillesdupacifique.com\/fr\/","name":"Les Merveilles du Pacifique","description":"Perles de culture de Tahiti","potentialAction":[{"@type":"SearchAction","target":{"@type":"EntryPoint","urlTemplate":"https:\/\/www.lesmerveillesdupacifique.com\/fr\/?s={search_term_string}"},"query-input":"required name=search_term_string"}],"inLanguage":"es"},{"@type":"ImageObject","@id":"https:\/\/www.lesmerveillesdupacifique.com\/produit\/bra04\/#primaryimage","inLanguage":"es","url":"https:\/\/www.lesmerveillesdupacifique.com\/wp-content\/uploads\/2020\/02\/BRA04.jpg","contentUrl":"https:\/\/www.lesmerveillesdupacifique.com\/wp-content\/uploads\/2020\/02\/BRA04.jpg","width":1090,"height":727,"caption":"www.photographe-book-paris.com"},{"@type":"WebPage","@id":"https:\/\/www.lesmerveillesdupacifique.com\/produit\/bra04\/#webpage","url":"https:\/\/www.lesmerveillesdupacifique.com\/produit\/bra04\/","name":"Bracelet jonc toi & moi argent et perles de Tahiti cercl\u00e9es \u2013 BRA04","isPartOf":{"@id":"https:\/\/www.lesmerveillesdupacifique.com\/fr\/#website"},"primaryImageOfPage":{"@id":"https:\/\/www.lesmerveillesdupacifique.com\/produit\/bra04\/#primaryimage"},"datePublished":"2018-06-12T11:28:26+00:00","dateModified":"2025-09-24T08:58:48+00:00","description":"\u00c9l\u00e9gance et raffinement avec notre bracelet jonc \"Toi & Moi\" en argent et perles de Tahiti cercl\u00e9es. Un bijou unique inspir\u00e9 par la beaut\u00e9 des lagons polyn\u00e9siens.","breadcrumb":{"@id":"https:\/\/www.lesmerveillesdupacifique.com\/produit\/bra04\/#breadcrumb"},"inLanguage":"es","potentialAction":[{"@type":"ReadAction","target":["https:\/\/www.lesmerveillesdupacifique.com\/produit\/bra04\/"]}]},{"@type":"BreadcrumbList","@id":"https:\/\/www.lesmerveillesdupacifique.com\/produit\/bra04\/#breadcrumb","itemListElement":[{"@type":"ListItem","position":1,"name":"Accueil","item":"https:\/\/www.lesmerveillesdupacifique.com\/"},{"@type":"ListItem","position":2,"name":"Collection","item":"https:\/\/www.lesmerveillesdupacifique.com\/fr\/shop\/"},{"@type":"ListItem","position":3,"name":"Bracelet toi &#038; moi argent et perles cercl\u00e9es \u2013 BRA04"}]}]}},"acf":[],"_links":{"self":[{"href":"https:\/\/www.lesmerveillesdupacifique.com\/es\/wp-json\/wp\/v2\/product\/582"}],"collection":[{"href":"https:\/\/www.lesmerveillesdupacifique.com\/es\/wp-json\/wp\/v2\/product"}],"about":[{"href":"https:\/\/www.lesmerveillesdupacifique.com\/es\/wp-json\/wp\/v2\/types\/product"}],"wp:featuredmedia":[{"embeddable":true,"href":"https:\/\/www.lesmerveillesdupacifique.com\/es\/wp-json\/wp\/v2\/media\/4049"}],"wp:attachment":[{"href":"https:\/\/www.lesmerveillesdupacifique.com\/es\/wp-json\/wp\/v2\/media?parent=582"}],"wp:term":[{"taxonomy":"product_cat","embeddable":true,"href":"https:\/\/www.lesmerveillesdupacifique.com\/es\/wp-json\/wp\/v2\/product_cat?post=582"},{"taxonomy":"product_tag","embeddable":true,"href":"https:\/\/www.lesmerveillesdupacifique.com\/es\/wp-json\/wp\/v2\/product_tag?post=582"}],"curies":[{"name":"wp","href":"https:\/\/api.w.org\/{rel}","templated":true}]}}