{"id":3530,"date":"2022-02-22T12:31:41","date_gmt":"2022-02-22T11:31:41","guid":{"rendered":"https:\/\/www.lesmerveillesdupacifique.com\/?post_type=product&#038;p=3530"},"modified":"2026-04-01T15:23:58","modified_gmt":"2026-04-01T13:23:58","slug":"bracelet-en-or-avec-perles-ovales-bror01-oj","status":"publish","type":"product","link":"https:\/\/www.lesmerveillesdupacifique.com\/es\/produit\/bracelet-en-or-avec-perles-ovales-bror01-oj\/","title":{"rendered":"Pulsera de oro con perlas ovaladas &#8211; BROR 01 OJ"},"content":{"rendered":"","protected":false},"excerpt":{"rendered":"<p><b>3 Perlas cultivadas de Tahit\u00ed<\/b><\/p>\n<p><strong>formar:<\/strong> ovaladas<br \/>\n<b>tama\u00f1os<\/b>: 8-9 mm<br \/>\n<strong>cualidad:<\/strong> A<br \/>\n<strong>Oro amarillo 750<\/strong> (18 kilates) 1,76 gramos<\/p>\n<p>(tambi\u00e9n existe en oro blanco)<\/p>\n","protected":false},"featured_media":4028,"template":"","meta":{"_mi_skip_tracking":false},"product_cat":[24],"product_tag":[],"yoast_head":"<!-- This site is optimized with the Yoast SEO plugin v18.3 - https:\/\/yoast.com\/wordpress\/plugins\/seo\/ -->\n<title>Pulsera de oro con perlas ovaladas - BROR 01 OJ - Les Merveilles du Pacifique<\/title>\n<meta name=\"robots\" content=\"index, follow, max-snippet:-1, max-image-preview:large, max-video-preview:-1\" \/>\n<link rel=\"canonical\" href=\"https:\/\/www.lesmerveillesdupacifique.com\/es\/produit\/bracelet-en-or-avec-perles-ovales-bror01-oj\/\" \/>\n<meta property=\"og:locale\" content=\"es_ES\" \/>\n<meta property=\"og:type\" content=\"article\" \/>\n<meta property=\"og:title\" content=\"Pulsera de oro con perlas ovaladas - BROR 01 OJ - Les Merveilles du Pacifique\" \/>\n<meta property=\"og:description\" content=\"3 Perlas cultivadas de Tahit\u00ed  formar: ovaladas tama\u00f1os: 8-9 mm cualidad: A Oro amarillo 750 (18 kilates) 1,76 gramos  (tambi\u00e9n existe en oro blanco)\" \/>\n<meta property=\"og:url\" content=\"https:\/\/www.lesmerveillesdupacifique.com\/produit\/bracelet-en-or-avec-perles-ovales-bror01-oj\/\" \/>\n<meta property=\"og:site_name\" content=\"Les Merveilles du Pacifique\" \/>\n<meta property=\"article:modified_time\" content=\"2026-04-01T13:23:58+00:00\" \/>\n<meta property=\"og:image\" content=\"https:\/\/www.lesmerveillesdupacifique.com\/wp-content\/uploads\/2022\/11\/BROR01-OJ.jpg\" \/>\n\t<meta property=\"og:image:width\" content=\"1090\" \/>\n\t<meta property=\"og:image:height\" content=\"727\" \/>\n\t<meta property=\"og:image:type\" content=\"image\/jpeg\" \/>\n<meta name=\"twitter:card\" content=\"summary_large_image\" \/>\n<script type=\"application\/ld+json\" class=\"yoast-schema-graph\">{\"@context\":\"https:\/\/schema.org\",\"@graph\":[{\"@type\":\"WebSite\",\"@id\":\"https:\/\/www.lesmerveillesdupacifique.com\/fr\/#website\",\"url\":\"https:\/\/www.lesmerveillesdupacifique.com\/fr\/\",\"name\":\"Les Merveilles du Pacifique\",\"description\":\"Perles de culture de Tahiti\",\"potentialAction\":[{\"@type\":\"SearchAction\",\"target\":{\"@type\":\"EntryPoint\",\"urlTemplate\":\"https:\/\/www.lesmerveillesdupacifique.com\/fr\/?s={search_term_string}\"},\"query-input\":\"required name=search_term_string\"}],\"inLanguage\":\"es\"},{\"@type\":\"ImageObject\",\"@id\":\"https:\/\/www.lesmerveillesdupacifique.com\/produit\/bracelet-en-or-avec-perles-ovales-bror01-oj\/#primaryimage\",\"inLanguage\":\"es\",\"url\":\"https:\/\/www.lesmerveillesdupacifique.com\/wp-content\/uploads\/2022\/11\/BROR01-OJ.jpg\",\"contentUrl\":\"https:\/\/www.lesmerveillesdupacifique.com\/wp-content\/uploads\/2022\/11\/BROR01-OJ.jpg\",\"width\":1090,\"height\":727,\"caption\":\"www.photographe-book-paris.com\"},{\"@type\":\"WebPage\",\"@id\":\"https:\/\/www.lesmerveillesdupacifique.com\/produit\/bracelet-en-or-avec-perles-ovales-bror01-oj\/#webpage\",\"url\":\"https:\/\/www.lesmerveillesdupacifique.com\/produit\/bracelet-en-or-avec-perles-ovales-bror01-oj\/\",\"name\":\"Pulsera de oro con perlas ovaladas - BROR 01 OJ - Les Merveilles du Pacifique\",\"isPartOf\":{\"@id\":\"https:\/\/www.lesmerveillesdupacifique.com\/fr\/#website\"},\"primaryImageOfPage\":{\"@id\":\"https:\/\/www.lesmerveillesdupacifique.com\/produit\/bracelet-en-or-avec-perles-ovales-bror01-oj\/#primaryimage\"},\"datePublished\":\"2022-02-22T11:31:41+00:00\",\"dateModified\":\"2026-04-01T13:23:58+00:00\",\"breadcrumb\":{\"@id\":\"https:\/\/www.lesmerveillesdupacifique.com\/produit\/bracelet-en-or-avec-perles-ovales-bror01-oj\/#breadcrumb\"},\"inLanguage\":\"es\",\"potentialAction\":[{\"@type\":\"ReadAction\",\"target\":[\"https:\/\/www.lesmerveillesdupacifique.com\/produit\/bracelet-en-or-avec-perles-ovales-bror01-oj\/\"]}]},{\"@type\":\"BreadcrumbList\",\"@id\":\"https:\/\/www.lesmerveillesdupacifique.com\/produit\/bracelet-en-or-avec-perles-ovales-bror01-oj\/#breadcrumb\",\"itemListElement\":[{\"@type\":\"ListItem\",\"position\":1,\"name\":\"Accueil\",\"item\":\"https:\/\/www.lesmerveillesdupacifique.com\/\"},{\"@type\":\"ListItem\",\"position\":2,\"name\":\"Collection\",\"item\":\"https:\/\/www.lesmerveillesdupacifique.com\/fr\/shop\/\"},{\"@type\":\"ListItem\",\"position\":3,\"name\":\"Bracelet en or avec perles ovales &#8211; BROR 01 OJ\"}]}]}<\/script>\n<!-- \/ Yoast SEO plugin. -->","yoast_head_json":{"title":"Pulsera de oro con perlas ovaladas - BROR 01 OJ - Les Merveilles du Pacifique","robots":{"index":"index","follow":"follow","max-snippet":"max-snippet:-1","max-image-preview":"max-image-preview:large","max-video-preview":"max-video-preview:-1"},"canonical":"https:\/\/www.lesmerveillesdupacifique.com\/es\/produit\/bracelet-en-or-avec-perles-ovales-bror01-oj\/","og_locale":"es_ES","og_type":"article","og_title":"Pulsera de oro con perlas ovaladas - BROR 01 OJ - Les Merveilles du Pacifique","og_description":"3 Perlas cultivadas de Tahit\u00ed  formar: ovaladas tama\u00f1os: 8-9 mm cualidad: A Oro amarillo 750 (18 kilates) 1,76 gramos  (tambi\u00e9n existe en oro blanco)","og_url":"https:\/\/www.lesmerveillesdupacifique.com\/produit\/bracelet-en-or-avec-perles-ovales-bror01-oj\/","og_site_name":"Les Merveilles du Pacifique","article_modified_time":"2026-04-01T13:23:58+00:00","og_image":[{"width":1090,"height":727,"url":"https:\/\/www.lesmerveillesdupacifique.com\/wp-content\/uploads\/2022\/11\/BROR01-OJ.jpg","type":"image\/jpeg"}],"twitter_card":"summary_large_image","schema":{"@context":"https:\/\/schema.org","@graph":[{"@type":"WebSite","@id":"https:\/\/www.lesmerveillesdupacifique.com\/fr\/#website","url":"https:\/\/www.lesmerveillesdupacifique.com\/fr\/","name":"Les Merveilles du Pacifique","description":"Perles de culture de Tahiti","potentialAction":[{"@type":"SearchAction","target":{"@type":"EntryPoint","urlTemplate":"https:\/\/www.lesmerveillesdupacifique.com\/fr\/?s={search_term_string}"},"query-input":"required name=search_term_string"}],"inLanguage":"es"},{"@type":"ImageObject","@id":"https:\/\/www.lesmerveillesdupacifique.com\/produit\/bracelet-en-or-avec-perles-ovales-bror01-oj\/#primaryimage","inLanguage":"es","url":"https:\/\/www.lesmerveillesdupacifique.com\/wp-content\/uploads\/2022\/11\/BROR01-OJ.jpg","contentUrl":"https:\/\/www.lesmerveillesdupacifique.com\/wp-content\/uploads\/2022\/11\/BROR01-OJ.jpg","width":1090,"height":727,"caption":"www.photographe-book-paris.com"},{"@type":"WebPage","@id":"https:\/\/www.lesmerveillesdupacifique.com\/produit\/bracelet-en-or-avec-perles-ovales-bror01-oj\/#webpage","url":"https:\/\/www.lesmerveillesdupacifique.com\/produit\/bracelet-en-or-avec-perles-ovales-bror01-oj\/","name":"Pulsera de oro con perlas ovaladas - BROR 01 OJ - Les Merveilles du Pacifique","isPartOf":{"@id":"https:\/\/www.lesmerveillesdupacifique.com\/fr\/#website"},"primaryImageOfPage":{"@id":"https:\/\/www.lesmerveillesdupacifique.com\/produit\/bracelet-en-or-avec-perles-ovales-bror01-oj\/#primaryimage"},"datePublished":"2022-02-22T11:31:41+00:00","dateModified":"2026-04-01T13:23:58+00:00","breadcrumb":{"@id":"https:\/\/www.lesmerveillesdupacifique.com\/produit\/bracelet-en-or-avec-perles-ovales-bror01-oj\/#breadcrumb"},"inLanguage":"es","potentialAction":[{"@type":"ReadAction","target":["https:\/\/www.lesmerveillesdupacifique.com\/produit\/bracelet-en-or-avec-perles-ovales-bror01-oj\/"]}]},{"@type":"BreadcrumbList","@id":"https:\/\/www.lesmerveillesdupacifique.com\/produit\/bracelet-en-or-avec-perles-ovales-bror01-oj\/#breadcrumb","itemListElement":[{"@type":"ListItem","position":1,"name":"Accueil","item":"https:\/\/www.lesmerveillesdupacifique.com\/"},{"@type":"ListItem","position":2,"name":"Collection","item":"https:\/\/www.lesmerveillesdupacifique.com\/fr\/shop\/"},{"@type":"ListItem","position":3,"name":"Bracelet en or avec perles ovales &#8211; BROR 01 OJ"}]}]}},"acf":[],"_links":{"self":[{"href":"https:\/\/www.lesmerveillesdupacifique.com\/es\/wp-json\/wp\/v2\/product\/3530"}],"collection":[{"href":"https:\/\/www.lesmerveillesdupacifique.com\/es\/wp-json\/wp\/v2\/product"}],"about":[{"href":"https:\/\/www.lesmerveillesdupacifique.com\/es\/wp-json\/wp\/v2\/types\/product"}],"wp:featuredmedia":[{"embeddable":true,"href":"https:\/\/www.lesmerveillesdupacifique.com\/es\/wp-json\/wp\/v2\/media\/4028"}],"wp:attachment":[{"href":"https:\/\/www.lesmerveillesdupacifique.com\/es\/wp-json\/wp\/v2\/media?parent=3530"}],"wp:term":[{"taxonomy":"product_cat","embeddable":true,"href":"https:\/\/www.lesmerveillesdupacifique.com\/es\/wp-json\/wp\/v2\/product_cat?post=3530"},{"taxonomy":"product_tag","embeddable":true,"href":"https:\/\/www.lesmerveillesdupacifique.com\/es\/wp-json\/wp\/v2\/product_tag?post=3530"}],"curies":[{"name":"wp","href":"https:\/\/api.w.org\/{rel}","templated":true}]}}