{"id":2478,"date":"2020-06-29T18:00:01","date_gmt":"2020-06-29T16:00:01","guid":{"rendered":"http:\/\/www.lesmerveillesdupacifique.com\/?post_type=product&#038;p=2478"},"modified":"2023-12-08T11:24:32","modified_gmt":"2023-12-08T10:24:32","slug":"huitre-gravure-pourtour-tortue","status":"publish","type":"product","link":"https:\/\/www.lesmerveillesdupacifique.com\/es\/produit\/huitre-gravure-pourtour-tortue\/","title":{"rendered":"Ostra grabada en el interior por el borde fino tortuga"},"content":{"rendered":"","protected":false},"excerpt":{"rendered":"<p><span id=\"s2_1\">Ostra perlera Pinctada Margaritifera (de labios negros)<\/span><\/p>\n<p><span id=\"s2_2\">Especie en la que se cultiva la perla de Tahit\u00ed.<\/span><br \/>\n<span id=\"s2_3\">La concha mide unos 11 cm de tama\u00f1o.<\/span><br \/>\n<span id=\"s2_4\">El per\u00edmetro interior est\u00e1 grabado a mano en Tahit\u00ed y est\u00e1 adornado con tortuga.<\/span><br \/>\n<span id=\"s2_5\">Este n\u00e1car presenta un verdadero arco iris de colores que se encuentran en las perlas de Tahit\u00ed que fabrica.<\/span><\/p>\n","protected":false},"featured_media":3356,"template":"","meta":{"_mi_skip_tracking":false},"product_cat":[58],"product_tag":[],"yoast_head":"<!-- This site is optimized with the Yoast SEO plugin v18.3 - https:\/\/yoast.com\/wordpress\/plugins\/seo\/ -->\n<title>Ostra grabada en el interior por el borde fino tortuga - Les Merveilles du Pacifique<\/title>\n<meta name=\"robots\" content=\"index, follow, max-snippet:-1, max-image-preview:large, max-video-preview:-1\" \/>\n<link rel=\"canonical\" href=\"https:\/\/www.lesmerveillesdupacifique.com\/es\/produit\/huitre-gravure-pourtour-tortue\/\" \/>\n<meta property=\"og:locale\" content=\"es_ES\" \/>\n<meta property=\"og:type\" content=\"article\" \/>\n<meta property=\"og:title\" content=\"Ostra grabada en el interior por el borde fino tortuga - Les Merveilles du Pacifique\" \/>\n<meta property=\"og:description\" content=\"Ostra perlera Pinctada Margaritifera (de labios negros)  Especie en la que se cultiva la perla de Tahit\u00ed. La concha mide unos 11 cm de tama\u00f1o. El per\u00edmetro interior est\u00e1 grabado a mano en Tahit\u00ed y est\u00e1 adornado con tortuga. Este n\u00e1car presenta un verdadero arco iris de colores que se encuentran en las perlas de Tahit\u00ed que fabrica.\" \/>\n<meta property=\"og:url\" content=\"https:\/\/www.lesmerveillesdupacifique.com\/produit\/huitre-gravure-pourtour-tortue\/\" \/>\n<meta property=\"og:site_name\" content=\"Les Merveilles du Pacifique\" \/>\n<meta property=\"article:modified_time\" content=\"2023-12-08T10:24:32+00:00\" \/>\n<meta property=\"og:image\" content=\"https:\/\/www.lesmerveillesdupacifique.com\/wp-content\/uploads\/2020\/06\/Hui\u0302tre-gravure-pourtour-fin-Tortue.jpg\" \/>\n\t<meta property=\"og:image:width\" content=\"1166\" \/>\n\t<meta property=\"og:image:height\" content=\"1028\" \/>\n\t<meta property=\"og:image:type\" content=\"image\/jpeg\" \/>\n<meta name=\"twitter:card\" content=\"summary_large_image\" \/>\n<script type=\"application\/ld+json\" class=\"yoast-schema-graph\">{\"@context\":\"https:\/\/schema.org\",\"@graph\":[{\"@type\":\"WebSite\",\"@id\":\"https:\/\/www.lesmerveillesdupacifique.com\/fr\/#website\",\"url\":\"https:\/\/www.lesmerveillesdupacifique.com\/fr\/\",\"name\":\"Les Merveilles du Pacifique\",\"description\":\"Perles de culture de Tahiti\",\"potentialAction\":[{\"@type\":\"SearchAction\",\"target\":{\"@type\":\"EntryPoint\",\"urlTemplate\":\"https:\/\/www.lesmerveillesdupacifique.com\/fr\/?s={search_term_string}\"},\"query-input\":\"required name=search_term_string\"}],\"inLanguage\":\"es\"},{\"@type\":\"ImageObject\",\"@id\":\"https:\/\/www.lesmerveillesdupacifique.com\/produit\/huitre-gravure-pourtour-tortue\/#primaryimage\",\"inLanguage\":\"es\",\"url\":\"https:\/\/www.lesmerveillesdupacifique.com\/wp-content\/uploads\/2020\/06\/Hui\u0302tre-gravure-pourtour-fin-Tortue.jpg\",\"contentUrl\":\"https:\/\/www.lesmerveillesdupacifique.com\/wp-content\/uploads\/2020\/06\/Hui\u0302tre-gravure-pourtour-fin-Tortue.jpg\",\"width\":1166,\"height\":1028,\"caption\":\"Nacre grav\u00e9e avec motif tortue et maori\"},{\"@type\":\"WebPage\",\"@id\":\"https:\/\/www.lesmerveillesdupacifique.com\/produit\/huitre-gravure-pourtour-tortue\/#webpage\",\"url\":\"https:\/\/www.lesmerveillesdupacifique.com\/produit\/huitre-gravure-pourtour-tortue\/\",\"name\":\"Ostra grabada en el interior por el borde fino tortuga - Les Merveilles du Pacifique\",\"isPartOf\":{\"@id\":\"https:\/\/www.lesmerveillesdupacifique.com\/fr\/#website\"},\"primaryImageOfPage\":{\"@id\":\"https:\/\/www.lesmerveillesdupacifique.com\/produit\/huitre-gravure-pourtour-tortue\/#primaryimage\"},\"datePublished\":\"2020-06-29T16:00:01+00:00\",\"dateModified\":\"2023-12-08T10:24:32+00:00\",\"breadcrumb\":{\"@id\":\"https:\/\/www.lesmerveillesdupacifique.com\/produit\/huitre-gravure-pourtour-tortue\/#breadcrumb\"},\"inLanguage\":\"es\",\"potentialAction\":[{\"@type\":\"ReadAction\",\"target\":[\"https:\/\/www.lesmerveillesdupacifique.com\/produit\/huitre-gravure-pourtour-tortue\/\"]}]},{\"@type\":\"BreadcrumbList\",\"@id\":\"https:\/\/www.lesmerveillesdupacifique.com\/produit\/huitre-gravure-pourtour-tortue\/#breadcrumb\",\"itemListElement\":[{\"@type\":\"ListItem\",\"position\":1,\"name\":\"Accueil\",\"item\":\"https:\/\/www.lesmerveillesdupacifique.com\/\"},{\"@type\":\"ListItem\",\"position\":2,\"name\":\"Collection\",\"item\":\"https:\/\/www.lesmerveillesdupacifique.com\/fr\/shop\/\"},{\"@type\":\"ListItem\",\"position\":3,\"name\":\"Hu\u00eetre gravure pourtour fin Tortue\"}]}]}<\/script>\n<!-- \/ Yoast SEO plugin. -->","yoast_head_json":{"title":"Ostra grabada en el interior por el borde fino tortuga - Les Merveilles du Pacifique","robots":{"index":"index","follow":"follow","max-snippet":"max-snippet:-1","max-image-preview":"max-image-preview:large","max-video-preview":"max-video-preview:-1"},"canonical":"https:\/\/www.lesmerveillesdupacifique.com\/es\/produit\/huitre-gravure-pourtour-tortue\/","og_locale":"es_ES","og_type":"article","og_title":"Ostra grabada en el interior por el borde fino tortuga - Les Merveilles du Pacifique","og_description":"Ostra perlera Pinctada Margaritifera (de labios negros)  Especie en la que se cultiva la perla de Tahit\u00ed. La concha mide unos 11 cm de tama\u00f1o. El per\u00edmetro interior est\u00e1 grabado a mano en Tahit\u00ed y est\u00e1 adornado con tortuga. Este n\u00e1car presenta un verdadero arco iris de colores que se encuentran en las perlas de Tahit\u00ed que fabrica.","og_url":"https:\/\/www.lesmerveillesdupacifique.com\/produit\/huitre-gravure-pourtour-tortue\/","og_site_name":"Les Merveilles du Pacifique","article_modified_time":"2023-12-08T10:24:32+00:00","og_image":[{"width":1166,"height":1028,"url":"https:\/\/www.lesmerveillesdupacifique.com\/wp-content\/uploads\/2020\/06\/Hui\u0302tre-gravure-pourtour-fin-Tortue.jpg","type":"image\/jpeg"}],"twitter_card":"summary_large_image","schema":{"@context":"https:\/\/schema.org","@graph":[{"@type":"WebSite","@id":"https:\/\/www.lesmerveillesdupacifique.com\/fr\/#website","url":"https:\/\/www.lesmerveillesdupacifique.com\/fr\/","name":"Les Merveilles du Pacifique","description":"Perles de culture de Tahiti","potentialAction":[{"@type":"SearchAction","target":{"@type":"EntryPoint","urlTemplate":"https:\/\/www.lesmerveillesdupacifique.com\/fr\/?s={search_term_string}"},"query-input":"required name=search_term_string"}],"inLanguage":"es"},{"@type":"ImageObject","@id":"https:\/\/www.lesmerveillesdupacifique.com\/produit\/huitre-gravure-pourtour-tortue\/#primaryimage","inLanguage":"es","url":"https:\/\/www.lesmerveillesdupacifique.com\/wp-content\/uploads\/2020\/06\/Hui\u0302tre-gravure-pourtour-fin-Tortue.jpg","contentUrl":"https:\/\/www.lesmerveillesdupacifique.com\/wp-content\/uploads\/2020\/06\/Hui\u0302tre-gravure-pourtour-fin-Tortue.jpg","width":1166,"height":1028,"caption":"Nacre grav\u00e9e avec motif tortue et maori"},{"@type":"WebPage","@id":"https:\/\/www.lesmerveillesdupacifique.com\/produit\/huitre-gravure-pourtour-tortue\/#webpage","url":"https:\/\/www.lesmerveillesdupacifique.com\/produit\/huitre-gravure-pourtour-tortue\/","name":"Ostra grabada en el interior por el borde fino tortuga - Les Merveilles du Pacifique","isPartOf":{"@id":"https:\/\/www.lesmerveillesdupacifique.com\/fr\/#website"},"primaryImageOfPage":{"@id":"https:\/\/www.lesmerveillesdupacifique.com\/produit\/huitre-gravure-pourtour-tortue\/#primaryimage"},"datePublished":"2020-06-29T16:00:01+00:00","dateModified":"2023-12-08T10:24:32+00:00","breadcrumb":{"@id":"https:\/\/www.lesmerveillesdupacifique.com\/produit\/huitre-gravure-pourtour-tortue\/#breadcrumb"},"inLanguage":"es","potentialAction":[{"@type":"ReadAction","target":["https:\/\/www.lesmerveillesdupacifique.com\/produit\/huitre-gravure-pourtour-tortue\/"]}]},{"@type":"BreadcrumbList","@id":"https:\/\/www.lesmerveillesdupacifique.com\/produit\/huitre-gravure-pourtour-tortue\/#breadcrumb","itemListElement":[{"@type":"ListItem","position":1,"name":"Accueil","item":"https:\/\/www.lesmerveillesdupacifique.com\/"},{"@type":"ListItem","position":2,"name":"Collection","item":"https:\/\/www.lesmerveillesdupacifique.com\/fr\/shop\/"},{"@type":"ListItem","position":3,"name":"Hu\u00eetre gravure pourtour fin Tortue"}]}]}},"acf":[],"_links":{"self":[{"href":"https:\/\/www.lesmerveillesdupacifique.com\/es\/wp-json\/wp\/v2\/product\/2478"}],"collection":[{"href":"https:\/\/www.lesmerveillesdupacifique.com\/es\/wp-json\/wp\/v2\/product"}],"about":[{"href":"https:\/\/www.lesmerveillesdupacifique.com\/es\/wp-json\/wp\/v2\/types\/product"}],"wp:featuredmedia":[{"embeddable":true,"href":"https:\/\/www.lesmerveillesdupacifique.com\/es\/wp-json\/wp\/v2\/media\/3356"}],"wp:attachment":[{"href":"https:\/\/www.lesmerveillesdupacifique.com\/es\/wp-json\/wp\/v2\/media?parent=2478"}],"wp:term":[{"taxonomy":"product_cat","embeddable":true,"href":"https:\/\/www.lesmerveillesdupacifique.com\/es\/wp-json\/wp\/v2\/product_cat?post=2478"},{"taxonomy":"product_tag","embeddable":true,"href":"https:\/\/www.lesmerveillesdupacifique.com\/es\/wp-json\/wp\/v2\/product_tag?post=2478"}],"curies":[{"name":"wp","href":"https:\/\/api.w.org\/{rel}","templated":true}]}}