{"id":1965,"date":"2020-02-26T12:22:28","date_gmt":"2020-02-26T11:22:28","guid":{"rendered":"http:\/\/www.lesmerveillesdupacifique.com\/prod\/?post_type=product&#038;p=1965"},"modified":"2023-12-08T15:36:10","modified_gmt":"2023-12-08T14:36:10","slug":"huitre-gravure-interieure-requin","status":"publish","type":"product","link":"https:\/\/www.lesmerveillesdupacifique.com\/es\/produit\/huitre-gravure-interieure-requin\/","title":{"rendered":"Ostra grabada dentro Tibur\u00f3n"},"content":{"rendered":"","protected":false},"excerpt":{"rendered":"<p><span id=\"s2_1\">Ostra perlera Pinctada Margaritifera (de labios negros)<\/span><\/p>\n<p><span id=\"s2_2\">Esp\u00e9cie em que a p\u00e9rola do Taiti \u00e9 cultivada.<\/span><br \/>\n<span id=\"s2_3\">A concha tem cerca de 13 cm de tamanho.<\/span><br \/>\nGrava\u00e7\u00e3o manual de un tibur\u00f3n.<br \/>\n<span id=\"s2_5\">Esta madrep\u00e9rola apresenta um verdadeiro arco-\u00edris de cores que se encontra nas p\u00e9rolas do Taiti que fabrica.<\/span><\/p>\n","protected":false},"featured_media":3363,"template":"","meta":{"_mi_skip_tracking":false},"product_cat":[58],"product_tag":[],"yoast_head":"<!-- This site is optimized with the Yoast SEO plugin v18.3 - https:\/\/yoast.com\/wordpress\/plugins\/seo\/ -->\n<title>Ostra grabada dentro Tibur\u00f3n - Les Merveilles du Pacifique<\/title>\n<meta name=\"robots\" content=\"index, follow, max-snippet:-1, max-image-preview:large, max-video-preview:-1\" \/>\n<link rel=\"canonical\" href=\"https:\/\/www.lesmerveillesdupacifique.com\/es\/produit\/huitre-gravure-interieure-requin\/\" \/>\n<meta property=\"og:locale\" content=\"es_ES\" \/>\n<meta property=\"og:type\" content=\"article\" \/>\n<meta property=\"og:title\" content=\"Ostra grabada dentro Tibur\u00f3n - Les Merveilles du Pacifique\" \/>\n<meta property=\"og:description\" content=\"Ostra perlera Pinctada Margaritifera (de labios negros)  Esp\u00e9cie em que a p\u00e9rola do Taiti \u00e9 cultivada. A concha tem cerca de 13 cm de tamanho. Grava\u00e7\u00e3o manual de un tibur\u00f3n. Esta madrep\u00e9rola apresenta um verdadeiro arco-\u00edris de cores que se encontra nas p\u00e9rolas do Taiti que fabrica.\" \/>\n<meta property=\"og:url\" content=\"https:\/\/www.lesmerveillesdupacifique.com\/produit\/huitre-gravure-interieure-requin\/\" \/>\n<meta property=\"og:site_name\" content=\"Les Merveilles du Pacifique\" \/>\n<meta property=\"article:modified_time\" content=\"2023-12-08T14:36:10+00:00\" \/>\n<meta property=\"og:image\" content=\"https:\/\/www.lesmerveillesdupacifique.com\/wp-content\/uploads\/2020\/02\/Hui\u0302tre-gravure-inte\u0301rieure-Requin.png\" \/>\n\t<meta property=\"og:image:width\" content=\"1216\" \/>\n\t<meta property=\"og:image:height\" content=\"1032\" \/>\n\t<meta property=\"og:image:type\" content=\"image\/png\" \/>\n<meta name=\"twitter:card\" content=\"summary_large_image\" \/>\n<script type=\"application\/ld+json\" class=\"yoast-schema-graph\">{\"@context\":\"https:\/\/schema.org\",\"@graph\":[{\"@type\":\"WebSite\",\"@id\":\"https:\/\/www.lesmerveillesdupacifique.com\/fr\/#website\",\"url\":\"https:\/\/www.lesmerveillesdupacifique.com\/fr\/\",\"name\":\"Les Merveilles du Pacifique\",\"description\":\"Perles de culture de Tahiti\",\"potentialAction\":[{\"@type\":\"SearchAction\",\"target\":{\"@type\":\"EntryPoint\",\"urlTemplate\":\"https:\/\/www.lesmerveillesdupacifique.com\/fr\/?s={search_term_string}\"},\"query-input\":\"required name=search_term_string\"}],\"inLanguage\":\"es\"},{\"@type\":\"ImageObject\",\"@id\":\"https:\/\/www.lesmerveillesdupacifique.com\/produit\/huitre-gravure-interieure-requin\/#primaryimage\",\"inLanguage\":\"es\",\"url\":\"https:\/\/www.lesmerveillesdupacifique.com\/wp-content\/uploads\/2020\/02\/Hui\u0302tre-gravure-inte\u0301rieure-Requin.png\",\"contentUrl\":\"https:\/\/www.lesmerveillesdupacifique.com\/wp-content\/uploads\/2020\/02\/Hui\u0302tre-gravure-inte\u0301rieure-Requin.png\",\"width\":1216,\"height\":1032,\"caption\":\"Nacre grav\u00e9e avec motif requin\"},{\"@type\":\"WebPage\",\"@id\":\"https:\/\/www.lesmerveillesdupacifique.com\/produit\/huitre-gravure-interieure-requin\/#webpage\",\"url\":\"https:\/\/www.lesmerveillesdupacifique.com\/produit\/huitre-gravure-interieure-requin\/\",\"name\":\"Ostra grabada dentro Tibur\u00f3n - Les Merveilles du Pacifique\",\"isPartOf\":{\"@id\":\"https:\/\/www.lesmerveillesdupacifique.com\/fr\/#website\"},\"primaryImageOfPage\":{\"@id\":\"https:\/\/www.lesmerveillesdupacifique.com\/produit\/huitre-gravure-interieure-requin\/#primaryimage\"},\"datePublished\":\"2020-02-26T11:22:28+00:00\",\"dateModified\":\"2023-12-08T14:36:10+00:00\",\"breadcrumb\":{\"@id\":\"https:\/\/www.lesmerveillesdupacifique.com\/produit\/huitre-gravure-interieure-requin\/#breadcrumb\"},\"inLanguage\":\"es\",\"potentialAction\":[{\"@type\":\"ReadAction\",\"target\":[\"https:\/\/www.lesmerveillesdupacifique.com\/produit\/huitre-gravure-interieure-requin\/\"]}]},{\"@type\":\"BreadcrumbList\",\"@id\":\"https:\/\/www.lesmerveillesdupacifique.com\/produit\/huitre-gravure-interieure-requin\/#breadcrumb\",\"itemListElement\":[{\"@type\":\"ListItem\",\"position\":1,\"name\":\"Accueil\",\"item\":\"https:\/\/www.lesmerveillesdupacifique.com\/\"},{\"@type\":\"ListItem\",\"position\":2,\"name\":\"Collection\",\"item\":\"https:\/\/www.lesmerveillesdupacifique.com\/fr\/shop\/\"},{\"@type\":\"ListItem\",\"position\":3,\"name\":\"Hu\u00eetre gravure int\u00e9rieure Requin\"}]}]}<\/script>\n<!-- \/ Yoast SEO plugin. -->","yoast_head_json":{"title":"Ostra grabada dentro Tibur\u00f3n - Les Merveilles du Pacifique","robots":{"index":"index","follow":"follow","max-snippet":"max-snippet:-1","max-image-preview":"max-image-preview:large","max-video-preview":"max-video-preview:-1"},"canonical":"https:\/\/www.lesmerveillesdupacifique.com\/es\/produit\/huitre-gravure-interieure-requin\/","og_locale":"es_ES","og_type":"article","og_title":"Ostra grabada dentro Tibur\u00f3n - Les Merveilles du Pacifique","og_description":"Ostra perlera Pinctada Margaritifera (de labios negros)  Esp\u00e9cie em que a p\u00e9rola do Taiti \u00e9 cultivada. A concha tem cerca de 13 cm de tamanho. Grava\u00e7\u00e3o manual de un tibur\u00f3n. Esta madrep\u00e9rola apresenta um verdadeiro arco-\u00edris de cores que se encontra nas p\u00e9rolas do Taiti que fabrica.","og_url":"https:\/\/www.lesmerveillesdupacifique.com\/produit\/huitre-gravure-interieure-requin\/","og_site_name":"Les Merveilles du Pacifique","article_modified_time":"2023-12-08T14:36:10+00:00","og_image":[{"width":1216,"height":1032,"url":"https:\/\/www.lesmerveillesdupacifique.com\/wp-content\/uploads\/2020\/02\/Hui\u0302tre-gravure-inte\u0301rieure-Requin.png","type":"image\/png"}],"twitter_card":"summary_large_image","schema":{"@context":"https:\/\/schema.org","@graph":[{"@type":"WebSite","@id":"https:\/\/www.lesmerveillesdupacifique.com\/fr\/#website","url":"https:\/\/www.lesmerveillesdupacifique.com\/fr\/","name":"Les Merveilles du Pacifique","description":"Perles de culture de Tahiti","potentialAction":[{"@type":"SearchAction","target":{"@type":"EntryPoint","urlTemplate":"https:\/\/www.lesmerveillesdupacifique.com\/fr\/?s={search_term_string}"},"query-input":"required name=search_term_string"}],"inLanguage":"es"},{"@type":"ImageObject","@id":"https:\/\/www.lesmerveillesdupacifique.com\/produit\/huitre-gravure-interieure-requin\/#primaryimage","inLanguage":"es","url":"https:\/\/www.lesmerveillesdupacifique.com\/wp-content\/uploads\/2020\/02\/Hui\u0302tre-gravure-inte\u0301rieure-Requin.png","contentUrl":"https:\/\/www.lesmerveillesdupacifique.com\/wp-content\/uploads\/2020\/02\/Hui\u0302tre-gravure-inte\u0301rieure-Requin.png","width":1216,"height":1032,"caption":"Nacre grav\u00e9e avec motif requin"},{"@type":"WebPage","@id":"https:\/\/www.lesmerveillesdupacifique.com\/produit\/huitre-gravure-interieure-requin\/#webpage","url":"https:\/\/www.lesmerveillesdupacifique.com\/produit\/huitre-gravure-interieure-requin\/","name":"Ostra grabada dentro Tibur\u00f3n - Les Merveilles du Pacifique","isPartOf":{"@id":"https:\/\/www.lesmerveillesdupacifique.com\/fr\/#website"},"primaryImageOfPage":{"@id":"https:\/\/www.lesmerveillesdupacifique.com\/produit\/huitre-gravure-interieure-requin\/#primaryimage"},"datePublished":"2020-02-26T11:22:28+00:00","dateModified":"2023-12-08T14:36:10+00:00","breadcrumb":{"@id":"https:\/\/www.lesmerveillesdupacifique.com\/produit\/huitre-gravure-interieure-requin\/#breadcrumb"},"inLanguage":"es","potentialAction":[{"@type":"ReadAction","target":["https:\/\/www.lesmerveillesdupacifique.com\/produit\/huitre-gravure-interieure-requin\/"]}]},{"@type":"BreadcrumbList","@id":"https:\/\/www.lesmerveillesdupacifique.com\/produit\/huitre-gravure-interieure-requin\/#breadcrumb","itemListElement":[{"@type":"ListItem","position":1,"name":"Accueil","item":"https:\/\/www.lesmerveillesdupacifique.com\/"},{"@type":"ListItem","position":2,"name":"Collection","item":"https:\/\/www.lesmerveillesdupacifique.com\/fr\/shop\/"},{"@type":"ListItem","position":3,"name":"Hu\u00eetre gravure int\u00e9rieure Requin"}]}]}},"acf":[],"_links":{"self":[{"href":"https:\/\/www.lesmerveillesdupacifique.com\/es\/wp-json\/wp\/v2\/product\/1965"}],"collection":[{"href":"https:\/\/www.lesmerveillesdupacifique.com\/es\/wp-json\/wp\/v2\/product"}],"about":[{"href":"https:\/\/www.lesmerveillesdupacifique.com\/es\/wp-json\/wp\/v2\/types\/product"}],"wp:featuredmedia":[{"embeddable":true,"href":"https:\/\/www.lesmerveillesdupacifique.com\/es\/wp-json\/wp\/v2\/media\/3363"}],"wp:attachment":[{"href":"https:\/\/www.lesmerveillesdupacifique.com\/es\/wp-json\/wp\/v2\/media?parent=1965"}],"wp:term":[{"taxonomy":"product_cat","embeddable":true,"href":"https:\/\/www.lesmerveillesdupacifique.com\/es\/wp-json\/wp\/v2\/product_cat?post=1965"},{"taxonomy":"product_tag","embeddable":true,"href":"https:\/\/www.lesmerveillesdupacifique.com\/es\/wp-json\/wp\/v2\/product_tag?post=1965"}],"curies":[{"name":"wp","href":"https:\/\/api.w.org\/{rel}","templated":true}]}}