{"id":1908,"date":"2020-02-20T17:48:08","date_gmt":"2020-02-20T16:48:08","guid":{"rendered":"http:\/\/www.lesmerveillesdupacifique.com\/prod\/?post_type=product&#038;p=1908"},"modified":"2025-12-04T00:00:23","modified_gmt":"2025-12-03T23:00:23","slug":"brc04-cuivre","status":"publish","type":"product","link":"https:\/\/www.lesmerveillesdupacifique.com\/es\/produit\/brc04-cuivre\/","title":{"rendered":"Pulsera perla ovalada con cord\u00f3n \u2013 BRC04 cobrizo"},"content":{"rendered":"","protected":false},"excerpt":{"rendered":"<p><strong>Perla cultivada de Tahit\u00ed<br \/>\n<\/strong><strong><b>formar<\/b>:<\/strong> ovalada<br \/>\n<strong><b>tama\u00f1os<\/b>:<\/strong> 9-10 mm<br \/>\n<strong>cualidad:<\/strong> C<br \/>\ncord\u00f3n de poli\u00e9ster y cupro, nudo de navegaci\u00f3n corredizo<\/p>\n<p>tambi\u00e9n existe en cord\u00f3n negro plateado y cord\u00f3n dorado<\/p>\n","protected":false},"featured_media":4043,"template":"","meta":{"_mi_skip_tracking":false},"product_cat":[24],"product_tag":[],"yoast_head":"<!-- This site is optimized with the Yoast SEO plugin v18.3 - https:\/\/yoast.com\/wordpress\/plugins\/seo\/ -->\n<title>Pulsera perla ovalada con cord\u00f3n \u2013 BRC04 cobrizo - Les Merveilles du Pacifique<\/title>\n<meta name=\"robots\" content=\"index, follow, max-snippet:-1, max-image-preview:large, max-video-preview:-1\" \/>\n<link rel=\"canonical\" href=\"https:\/\/www.lesmerveillesdupacifique.com\/es\/produit\/brc04-cuivre\/\" \/>\n<meta property=\"og:locale\" content=\"es_ES\" \/>\n<meta property=\"og:type\" content=\"article\" \/>\n<meta property=\"og:title\" content=\"Pulsera perla ovalada con cord\u00f3n \u2013 BRC04 cobrizo - Les Merveilles du Pacifique\" \/>\n<meta property=\"og:description\" content=\"Perla cultivada de Tahit\u00ed formar: ovalada tama\u00f1os: 9-10 mm cualidad: C cord\u00f3n de poli\u00e9ster y cupro, nudo de navegaci\u00f3n corredizo  tambi\u00e9n existe en cord\u00f3n negro plateado y cord\u00f3n dorado\" \/>\n<meta property=\"og:url\" content=\"https:\/\/www.lesmerveillesdupacifique.com\/produit\/brc04-cuivre\/\" \/>\n<meta property=\"og:site_name\" content=\"Les Merveilles du Pacifique\" \/>\n<meta property=\"article:modified_time\" content=\"2025-12-03T23:00:23+00:00\" \/>\n<meta property=\"og:image\" content=\"https:\/\/www.lesmerveillesdupacifique.com\/wp-content\/uploads\/2022\/11\/BRC04-cuivre.jpg\" \/>\n\t<meta property=\"og:image:width\" content=\"1090\" \/>\n\t<meta property=\"og:image:height\" content=\"727\" \/>\n\t<meta property=\"og:image:type\" content=\"image\/jpeg\" \/>\n<meta name=\"twitter:card\" content=\"summary_large_image\" \/>\n<script type=\"application\/ld+json\" class=\"yoast-schema-graph\">{\"@context\":\"https:\/\/schema.org\",\"@graph\":[{\"@type\":\"WebSite\",\"@id\":\"https:\/\/www.lesmerveillesdupacifique.com\/fr\/#website\",\"url\":\"https:\/\/www.lesmerveillesdupacifique.com\/fr\/\",\"name\":\"Les Merveilles du Pacifique\",\"description\":\"Perles de culture de Tahiti\",\"potentialAction\":[{\"@type\":\"SearchAction\",\"target\":{\"@type\":\"EntryPoint\",\"urlTemplate\":\"https:\/\/www.lesmerveillesdupacifique.com\/fr\/?s={search_term_string}\"},\"query-input\":\"required name=search_term_string\"}],\"inLanguage\":\"es\"},{\"@type\":\"ImageObject\",\"@id\":\"https:\/\/www.lesmerveillesdupacifique.com\/produit\/brc04-cuivre\/#primaryimage\",\"inLanguage\":\"es\",\"url\":\"https:\/\/www.lesmerveillesdupacifique.com\/wp-content\/uploads\/2022\/11\/BRC04-cuivre.jpg\",\"contentUrl\":\"https:\/\/www.lesmerveillesdupacifique.com\/wp-content\/uploads\/2022\/11\/BRC04-cuivre.jpg\",\"width\":1090,\"height\":727,\"caption\":\"www.photographe-book-paris.com\"},{\"@type\":\"WebPage\",\"@id\":\"https:\/\/www.lesmerveillesdupacifique.com\/produit\/brc04-cuivre\/#webpage\",\"url\":\"https:\/\/www.lesmerveillesdupacifique.com\/produit\/brc04-cuivre\/\",\"name\":\"Pulsera perla ovalada con cord\u00f3n \u2013 BRC04 cobrizo - Les Merveilles du Pacifique\",\"isPartOf\":{\"@id\":\"https:\/\/www.lesmerveillesdupacifique.com\/fr\/#website\"},\"primaryImageOfPage\":{\"@id\":\"https:\/\/www.lesmerveillesdupacifique.com\/produit\/brc04-cuivre\/#primaryimage\"},\"datePublished\":\"2020-02-20T16:48:08+00:00\",\"dateModified\":\"2025-12-03T23:00:23+00:00\",\"breadcrumb\":{\"@id\":\"https:\/\/www.lesmerveillesdupacifique.com\/produit\/brc04-cuivre\/#breadcrumb\"},\"inLanguage\":\"es\",\"potentialAction\":[{\"@type\":\"ReadAction\",\"target\":[\"https:\/\/www.lesmerveillesdupacifique.com\/produit\/brc04-cuivre\/\"]}]},{\"@type\":\"BreadcrumbList\",\"@id\":\"https:\/\/www.lesmerveillesdupacifique.com\/produit\/brc04-cuivre\/#breadcrumb\",\"itemListElement\":[{\"@type\":\"ListItem\",\"position\":1,\"name\":\"Accueil\",\"item\":\"https:\/\/www.lesmerveillesdupacifique.com\/\"},{\"@type\":\"ListItem\",\"position\":2,\"name\":\"Collection\",\"item\":\"https:\/\/www.lesmerveillesdupacifique.com\/fr\/shop\/\"},{\"@type\":\"ListItem\",\"position\":3,\"name\":\"Bracelet perle ovale sur cordon dor\u00e9 \u2013 BRC04 cuivr\u00e9\"}]}]}<\/script>\n<!-- \/ Yoast SEO plugin. -->","yoast_head_json":{"title":"Pulsera perla ovalada con cord\u00f3n \u2013 BRC04 cobrizo - Les Merveilles du Pacifique","robots":{"index":"index","follow":"follow","max-snippet":"max-snippet:-1","max-image-preview":"max-image-preview:large","max-video-preview":"max-video-preview:-1"},"canonical":"https:\/\/www.lesmerveillesdupacifique.com\/es\/produit\/brc04-cuivre\/","og_locale":"es_ES","og_type":"article","og_title":"Pulsera perla ovalada con cord\u00f3n \u2013 BRC04 cobrizo - Les Merveilles du Pacifique","og_description":"Perla cultivada de Tahit\u00ed formar: ovalada tama\u00f1os: 9-10 mm cualidad: C cord\u00f3n de poli\u00e9ster y cupro, nudo de navegaci\u00f3n corredizo  tambi\u00e9n existe en cord\u00f3n negro plateado y cord\u00f3n dorado","og_url":"https:\/\/www.lesmerveillesdupacifique.com\/produit\/brc04-cuivre\/","og_site_name":"Les Merveilles du Pacifique","article_modified_time":"2025-12-03T23:00:23+00:00","og_image":[{"width":1090,"height":727,"url":"https:\/\/www.lesmerveillesdupacifique.com\/wp-content\/uploads\/2022\/11\/BRC04-cuivre.jpg","type":"image\/jpeg"}],"twitter_card":"summary_large_image","schema":{"@context":"https:\/\/schema.org","@graph":[{"@type":"WebSite","@id":"https:\/\/www.lesmerveillesdupacifique.com\/fr\/#website","url":"https:\/\/www.lesmerveillesdupacifique.com\/fr\/","name":"Les Merveilles du Pacifique","description":"Perles de culture de Tahiti","potentialAction":[{"@type":"SearchAction","target":{"@type":"EntryPoint","urlTemplate":"https:\/\/www.lesmerveillesdupacifique.com\/fr\/?s={search_term_string}"},"query-input":"required name=search_term_string"}],"inLanguage":"es"},{"@type":"ImageObject","@id":"https:\/\/www.lesmerveillesdupacifique.com\/produit\/brc04-cuivre\/#primaryimage","inLanguage":"es","url":"https:\/\/www.lesmerveillesdupacifique.com\/wp-content\/uploads\/2022\/11\/BRC04-cuivre.jpg","contentUrl":"https:\/\/www.lesmerveillesdupacifique.com\/wp-content\/uploads\/2022\/11\/BRC04-cuivre.jpg","width":1090,"height":727,"caption":"www.photographe-book-paris.com"},{"@type":"WebPage","@id":"https:\/\/www.lesmerveillesdupacifique.com\/produit\/brc04-cuivre\/#webpage","url":"https:\/\/www.lesmerveillesdupacifique.com\/produit\/brc04-cuivre\/","name":"Pulsera perla ovalada con cord\u00f3n \u2013 BRC04 cobrizo - Les Merveilles du Pacifique","isPartOf":{"@id":"https:\/\/www.lesmerveillesdupacifique.com\/fr\/#website"},"primaryImageOfPage":{"@id":"https:\/\/www.lesmerveillesdupacifique.com\/produit\/brc04-cuivre\/#primaryimage"},"datePublished":"2020-02-20T16:48:08+00:00","dateModified":"2025-12-03T23:00:23+00:00","breadcrumb":{"@id":"https:\/\/www.lesmerveillesdupacifique.com\/produit\/brc04-cuivre\/#breadcrumb"},"inLanguage":"es","potentialAction":[{"@type":"ReadAction","target":["https:\/\/www.lesmerveillesdupacifique.com\/produit\/brc04-cuivre\/"]}]},{"@type":"BreadcrumbList","@id":"https:\/\/www.lesmerveillesdupacifique.com\/produit\/brc04-cuivre\/#breadcrumb","itemListElement":[{"@type":"ListItem","position":1,"name":"Accueil","item":"https:\/\/www.lesmerveillesdupacifique.com\/"},{"@type":"ListItem","position":2,"name":"Collection","item":"https:\/\/www.lesmerveillesdupacifique.com\/fr\/shop\/"},{"@type":"ListItem","position":3,"name":"Bracelet perle ovale sur cordon dor\u00e9 \u2013 BRC04 cuivr\u00e9"}]}]}},"acf":[],"_links":{"self":[{"href":"https:\/\/www.lesmerveillesdupacifique.com\/es\/wp-json\/wp\/v2\/product\/1908"}],"collection":[{"href":"https:\/\/www.lesmerveillesdupacifique.com\/es\/wp-json\/wp\/v2\/product"}],"about":[{"href":"https:\/\/www.lesmerveillesdupacifique.com\/es\/wp-json\/wp\/v2\/types\/product"}],"wp:featuredmedia":[{"embeddable":true,"href":"https:\/\/www.lesmerveillesdupacifique.com\/es\/wp-json\/wp\/v2\/media\/4043"}],"wp:attachment":[{"href":"https:\/\/www.lesmerveillesdupacifique.com\/es\/wp-json\/wp\/v2\/media?parent=1908"}],"wp:term":[{"taxonomy":"product_cat","embeddable":true,"href":"https:\/\/www.lesmerveillesdupacifique.com\/es\/wp-json\/wp\/v2\/product_cat?post=1908"},{"taxonomy":"product_tag","embeddable":true,"href":"https:\/\/www.lesmerveillesdupacifique.com\/es\/wp-json\/wp\/v2\/product_tag?post=1908"}],"curies":[{"name":"wp","href":"https:\/\/api.w.org\/{rel}","templated":true}]}}