{"id":9,"date":"2018-03-30T09:21:06","date_gmt":"2018-03-30T07:21:06","guid":{"rendered":"http:\/\/www.lesmerveillesdupacifique.com\/prod\/?page_id=9"},"modified":"2025-12-30T15:28:01","modified_gmt":"2025-12-30T14:28:01","slug":"actualite","status":"publish","type":"page","link":"https:\/\/www.lesmerveillesdupacifique.com\/es\/actualite\/","title":{"rendered":"Noticias"},"content":{"rendered":"<p>[vc_section full_width=\u00bbstretch_row\u00bb full_height=\u00bbyes\u00bb content_placement=\u00bbmiddle\u00bb css=\u00bb.vc_custom_1548319867273{background-image: url(http:\/\/www.lesmerveillesdupacifique.com\/wp-content\/uploads\/2018\/09\/intro-news.jpg?id=778) !important;background-position: center !important;background-repeat: no-repeat !important;background-size: cover !important;}\u00bb el_class=\u00bbripple-it\u00bb][vc_row][vc_column][vc_column_text]<\/p>\n<h1 style=\"text-align: center;\"><span style=\"color: #ffffff;\">Encu\u00e9ntrenos en las pr\u00f3ximas ferias.<\/span><\/h1>\n<p>[\/vc_column_text][\/vc_column][\/vc_row][\/vc_section][vc_section full_width=\u00bbstretch_row\u00bb css=\u00bb.vc_custom_1550230785692{padding-top: 60px !important;padding-bottom: 70px !important;background-color: #f5f5f5 !important;}\u00bb][vc_row][vc_column][vc_column_text css=\u00bb.vc_custom_1606830273555{padding-bottom: 30px !important;}\u00bb]<\/p>\n<h2 style=\"text-align: center;\">Nuestras ferias en 2021.<\/h2>\n<p>[\/vc_column_text][vc_basic_grid post_type=\u00bbportfolio\u00bb max_items=\u00bb100&#8243; element_width=\u00bb3&#8243; order=\u00bbASC\u00bb item=\u00bb1308&#8243; grid_id=\u00bbvc_gid:1606830134976-c7543e91-8f9a-10&#8243;][\/vc_column][\/vc_row][\/vc_section][vc_section full_width=\u00bbstretch_row\u00bb css=\u00bb.vc_custom_1550235607624{padding-top: 20px !important;padding-bottom: 40px !important;}\u00bb][vc_row][vc_column][vc_row_inner css=\u00bb.vc_custom_1550235638843{padding-top: 70px !important;padding-bottom: 30px !important;}\u00bb][vc_column_inner width=\u00bb1\/3&#8243;][vc_column_text]<\/p>\n<h2>10 a\u00f1os<br \/>\npresentes en ferias<\/h2>\n<p>[\/vc_column_text][\/vc_column_inner][vc_column_inner width=\u00bb2\/3&#8243;][vc_column_text]<\/p>\n<div class=\"\" style=\"text-align: left;\">\n<div><span lang=\"ES\">El a\u00f1o 2019 fue muy especial para nuestra empresa, ya que celebramos nuestro <strong>d\u00e9cimo aniversario.<\/strong><\/span><\/div>\n<div><span lang=\"ES\"><br \/>\nPara la ocasi\u00f3n, <strong>trajimos a los bailarines de la compa\u00f1\u00eda O Tahiti Nui<\/strong> <strong>para que nos deleitaran con danzas tahitianas en nuestros stands<\/strong> en la feria \u00c9clad&#8217;Or (Lyon), y despu\u00e9s en la feria Inhorgenta (M\u00fanich) en febrero y en Bijorhca (Par\u00eds) en septiembre. Las celebraciones continuaron con c\u00f3cteles y concursos.<\/span><\/div>\n<p><strong>Nueve clientes tuvieron la suerte de ganar preciosos lotes<\/strong>, tres vueltas de perlas cultivadas de Tahit\u00ed, tres conjuntos de plata rodiada y perlas cultivadas de Tahit\u00ed y tres pulseras con una perla cultivada de Tahit\u00ed montada sobre un cord\u00f3n.<\/p>\n<p>Es un placer que estas celebraciones ofrecieran tanto a nuestros clientes y a los visitantes.<\/p>\n<\/div>\n<p>[\/vc_column_text][\/vc_column_inner][\/vc_row_inner][vc_row_inner css=\u00bb.vc_custom_1550230381887{padding-top: 50px !important;padding-bottom: 50px !important;}\u00bb][vc_column_inner][vc_images_carousel images=\u00bb1375,1327,1363,1325,1326,1362,1364,1379,1359&#8243; img_size=\u00bbfull\u00bb onclick=\u00bblink_no\u00bb speed=\u00bb3000&#8243; autoplay=\u00bbyes\u00bb wrap=\u00bbyes\u00bb title=\u00bbNuestros 10 a\u00f1os en \u00c9clad&#8217;Or Lyon 2019&#8243;][\/vc_column_inner][\/vc_row_inner][vc_row_inner css=\u00bb.vc_custom_1550230381887{padding-top: 50px !important;padding-bottom: 50px !important;}\u00bb][vc_column_inner][vc_images_carousel images=\u00bb1502,1515,1514,1516,1507,1508,1509,1510,1512,1513,1511,1506&#8243; img_size=\u00bbfull\u00bb onclick=\u00bblink_no\u00bb speed=\u00bb3000&#8243; autoplay=\u00bbyes\u00bb wrap=\u00bbyes\u00bb title=\u00bbNuestros 10 a\u00f1os en Inhorgenta 2019&#8243;][\/vc_column_inner][\/vc_row_inner][vc_row_inner css=\u00bb.vc_custom_1550230381887{padding-top: 50px !important;padding-bottom: 50px !important;}\u00bb][vc_column_inner][vc_images_carousel images=\u00bb1773,1774,1776,1777,1778,1779,1780,1781,1782,1783,1784,1787,1788,1789&#8243; img_size=\u00bbfull\u00bb onclick=\u00bblink_no\u00bb speed=\u00bb3000&#8243; autoplay=\u00bbyes\u00bb wrap=\u00bbyes\u00bb title=\u00bbNuestros 10 a\u00f1os en Bijorhca 2019&#8243;][\/vc_column_inner][\/vc_row_inner][\/vc_column][\/vc_row][\/vc_section][vc_row][vc_column][vc_raw_js]JTNDc2NyaXB0JTNFJTBBJTI0JTI4ZG9jdW1lbnQlMjkucmVhZHklMjhmdW5jdGlvbiUyOCUyOSUyMCU3QiUwQSUyMCUyMCUyMCUyNCUyOCUyNy5yaXBwbGUtaXQlMjclMjkucmlwcGxlcyUyOCU3QiUwQSUwOWltYWdlVXJsJTNBJTIwbnVsbCUyQyUwQSUwOXJlc29sdXRpb24lM0ElMjAyNTYlMkMlMEElMDlkcm9wUmFkaXVzJTNBJTIwMTQlMkMlMEElMDlwZXJ0dXJiYW5jZSUzQSUyMDAuMDIlMkMlMEElMDlpbnRlcmFjdGl2ZSUzQSUyMHRydWUlMkMlMEElMjAlMjAlMjAlMjAlN0QlMjklM0IlMEElN0QlMjklM0IlMEElM0MlMkZzY3JpcHQlM0U=[\/vc_raw_js][\/vc_column][\/vc_row]<\/p>","protected":false},"excerpt":{"rendered":"<p>[vc_section full_width=\u00bbstretch_row\u00bb full_height=\u00bbyes\u00bb content_placement=\u00bbmiddle\u00bb css=\u00bb.vc_custom_1548319867273{background-image: url(http:\/\/www.lesmerveillesdupacifique.com\/wp-content\/uploads\/2018\/09\/intro-news.jpg?id=778) !important;background-position: center !important;background-repeat: no-repeat !important;background-size: cover !important;}\u00bb el_class=\u00bbripple-it\u00bb][vc_row][vc_column][vc_column_text] Encu\u00e9ntrenos en las pr\u00f3ximas ferias. [\/vc_column_text][\/vc_column][\/vc_row][\/vc_section][vc_section full_width=\u00bbstretch_row\u00bb css=\u00bb.vc_custom_1550230785692{padding-top: 60px !important;padding-bottom: 70px !important;background-color: #f5f5f5 !important;}\u00bb][vc_row][vc_column][vc_column_text css=\u00bb.vc_custom_1606830273555{padding-bottom: 30px&hellip;<\/p>\n","protected":false},"author":1,"featured_media":0,"parent":0,"menu_order":7,"comment_status":"closed","ping_status":"closed","template":"","meta":{"_mi_skip_tracking":false},"yoast_head":"<!-- This site is optimized with the Yoast SEO plugin v18.3 - https:\/\/yoast.com\/wordpress\/plugins\/seo\/ -->\n<title>Noticias - Les Merveilles du Pacifique<\/title>\n<meta name=\"robots\" content=\"index, follow, max-snippet:-1, max-image-preview:large, max-video-preview:-1\" \/>\n<link rel=\"canonical\" href=\"https:\/\/www.lesmerveillesdupacifique.com\/es\/actualite\/\" \/>\n<meta property=\"og:locale\" content=\"es_ES\" \/>\n<meta property=\"og:type\" content=\"article\" \/>\n<meta property=\"og:title\" content=\"Noticias - Les Merveilles du Pacifique\" \/>\n<meta property=\"og:description\" content=\"[vc_section full_width=\u00bbstretch_row\u00bb full_height=\u00bbyes\u00bb content_placement=\u00bbmiddle\u00bb css=\u00bb.vc_custom_1548319867273{background-image: url(http:\/\/www.lesmerveillesdupacifique.com\/wp-content\/uploads\/2018\/09\/intro-news.jpg?id=778) !important;background-position: center !important;background-repeat: no-repeat !important;background-size: cover !important;}\u00bb el_class=\u00bbripple-it\u00bb][vc_row][vc_column][vc_column_text] Encu\u00e9ntrenos en las pr\u00f3ximas ferias. [\/vc_column_text][\/vc_column][\/vc_row][\/vc_section][vc_section full_width=\u00bbstretch_row\u00bb css=\u00bb.vc_custom_1550230785692{padding-top: 60px !important;padding-bottom: 70px !important;background-color: #f5f5f5 !important;}\u00bb][vc_row][vc_column][vc_column_text css=\u00bb.vc_custom_1606830273555{padding-bottom: 30px&hellip;\" \/>\n<meta property=\"og:url\" content=\"https:\/\/www.lesmerveillesdupacifique.com\/actualite\/\" \/>\n<meta property=\"og:site_name\" content=\"Les Merveilles du Pacifique\" \/>\n<meta property=\"article:modified_time\" content=\"2025-12-30T14:28:01+00:00\" \/>\n<meta name=\"twitter:card\" content=\"summary_large_image\" \/>\n<meta name=\"twitter:label1\" content=\"Tiempo de lectura\" \/>\n\t<meta name=\"twitter:data1\" content=\"2 minutos\" \/>\n<script type=\"application\/ld+json\" class=\"yoast-schema-graph\">{\"@context\":\"https:\/\/schema.org\",\"@graph\":[{\"@type\":\"WebSite\",\"@id\":\"https:\/\/www.lesmerveillesdupacifique.com\/fr\/#website\",\"url\":\"https:\/\/www.lesmerveillesdupacifique.com\/fr\/\",\"name\":\"Les Merveilles du Pacifique\",\"description\":\"Perles de culture de Tahiti\",\"potentialAction\":[{\"@type\":\"SearchAction\",\"target\":{\"@type\":\"EntryPoint\",\"urlTemplate\":\"https:\/\/www.lesmerveillesdupacifique.com\/fr\/?s={search_term_string}\"},\"query-input\":\"required name=search_term_string\"}],\"inLanguage\":\"es\"},{\"@type\":\"WebPage\",\"@id\":\"https:\/\/www.lesmerveillesdupacifique.com\/actualite\/#webpage\",\"url\":\"https:\/\/www.lesmerveillesdupacifique.com\/actualite\/\",\"name\":\"Noticias - Les Merveilles du Pacifique\",\"isPartOf\":{\"@id\":\"https:\/\/www.lesmerveillesdupacifique.com\/fr\/#website\"},\"datePublished\":\"2018-03-30T07:21:06+00:00\",\"dateModified\":\"2025-12-30T14:28:01+00:00\",\"breadcrumb\":{\"@id\":\"https:\/\/www.lesmerveillesdupacifique.com\/actualite\/#breadcrumb\"},\"inLanguage\":\"es\",\"potentialAction\":[{\"@type\":\"ReadAction\",\"target\":[\"https:\/\/www.lesmerveillesdupacifique.com\/actualite\/\"]}]},{\"@type\":\"BreadcrumbList\",\"@id\":\"https:\/\/www.lesmerveillesdupacifique.com\/actualite\/#breadcrumb\",\"itemListElement\":[{\"@type\":\"ListItem\",\"position\":1,\"name\":\"Accueil\",\"item\":\"https:\/\/www.lesmerveillesdupacifique.com\/\"},{\"@type\":\"ListItem\",\"position\":2,\"name\":\"Les salons\"}]}]}<\/script>\n<!-- \/ Yoast SEO plugin. -->","yoast_head_json":{"title":"Noticias - Les Merveilles du Pacifique","robots":{"index":"index","follow":"follow","max-snippet":"max-snippet:-1","max-image-preview":"max-image-preview:large","max-video-preview":"max-video-preview:-1"},"canonical":"https:\/\/www.lesmerveillesdupacifique.com\/es\/actualite\/","og_locale":"es_ES","og_type":"article","og_title":"Noticias - Les Merveilles du Pacifique","og_description":"[vc_section full_width=\u00bbstretch_row\u00bb full_height=\u00bbyes\u00bb content_placement=\u00bbmiddle\u00bb css=\u00bb.vc_custom_1548319867273{background-image: url(http:\/\/www.lesmerveillesdupacifique.com\/wp-content\/uploads\/2018\/09\/intro-news.jpg?id=778) !important;background-position: center !important;background-repeat: no-repeat !important;background-size: cover !important;}\u00bb el_class=\u00bbripple-it\u00bb][vc_row][vc_column][vc_column_text] Encu\u00e9ntrenos en las pr\u00f3ximas ferias. [\/vc_column_text][\/vc_column][\/vc_row][\/vc_section][vc_section full_width=\u00bbstretch_row\u00bb css=\u00bb.vc_custom_1550230785692{padding-top: 60px !important;padding-bottom: 70px !important;background-color: #f5f5f5 !important;}\u00bb][vc_row][vc_column][vc_column_text css=\u00bb.vc_custom_1606830273555{padding-bottom: 30px&hellip;","og_url":"https:\/\/www.lesmerveillesdupacifique.com\/actualite\/","og_site_name":"Les Merveilles du Pacifique","article_modified_time":"2025-12-30T14:28:01+00:00","twitter_card":"summary_large_image","twitter_misc":{"Tiempo de lectura":"2 minutos"},"schema":{"@context":"https:\/\/schema.org","@graph":[{"@type":"WebSite","@id":"https:\/\/www.lesmerveillesdupacifique.com\/fr\/#website","url":"https:\/\/www.lesmerveillesdupacifique.com\/fr\/","name":"Les Merveilles du Pacifique","description":"Perles de culture de Tahiti","potentialAction":[{"@type":"SearchAction","target":{"@type":"EntryPoint","urlTemplate":"https:\/\/www.lesmerveillesdupacifique.com\/fr\/?s={search_term_string}"},"query-input":"required name=search_term_string"}],"inLanguage":"es"},{"@type":"WebPage","@id":"https:\/\/www.lesmerveillesdupacifique.com\/actualite\/#webpage","url":"https:\/\/www.lesmerveillesdupacifique.com\/actualite\/","name":"Noticias - Les Merveilles du Pacifique","isPartOf":{"@id":"https:\/\/www.lesmerveillesdupacifique.com\/fr\/#website"},"datePublished":"2018-03-30T07:21:06+00:00","dateModified":"2025-12-30T14:28:01+00:00","breadcrumb":{"@id":"https:\/\/www.lesmerveillesdupacifique.com\/actualite\/#breadcrumb"},"inLanguage":"es","potentialAction":[{"@type":"ReadAction","target":["https:\/\/www.lesmerveillesdupacifique.com\/actualite\/"]}]},{"@type":"BreadcrumbList","@id":"https:\/\/www.lesmerveillesdupacifique.com\/actualite\/#breadcrumb","itemListElement":[{"@type":"ListItem","position":1,"name":"Accueil","item":"https:\/\/www.lesmerveillesdupacifique.com\/"},{"@type":"ListItem","position":2,"name":"Les salons"}]}]}},"acf":[],"_links":{"self":[{"href":"https:\/\/www.lesmerveillesdupacifique.com\/es\/wp-json\/wp\/v2\/pages\/9"}],"collection":[{"href":"https:\/\/www.lesmerveillesdupacifique.com\/es\/wp-json\/wp\/v2\/pages"}],"about":[{"href":"https:\/\/www.lesmerveillesdupacifique.com\/es\/wp-json\/wp\/v2\/types\/page"}],"author":[{"embeddable":true,"href":"https:\/\/www.lesmerveillesdupacifique.com\/es\/wp-json\/wp\/v2\/users\/1"}],"replies":[{"embeddable":true,"href":"https:\/\/www.lesmerveillesdupacifique.com\/es\/wp-json\/wp\/v2\/comments?post=9"}],"version-history":[{"count":1,"href":"https:\/\/www.lesmerveillesdupacifique.com\/es\/wp-json\/wp\/v2\/pages\/9\/revisions"}],"predecessor-version":[{"id":4562,"href":"https:\/\/www.lesmerveillesdupacifique.com\/es\/wp-json\/wp\/v2\/pages\/9\/revisions\/4562"}],"wp:attachment":[{"href":"https:\/\/www.lesmerveillesdupacifique.com\/es\/wp-json\/wp\/v2\/media?parent=9"}],"curies":[{"name":"wp","href":"https:\/\/api.w.org\/{rel}","templated":true}]}}