{"id":5,"date":"2018-03-30T09:20:42","date_gmt":"2018-03-30T07:20:42","guid":{"rendered":"http:\/\/www.lesmerveillesdupacifique.com\/prod\/?page_id=5"},"modified":"2025-04-14T11:30:37","modified_gmt":"2025-04-14T09:30:37","slug":"la-perle-de-culture-de-tahiti","status":"publish","type":"page","link":"https:\/\/www.lesmerveillesdupacifique.com\/es\/la-perle-de-culture-de-tahiti\/","title":{"rendered":"La perla cultivada de tahit\u00ed"},"content":{"rendered":"<p>[vc_section full_width=\u00bbstretch_row\u00bb full_height=\u00bbyes\u00bb content_placement=\u00bbmiddle\u00bb css=\u00bb.vc_custom_1550242420866{background-image: url(http:\/\/www.lesmerveillesdupacifique.com\/wp-content\/uploads\/2019\/02\/perle-2.jpg?id=1389) !important;background-position: center !important;background-repeat: no-repeat !important;background-size: cover !important;}\u00bb el_class=\u00bbripple-it\u00bb][vc_row][vc_column width=\u00bb1\/4&#8243;][\/vc_column][vc_column width=\u00bb1\/2&#8243;][vc_column_text el_class=\u00bbwhite-box-hero\u00bb]<\/p>\n<h1 style=\"text-align: center;\"><span style=\"color: #000000;\">La perla cultivada de Tahit\u00ed<\/span><\/h1>\n<p style=\"text-align: center;\">La belleza de la perla de Tahit\u00ed proviene de lo m\u00e1s bello que tiene la naturaleza para ofrecernos y gracias a una mano de obra cualificada para la compleja y delicada labor de la perlicultura.<\/p>\n<p>[\/vc_column_text][\/vc_column][vc_column width=\u00bb1\/4&#8243;][\/vc_column][\/vc_row][\/vc_section][vc_section full_width=\u00bbstretch_row_content\u00bb css=\u00bb.vc_custom_1526544188055{margin: 0px !important;border-width: 0px !important;padding: 0px !important;background-color: #f9f9f9 !important;}\u00bb][vc_row full_width=\u00bbstretch_row_content_no_spaces\u00bb content_placement=\u00bbmiddle\u00bb][vc_column width=\u00bb1\/2&#8243; css=\u00bb.vc_custom_1526542990478{padding-right: 13% !important;padding-left: 13% !important;}\u00bb][vc_column_text]<\/p>\n<h2 style=\"text-align: center;\">\u00bfQu\u00e9 es la perla de Tahit\u00ed?<\/h2>\n<p style=\"text-align: center;\">La perla de Tahit\u00ed es una perla cultivada exclusivamente en las lagunas polinesias, en ostras de labios negros, tambi\u00e9n conocidas como Pinctada Margaritifera.<br \/>\nPara su formaci\u00f3n es preciso que intervenga la mano del hombre en el trasplante, de ah\u00ed que reciba el nombre de perla cultivada. Sin embargo, a partir de ese momento, el proceso de desarrollo de la perla es natural.<br \/>\nDe todas las perlas que existen, la perla de Tahit\u00ed es la que presenta mayor gama de colores. Puede ser de color verde, azul, gris, negra, berenjena, bronce, chocolate, rosa, etc.<\/p>\n<p style=\"text-align: center;\">Para preservar la imagen y la calidad de la perla cultivada de Tahit\u00ed, el gobierno polinesio proh\u00edbe tratar el color de las perlas o tallarlas.\u00a0Estas normas han permitido que la perla de Tahit\u00ed se convierta en una de las m\u00e1s protegidas y, por lo tanto, en una de las m\u00e1s buscadas del mundo.<\/p>\n<p>[\/vc_column_text][\/vc_column][vc_column width=\u00bb1\/2&#8243;][vc_single_image image=\u00bb3239&#8243; img_size=\u00bbfull\u00bb css=\u00bb.vc_custom_1618998261808{margin-bottom: 0px !important;}\u00bb][\/vc_column][\/vc_row][\/vc_section][vc_section full_width=\u00bbstretch_row_content\u00bb css=\u00bb.vc_custom_1526544230546{margin: 0px !important;border-width: 0px !important;padding: 0px !important;background-color: #f9f9f9 !important;}\u00bb][vc_row full_width=\u00bbstretch_row_content_no_spaces\u00bb content_placement=\u00bbmiddle\u00bb][vc_column width=\u00bb1\/2&#8243;][vc_column_text css=\u00bb.vc_custom_1598524898567{margin-bottom: 0px !important;}\u00bb]<\/p>\n<p><iframe loading=\"lazy\" title=\"La perliculture \u00e0 Tahiti\" width=\"1333\" height=\"1000\" src=\"https:\/\/www.youtube.com\/embed\/u6f5WMU4vJY?feature=oembed\" frameborder=\"0\" allow=\"accelerometer; autoplay; clipboard-write; encrypted-media; gyroscope; picture-in-picture; web-share\" referrerpolicy=\"strict-origin-when-cross-origin\" allowfullscreen><\/iframe><\/p>\n<p>[\/vc_column_text][\/vc_column][vc_column width=\u00bb1\/2&#8243; css=\u00bb.vc_custom_1526543139723{padding-right: 13% !important;padding-left: 13% !important;}\u00bb][vc_column_text]<\/p>\n<h2 style=\"text-align: center;\">La perlicultura<\/h2>\n<p style=\"text-align: center;\">Antiguamente las perlas solo se obten\u00edan por pura casualidad. Se trataba de perlas finas, tambi\u00e9n llamadas naturales.<br \/>\nLa perla cultivada naci\u00f3 a principios del siglo XX en Jap\u00f3n y m\u00e1s tarde se extendi\u00f3 por todos los archipi\u00e9lagos del Oc\u00e9ano Pac\u00edfico.<\/p>\n<p style=\"text-align: center;\">El cultivo de la perla de Tahit\u00ed comenz\u00f3 en la d\u00e9cada de 1960 en las lagunas polinesias.<\/p>\n<p style=\"text-align: center;\">Todav\u00eda existen perlas naturales, pero hay menos demanda, a pesar de su rareza, porque con frecuencia son irregulares y muy caras.<\/p>\n<p>[\/vc_column_text][\/vc_column][\/vc_row][\/vc_section][vc_section full_width=\u00bbstretch_row_content\u00bb css=\u00bb.vc_custom_1526556748513{margin-top: 0px !important;margin-right: 0px !important;margin-bottom: 0px !important;margin-left: 0px !important;border-top-width: 0px !important;border-right-width: 0px !important;border-bottom-width: 0px !important;border-left-width: 0px !important;padding-top: 0px !important;padding-right: 0px !important;padding-bottom: 0px !important;padding-left: 0px !important;background-color: #f9f9f9 !important;}\u00bb][vc_row full_width=\u00bbstretch_row_content_no_spaces\u00bb content_placement=\u00bbmiddle\u00bb][vc_column width=\u00bb1\/2&#8243; css=\u00bb.vc_custom_1526543311111{padding-right: 13% !important;padding-left: 13% !important;}\u00bb][vc_column_text]<\/p>\n<h2 style=\"text-align: center;\">La vida en las granjas de perlas<\/h2>\n<p style=\"text-align: center;\">El cultivo de la perla de Tahit\u00ed exige una excelente calidad de vida de las ostras y un mantenimiento continuo del n\u00e1car.<br \/>\nEl oficio de perlicultor es un trabajo duro que comienza muy temprano por la ma\u00f1ana y requiere mucha energ\u00eda.<br \/>\nLos t\u00e9cnicos injertadores que intervienen al principio de la cadena hacen un aut\u00e9ntico trabajo de cirujano. Solo despu\u00e9s de muchos a\u00f1os de pr\u00e1ctica consiguen el \u00e9xito en la mayor\u00eda de sus injertos.<\/p>\n<p style=\"text-align: center;\">Los pescadores levantan pesadas ristras y redes de n\u00e1cares que limpian regularmente para que la ostra se alimente lo mejor posible.<br \/>\nTodo este trabajo se realiza al calor de las islas Tuamotu-Gambier.<\/p>\n<p style=\"text-align: center;\">.<\/p>\n<p>[\/vc_column_text][\/vc_column][vc_column width=\u00bb1\/2&#8243;][vc_single_image image=\u00bb164&#8243; img_size=\u00bbfull\u00bb css=\u00bb.vc_custom_1589904975971{margin-bottom: 0px !important;}\u00bb][\/vc_column][\/vc_row][\/vc_section][vc_row][vc_column width=\u00bb1\/3&#8243;][\/vc_column][vc_column width=\u00bb1\/3&#8243;][vc_images_carousel images=\u00bb3230,3229,3231,3232,3236,3237&#8243; img_size=\u00bbfull\u00bb onclick=\u00bblink_no\u00bb autoplay=\u00bbyes\u00bb wrap=\u00bbyes\u00bb][\/vc_column][vc_column width=\u00bb1\/3&#8243;][\/vc_column][\/vc_row][vc_section full_width=\u00bbstretch_row_content\u00bb css=\u00bb.vc_custom_1526556754206{margin-top: 0px !important;margin-right: 0px !important;margin-bottom: 0px !important;margin-left: 0px !important;border-top-width: 0px !important;border-right-width: 0px !important;border-bottom-width: 0px !important;border-left-width: 0px !important;padding-top: 0px !important;padding-right: 0px !important;padding-bottom: 0px !important;padding-left: 0px !important;background-color: #f9f9f9 !important;}\u00bb][vc_row full_width=\u00bbstretch_row_content_no_spaces\u00bb content_placement=\u00bbmiddle\u00bb][vc_column width=\u00bb1\/2&#8243;][vc_single_image image=\u00bb209&#8243; img_size=\u00bbfull\u00bb css=\u00bb.vc_custom_1589904983317{margin-bottom: 0px !important;}\u00bb][\/vc_column][vc_column width=\u00bb1\/2&#8243; css=\u00bb.vc_custom_1526554875205{padding-right: 13% !important;padding-left: 13% !important;}\u00bb][vc_column_text]<\/p>\n<h2 style=\"text-align: center;\"><span lang=\"ES\">La perla tallada<\/span><\/h2>\n<p style=\"text-align: center;\">Encargamos tallar las perlas en forma redonda y barroca a reconocidos tatuadores en Tahit\u00ed.<br \/>\nEl arte del tallado es una tradici\u00f3n local. La cultura tahitiana est\u00e1 presente en el coraz\u00f3n de estas perlas, cuyos motivos hacen alusi\u00f3n a los tatuajes maor\u00edes.<br \/>\nTallar el n\u00e1car requiere un perfecto dominio de esta t\u00e9cnica artesanal, ya que el material es muy blando y el tatuador no puede permitirse el menor deslizamiento.<\/p>\n<p>[\/vc_column_text][\/vc_column][\/vc_row][\/vc_section][vc_section full_width=\u00bbstretch_row_content\u00bb css=\u00bb.vc_custom_1526556754206{margin-top: 0px !important;margin-right: 0px !important;margin-bottom: 0px !important;margin-left: 0px !important;border-top-width: 0px !important;border-right-width: 0px !important;border-bottom-width: 0px !important;border-left-width: 0px !important;padding-top: 0px !important;padding-right: 0px !important;padding-bottom: 0px !important;padding-left: 0px !important;background-color: #f9f9f9 !important;}\u00bb][vc_row full_width=\u00bbstretch_row_content_no_spaces\u00bb content_placement=\u00bbmiddle\u00bb][vc_column width=\u00bb1\/2&#8243; css=\u00bb.vc_custom_1526558579025{padding-right: 13% !important;padding-left: 13% !important;}\u00bb][vc_column_text]<\/p>\n<h2 style=\"text-align: center;\"><span lang=\"ES\">La perforaci\u00f3n de las perlas <\/span><\/h2>\n<div style=\"text-align: center;\"><span lang=\"ES\">La perforaci\u00f3n de perlas requiere de una m\u00e1quina que permita perforarlas manteni\u00e9ndolas perfectamente en su eje de simetr\u00eda total o parcial.<\/span><\/div>\n<p style=\"text-align: center;\">Ofrecemos a nuestros clientes la posibilidad de perforar sus perlas en el di\u00e1metro que deseen.<\/p>\n<p>[\/vc_column_text][\/vc_column][vc_column width=\u00bb1\/2&#8243;][vc_single_image image=\u00bb210&#8243; img_size=\u00bbfull\u00bb css=\u00bb.vc_custom_1589904988213{margin-bottom: 0px !important;}\u00bb][\/vc_column][\/vc_row][\/vc_section][vc_section full_width=\u00bbstretch_row_content\u00bb css=\u00bb.vc_custom_1526556754206{margin-top: 0px !important;margin-right: 0px !important;margin-bottom: 0px !important;margin-left: 0px !important;border-top-width: 0px !important;border-right-width: 0px !important;border-bottom-width: 0px !important;border-left-width: 0px !important;padding-top: 0px !important;padding-right: 0px !important;padding-bottom: 0px !important;padding-left: 0px !important;background-color: #f9f9f9 !important;}\u00bb][vc_row full_width=\u00bbstretch_row_content_no_spaces\u00bb content_placement=\u00bbmiddle\u00bb][vc_column width=\u00bb1\/2&#8243;][vc_single_image image=\u00bb1094&#8243; img_size=\u00bbfull\u00bb css=\u00bb.vc_custom_1589905024183{margin-bottom: 0px !important;}\u00bb][\/vc_column][vc_column width=\u00bb1\/2&#8243; css=\u00bb.vc_custom_1526554875205{padding-right: 13% !important;padding-left: 13% !important;}\u00bb][vc_column_text]<\/p>\n<h2 style=\"text-align: center;\"><span lang=\"ES\">Leyendas sobre la perla<\/span><\/h2>\n<div style=\"text-align: center;\"><span lang=\"ES\">Desde la antig\u00fcedad las perlas adornan joyas y se las denomina \u201cl\u00e1grimas de Afrodita\u201d.<br \/>\nLas familias romanas adineradas ofrec\u00edan a sus hijas una o varias perlas al a\u00f1o para que, cuando cumplieran la mayor\u00eda de edad, tuvieran un collar completo.<\/span><\/div>\n<p style=\"text-align: center;\">Anclada en la historia del Pac\u00edfico, la perla de Tahit\u00ed despierta admiraci\u00f3n y curiosidad.<br \/>\nEn Tahit\u00ed, cuenta la leyenda que, por amor, el dios Oro ofreci\u00f3 una perla hecha con las escamas de todos los peces de la laguna a una bella princesa de la isla de Bora Bora.<br \/>\nAl hombre nunca le ha faltado imaginaci\u00f3n para alabar la perla.<\/p>\n<p>&nbsp;<\/p>\n<p style=\"text-align: right;\"><em>\u00ab\u00a0Tii \u00e0 la coquille\u00a0\u00bb de Paul Gauguin, 1892<br \/>\n<\/em><\/p>\n<p style=\"text-align: right;\"><em>Estatuilla de madera de toa (madera de hierro), concha de Meleagris Margaritifera y dientes far\u00edngeos de pez lor<\/em>o<\/p>\n<p style=\"text-align: right;\"><em>Paul Gauguin abandon\u00f3 Francia camino de la Polinesia Francesa en 1891 a la edad de 43 a\u00f1os, y residi\u00f3 all\u00ed hasta su muerte en 1903, con 54 a\u00f1os de edad.<\/em><\/p>\n<p>[\/vc_column_text][vc_raw_js]JTNDc2NyaXB0JTNFJTBBJTI0JTI4ZG9jdW1lbnQlMjkucmVhZHklMjhmdW5jdGlvbiUyOCUyOSUyMCU3QiUwQSUyMCUyMCUyMCUyNCUyOCUyNy5yaXBwbGUtaXQlMjclMjkucmlwcGxlcyUyOCU3QiUwQSUwOWltYWdlVXJsJTNBJTIwbnVsbCUyQyUwQSUwOXJlc29sdXRpb24lM0ElMjAyNTYlMkMlMEElMDlkcm9wUmFkaXVzJTNBJTIwMTQlMkMlMEElMDlwZXJ0dXJiYW5jZSUzQSUyMDAuMDElMkMlMEElMDlpbnRlcmFjdGl2ZSUzQSUyMHRydWUlMkMlMEElMjAlMjAlMjAlMjAlN0QlMjklM0IlMEElN0QlMjklM0IlMEElM0MlMkZzY3JpcHQlM0U=[\/vc_raw_js][\/vc_column][\/vc_row][\/vc_section]<\/p>","protected":false},"excerpt":{"rendered":"<p>[vc_section full_width=\u00bbstretch_row\u00bb full_height=\u00bbyes\u00bb content_placement=\u00bbmiddle\u00bb css=\u00bb.vc_custom_1550242420866{background-image: url(http:\/\/www.lesmerveillesdupacifique.com\/wp-content\/uploads\/2019\/02\/perle-2.jpg?id=1389) !important;background-position: center !important;background-repeat: no-repeat !important;background-size: cover !important;}\u00bb el_class=\u00bbripple-it\u00bb][vc_row][vc_column width=\u00bb1\/4&#8243;][\/vc_column][vc_column width=\u00bb1\/2&#8243;][vc_column_text el_class=\u00bbwhite-box-hero\u00bb] La perla cultivada de Tahit\u00ed La belleza de la perla de Tahit\u00ed proviene&hellip;<\/p>\n","protected":false},"author":1,"featured_media":0,"parent":0,"menu_order":1,"comment_status":"closed","ping_status":"closed","template":"","meta":{"_mi_skip_tracking":false},"yoast_head":"<!-- This site is optimized with the Yoast SEO plugin v18.3 - https:\/\/yoast.com\/wordpress\/plugins\/seo\/ -->\n<title>La perla cultivada de tahit\u00ed - Les Merveilles du Pacifique<\/title>\n<meta name=\"description\" content=\"Qu&#039;est-ce que la perle de culture de Tahiti et comment se forme-t-elle dans les fermes perli\u00e8res sp\u00e9cialis\u00e9es en perliculture ? Tout savoir avec Les Merveilles du Pacifique.\" \/>\n<meta name=\"robots\" content=\"index, follow, max-snippet:-1, max-image-preview:large, max-video-preview:-1\" \/>\n<link rel=\"canonical\" href=\"https:\/\/www.lesmerveillesdupacifique.com\/es\/la-perle-de-culture-de-tahiti\/\" \/>\n<meta property=\"og:locale\" content=\"es_ES\" \/>\n<meta property=\"og:type\" content=\"article\" \/>\n<meta property=\"og:title\" content=\"La perla cultivada de tahit\u00ed - Les Merveilles du Pacifique\" \/>\n<meta property=\"og:description\" content=\"Qu&#039;est-ce que la perle de culture de Tahiti et comment se forme-t-elle dans les fermes perli\u00e8res sp\u00e9cialis\u00e9es en perliculture ? Tout savoir avec Les Merveilles du Pacifique.\" \/>\n<meta property=\"og:url\" content=\"https:\/\/www.lesmerveillesdupacifique.com\/la-perle-de-culture-de-tahiti\/\" \/>\n<meta property=\"og:site_name\" content=\"Les Merveilles du Pacifique\" \/>\n<meta property=\"article:modified_time\" content=\"2025-04-14T09:30:37+00:00\" \/>\n<meta name=\"twitter:card\" content=\"summary_large_image\" \/>\n<meta name=\"twitter:label1\" content=\"Tiempo de lectura\" \/>\n\t<meta name=\"twitter:data1\" content=\"5 minutos\" \/>\n<script type=\"application\/ld+json\" class=\"yoast-schema-graph\">{\"@context\":\"https:\/\/schema.org\",\"@graph\":[{\"@type\":\"WebSite\",\"@id\":\"https:\/\/www.lesmerveillesdupacifique.com\/fr\/#website\",\"url\":\"https:\/\/www.lesmerveillesdupacifique.com\/fr\/\",\"name\":\"Les Merveilles du Pacifique\",\"description\":\"Perles de culture de Tahiti\",\"potentialAction\":[{\"@type\":\"SearchAction\",\"target\":{\"@type\":\"EntryPoint\",\"urlTemplate\":\"https:\/\/www.lesmerveillesdupacifique.com\/fr\/?s={search_term_string}\"},\"query-input\":\"required name=search_term_string\"}],\"inLanguage\":\"es\"},{\"@type\":\"WebPage\",\"@id\":\"https:\/\/www.lesmerveillesdupacifique.com\/la-perle-de-culture-de-tahiti\/#webpage\",\"url\":\"https:\/\/www.lesmerveillesdupacifique.com\/la-perle-de-culture-de-tahiti\/\",\"name\":\"La perla cultivada de tahit\u00ed - Les Merveilles du Pacifique\",\"isPartOf\":{\"@id\":\"https:\/\/www.lesmerveillesdupacifique.com\/fr\/#website\"},\"datePublished\":\"2018-03-30T07:20:42+00:00\",\"dateModified\":\"2025-04-14T09:30:37+00:00\",\"description\":\"Qu'est-ce que la perle de culture de Tahiti et comment se forme-t-elle dans les fermes perli\u00e8res sp\u00e9cialis\u00e9es en perliculture ? Tout savoir avec Les Merveilles du Pacifique.\",\"breadcrumb\":{\"@id\":\"https:\/\/www.lesmerveillesdupacifique.com\/la-perle-de-culture-de-tahiti\/#breadcrumb\"},\"inLanguage\":\"es\",\"potentialAction\":[{\"@type\":\"ReadAction\",\"target\":[\"https:\/\/www.lesmerveillesdupacifique.com\/la-perle-de-culture-de-tahiti\/\"]}]},{\"@type\":\"BreadcrumbList\",\"@id\":\"https:\/\/www.lesmerveillesdupacifique.com\/la-perle-de-culture-de-tahiti\/#breadcrumb\",\"itemListElement\":[{\"@type\":\"ListItem\",\"position\":1,\"name\":\"Accueil\",\"item\":\"https:\/\/www.lesmerveillesdupacifique.com\/\"},{\"@type\":\"ListItem\",\"position\":2,\"name\":\"La perle de culture de Tahiti\"}]}]}<\/script>\n<!-- \/ Yoast SEO plugin. -->","yoast_head_json":{"title":"La perla cultivada de tahit\u00ed - Les Merveilles du Pacifique","description":"Qu'est-ce que la perle de culture de Tahiti et comment se forme-t-elle dans les fermes perli\u00e8res sp\u00e9cialis\u00e9es en perliculture ? Tout savoir avec Les Merveilles du Pacifique.","robots":{"index":"index","follow":"follow","max-snippet":"max-snippet:-1","max-image-preview":"max-image-preview:large","max-video-preview":"max-video-preview:-1"},"canonical":"https:\/\/www.lesmerveillesdupacifique.com\/es\/la-perle-de-culture-de-tahiti\/","og_locale":"es_ES","og_type":"article","og_title":"La perla cultivada de tahit\u00ed - Les Merveilles du Pacifique","og_description":"Qu'est-ce que la perle de culture de Tahiti et comment se forme-t-elle dans les fermes perli\u00e8res sp\u00e9cialis\u00e9es en perliculture ? Tout savoir avec Les Merveilles du Pacifique.","og_url":"https:\/\/www.lesmerveillesdupacifique.com\/la-perle-de-culture-de-tahiti\/","og_site_name":"Les Merveilles du Pacifique","article_modified_time":"2025-04-14T09:30:37+00:00","twitter_card":"summary_large_image","twitter_misc":{"Tiempo de lectura":"5 minutos"},"schema":{"@context":"https:\/\/schema.org","@graph":[{"@type":"WebSite","@id":"https:\/\/www.lesmerveillesdupacifique.com\/fr\/#website","url":"https:\/\/www.lesmerveillesdupacifique.com\/fr\/","name":"Les Merveilles du Pacifique","description":"Perles de culture de Tahiti","potentialAction":[{"@type":"SearchAction","target":{"@type":"EntryPoint","urlTemplate":"https:\/\/www.lesmerveillesdupacifique.com\/fr\/?s={search_term_string}"},"query-input":"required name=search_term_string"}],"inLanguage":"es"},{"@type":"WebPage","@id":"https:\/\/www.lesmerveillesdupacifique.com\/la-perle-de-culture-de-tahiti\/#webpage","url":"https:\/\/www.lesmerveillesdupacifique.com\/la-perle-de-culture-de-tahiti\/","name":"La perla cultivada de tahit\u00ed - Les Merveilles du Pacifique","isPartOf":{"@id":"https:\/\/www.lesmerveillesdupacifique.com\/fr\/#website"},"datePublished":"2018-03-30T07:20:42+00:00","dateModified":"2025-04-14T09:30:37+00:00","description":"Qu'est-ce que la perle de culture de Tahiti et comment se forme-t-elle dans les fermes perli\u00e8res sp\u00e9cialis\u00e9es en perliculture ? Tout savoir avec Les Merveilles du Pacifique.","breadcrumb":{"@id":"https:\/\/www.lesmerveillesdupacifique.com\/la-perle-de-culture-de-tahiti\/#breadcrumb"},"inLanguage":"es","potentialAction":[{"@type":"ReadAction","target":["https:\/\/www.lesmerveillesdupacifique.com\/la-perle-de-culture-de-tahiti\/"]}]},{"@type":"BreadcrumbList","@id":"https:\/\/www.lesmerveillesdupacifique.com\/la-perle-de-culture-de-tahiti\/#breadcrumb","itemListElement":[{"@type":"ListItem","position":1,"name":"Accueil","item":"https:\/\/www.lesmerveillesdupacifique.com\/"},{"@type":"ListItem","position":2,"name":"La perle de culture de Tahiti"}]}]}},"acf":[],"_links":{"self":[{"href":"https:\/\/www.lesmerveillesdupacifique.com\/es\/wp-json\/wp\/v2\/pages\/5"}],"collection":[{"href":"https:\/\/www.lesmerveillesdupacifique.com\/es\/wp-json\/wp\/v2\/pages"}],"about":[{"href":"https:\/\/www.lesmerveillesdupacifique.com\/es\/wp-json\/wp\/v2\/types\/page"}],"author":[{"embeddable":true,"href":"https:\/\/www.lesmerveillesdupacifique.com\/es\/wp-json\/wp\/v2\/users\/1"}],"replies":[{"embeddable":true,"href":"https:\/\/www.lesmerveillesdupacifique.com\/es\/wp-json\/wp\/v2\/comments?post=5"}],"version-history":[{"count":1,"href":"https:\/\/www.lesmerveillesdupacifique.com\/es\/wp-json\/wp\/v2\/pages\/5\/revisions"}],"predecessor-version":[{"id":4302,"href":"https:\/\/www.lesmerveillesdupacifique.com\/es\/wp-json\/wp\/v2\/pages\/5\/revisions\/4302"}],"wp:attachment":[{"href":"https:\/\/www.lesmerveillesdupacifique.com\/es\/wp-json\/wp\/v2\/media?parent=5"}],"curies":[{"name":"wp","href":"https:\/\/api.w.org\/{rel}","templated":true}]}}